{"id":644,"date":"2025-08-26T21:24:14","date_gmt":"2025-08-26T19:24:14","guid":{"rendered":"https:\/\/telemarkmcutleie.no\/?page_id=644"},"modified":"2025-10-07T20:50:52","modified_gmt":"2025-10-07T18:50:52","slug":"personvernerklaering-for-telemark-mc-utleie","status":"publish","type":"page","link":"https:\/\/telemarkmcutleie.no\/nl\/personvernerklaering-for-telemark-mc-utleie\/","title":{"rendered":"Privacybeleid voor Telemark MC Utleie"},"content":{"rendered":"<p><\/p>\n\n\n\n<p><\/p>\n\n\n\n<p>Laatst bijgewerkt: 26.08.25 <\/p>\n\n\n\n<p>Telemark MC Utleie, org.nr. 934 828 275, is verantwoordelijk voor de verwerking van persoonsgegevens die wij verzamelen wanneer je onze website bezoekt of een motorfiets bij ons huurt. Wij nemen privacy serieus en verwerken persoonsgegevens in overeenstemming met de geldende wetgeving (AVG\/GDPR).\n\n1. Welke gegevens wij verzamelen\n\nWij kunnen de volgende persoonsgegevens verzamelen:\n\u2022 Contactgegevens: naam, adres, telefoonnummer, e-mailadres.\n\u2022 Betalingsgegevens: via Vipps of kaartbetaling (niet door ons opgeslagen, maar verwerkt door onze betalingsprovider).\n\u2022 Verhuurgegevens: rijbewijsgegevens (ter verificatie van rijbevoegdheid), ophaal- en inlevertijd, borg.\n\u2022 Communicatie: contact via e-mail, telefoon of contactformulier.\n\u2022 Technische gegevens: geanonimiseerde informatie over het gebruik van de website (cookies\/statistieken via Google Analytics of vergelijkbaar).\n\n2. Waarvoor wij de gegevens gebruiken\n\n\u2022 Voor het verwerken en bevestigen van je boeking.\n\u2022 Voor het leveren en factureren van diensten.\n\u2022 Voor het opvolgen van borg, schade of eventuele geschillen.\n\u2022 Om te voldoen aan wettelijke verplichtingen (bijv. boekhoudwetgeving).\n\u2022 Voor klantenservice en het beantwoorden van vragen.\n\u2022 Voor statistiek en verbetering van de website (uitsluitend anonieme gegevens).\n\n3. Delen van gegevens\n\nWij delen geen persoonsgegevens met derden, behalve:\n\u2022 Betalingsproviders (Vipps, kaartverwerkers) voor betalingsafhandeling.\n\u2022 Verzekeringsmaatschappijen bij schade of ongevallen die gemeld moeten worden.\n\u2022 Overheidsinstanties indien wettelijk verplicht.\n\nWij verkopen nooit persoonsgegevens aan derden.\n\n4. Bewaartermijn\n\n\u2022 Klantrelatie: gegevens worden bewaard zolang nodig voor de overeenkomst en tot maximaal 5 jaar na de laatste huur (boekhoudregels).\n\u2022 Rijbewijskopie: wordt direct verwijderd na afloop van de huur.\n\u2022 E-mailcorrespondentie: wordt maximaal 12 maanden bewaard.\n\n5. Jouw rechten\n\nJe hebt het recht om:\n\u2022 Inzage te krijgen in je persoonsgegevens.\n\u2022 Correctie of verwijdering te verzoeken.\n\u2022 Verwerking te beperken of bezwaar te maken.\n\u2022 Toestemming in te trekken (indien van toepassing).\n\u2022 Een klacht in te dienen bij de toezichthoudende autoriteit.\n\n6. Cookies\n\nDe website gebruikt cookies voor een betere gebruikerservaring en statistieken. Je kunt cookies uitschakelen in je browser, maar sommige functies werken dan mogelijk niet.\n\n7. Beveiliging\n\nWij nemen passende technische en organisatorische maatregelen om verlies, misbruik of ongeautoriseerde toegang te voorkomen.\n\n8. Contactgegevens\n\nTelemark MC Utleie\nAdres: Liagrendvegen 16, 3812 Akkerhaugen\nE-mail: post@telemarkmcutleie.no\n\nTelefoon: +47 98 12 77 25<\/p>\n\n\n\n<div class=\"wp-block-buttons is-layout-flex wp-block-buttons-is-layout-flex\">\n<div class=\"wp-block-button is-style-outline is-style-outline--1\"><a class=\"wp-block-button__link wp-element-button\" href=\"https:\/\/telemarkmcutleie.no\/nl\/verkoop-en-huurvoorwaarden\/\">Lees meer over de verkoop- en huurvoorwaarden<\/a><\/div>\n<\/div>\n\n\n\n<p><\/p>","protected":false},"excerpt":{"rendered":"<p>Sist oppdatert: 26.08.25 Telemark MC Utleie, org.nr. 934 828 275, er behandlingsansvarlig for personopplysninger vi samler inn n\u00e5r du bes\u00f8ker nettsiden v\u00e5r eller leier motorsykkel fra oss. Vi tar ditt personvern p\u00e5 alvor og behandler opplysninger i samsvar med gjeldende lover (GDPR og personopplysningsloven). \u2e3b 1. Hvilke opplysninger vi samler inn Vi kan samle inn [&hellip;]<\/p>","protected":false},"author":1,"featured_media":0,"parent":0,"menu_order":0,"comment_status":"closed","ping_status":"closed","template":"page-with-title","meta":{"om_disable_all_campaigns":false,"_uag_custom_page_level_css":"","_monsterinsights_skip_tracking":false,"_monsterinsights_sitenote_active":false,"_monsterinsights_sitenote_note":"","_monsterinsights_sitenote_category":0,"_uf_show_specific_survey":0,"_uf_disable_surveys":false,"footnotes":""},"class_list":["post-644","page","type-page","status-publish","hentry"],"aioseo_notices":[],"uagb_featured_image_src":{"full":false,"thumbnail":false,"medium":false,"medium_large":false,"large":false,"1536x1536":false,"2048x2048":false,"trp-custom-language-flag":false,"woocommerce_thumbnail":false,"woocommerce_single":false,"woocommerce_gallery_thumbnail":false},"uagb_author_info":{"display_name":"admin","author_link":"https:\/\/telemarkmcutleie.no\/nl\/author\/admin\/"},"uagb_comment_info":0,"uagb_excerpt":"Sist oppdatert: 26.08.25 Telemark MC Utleie, org.nr. 934 828 275, er behandlingsansvarlig for personopplysninger vi samler inn n\u00e5r du bes\u00f8ker nettsiden v\u00e5r eller leier motorsykkel fra oss. Vi tar ditt personvern p\u00e5 alvor og behandler opplysninger i samsvar med gjeldende lover (GDPR og personopplysningsloven). \u2e3b 1. Hvilke opplysninger vi samler inn Vi kan samle inn&hellip;","jetpack_sharing_enabled":true,"_links":{"self":[{"href":"https:\/\/telemarkmcutleie.no\/nl\/wp-json\/wp\/v2\/pages\/644","targetHints":{"allow":["GET"]}}],"collection":[{"href":"https:\/\/telemarkmcutleie.no\/nl\/wp-json\/wp\/v2\/pages"}],"about":[{"href":"https:\/\/telemarkmcutleie.no\/nl\/wp-json\/wp\/v2\/types\/page"}],"author":[{"embeddable":true,"href":"https:\/\/telemarkmcutleie.no\/nl\/wp-json\/wp\/v2\/users\/1"}],"replies":[{"embeddable":true,"href":"https:\/\/telemarkmcutleie.no\/nl\/wp-json\/wp\/v2\/comments?post=644"}],"version-history":[{"count":4,"href":"https:\/\/telemarkmcutleie.no\/nl\/wp-json\/wp\/v2\/pages\/644\/revisions"}],"predecessor-version":[{"id":654,"href":"https:\/\/telemarkmcutleie.no\/nl\/wp-json\/wp\/v2\/pages\/644\/revisions\/654"}],"wp:attachment":[{"href":"https:\/\/telemarkmcutleie.no\/nl\/wp-json\/wp\/v2\/media?parent=644"}],"curies":[{"name":"wp","href":"https:\/\/api.w.org\/{rel}","templated":true}]}}