{"id":640,"date":"2025-08-26T19:28:25","date_gmt":"2025-08-26T17:28:25","guid":{"rendered":"https:\/\/telemarkmcutleie.no\/?page_id=640"},"modified":"2026-02-14T10:07:56","modified_gmt":"2026-02-14T09:07:56","slug":"verkoop-en-huurvoorwaarden","status":"publish","type":"page","link":"https:\/\/telemarkmcutleie.no\/nl\/verkoop-en-huurvoorwaarden\/","title":{"rendered":"Verkoop- en huurvoorwaarden."},"content":{"rendered":"<p><\/p>\n\n\n\n<p>Laatst bijgewerkt: 09.02.2026<\/p>\n\n\n\n<p>Deze voorwaarden zijn van toepassing op de verhuur van motorfietsen en extra uitrusting door Telemark MC Utleie \/ OMLIDS MC-UTLEIE, organisatienummer: 934 828 275, adres: Liagrendvegen 65, 3812 Akkerhaugen, e-mail: post@telemarkmcutleie.no\n, telefoon: +47 98 12 77 25.<\/p>\n\n\n\n<p>1. Boeking en betaling \u2022 Boekingen worden gedaan via telemarkmcutleie.no en per e-mail bevestigd. \u2022 Wij gebruiken Vipps Checkout voor Vipps- en kaartbetalingen. \u2022 Borg: NOK 5.000 wordt betaald bij afhaling (Vipps of contant). De borg dient als zekerheid voor eigen risico, schade, ontbrekende brandstof\/uitrusting, te late inlevering, enz. Eventuele inhoudingen worden gedocumenteerd. De borg is geen maximale aansprakelijkheidsgrens. Bij schade kan de huurder een eigen risico tot NOK 15.000 per schadegeval worden aangerekend, ook als dit hoger is dan de betaalde borg. \u2022 Alle prijzen zijn in NOK inclusief btw (tenzij anders vermeld). <\/p>\n\n\n\n<p>2. Annulering, wijzigingen en herroepingsrecht\n\u2022 Het huren van voertuigen voor een specifieke periode wordt beschouwd als een vrijetijdsactiviteit\/vervoersdienst en is uitgesloten van het herroepingsrecht volgens \u00a7 22 (m) van de Noorse wet op het herroepingsrecht.\n\u2022 Annulering:\n\u2013 \u2265 30 dagen v\u00f3\u00f3r afhaling: volledige terugbetaling.\n\u2013 7\u201329 dagen v\u00f3\u00f3r afhaling: 50% terugbetaling.\n\u2013 &lt; 7 dagen v\u00f3\u00f3r afhaling: geen terugbetaling.\n\u2022 Wijzigingen van datum\/tijd zijn mogelijk afhankelijk van beschikbaarheid. Prijzen kunnen worden aangepast volgens de geldende tarieven.<\/p>\n\n\n\n<p> 3. Vereisten voor de bestuurder - Minimumleeftijd: 18 jaar. - Geldige rijbewijsklasse: A2 voor Honda NX500, A voor Honda CB750. - De bestuurder is verplicht nuchter en gezagsgetrouw te zijn. Overtredingen resulteren in onmiddellijke annulering zonder restitutie. <\/p>\n\n\n\n<p>4. Ophalen en retourneren\n\u2022 Ophalen en retourneren vindt plaats op Liagrendvegen 65 op de afgesproken tijden.\n\u2022 Te late teruggave: NOK 200 per begonnen uur. Bij meer dan 3 uur vertraging kan een volledig dagtarief in rekening worden gebracht.\n\u2022 De motorfiets moet worden teruggebracht met hetzelfde brandstofniveau als bij afhaling.\n\u2022 Ontbrekende brandstof: NOK 500.\n\u2022 Overmatige vervuiling: schoonmaakkosten NOK 500.<\/p>\n\n\n\n<p> 5. Gebruik van het voertuig - Kilometerstand: 500 km per dag, daarna NOK 4\/km. - Rijden op circuits, wedstrijden, off-road rijden of illegaal rijden is verboden. - Roken en vlammen in de buurt van het voertuig zijn verboden. - Alleen de geregistreerde huurder mag het voertuig besturen (voeg indien nodig toe \u00abextra bestuurder moet vooraf worden goedgekeurd\u00bb). <\/p>\n\n\n\n<p>6. Schade, diefstal en eigen risico \u2022 De huurder is verantwoordelijk voor het voertuig van afhaling tot inlevering. \u2022 Schade\/diefstal moet onmiddellijk aan ons worden gemeld. \u2022 De huurder betaalt een eigen risico tot NOK 15.000 per schadegeval. Grove nalatigheid, rijden onder invloed of schending van de voorwaarden kan leiden tot volledige aansprakelijkheid. \u2022 Verkeersboetes\/kosten\/heffingen tijdens de huurperiode worden aan de huurder doorberekend.<\/p>\n\n\n\n<p>  7. Uitrusting - We verhuren gratis houders voor mobiele telefoons, topboxen, tassen en andere rij-uitrusting, afhankelijk van beschikbaarheid. Uitrusting die niet wordt geretourneerd of beschadigd is, wordt na de borg in rekening gebracht. <\/p>\n\n\n\n<p>8. Prijzen \u2022 De dagprijs wordt berekend op basis van de gekozen huurperiode in de winkelwagen. Richtprijzen voor Honda NX500 (A2): \u2022 1\u20132 dagen: NOK 1.500\/dag \u2022 3\u20136 dagen: NOK 1.300\/dag \u2022 7+ dagen: NOK 1.100\/dag \u2022 Honda CB750: \u2022 1\u20132 dagen: NOK 1.700\/dag \u2022 3\u20136 dagen: NOK 1.500\/dag \u2022 7+ dagen: NOK 1.300\/dag \u2022 Wij behouden ons het recht voor om prijzen te wijzigen voordat een boeking is voltooid.<\/p>\n\n\n\n<p>9. Veiligheid en onderhoud - Voertuigen worden in goede staat afgeleverd. De huurder moet voor vertrek een eenvoudige controle uitvoeren (remmen, lichten, banden) en eventuele gebreken melden. - Pech \/ noodstoringen: bel 98 12 77 25. We zullen zoveel mogelijk helpen; vervangende voertuigen kunnen niet worden gegarandeerd. <\/p>\n\n\n\n<p>10. Privacy en betaling \u2022 Wij verwerken persoonsgegevens in overeenstemming met onze privacyverklaring en de voorwaarden van Vipps. \u2022 Betalingen worden verwerkt door Vipps\/de betaalprovider en kaartgegevens worden niet door ons opgeslagen. <\/p>\n\n\n\n<p>11. Indien de volledige betaling niet bij de boeking wordt voldaan, kunnen motorfietsen worden gereserveerd door betaling van een reserveringsaanbetaling van 15% van het totale huurbedrag. De reservering is pas bindend wanneer de aanbetaling is ontvangen. De reserveringsaanbetaling wordt bij annulering normaal niet terugbetaald. Bij een uitgevoerde huur wordt het bedrag verrekend met de totaalprijs.<\/p>\n\n\n\n<p>12. Klachten en geschillen \u2022 Neem contact met ons op via post@telemarkmcutleie.no\n zodat we een oplossing kunnen vinden. \u2022 Klachten kunnen ook worden ingediend bij de Noorse consumentenautoriteit \/ consumentenraad. \u2022 Noors recht is van toepassing.<\/p>\n\n\n\n<div class=\"wp-block-buttons is-layout-flex wp-block-buttons-is-layout-flex\">\n<div class=\"wp-block-button is-style-outline is-style-outline--1\"><a class=\"wp-block-button__link wp-element-button\" href=\"https:\/\/telemarkmcutleie.no\/nl\/personvernerklaering-for-telemark-mc-utleie\/\">Lees meer over ons privacybeleid<\/a><\/div>\n<\/div>","protected":false},"excerpt":{"rendered":"<p>Sist oppdatert: 09.02.2026 Disse vilk\u00e5rene gjelder for leie av motorsykkel og tilleggsutstyr fra Telemark MC Utleie \/ OMLIDS MC-UTLEIE, org.nr: 934 828 275, adresse: Liagrendvegen 65, 3812 Akkerhaugen, e-post: post@telemarkmcutleie.no, telefon: 98 12 77 25. 1. Bestilling og betaling \u2022 Bestilling gj\u00f8res p\u00e5 telemarkmcutleie.no og bekreftes p\u00e5 e-post. \u2022 Vi bruker Vipps Checkout for Vipps [&hellip;]<\/p>","protected":false},"author":1,"featured_media":0,"parent":0,"menu_order":0,"comment_status":"closed","ping_status":"closed","template":"page-with-title","meta":{"om_disable_all_campaigns":false,"_uag_custom_page_level_css":"","_monsterinsights_skip_tracking":false,"_monsterinsights_sitenote_active":false,"_monsterinsights_sitenote_note":"","_monsterinsights_sitenote_category":0,"_uf_show_specific_survey":0,"_uf_disable_surveys":false,"footnotes":""},"class_list":["post-640","page","type-page","status-publish","hentry"],"aioseo_notices":[],"uagb_featured_image_src":{"full":false,"thumbnail":false,"medium":false,"medium_large":false,"large":false,"1536x1536":false,"2048x2048":false,"trp-custom-language-flag":false,"woocommerce_thumbnail":false,"woocommerce_single":false,"woocommerce_gallery_thumbnail":false},"uagb_author_info":{"display_name":"admin","author_link":"https:\/\/telemarkmcutleie.no\/nl\/author\/admin\/"},"uagb_comment_info":0,"uagb_excerpt":"Sist oppdatert: 09.02.2026 Disse vilk\u00e5rene gjelder for leie av motorsykkel og tilleggsutstyr fra Telemark MC Utleie \/ OMLIDS MC-UTLEIE, org.nr: 934 828 275, adresse: Liagrendvegen 65, 3812 Akkerhaugen, e-post: post@telemarkmcutleie.no, telefon: 98 12 77 25. 1. Bestilling og betaling \u2022 Bestilling gj\u00f8res p\u00e5 telemarkmcutleie.no og bekreftes p\u00e5 e-post. \u2022 Vi bruker Vipps Checkout for Vipps&hellip;","jetpack_sharing_enabled":true,"_links":{"self":[{"href":"https:\/\/telemarkmcutleie.no\/nl\/wp-json\/wp\/v2\/pages\/640","targetHints":{"allow":["GET"]}}],"collection":[{"href":"https:\/\/telemarkmcutleie.no\/nl\/wp-json\/wp\/v2\/pages"}],"about":[{"href":"https:\/\/telemarkmcutleie.no\/nl\/wp-json\/wp\/v2\/types\/page"}],"author":[{"embeddable":true,"href":"https:\/\/telemarkmcutleie.no\/nl\/wp-json\/wp\/v2\/users\/1"}],"replies":[{"embeddable":true,"href":"https:\/\/telemarkmcutleie.no\/nl\/wp-json\/wp\/v2\/comments?post=640"}],"version-history":[{"count":9,"href":"https:\/\/telemarkmcutleie.no\/nl\/wp-json\/wp\/v2\/pages\/640\/revisions"}],"predecessor-version":[{"id":2667,"href":"https:\/\/telemarkmcutleie.no\/nl\/wp-json\/wp\/v2\/pages\/640\/revisions\/2667"}],"wp:attachment":[{"href":"https:\/\/telemarkmcutleie.no\/nl\/wp-json\/wp\/v2\/media?parent=640"}],"curies":[{"name":"wp","href":"https:\/\/api.w.org\/{rel}","templated":true}]}}