{"id":23,"date":"2025-01-14T19:49:36","date_gmt":"2025-01-14T18:49:36","guid":{"rendered":"http:\/\/telemarkmcutleie.no.datasenter.no\/bestilling\/"},"modified":"2026-02-16T19:30:08","modified_gmt":"2026-02-16T18:30:08","slug":"reserveren","status":"publish","type":"page","link":"https:\/\/telemarkmcutleie.no\/nl\/reserveren\/","title":{"rendered":"Bestelformulier"},"content":{"rendered":"<div class=\"wp-block-group alignfull has-background-background-color has-background has-global-padding is-layout-constrained wp-block-group-is-layout-constrained\" style=\"margin-top:0;margin-bottom:0;padding-top:0;padding-bottom:0\">\n<div class=\"wp-block-cover alignfull\" style=\"padding-top:0;padding-right:0;padding-bottom:0;padding-left:0;min-height:20vh;aspect-ratio:unset;\"><img loading=\"lazy\" decoding=\"async\" width=\"6005\" height=\"4003\" class=\"wp-block-cover__image-background wp-image-773 size-full\" alt=\"Noors motorrijden Telemark\" src=\"https:\/\/telemarkmcutleie.no\/wp-content\/uploads\/2025\/10\/DSC01291-mini2.jpg\" data-object-fit=\"cover\"\/><span aria-hidden=\"true\" class=\"wp-block-cover__background has-black-background-color has-background-dim\"><\/span><div class=\"wp-block-cover__inner-container is-layout-flow wp-block-cover-is-layout-flow\">\n<div class=\"wp-block-group has-global-padding is-layout-constrained wp-container-core-group-is-layout-a5a6cc25 wp-block-group-is-layout-constrained\" style=\"padding-top:var(--wp--preset--spacing--60);padding-right:var(--wp--preset--spacing--30);padding-bottom:var(--wp--preset--spacing--60);padding-left:var(--wp--preset--spacing--30)\">\n<h1 class=\"wp-block-heading has-text-align-center has-text-color has-x-large-font-size\" style=\"color:#fffffffc\">Ervaar Telemark op twee wielen<\/h1>\n<\/div>\n<\/div><\/div>\n<\/div>\n\n\n\n<h3 class=\"wp-block-heading\">Boek vandaag nog een van onze fietsen!<\/h3>\n\n\n\n<div class=\"wp-block-group alignfull has-background-background-color has-background has-global-padding is-layout-constrained wp-container-core-group-is-layout-7276a2bb wp-block-group-is-layout-constrained\" style=\"margin-top:0;margin-bottom:0;padding-top:var(--wp--preset--spacing--60);padding-right:var(--wp--preset--spacing--30);padding-bottom:var(--wp--preset--spacing--60);padding-left:var(--wp--preset--spacing--30)\">\n<div class=\"wp-block-group alignwide is-layout-flex wp-block-group-is-layout-flex\" style=\"border-top-color:var(--wp--preset--color--foreground);border-top-width:1px;padding-top:var(--wp--preset--spacing--40);padding-right:0;padding-bottom:0;padding-left:0\">\n<figure class=\"wp-block-image size-full is-resized\"><img loading=\"lazy\" decoding=\"async\" width=\"1200\" height=\"849\" src=\"https:\/\/telemarkmcutleie.no\/wp-content\/uploads\/2025\/02\/thumbnail_IMG_0152-2.jpg\" alt=\"\" class=\"wp-image-320\" style=\"width:309px;height:auto\"\/><\/figure>\n\n\n\n<div class=\"wp-block-group has-global-padding is-layout-constrained wp-block-group-is-layout-constrained\">\n<h3 class=\"wp-block-heading\" style=\"font-size:clamp(1.119rem, 1.119rem + ((1vw - 0.2rem) * 1.052), 1.75rem);line-height:1.5\">Honda NX500 2026 (A2)<\/h3>\n\n\n\n<p>De Honda NX500 is een lichtgewicht en veelzijdige adventure bike die zich net zo goed thuis voelt in de stad als op gravelwegen. Met zijn op rally ge\u00efnspireerde kuip, grote windscherm en comfortabele zitpositie kun je lange etappes rijden zonder moe te worden. De tweecilinder motor voldoet aan de A2-norm en biedt flexibele en vermakelijke prestaties.<\/p>\n\n\n\n<p>Uitrusting: ABS remmen, tractiecontrole, meerdere rijmodi, TFT display, telefoonaansluiting, telefoonhouder, topkoffer.<\/p>\n\n\n\n<p>Specificaties: cc 471, pk 48, tankinhoud 17,5, zithoogte 830 mm, nat gewicht 198 kg.<\/p>\n<\/div>\n\n\n\n<div class=\"wp-block-buttons is-layout-flex wp-block-buttons-is-layout-flex\">\n<div class=\"wp-block-button is-style-outline is-style-outline--1\"><a class=\"wp-block-button__link wp-element-button\" href=\"https:\/\/telemarkmcutleie.no\/nl\/product\/honda-nx500-a2\/\">Nu boeken<\/a><\/div>\n<\/div>\n<\/div>\n\n\n\n<div class=\"wp-block-group alignwide is-layout-flex wp-block-group-is-layout-flex\" style=\"border-top-color:var(--wp--preset--color--foreground);border-top-width:1px;padding-top:var(--wp--preset--spacing--40);padding-right:0;padding-bottom:0;padding-left:0\">\n<figure class=\"wp-block-image size-full is-resized\"><img loading=\"lazy\" decoding=\"async\" width=\"1200\" height=\"849\" src=\"https:\/\/telemarkmcutleie.no\/wp-content\/uploads\/2025\/02\/IMG_0151-2.jpg\" alt=\"\" class=\"wp-image-321\" style=\"width:311px;height:auto\"\/><\/figure>\n\n\n\n<div class=\"wp-block-group has-global-padding is-layout-constrained wp-block-group-is-layout-constrained\">\n<h3 class=\"wp-block-heading\" style=\"font-size:clamp(1.119rem, 1.119rem + ((1vw - 0.2rem) * 1.052), 1.75rem);line-height:1.5\">Honda CB750 Hornet 2025<\/h3>\n\n\n\n<p>De Hornet levert rijplezier in pure, gedistilleerde vorm. Het lichtgewicht frame in combinatie met een 91,8 pk parallelle twin levert toonaangevende vermogen-gewichtsverhoudingen en explosieve acceleratie. Met Throttle By Wire beschik je over drie rijmodi, drie tractieniveaus met Wheelie Control en een instelbare motorrem en vermogensafgifte.<\/p>\n\n\n\n<p>Uitrusting: ABS remmen, tractiecontrole, meerdere rijmodi, TFT display, telefoonaansluiting, telefoonhouder, zijtassen, tanktas.<\/p>\n\n\n\n<p>Specificaties: cc 755, pk 92, tankinhoud 15,2, zithoogte 795 mm, nat gewicht 192 kg.<\/p>\n<\/div>\n\n\n\n<div class=\"wp-block-buttons is-layout-flex wp-block-buttons-is-layout-flex\">\n<div class=\"wp-block-button is-style-outline is-style-outline--2\"><a class=\"wp-block-button__link wp-element-button\" href=\"https:\/\/telemarkmcutleie.no\/nl\/product\/honda-cb750-hornet\/\">Nu boeken<\/a><\/div>\n<\/div>\n<\/div>\n\n\n\n<div class=\"wp-block-group alignwide is-layout-flex wp-block-group-is-layout-flex\" style=\"border-top-color:var(--wp--preset--color--foreground);border-top-width:1px;padding-top:var(--wp--preset--spacing--40);padding-right:0;padding-bottom:0;padding-left:0\">\n<figure class=\"wp-block-image size-full is-resized\"><img loading=\"lazy\" decoding=\"async\" width=\"640\" height=\"508\" src=\"https:\/\/telemarkmcutleie.no\/wp-content\/uploads\/2025\/09\/Triumph-Tiger-800.png\" alt=\"Triumph Tiger Sport 800\" class=\"wp-image-728\" style=\"width:311px;height:auto\"\/><\/figure>\n\n\n\n<div class=\"wp-block-group has-global-padding is-layout-constrained wp-block-group-is-layout-constrained\">\n<h3 class=\"wp-block-heading\" style=\"font-size:clamp(1.119rem, 1.119rem + ((1vw - 0.2rem) * 1.052), 1.75rem);line-height:1.5\">Triumph Tiger Sport 800 2026<\/h3>\n\n\n\n<p>De Tiger Sport 800 combineert sportief vermogen met topklasse touringcomfort. De driecilindermotor levert de perfecte combinatie van koppel en toerental, terwijl functies als een quickshifter, cruisecontrol en een verstelbaar windscherm zowel korte als lange ritten ontspannender maken.<\/p>\n\n\n\n<p>Uitrusting: ABS remmen, tractiecontrole, cruisecontrol, quickshifter omhoog\/omlaag, meerdere rijmodi, TFT display, telefoonaansluiting, verstelbaar windscherm, Akrapovic demper, verwarming, 12v stopcontact, telefoonhouder, originele kofferbakset (57l), tanktas.<\/p>\n\n\n\n<p>Specificaties: cc 798, pk 113, tankinhoud 18,6, zithoogte 835 mm, nat gewicht 214 kg.<\/p>\n<\/div>\n\n\n\n<div class=\"wp-block-buttons is-layout-flex wp-block-buttons-is-layout-flex\">\n<div class=\"wp-block-button is-style-outline is-style-outline--3\"><a class=\"wp-block-button__link wp-element-button\" href=\"https:\/\/telemarkmcutleie.no\/nl\/product\/triumph-tiger-sport-800\/\">Nu boeken<\/a><\/div>\n<\/div>\n<\/div>\n\n\n\n<div class=\"wp-block-group alignwide is-layout-flex wp-block-group-is-layout-flex\" style=\"border-top-color:var(--wp--preset--color--foreground);border-top-width:1px;padding-top:var(--wp--preset--spacing--40);padding-right:0;padding-bottom:0;padding-left:0\">\n<figure class=\"wp-block-image size-full is-resized\"><img loading=\"lazy\" decoding=\"async\" width=\"800\" height=\"533\" src=\"https:\/\/telemarkmcutleie.no\/wp-content\/uploads\/2025\/10\/1738143798-2025-ktm-390-adventure-r-review-details-price-spec_29.jpg\" alt=\"KTM 390 Adventure R\" class=\"wp-image-849\" style=\"width:309px;height:auto\"\/><\/figure>\n\n\n\n<div class=\"wp-block-group has-global-padding is-layout-constrained wp-block-group-is-layout-constrained\">\n<h3 class=\"wp-block-heading\" style=\"font-size:clamp(1.119rem, 1.119rem + ((1vw - 0.2rem) * 1.052), 1.75rem);line-height:1.5\">KTM 390 Adventure R 2026 (A2)<\/h3>\n\n\n\n<p>De KTM 390 Adventure R is een lichtgewicht en wendbare adventurebike die zich prima thuisvoelt op zowel asfalt- als grindwegen. Zijn rechte zithouding, verstelbare vering en snel reagerende motor maken hem ideaal voor zowel beginnende als ervaren rijders die buiten de gebaande paden willen verkennen. De eencilindermotor voldoet aan de A2-norm en biedt een behendige acceleratie en solide controle.<\/p>\n\n\n\n<p>Uitrusting: ABS-remmen, tractiecontrole, meerdere rijmodi, TFT-scherm, telefoonaansluiting, telefoonhouder.<\/p>\n\n\n\n<p>Specificaties: cc 399, pk 44, tankinhoud 14 liter, zithoogte 870 mm, nat gewicht 176 kg.<\/p>\n<\/div>\n\n\n\n<div class=\"wp-block-buttons is-layout-flex wp-block-buttons-is-layout-flex\">\n<div class=\"wp-block-button is-style-outline is-style-outline--4\"><a class=\"wp-block-button__link wp-element-button\" href=\"https:\/\/telemarkmcutleie.no\/nl\/product\/ktm-390-adventure-r\/\">Nu boeken<\/a><\/div>\n<\/div>\n<\/div>\n\n\n\n<div class=\"wp-block-group alignwide is-layout-flex wp-block-group-is-layout-flex\" style=\"border-top-color:var(--wp--preset--color--foreground);border-top-width:1px;padding-top:var(--wp--preset--spacing--40);padding-right:0;padding-bottom:0;padding-left:0\">\n<figure class=\"wp-block-image size-full is-resized\"><img loading=\"lazy\" decoding=\"async\" width=\"1440\" height=\"1080\" src=\"https:\/\/telemarkmcutleie.no\/wp-content\/uploads\/2026\/02\/Honda-CB-650R.jpg\" alt=\"2023 Honda CB 650R\" class=\"wp-image-2592\" style=\"width:309px;height:auto\"\/><\/figure>\n\n\n\n<div class=\"wp-block-group has-global-padding is-layout-constrained wp-block-group-is-layout-constrained\">\n<h3 class=\"wp-block-heading\" style=\"font-size:clamp(1.119rem, 1.119rem + ((1vw - 0.2rem) * 1.052), 1.75rem);line-height:1.5\">Honda CB650R 2023 <\/h3>\n\n\n\n<p>De CB650R levert puur rijplezier met het zijdezachte karakter van een viercilinder lijnmotor en een nauwkeurige gasrespons over het hele toerengebied. Het compacte chassis in combinatie met de 649 cc vier-in-lijn met ongeveer 95 pk zorgt voor een goede balans tussen sportieve prestaties en dagelijks gebruiksgemak. Met assist\/slipper-koppeling, quickshifter, nauwkeurige versnellingsbak en stabiele Showa-voorvork voelt hij zowel speels als betrouwbaar aan, of je nu bochtige wegen of langere ritten rijdt.<\/p>\n\n\n\n<p><strong>Uitrusting:<\/strong> ABS-remmen, tractiecontrole (HSTC), TFT-display, LED-verlichting, assist\/slipper-koppeling, quickshifter, versnellingsindicator, telefoonhouder, zijkoffers, tanktas.<\/p>\n\n\n\n<p><strong>Specificaties:<\/strong> 649 cc, 95 pk, tankinhoud 15,4 L, zithoogte 810 mm, rijklaar gewicht 205 kg.<\/p>\n<\/div>\n\n\n\n<div class=\"wp-block-buttons is-layout-flex wp-block-buttons-is-layout-flex\">\n<div class=\"wp-block-button is-style-outline is-style-outline--5\"><a class=\"wp-block-button__link wp-element-button\" href=\"https:\/\/telemarkmcutleie.no\/nl\/product\/honda-cb650r\/\">Nu boeken<\/a><\/div>\n<\/div>\n<\/div>\n\n\n\n<div class=\"wp-block-group alignwide is-layout-flex wp-block-group-is-layout-flex\" style=\"border-top-color:var(--wp--preset--color--foreground);border-top-width:1px;padding-top:var(--wp--preset--spacing--40);padding-right:0;padding-bottom:0;padding-left:0\">\n<div class=\"wp-block-group has-global-padding is-layout-constrained wp-block-group-is-layout-constrained\">\n<h3 class=\"wp-block-heading\" style=\"font-size:clamp(1.119rem, 1.119rem + ((1vw - 0.2rem) * 1.052), 1.75rem);line-height:1.5\">Wil je huren met rijuitrusting?<\/h3>\n\n\n\n<p class=\"has-small-font-size\" style=\"margin-top:12px\">Helmen met intercom, rijuitrusting en bagageoplossingen zijn inbegrepen in de huur!<\/p>\n<\/div>\n\n\n\n<p><\/p>\n\n\n\n<p><\/p>\n<\/div>\n<\/div>","protected":false},"excerpt":{"rendered":"<p>Book en av v\u00e5re sykler i dag! Honda NX500 2026 (A2) Honda NX500 er en lett og allsidig adventure-sykkel som trives like godt i byen som p\u00e5 grusveier. Med sin rally-inspirerte k\u00e5pe, stor vindskjerm og komfortabel sittestilling kan du cruise lange etapper uten \u00e5 bli sliten. Den tosylindrede motoren er A2-kompatibel, byr p\u00e5 fleksibel og [&hellip;]<\/p>","protected":false},"author":1,"featured_media":0,"parent":0,"menu_order":0,"comment_status":"closed","ping_status":"closed","template":"no-title","meta":{"om_disable_all_campaigns":false,"_uag_custom_page_level_css":"","_monsterinsights_skip_tracking":false,"_monsterinsights_sitenote_active":false,"_monsterinsights_sitenote_note":"","_monsterinsights_sitenote_category":0,"_uf_show_specific_survey":0,"_uf_disable_surveys":false,"footnotes":""},"class_list":["post-23","page","type-page","status-publish","hentry"],"aioseo_notices":[],"uagb_featured_image_src":{"full":false,"thumbnail":false,"medium":false,"medium_large":false,"large":false,"1536x1536":false,"2048x2048":false,"trp-custom-language-flag":false,"woocommerce_thumbnail":false,"woocommerce_single":false,"woocommerce_gallery_thumbnail":false},"uagb_author_info":{"display_name":"admin","author_link":"https:\/\/telemarkmcutleie.no\/nl\/author\/admin\/"},"uagb_comment_info":0,"uagb_excerpt":"Book en av v\u00e5re sykler i dag! Honda NX500 2026 (A2) Honda NX500 er en lett og allsidig adventure-sykkel som trives like godt i byen som p\u00e5 grusveier. Med sin rally-inspirerte k\u00e5pe, stor vindskjerm og komfortabel sittestilling kan du cruise lange etapper uten \u00e5 bli sliten. Den tosylindrede motoren er A2-kompatibel, byr p\u00e5 fleksibel og&hellip;","jetpack_sharing_enabled":true,"_links":{"self":[{"href":"https:\/\/telemarkmcutleie.no\/nl\/wp-json\/wp\/v2\/pages\/23","targetHints":{"allow":["GET"]}}],"collection":[{"href":"https:\/\/telemarkmcutleie.no\/nl\/wp-json\/wp\/v2\/pages"}],"about":[{"href":"https:\/\/telemarkmcutleie.no\/nl\/wp-json\/wp\/v2\/types\/page"}],"author":[{"embeddable":true,"href":"https:\/\/telemarkmcutleie.no\/nl\/wp-json\/wp\/v2\/users\/1"}],"replies":[{"embeddable":true,"href":"https:\/\/telemarkmcutleie.no\/nl\/wp-json\/wp\/v2\/comments?post=23"}],"version-history":[{"count":67,"href":"https:\/\/telemarkmcutleie.no\/nl\/wp-json\/wp\/v2\/pages\/23\/revisions"}],"predecessor-version":[{"id":2698,"href":"https:\/\/telemarkmcutleie.no\/nl\/wp-json\/wp\/v2\/pages\/23\/revisions\/2698"}],"wp:attachment":[{"href":"https:\/\/telemarkmcutleie.no\/nl\/wp-json\/wp\/v2\/media?parent=23"}],"curies":[{"name":"wp","href":"https:\/\/api.w.org\/{rel}","templated":true}]}}