{"id":1653,"date":"2025-11-09T22:43:09","date_gmt":"2025-11-09T21:43:09","guid":{"rendered":"https:\/\/telemarkmcutleie.no\/?page_id=1653"},"modified":"2025-12-25T23:18:03","modified_gmt":"2025-12-25T22:18:03","slug":"telemark-ride-stay-info","status":"publish","type":"page","link":"https:\/\/telemarkmcutleie.no\/nl\/telemark-ride-stay-info\/","title":{"rendered":"Telemark Ride &#038; Stay- Info"},"content":{"rendered":"<h2 class=\"wp-block-heading\"><strong>Zo werkt Telemark Ride &amp; Stay<\/strong><\/h2>\n\n\n\n<p>Telemark Ride &amp; Stay is ontwikkeld voor motorrijders die Noorwegen willen ervaren zonder zelf transport, accommodatie en logistiek te hoeven regelen. Zo verloopt het aanbod van begin tot eind:<\/p>\n\n\n\n<h3 class=\"wp-block-heading\"><strong>1. Kies een datum en reserveer je plek<\/strong><\/h3>\n\n\n\n<p>We bieden een beperkt aantal weken per seizoen aan. Kies de week die het beste bij je past en reserveer voor jezelf (en eventueel je reisgenoten).<\/p>\n\n\n\n<h3 class=\"wp-block-heading\"><strong>2. Boek je vlucht naar Oslo Airport (OSL)<\/strong><\/h3>\n\n\n\n<p>Je regelt alleen de vlucht. Wij doen de rest.<\/p>\n\n\n\n<h3 class=\"wp-block-heading\"><strong>3. We ontmoeten je op de luchthaven<\/strong><\/h3>\n\n\n\n<p>Bij aankomst staan de motorfietsen klaar op Oslo Airport. Je hoeft geen uitrusting elders op te halen \u2013 alles staat klaar wanneer je landt.<\/p>\n\n\n\n<h3 class=\"wp-block-heading\"><strong>4. Wij vervoeren je bagage voor je<\/strong><\/h3>\n\n\n\n<p>Eventuele grotere bagage wordt door ons vervoerd naar de camping bij First Camp Norsj\u00f8.<br>Je rijdt alleen met wat je zelf op de motor wilt meenemen.<\/p>\n\n\n\n<h3 class=\"wp-block-heading\"><strong>5. Rijd in een rustig tempo over de wegen van Telemark richting de camping<\/strong><\/h3>\n\n\n\n<p>De route van Gardermoen naar Norsj\u00f8 is eenvoudig en mooi. Je ontvangt een kaart en een voorgestelde route, met mogelijkheden voor meerdere stops onderweg.<\/p>\n\n\n\n<h3 class=\"wp-block-heading\"><strong>6. Verblijf in een hut aan het water<\/strong><\/h3>\n\n\n\n<p>Je verblijft op First Camp Norsj\u00f8, dat gedurende de hele week als uitvalsbasis dient.<br>Hier vind je:<\/p>\n\n\n\n<ul class=\"wp-block-list\">\n<li>Eigen keuken<\/li>\n\n\n\n<li>Badkamer<\/li>\n\n\n\n<li>Terras<\/li>\n\n\n\n<li>Zwemgelegenheid en natuur direct voor de deur<\/li>\n<\/ul>\n\n\n\n<p>De hut fungeert als \u201cbasecamp\u201d, zodat je niet elke dag hoeft in te pakken en te verplaatsen.<\/p>\n\n\n\n<h3 class=\"wp-block-heading\"><strong>7. Dagtochten door Telemark<\/strong><\/h3>\n\n\n\n<p>Elke dag kun je kiezen uit aanbevolen routes:<\/p>\n\n\n\n<ul class=\"wp-block-list\">\n<li>Bergpassen<\/li>\n\n\n\n<li>Slingerende boswegen<\/li>\n\n\n\n<li>Uitzichtpunten<\/li>\n\n\n\n<li>Koffiestops en lokale ervaringen<\/li>\n<\/ul>\n\n\n\n<p>Je bepaalt zelf hoe je dagen eruitzien \u2013 geen vaste rijschema\u2019s.<\/p>\n\n\n\n<h3 class=\"wp-block-heading\"><strong>8. Terugreis<\/strong><\/h3>\n\n\n\n<p>Wanneer de week voorbij is, rijd je terug naar Oslo Airport, lever je de motor in en haal je je bagage op. Daarna ga je direct door naar je vlucht naar huis \u2013 zonder stress.<\/p>\n\n\n\n<div class=\"wp-block-buttons is-layout-flex wp-block-buttons-is-layout-flex\">\n<div class=\"wp-block-button\"><a class=\"wp-block-button__link wp-element-button\" href=\"https:\/\/telemarkmcutleie.no\/nl\/ride-and-stay\/\">Terug naar Ride &amp; Stay<\/a><\/div>\n<\/div>","protected":false},"excerpt":{"rendered":"<p>Hvordan Telemark Ride &amp; Stay fungerer Telemark Ride &amp; Stay er utviklet for motorsyklister som \u00f8nsker \u00e5 oppleve Norge uten \u00e5 m\u00e5tte organisere transport, overnatting og logistikk selv. Her er hvordan tilbudet gjennomf\u00f8res fra start til slutt: 1. Velg dato og reserver plass Vi tilbyr et begrenset antall uker i l\u00f8pet av sesongen. Velg den [&hellip;]<\/p>","protected":false},"author":1,"featured_media":0,"parent":0,"menu_order":0,"comment_status":"closed","ping_status":"closed","template":"page-with-title","meta":{"om_disable_all_campaigns":false,"_uag_custom_page_level_css":"","_monsterinsights_skip_tracking":false,"_monsterinsights_sitenote_active":false,"_monsterinsights_sitenote_note":"","_monsterinsights_sitenote_category":0,"_uf_show_specific_survey":0,"_uf_disable_surveys":false,"footnotes":""},"class_list":["post-1653","page","type-page","status-publish","hentry"],"aioseo_notices":[],"uagb_featured_image_src":{"full":false,"thumbnail":false,"medium":false,"medium_large":false,"large":false,"1536x1536":false,"2048x2048":false,"trp-custom-language-flag":false,"woocommerce_thumbnail":false,"woocommerce_single":false,"woocommerce_gallery_thumbnail":false},"uagb_author_info":{"display_name":"admin","author_link":"https:\/\/telemarkmcutleie.no\/nl\/author\/admin\/"},"uagb_comment_info":0,"uagb_excerpt":"Hvordan Telemark Ride &amp; Stay fungerer Telemark Ride &amp; Stay er utviklet for motorsyklister som \u00f8nsker \u00e5 oppleve Norge uten \u00e5 m\u00e5tte organisere transport, overnatting og logistikk selv. Her er hvordan tilbudet gjennomf\u00f8res fra start til slutt: 1. Velg dato og reserver plass Vi tilbyr et begrenset antall uker i l\u00f8pet av sesongen. Velg den&hellip;","jetpack_sharing_enabled":true,"_links":{"self":[{"href":"https:\/\/telemarkmcutleie.no\/nl\/wp-json\/wp\/v2\/pages\/1653","targetHints":{"allow":["GET"]}}],"collection":[{"href":"https:\/\/telemarkmcutleie.no\/nl\/wp-json\/wp\/v2\/pages"}],"about":[{"href":"https:\/\/telemarkmcutleie.no\/nl\/wp-json\/wp\/v2\/types\/page"}],"author":[{"embeddable":true,"href":"https:\/\/telemarkmcutleie.no\/nl\/wp-json\/wp\/v2\/users\/1"}],"replies":[{"embeddable":true,"href":"https:\/\/telemarkmcutleie.no\/nl\/wp-json\/wp\/v2\/comments?post=1653"}],"version-history":[{"count":5,"href":"https:\/\/telemarkmcutleie.no\/nl\/wp-json\/wp\/v2\/pages\/1653\/revisions"}],"predecessor-version":[{"id":2315,"href":"https:\/\/telemarkmcutleie.no\/nl\/wp-json\/wp\/v2\/pages\/1653\/revisions\/2315"}],"wp:attachment":[{"href":"https:\/\/telemarkmcutleie.no\/nl\/wp-json\/wp\/v2\/media?parent=1653"}],"curies":[{"name":"wp","href":"https:\/\/api.w.org\/{rel}","templated":true}]}}