{"id":679,"date":"2025-08-30T16:33:53","date_gmt":"2025-08-30T14:33:53","guid":{"rendered":"https:\/\/telemarkmcutleie.no\/?post_type=product&#038;p=679"},"modified":"2026-03-20T22:39:28","modified_gmt":"2026-03-20T21:39:28","slug":"honda-cb750-hornet","status":"publish","type":"product","link":"https:\/\/telemarkmcutleie.no\/fr\/produit\/honda-cb750-hornet\/","title":{"rendered":"Honda CB750 Hornet"},"content":{"rendered":"<p data-extendify-agent-block-id=\"20\">La Hornet offre un plaisir de conduite sous une forme purement distill\u00e9e. Le cadre l\u00e9ger associ\u00e9 \u00e0 un bicylindre parall\u00e8le de 91,8 ch offre un rapport poids\/puissance in\u00e9gal\u00e9 dans sa cat\u00e9gorie et des acc\u00e9l\u00e9rations explosives. Avec le syst\u00e8me Throttle By Wire, vous disposez de trois modes de conduite, de trois niveaux d'antipatinage avec Wheelie Control, ainsi que d'un freinage moteur et d'une puissance r\u00e9glables.<\/p>\n<p data-extendify-agent-block-id=\"21\">\u00c9quipement : Freins ABS, contr\u00f4le de la traction, plusieurs modes de conduite, \u00e9cran TFT, connexion t\u00e9l\u00e9phonique, support de t\u00e9l\u00e9phone, sacs lat\u00e9raux, sacoche de r\u00e9servoir.<\/p>\n<p data-extendify-agent-block-id=\"22\">Sp\u00e9cifications : cc 755, puissance 92, volume du r\u00e9servoir 15,2, hauteur de la selle 795 mm, poids \u00e0 vide 192 kg.<\/p>","protected":false},"excerpt":{"rendered":"<p>Un d\u00e9p\u00f4t de garantie de 5 000 NOK est payable lors de la remise de la moto. Le paiement peut \u00eatre effectu\u00e9 via Vipps, par virement bancaire ou en esp\u00e8ces.<\/p>","protected":false},"featured_media":321,"template":"","meta":{"om_disable_all_campaigns":false,"_uag_custom_page_level_css":"","_monsterinsights_skip_tracking":false,"_monsterinsights_sitenote_active":false,"_monsterinsights_sitenote_note":"","_monsterinsights_sitenote_category":0,"_uf_show_specific_survey":0,"_uf_disable_surveys":false},"product_brand":[],"product_cat":[30],"product_tag":[],"class_list":{"0":"post-679","1":"product","2":"type-product","3":"status-publish","4":"has-post-thumbnail","6":"product_cat-motorcycle","7":"product_shipping_class-ingen-frakt","9":"first","10":"instock","11":"featured","12":"shipping-taxable","13":"purchasable","14":"product-type-redq_rental"},"aioseo_notices":[],"uagb_featured_image_src":{"full":["https:\/\/telemarkmcutleie.no\/wp-content\/uploads\/2025\/02\/IMG_0151-2.jpg",1200,849,false],"thumbnail":["https:\/\/telemarkmcutleie.no\/wp-content\/uploads\/2025\/02\/IMG_0151-2.jpg",150,106,false],"medium":["https:\/\/telemarkmcutleie.no\/wp-content\/uploads\/2025\/02\/IMG_0151-2.jpg",300,212,false],"medium_large":["https:\/\/telemarkmcutleie.no\/wp-content\/uploads\/2025\/02\/IMG_0151-2.jpg",768,543,false],"large":["https:\/\/telemarkmcutleie.no\/wp-content\/uploads\/2025\/02\/IMG_0151-2.jpg",1024,724,false],"1536x1536":["https:\/\/telemarkmcutleie.no\/wp-content\/uploads\/2025\/02\/IMG_0151-2.jpg",1200,849,false],"2048x2048":["https:\/\/telemarkmcutleie.no\/wp-content\/uploads\/2025\/02\/IMG_0151-2.jpg",1200,849,false],"trp-custom-language-flag":["https:\/\/telemarkmcutleie.no\/wp-content\/uploads\/2025\/02\/IMG_0151-2.jpg",18,12,false],"woocommerce_thumbnail":["https:\/\/telemarkmcutleie.no\/wp-content\/uploads\/2025\/02\/IMG_0151-2.jpg",300,212,false],"woocommerce_single":["https:\/\/telemarkmcutleie.no\/wp-content\/uploads\/2025\/02\/IMG_0151-2.jpg",600,425,false],"woocommerce_gallery_thumbnail":["https:\/\/telemarkmcutleie.no\/wp-content\/uploads\/2025\/02\/IMG_0151-2.jpg",100,71,false]},"uagb_author_info":{"display_name":"admin","author_link":"https:\/\/telemarkmcutleie.no\/fr\/author\/"},"uagb_comment_info":0,"uagb_excerpt":"Depositum p\u00e5 5 000 kr betales ved utlevering av motorsykkel. Dette kan betales med Vipps, bankoverf\u00f8ring eller kontant.","jetpack_sharing_enabled":true,"_links":{"self":[{"href":"https:\/\/telemarkmcutleie.no\/fr\/wp-json\/wp\/v2\/product\/679","targetHints":{"allow":["GET"]}}],"collection":[{"href":"https:\/\/telemarkmcutleie.no\/fr\/wp-json\/wp\/v2\/product"}],"about":[{"href":"https:\/\/telemarkmcutleie.no\/fr\/wp-json\/wp\/v2\/types\/product"}],"wp:featuredmedia":[{"embeddable":true,"href":"https:\/\/telemarkmcutleie.no\/fr\/wp-json\/wp\/v2\/media\/321"}],"wp:attachment":[{"href":"https:\/\/telemarkmcutleie.no\/fr\/wp-json\/wp\/v2\/media?parent=679"}],"wp:term":[{"taxonomy":"product_brand","embeddable":true,"href":"https:\/\/telemarkmcutleie.no\/fr\/wp-json\/wp\/v2\/product_brand?post=679"},{"taxonomy":"product_cat","embeddable":true,"href":"https:\/\/telemarkmcutleie.no\/fr\/wp-json\/wp\/v2\/product_cat?post=679"},{"taxonomy":"product_tag","embeddable":true,"href":"https:\/\/telemarkmcutleie.no\/fr\/wp-json\/wp\/v2\/product_tag?post=679"}],"curies":[{"name":"wp","href":"https:\/\/api.w.org\/{rel}","templated":true}]}}