{"id":671,"date":"2025-08-30T14:15:37","date_gmt":"2025-08-30T12:15:37","guid":{"rendered":"https:\/\/telemarkmcutleie.no\/?post_type=product&#038;p=671"},"modified":"2026-03-20T22:40:24","modified_gmt":"2026-03-20T21:40:24","slug":"honda-nx500-a2","status":"publish","type":"product","link":"https:\/\/telemarkmcutleie.no\/fr\/produit\/honda-nx500-a2\/","title":{"rendered":"Honda NX500 (A2)"},"content":{"rendered":"<p data-extendify-agent-block-id=\"11\">La Honda NX500 est une moto d'aventure l\u00e9g\u00e8re et polyvalente, aussi \u00e0 l'aise en ville que sur les routes de gravier. Avec son car\u00e9nage inspir\u00e9 du rallye, son grand pare-brise et sa position assise confortable, vous pouvez parcourir de longues \u00e9tapes sans vous fatiguer. Le moteur bicylindre est conforme \u00e0 la norme A2 et offre des performances souples et divertissantes.<\/p>\n<p data-extendify-agent-block-id=\"12\">\u00c9quipement : Freins ABS, contr\u00f4le de la traction, plusieurs modes de conduite, \u00e9cran TFT, connexion t\u00e9l\u00e9phonique, support de t\u00e9l\u00e9phone, top box.<\/p>\n<p data-extendify-agent-block-id=\"13\">Sp\u00e9cifications : cc 471, hp 48, volume du r\u00e9servoir 17,5, hauteur du si\u00e8ge 830 mm, poids \u00e0 vide 198 kg.<\/p>","protected":false},"excerpt":{"rendered":"<p>Un d\u00e9p\u00f4t de garantie de 5 000 NOK est payable lors de la remise de la moto. Le paiement peut \u00eatre effectu\u00e9 via Vipps, par virement bancaire ou en esp\u00e8ces.<\/p>","protected":false},"featured_media":320,"template":"","meta":{"om_disable_all_campaigns":false,"_uag_custom_page_level_css":"","_monsterinsights_skip_tracking":false,"_monsterinsights_sitenote_active":false,"_monsterinsights_sitenote_note":"","_monsterinsights_sitenote_category":0,"_uf_show_specific_survey":0,"_uf_disable_surveys":false},"product_brand":[],"product_cat":[30],"product_tag":[],"class_list":{"0":"post-671","1":"product","2":"type-product","3":"status-publish","4":"has-post-thumbnail","6":"product_cat-motorcycle","7":"product_shipping_class-ingen-frakt","9":"first","10":"instock","11":"featured","12":"shipping-taxable","13":"purchasable","14":"product-type-redq_rental"},"aioseo_notices":[],"uagb_featured_image_src":{"full":["https:\/\/telemarkmcutleie.no\/wp-content\/uploads\/2025\/02\/thumbnail_IMG_0152-2.jpg",1200,849,false],"thumbnail":["https:\/\/telemarkmcutleie.no\/wp-content\/uploads\/2025\/02\/thumbnail_IMG_0152-2.jpg",150,106,false],"medium":["https:\/\/telemarkmcutleie.no\/wp-content\/uploads\/2025\/02\/thumbnail_IMG_0152-2.jpg",300,212,false],"medium_large":["https:\/\/telemarkmcutleie.no\/wp-content\/uploads\/2025\/02\/thumbnail_IMG_0152-2.jpg",768,543,false],"large":["https:\/\/telemarkmcutleie.no\/wp-content\/uploads\/2025\/02\/thumbnail_IMG_0152-2.jpg",1024,724,false],"1536x1536":["https:\/\/telemarkmcutleie.no\/wp-content\/uploads\/2025\/02\/thumbnail_IMG_0152-2.jpg",1200,849,false],"2048x2048":["https:\/\/telemarkmcutleie.no\/wp-content\/uploads\/2025\/02\/thumbnail_IMG_0152-2.jpg",1200,849,false],"trp-custom-language-flag":["https:\/\/telemarkmcutleie.no\/wp-content\/uploads\/2025\/02\/thumbnail_IMG_0152-2.jpg",18,12,false],"woocommerce_thumbnail":["https:\/\/telemarkmcutleie.no\/wp-content\/uploads\/2025\/02\/thumbnail_IMG_0152-2.jpg",300,212,false],"woocommerce_single":["https:\/\/telemarkmcutleie.no\/wp-content\/uploads\/2025\/02\/thumbnail_IMG_0152-2.jpg",600,425,false],"woocommerce_gallery_thumbnail":["https:\/\/telemarkmcutleie.no\/wp-content\/uploads\/2025\/02\/thumbnail_IMG_0152-2.jpg",100,71,false]},"uagb_author_info":{"display_name":"admin","author_link":"https:\/\/telemarkmcutleie.no\/fr\/author\/"},"uagb_comment_info":0,"uagb_excerpt":"Depositum p\u00e5 5 000 kr betales ved utlevering av motorsykkel. Dette kan betales med Vipps, bankoverf\u00f8ring eller kontant.","jetpack_sharing_enabled":true,"_links":{"self":[{"href":"https:\/\/telemarkmcutleie.no\/fr\/wp-json\/wp\/v2\/product\/671","targetHints":{"allow":["GET"]}}],"collection":[{"href":"https:\/\/telemarkmcutleie.no\/fr\/wp-json\/wp\/v2\/product"}],"about":[{"href":"https:\/\/telemarkmcutleie.no\/fr\/wp-json\/wp\/v2\/types\/product"}],"wp:featuredmedia":[{"embeddable":true,"href":"https:\/\/telemarkmcutleie.no\/fr\/wp-json\/wp\/v2\/media\/320"}],"wp:attachment":[{"href":"https:\/\/telemarkmcutleie.no\/fr\/wp-json\/wp\/v2\/media?parent=671"}],"wp:term":[{"taxonomy":"product_brand","embeddable":true,"href":"https:\/\/telemarkmcutleie.no\/fr\/wp-json\/wp\/v2\/product_brand?post=671"},{"taxonomy":"product_cat","embeddable":true,"href":"https:\/\/telemarkmcutleie.no\/fr\/wp-json\/wp\/v2\/product_cat?post=671"},{"taxonomy":"product_tag","embeddable":true,"href":"https:\/\/telemarkmcutleie.no\/fr\/wp-json\/wp\/v2\/product_tag?post=671"}],"curies":[{"name":"wp","href":"https:\/\/api.w.org\/{rel}","templated":true}]}}