{"id":2595,"date":"2026-02-09T21:03:16","date_gmt":"2026-02-09T20:03:16","guid":{"rendered":"https:\/\/telemarkmcutleie.no\/?post_type=product&#038;p=2595"},"modified":"2026-03-20T22:36:08","modified_gmt":"2026-03-20T21:36:08","slug":"honda-cb650r","status":"publish","type":"product","link":"https:\/\/telemarkmcutleie.no\/fr\/produit\/honda-cb650r\/","title":{"rendered":"Honda CB650R"},"content":{"rendered":"<p data-extendify-agent-block-id=\"47\">La CB650R offre un pur plaisir de conduite avec le caract\u00e8re soyeux de son quatre-cylindres en ligne et une r\u00e9ponse pr\u00e9cise sur toute la plage de r\u00e9gime. Le ch\u00e2ssis compact associ\u00e9 au moteur quatre cylindres de 649 cm\u00b3 d\u00e9veloppant environ 95 ch assure un bon \u00e9quilibre entre performances sportives et utilisation quotidienne. Avec embrayage assist\u00e9\/anti-dribble, quickshifter, bo\u00eete pr\u00e9cise et fourche Showa stable, elle se montre \u00e0 la fois joueuse et rassurante, sur routes sinueuses comme sur longs trajets.<\/p>\n<p data-extendify-agent-block-id=\"47\">freins ABS, antipatinage (HSTC), \u00e9cran TFT, \u00e9clairage LED, embrayage assist\u00e9\/anti-dribble, quickshifter, indicateur de rapport, support t\u00e9l\u00e9phone, valises lat\u00e9rales, sacoche de r\u00e9servoir.<\/p>\n<p data-extendify-agent-block-id=\"47\">649 cm\u00b3, 95 ch, r\u00e9servoir 15,4 L, hauteur de selle 810 mm, poids tous pleins faits 205 kg.<\/p>","protected":false},"excerpt":{"rendered":"<p>Un d\u00e9p\u00f4t de garantie de 5 000 NOK est payable lors de la remise de la moto. Le paiement peut \u00eatre effectu\u00e9 via Vipps, par virement bancaire ou en esp\u00e8ces.<\/p>","protected":false},"featured_media":2592,"template":"","meta":{"om_disable_all_campaigns":false,"_uag_custom_page_level_css":"","_monsterinsights_skip_tracking":false,"_monsterinsights_sitenote_active":false,"_monsterinsights_sitenote_note":"","_monsterinsights_sitenote_category":0,"_uf_show_specific_survey":0,"_uf_disable_surveys":false},"product_brand":[],"product_cat":[30],"product_tag":[],"class_list":{"0":"post-2595","1":"product","2":"type-product","3":"status-publish","4":"has-post-thumbnail","6":"product_cat-motorcycle","7":"product_shipping_class-ingen-frakt","9":"first","10":"instock","11":"featured","12":"shipping-taxable","13":"purchasable","14":"product-type-redq_rental"},"aioseo_notices":[],"uagb_featured_image_src":{"full":["https:\/\/telemarkmcutleie.no\/wp-content\/uploads\/2026\/02\/Honda-CB-650R.jpg",1440,1080,false],"thumbnail":["https:\/\/telemarkmcutleie.no\/wp-content\/uploads\/2026\/02\/Honda-CB-650R.jpg",150,113,false],"medium":["https:\/\/telemarkmcutleie.no\/wp-content\/uploads\/2026\/02\/Honda-CB-650R.jpg",300,225,false],"medium_large":["https:\/\/telemarkmcutleie.no\/wp-content\/uploads\/2026\/02\/Honda-CB-650R.jpg",768,576,false],"large":["https:\/\/telemarkmcutleie.no\/wp-content\/uploads\/2026\/02\/Honda-CB-650R.jpg",1024,768,false],"1536x1536":["https:\/\/telemarkmcutleie.no\/wp-content\/uploads\/2026\/02\/Honda-CB-650R.jpg",1440,1080,false],"2048x2048":["https:\/\/telemarkmcutleie.no\/wp-content\/uploads\/2026\/02\/Honda-CB-650R.jpg",1440,1080,false],"trp-custom-language-flag":["https:\/\/telemarkmcutleie.no\/wp-content\/uploads\/2026\/02\/Honda-CB-650R.jpg",16,12,false],"woocommerce_thumbnail":["https:\/\/telemarkmcutleie.no\/wp-content\/uploads\/2026\/02\/Honda-CB-650R.jpg",300,225,false],"woocommerce_single":["https:\/\/telemarkmcutleie.no\/wp-content\/uploads\/2026\/02\/Honda-CB-650R.jpg",600,450,false],"woocommerce_gallery_thumbnail":["https:\/\/telemarkmcutleie.no\/wp-content\/uploads\/2026\/02\/Honda-CB-650R.jpg",100,75,false]},"uagb_author_info":{"display_name":"admin","author_link":"https:\/\/telemarkmcutleie.no\/fr\/author\/"},"uagb_comment_info":0,"uagb_excerpt":"Depositum p\u00e5 5 000 kr betales ved utlevering av motorsykkel. Dette kan betales med Vipps, bankoverf\u00f8ring eller kontant.","jetpack_sharing_enabled":true,"_links":{"self":[{"href":"https:\/\/telemarkmcutleie.no\/fr\/wp-json\/wp\/v2\/product\/2595","targetHints":{"allow":["GET"]}}],"collection":[{"href":"https:\/\/telemarkmcutleie.no\/fr\/wp-json\/wp\/v2\/product"}],"about":[{"href":"https:\/\/telemarkmcutleie.no\/fr\/wp-json\/wp\/v2\/types\/product"}],"wp:featuredmedia":[{"embeddable":true,"href":"https:\/\/telemarkmcutleie.no\/fr\/wp-json\/wp\/v2\/media\/2592"}],"wp:attachment":[{"href":"https:\/\/telemarkmcutleie.no\/fr\/wp-json\/wp\/v2\/media?parent=2595"}],"wp:term":[{"taxonomy":"product_brand","embeddable":true,"href":"https:\/\/telemarkmcutleie.no\/fr\/wp-json\/wp\/v2\/product_brand?post=2595"},{"taxonomy":"product_cat","embeddable":true,"href":"https:\/\/telemarkmcutleie.no\/fr\/wp-json\/wp\/v2\/product_cat?post=2595"},{"taxonomy":"product_tag","embeddable":true,"href":"https:\/\/telemarkmcutleie.no\/fr\/wp-json\/wp\/v2\/product_tag?post=2595"}],"curies":[{"name":"wp","href":"https:\/\/api.w.org\/{rel}","templated":true}]}}