{"id":23,"date":"2025-01-14T19:49:36","date_gmt":"2025-01-14T18:49:36","guid":{"rendered":"http:\/\/telemarkmcutleie.no.datasenter.no\/bestilling\/"},"modified":"2026-02-16T19:30:08","modified_gmt":"2026-02-16T18:30:08","slug":"reservation","status":"publish","type":"page","link":"https:\/\/telemarkmcutleie.no\/fr\/reservation\/","title":{"rendered":"Formulaire de commande"},"content":{"rendered":"<div class=\"wp-block-group alignfull has-background-background-color has-background has-global-padding is-layout-constrained wp-block-group-is-layout-constrained\" style=\"margin-top:0;margin-bottom:0;padding-top:0;padding-bottom:0\">\n<div class=\"wp-block-cover alignfull\" style=\"padding-top:0;padding-right:0;padding-bottom:0;padding-left:0;min-height:20vh;aspect-ratio:unset;\"><img loading=\"lazy\" decoding=\"async\" width=\"6005\" height=\"4003\" class=\"wp-block-cover__image-background wp-image-773 size-full\" alt=\"Norv\u00e8ge Motocyclisme T\u00e9l\u00e9mark\" src=\"https:\/\/telemarkmcutleie.no\/wp-content\/uploads\/2025\/10\/DSC01291-mini2.jpg\" data-object-fit=\"cover\"\/><span aria-hidden=\"true\" class=\"wp-block-cover__background has-black-background-color has-background-dim\"><\/span><div class=\"wp-block-cover__inner-container is-layout-flow wp-block-cover-is-layout-flow\">\n<div class=\"wp-block-group has-global-padding is-layout-constrained wp-container-core-group-is-layout-a5a6cc25 wp-block-group-is-layout-constrained\" style=\"padding-top:var(--wp--preset--spacing--60);padding-right:var(--wp--preset--spacing--30);padding-bottom:var(--wp--preset--spacing--60);padding-left:var(--wp--preset--spacing--30)\">\n<h1 class=\"wp-block-heading has-text-align-center has-text-color has-x-large-font-size\" style=\"color:#fffffffc\">D\u00e9couvrez le Telemark sur deux roues<\/h1>\n<\/div>\n<\/div><\/div>\n<\/div>\n\n\n\n<h3 class=\"wp-block-heading\">R\u00e9servez l'un de nos v\u00e9los d\u00e8s aujourd'hui !<\/h3>\n\n\n\n<div class=\"wp-block-group alignfull has-background-background-color has-background has-global-padding is-layout-constrained wp-container-core-group-is-layout-7276a2bb wp-block-group-is-layout-constrained\" style=\"margin-top:0;margin-bottom:0;padding-top:var(--wp--preset--spacing--60);padding-right:var(--wp--preset--spacing--30);padding-bottom:var(--wp--preset--spacing--60);padding-left:var(--wp--preset--spacing--30)\">\n<div class=\"wp-block-group alignwide is-layout-flex wp-block-group-is-layout-flex\" style=\"border-top-color:var(--wp--preset--color--foreground);border-top-width:1px;padding-top:var(--wp--preset--spacing--40);padding-right:0;padding-bottom:0;padding-left:0\">\n<figure class=\"wp-block-image size-full is-resized\"><img loading=\"lazy\" decoding=\"async\" width=\"1200\" height=\"849\" src=\"https:\/\/telemarkmcutleie.no\/wp-content\/uploads\/2025\/02\/thumbnail_IMG_0152-2.jpg\" alt=\"\" class=\"wp-image-320\" style=\"width:309px;height:auto\"\/><\/figure>\n\n\n\n<div class=\"wp-block-group has-global-padding is-layout-constrained wp-block-group-is-layout-constrained\">\n<h3 class=\"wp-block-heading\" style=\"font-size:clamp(1.119rem, 1.119rem + ((1vw - 0.2rem) * 1.052), 1.75rem);line-height:1.5\">Honda NX500 2026 (A2)<\/h3>\n\n\n\n<p>La Honda NX500 est une moto d'aventure l\u00e9g\u00e8re et polyvalente, aussi \u00e0 l'aise en ville que sur les routes de gravier. Avec son car\u00e9nage inspir\u00e9 du rallye, son grand pare-brise et sa position assise confortable, vous pouvez parcourir de longues \u00e9tapes sans vous fatiguer. Le moteur bicylindre est conforme \u00e0 la norme A2 et offre des performances souples et divertissantes.<\/p>\n\n\n\n<p>\u00c9quipement : Freins ABS, contr\u00f4le de la traction, plusieurs modes de conduite, \u00e9cran TFT, connexion t\u00e9l\u00e9phonique, support de t\u00e9l\u00e9phone, top box.<\/p>\n\n\n\n<p>Sp\u00e9cifications : cc 471, hp 48, volume du r\u00e9servoir 17,5, hauteur du si\u00e8ge 830 mm, poids \u00e0 vide 198 kg.<\/p>\n<\/div>\n\n\n\n<div class=\"wp-block-buttons is-layout-flex wp-block-buttons-is-layout-flex\">\n<div class=\"wp-block-button is-style-outline is-style-outline--1\"><a class=\"wp-block-button__link wp-element-button\" href=\"https:\/\/telemarkmcutleie.no\/fr\/produit\/honda-nx500-a2\/\">R\u00e9server maintenant<\/a><\/div>\n<\/div>\n<\/div>\n\n\n\n<div class=\"wp-block-group alignwide is-layout-flex wp-block-group-is-layout-flex\" style=\"border-top-color:var(--wp--preset--color--foreground);border-top-width:1px;padding-top:var(--wp--preset--spacing--40);padding-right:0;padding-bottom:0;padding-left:0\">\n<figure class=\"wp-block-image size-full is-resized\"><img loading=\"lazy\" decoding=\"async\" width=\"1200\" height=\"849\" src=\"https:\/\/telemarkmcutleie.no\/wp-content\/uploads\/2025\/02\/IMG_0151-2.jpg\" alt=\"\" class=\"wp-image-321\" style=\"width:311px;height:auto\"\/><\/figure>\n\n\n\n<div class=\"wp-block-group has-global-padding is-layout-constrained wp-block-group-is-layout-constrained\">\n<h3 class=\"wp-block-heading\" style=\"font-size:clamp(1.119rem, 1.119rem + ((1vw - 0.2rem) * 1.052), 1.75rem);line-height:1.5\">Honda CB750 Hornet 2025<\/h3>\n\n\n\n<p>La Hornet offre un plaisir de conduite sous une forme purement distill\u00e9e. Le cadre l\u00e9ger associ\u00e9 \u00e0 un bicylindre parall\u00e8le de 91,8 ch offre un rapport poids\/puissance in\u00e9gal\u00e9 dans sa cat\u00e9gorie et des acc\u00e9l\u00e9rations explosives. Avec le syst\u00e8me Throttle By Wire, vous disposez de trois modes de conduite, de trois niveaux d'antipatinage avec Wheelie Control, ainsi que d'un freinage moteur et d'une puissance r\u00e9glables.<\/p>\n\n\n\n<p>\u00c9quipement : Freins ABS, contr\u00f4le de la traction, plusieurs modes de conduite, \u00e9cran TFT, connexion t\u00e9l\u00e9phonique, support de t\u00e9l\u00e9phone, sacs lat\u00e9raux, sacoche de r\u00e9servoir.<\/p>\n\n\n\n<p>Sp\u00e9cifications : cc 755, puissance 92, volume du r\u00e9servoir 15,2, hauteur de la selle 795 mm, poids \u00e0 vide 192 kg.<\/p>\n<\/div>\n\n\n\n<div class=\"wp-block-buttons is-layout-flex wp-block-buttons-is-layout-flex\">\n<div class=\"wp-block-button is-style-outline is-style-outline--2\"><a class=\"wp-block-button__link wp-element-button\" href=\"https:\/\/telemarkmcutleie.no\/fr\/produit\/honda-cb750-hornet\/\">R\u00e9server maintenant<\/a><\/div>\n<\/div>\n<\/div>\n\n\n\n<div class=\"wp-block-group alignwide is-layout-flex wp-block-group-is-layout-flex\" style=\"border-top-color:var(--wp--preset--color--foreground);border-top-width:1px;padding-top:var(--wp--preset--spacing--40);padding-right:0;padding-bottom:0;padding-left:0\">\n<figure class=\"wp-block-image size-full is-resized\"><img loading=\"lazy\" decoding=\"async\" width=\"640\" height=\"508\" src=\"https:\/\/telemarkmcutleie.no\/wp-content\/uploads\/2025\/09\/Triumph-Tiger-800.png\" alt=\"Triumph Tiger Sport 800\" class=\"wp-image-728\" style=\"width:311px;height:auto\"\/><\/figure>\n\n\n\n<div class=\"wp-block-group has-global-padding is-layout-constrained wp-block-group-is-layout-constrained\">\n<h3 class=\"wp-block-heading\" style=\"font-size:clamp(1.119rem, 1.119rem + ((1vw - 0.2rem) * 1.052), 1.75rem);line-height:1.5\">Triumph Tiger Sport 800 2026<\/h3>\n\n\n\n<p>La Tiger Sport 800 allie puissance sportive et confort de tourisme de haut niveau. Le moteur trois cylindres offre un m\u00e9lange parfait de couple et de r\u00e9gime, tandis que des \u00e9quipements tels que le levier de vitesse, le r\u00e9gulateur de vitesse et le pare-brise r\u00e9glable rendent les trajets courts et longs plus relaxants.<\/p>\n\n\n\n<p>\u00c9quipement : Freins ABS, antipatinage, r\u00e9gulateur de vitesse, levier de vitesse haut\/bas, plusieurs modes de conduite, \u00e9cran TFT, connexion t\u00e9l\u00e9phonique, pare-brise r\u00e9glable, silencieux Akrapovic, chauffage, prise 12v, support de t\u00e9l\u00e9phone, kit de coffre d'origine (57l), sacoche de r\u00e9servoir.<\/p>\n\n\n\n<p>Sp\u00e9cifications : cc 798, ch 113, volume du r\u00e9servoir 18,6, hauteur de la selle 835 mm, poids \u00e0 vide 214 kg.<\/p>\n<\/div>\n\n\n\n<div class=\"wp-block-buttons is-layout-flex wp-block-buttons-is-layout-flex\">\n<div class=\"wp-block-button is-style-outline is-style-outline--3\"><a class=\"wp-block-button__link wp-element-button\" href=\"https:\/\/telemarkmcutleie.no\/fr\/produit\/triumph-tiger-sport-800\/\">R\u00e9server maintenant<\/a><\/div>\n<\/div>\n<\/div>\n\n\n\n<div class=\"wp-block-group alignwide is-layout-flex wp-block-group-is-layout-flex\" style=\"border-top-color:var(--wp--preset--color--foreground);border-top-width:1px;padding-top:var(--wp--preset--spacing--40);padding-right:0;padding-bottom:0;padding-left:0\">\n<figure class=\"wp-block-image size-full is-resized\"><img loading=\"lazy\" decoding=\"async\" width=\"800\" height=\"533\" src=\"https:\/\/telemarkmcutleie.no\/wp-content\/uploads\/2025\/10\/1738143798-2025-ktm-390-adventure-r-review-details-price-spec_29.jpg\" alt=\"KTM 390 Adventure R\" class=\"wp-image-849\" style=\"width:309px;height:auto\"\/><\/figure>\n\n\n\n<div class=\"wp-block-group has-global-padding is-layout-constrained wp-block-group-is-layout-constrained\">\n<h3 class=\"wp-block-heading\" style=\"font-size:clamp(1.119rem, 1.119rem + ((1vw - 0.2rem) * 1.052), 1.75rem);line-height:1.5\">KTM 390 Adventure R 2026 (A2)<\/h3>\n\n\n\n<p>La KTM 390 Adventure R est une moto d'aventure l\u00e9g\u00e8re et agile qui s'\u00e9panouit aussi bien sur l'asphalte que sur les routes de gravier. Sa position de conduite droite, sa suspension r\u00e9glable et son moteur r\u00e9actif en font la moto id\u00e9ale pour les d\u00e9butants et les pilotes exp\u00e9riment\u00e9s qui souhaitent sortir des sentiers battus. Le moteur monocylindre est conforme \u00e0 la norme A2 et offre une acc\u00e9l\u00e9ration souple et un contr\u00f4le solide.<\/p>\n\n\n\n<p>\u00c9quipement : Freins ABS, contr\u00f4le de la traction, plusieurs modes de conduite, \u00e9cran TFT, connexion t\u00e9l\u00e9phonique, support de t\u00e9l\u00e9phone.<\/p>\n\n\n\n<p>Sp\u00e9cifications : cc 399, hp 44, volume du r\u00e9servoir 14 litres, hauteur du si\u00e8ge 870 mm, poids \u00e0 vide 176 kg.<\/p>\n<\/div>\n\n\n\n<div class=\"wp-block-buttons is-layout-flex wp-block-buttons-is-layout-flex\">\n<div class=\"wp-block-button is-style-outline is-style-outline--4\"><a class=\"wp-block-button__link wp-element-button\" href=\"https:\/\/telemarkmcutleie.no\/fr\/produit\/ktm-390-adventure-r\/\">R\u00e9server maintenant<\/a><\/div>\n<\/div>\n<\/div>\n\n\n\n<div class=\"wp-block-group alignwide is-layout-flex wp-block-group-is-layout-flex\" style=\"border-top-color:var(--wp--preset--color--foreground);border-top-width:1px;padding-top:var(--wp--preset--spacing--40);padding-right:0;padding-bottom:0;padding-left:0\">\n<figure class=\"wp-block-image size-full is-resized\"><img loading=\"lazy\" decoding=\"async\" width=\"1440\" height=\"1080\" src=\"https:\/\/telemarkmcutleie.no\/wp-content\/uploads\/2026\/02\/Honda-CB-650R.jpg\" alt=\"2023 Honda CB 650R\" class=\"wp-image-2592\" style=\"width:309px;height:auto\"\/><\/figure>\n\n\n\n<div class=\"wp-block-group has-global-padding is-layout-constrained wp-block-group-is-layout-constrained\">\n<h3 class=\"wp-block-heading\" style=\"font-size:clamp(1.119rem, 1.119rem + ((1vw - 0.2rem) * 1.052), 1.75rem);line-height:1.5\">Honda CB650R 2023 <\/h3>\n\n\n\n<p>La CB650R offre un pur plaisir de conduite avec le caract\u00e8re soyeux de son quatre-cylindres en ligne et une r\u00e9ponse pr\u00e9cise sur toute la plage de r\u00e9gime. Le ch\u00e2ssis compact associ\u00e9 au moteur quatre cylindres de 649 cm\u00b3 d\u00e9veloppant environ 95 ch assure un bon \u00e9quilibre entre performances sportives et utilisation quotidienne. Avec embrayage assist\u00e9\/anti-dribble, quickshifter, bo\u00eete pr\u00e9cise et fourche Showa stable, elle se montre \u00e0 la fois joueuse et rassurante, sur routes sinueuses comme sur longs trajets.<\/p>\n\n\n\n<p><strong>\u00c9quipement :<\/strong> freins ABS, antipatinage (HSTC), \u00e9cran TFT, \u00e9clairage LED, embrayage assist\u00e9\/anti-dribble, quickshifter, indicateur de rapport, support t\u00e9l\u00e9phone, valises lat\u00e9rales, sacoche de r\u00e9servoir.<\/p>\n\n\n\n<p><strong>Sp\u00e9cifications :<\/strong> 649 cm\u00b3, 95 ch, r\u00e9servoir 15,4 L, hauteur de selle 810 mm, poids tous pleins faits 205 kg.<\/p>\n<\/div>\n\n\n\n<div class=\"wp-block-buttons is-layout-flex wp-block-buttons-is-layout-flex\">\n<div class=\"wp-block-button is-style-outline is-style-outline--5\"><a class=\"wp-block-button__link wp-element-button\" href=\"https:\/\/telemarkmcutleie.no\/fr\/produit\/honda-cb650r\/\">R\u00e9server maintenant<\/a><\/div>\n<\/div>\n<\/div>\n\n\n\n<div class=\"wp-block-group alignwide is-layout-flex wp-block-group-is-layout-flex\" style=\"border-top-color:var(--wp--preset--color--foreground);border-top-width:1px;padding-top:var(--wp--preset--spacing--40);padding-right:0;padding-bottom:0;padding-left:0\">\n<div class=\"wp-block-group has-global-padding is-layout-constrained wp-block-group-is-layout-constrained\">\n<h3 class=\"wp-block-heading\" style=\"font-size:clamp(1.119rem, 1.119rem + ((1vw - 0.2rem) * 1.052), 1.75rem);line-height:1.5\">Souhaitez-vous louer un \u00e9quipement de conduite ?<\/h3>\n\n\n\n<p class=\"has-small-font-size\" style=\"margin-top:12px\">Les casques avec interphone, l'\u00e9quipement de conduite et les solutions pour les bagages sont inclus dans la location !<\/p>\n<\/div>\n\n\n\n<p><\/p>\n\n\n\n<p><\/p>\n<\/div>\n<\/div>","protected":false},"excerpt":{"rendered":"<p>Book en av v\u00e5re sykler i dag! Honda NX500 2026 (A2) Honda NX500 er en lett og allsidig adventure-sykkel som trives like godt i byen som p\u00e5 grusveier. Med sin rally-inspirerte k\u00e5pe, stor vindskjerm og komfortabel sittestilling kan du cruise lange etapper uten \u00e5 bli sliten. Den tosylindrede motoren er A2-kompatibel, byr p\u00e5 fleksibel og [&hellip;]<\/p>","protected":false},"author":1,"featured_media":0,"parent":0,"menu_order":0,"comment_status":"closed","ping_status":"closed","template":"no-title","meta":{"om_disable_all_campaigns":false,"_uag_custom_page_level_css":"","_monsterinsights_skip_tracking":false,"_monsterinsights_sitenote_active":false,"_monsterinsights_sitenote_note":"","_monsterinsights_sitenote_category":0,"_uf_show_specific_survey":0,"_uf_disable_surveys":false,"footnotes":""},"class_list":["post-23","page","type-page","status-publish","hentry"],"aioseo_notices":[],"uagb_featured_image_src":{"full":false,"thumbnail":false,"medium":false,"medium_large":false,"large":false,"1536x1536":false,"2048x2048":false,"trp-custom-language-flag":false,"woocommerce_thumbnail":false,"woocommerce_single":false,"woocommerce_gallery_thumbnail":false},"uagb_author_info":{"display_name":"admin","author_link":"https:\/\/telemarkmcutleie.no\/fr\/author\/admin\/"},"uagb_comment_info":0,"uagb_excerpt":"Book en av v\u00e5re sykler i dag! Honda NX500 2026 (A2) Honda NX500 er en lett og allsidig adventure-sykkel som trives like godt i byen som p\u00e5 grusveier. Med sin rally-inspirerte k\u00e5pe, stor vindskjerm og komfortabel sittestilling kan du cruise lange etapper uten \u00e5 bli sliten. Den tosylindrede motoren er A2-kompatibel, byr p\u00e5 fleksibel og\u2026","jetpack_sharing_enabled":true,"_links":{"self":[{"href":"https:\/\/telemarkmcutleie.no\/fr\/wp-json\/wp\/v2\/pages\/23","targetHints":{"allow":["GET"]}}],"collection":[{"href":"https:\/\/telemarkmcutleie.no\/fr\/wp-json\/wp\/v2\/pages"}],"about":[{"href":"https:\/\/telemarkmcutleie.no\/fr\/wp-json\/wp\/v2\/types\/page"}],"author":[{"embeddable":true,"href":"https:\/\/telemarkmcutleie.no\/fr\/wp-json\/wp\/v2\/users\/1"}],"replies":[{"embeddable":true,"href":"https:\/\/telemarkmcutleie.no\/fr\/wp-json\/wp\/v2\/comments?post=23"}],"version-history":[{"count":67,"href":"https:\/\/telemarkmcutleie.no\/fr\/wp-json\/wp\/v2\/pages\/23\/revisions"}],"predecessor-version":[{"id":2698,"href":"https:\/\/telemarkmcutleie.no\/fr\/wp-json\/wp\/v2\/pages\/23\/revisions\/2698"}],"wp:attachment":[{"href":"https:\/\/telemarkmcutleie.no\/fr\/wp-json\/wp\/v2\/media?parent=23"}],"curies":[{"name":"wp","href":"https:\/\/api.w.org\/{rel}","templated":true}]}}