{"id":22,"date":"2025-01-14T19:49:35","date_gmt":"2025-01-14T18:49:35","guid":{"rendered":"http:\/\/telemarkmcutleie.no.datasenter.no\/om-oss\/"},"modified":"2026-01-27T12:27:57","modified_gmt":"2026-01-27T11:27:57","slug":"a-propos","status":"publish","type":"page","link":"https:\/\/telemarkmcutleie.no\/fr\/a-propos\/","title":{"rendered":"A propos de nous"},"content":{"rendered":"<div class=\"wp-block-group alignfull has-background-background-color has-background has-global-padding is-layout-constrained wp-block-group-is-layout-constrained\" style=\"margin-top:0;margin-bottom:0;padding-top:0;padding-bottom:0\">\n<div class=\"wp-block-cover alignfull\" style=\"padding-top:0;padding-right:0;padding-bottom:0;padding-left:0;min-height:20vh;aspect-ratio:unset;\"><img loading=\"lazy\" decoding=\"async\" width=\"6005\" height=\"4003\" class=\"wp-block-cover__image-background wp-image-773 size-full\" alt=\"Norv\u00e8ge Motocyclisme T\u00e9l\u00e9mark\" src=\"https:\/\/telemarkmcutleie.no\/wp-content\/uploads\/2025\/10\/DSC01291-mini2.jpg\" data-object-fit=\"cover\"\/><span aria-hidden=\"true\" class=\"wp-block-cover__background has-black-background-color has-background-dim\"><\/span><div class=\"wp-block-cover__inner-container is-layout-flow wp-block-cover-is-layout-flow\">\n<div class=\"wp-block-group has-global-padding is-layout-constrained wp-container-core-group-is-layout-dc79e9a9 wp-block-group-is-layout-constrained\" style=\"min-height:20vh;padding-top:var(--wp--preset--spacing--60);padding-right:var(--wp--preset--spacing--30);padding-bottom:var(--wp--preset--spacing--60);padding-left:var(--wp--preset--spacing--30)\">\n<h1 class=\"wp-block-heading has-text-align-center has-text-color has-x-large-font-size\" style=\"color:#fffffffc\">D\u00e9couvrez le Telemark sur deux roues<\/h1>\n<\/div>\n<\/div><\/div>\n<\/div>\n\n\n\n<div class=\"wp-block-group alignfull has-tertiary-background-color has-background has-global-padding is-layout-constrained wp-container-core-group-is-layout-7276a2bb wp-block-group-is-layout-constrained\" id=\"om-oss\" style=\"margin-top:0;margin-bottom:0;padding-top:var(--wp--preset--spacing--60);padding-right:var(--wp--preset--spacing--30);padding-bottom:var(--wp--preset--spacing--60);padding-left:var(--wp--preset--spacing--30)\">\n<div class=\"wp-block-columns alignwide are-vertically-aligned-center is-layout-flex wp-container-core-columns-is-layout-47c06fe3 wp-block-columns-is-layout-flex\">\n<div class=\"wp-block-column is-vertically-aligned-center is-layout-flow wp-block-column-is-layout-flow\" style=\"flex-basis:33.3%\">\n<h2 class=\"wp-block-heading has-text-align-left has-large-font-size\">Qui est le Telemark MC Utleie ?<\/h2>\n\n\n\n<p style=\"margin-top:16px\">Telemark MC Utleie a \u00e9t\u00e9 fond\u00e9 en 2025 par Frank et Hege - deux motocyclistes passionn\u00e9s ayant pass\u00e9 de nombreuses heures et parcouru de nombreux kilom\u00e8tres sur deux roues. Notre vision est de faciliter l'exp\u00e9rience de la libert\u00e9 et de la joie de conduire une moto dans le magnifique Telemark.<\/p>\n\n\n\n<p>Nous nous effor\u00e7ons d'offrir des exp\u00e9riences s\u00fbres et amusantes en moto au Telemark, en mettant l'accent sur des prix comp\u00e9titifs et sur l'accessibilit\u00e9 pour les touristes et les habitants de la r\u00e9gion.&nbsp;<\/p>\n\n\n\n<p>Toutes nos motos sont couvertes par une assurance tous risques et une police d'assurance sp\u00e9cialement con\u00e7ue pour la location. Cela vous permet, \u00e0 vous en tant que locataire et \u00e0 nous en tant que loueur, d'avoir l'esprit tranquille en cas d'accident. Nous veillons \u00e9galement \u00e0 ce que les motos fassent l'objet d'un suivi dans les ateliers de la marque. Des r\u00e9visions r\u00e9guli\u00e8res et des contr\u00f4les approfondis garantissent que les motos sont toujours en parfait \u00e9tat technique.<\/p>\n<\/div>\n\n\n\n<div class=\"wp-block-column is-vertically-aligned-center is-layout-flow wp-container-core-column-is-layout-f5bb311e wp-block-column-is-layout-flow\" style=\"flex-basis:50%\">\n<figure class=\"wp-block-gallery has-nested-images columns-default is-cropped wp-block-gallery-1 is-layout-flex wp-block-gallery-is-layout-flex\">\n<figure class=\"wp-block-image size-full\"><img loading=\"lazy\" decoding=\"async\" width=\"2856\" height=\"2142\" data-id=\"386\" src=\"https:\/\/telemarkmcutleie.no\/wp-content\/uploads\/2025\/02\/IMG_0202-1.jpg\" alt=\"\" class=\"wp-image-386\" style=\"aspect-ratio:3\/4;object-fit:cover\"\/><\/figure>\n\n\n\n<figure class=\"wp-block-image size-full is-style-default\"><img loading=\"lazy\" decoding=\"async\" width=\"1920\" height=\"1440\" data-id=\"366\" src=\"https:\/\/telemarkmcutleie.no\/wp-content\/uploads\/2025\/02\/thumbnail_IMG_9413.jpg\" alt=\"\" class=\"wp-image-366\" style=\"aspect-ratio:3\/4;object-fit:cover\"\/><\/figure>\n<\/figure>\n<\/div>\n<\/div>\n<\/div>\n\n\n\n<div class=\"wp-block-group alignfull has-background-background-color has-background has-global-padding is-layout-constrained wp-container-core-group-is-layout-7276a2bb wp-block-group-is-layout-constrained\" id=\"lag\" style=\"margin-top:0;margin-bottom:0;padding-top:var(--wp--preset--spacing--60);padding-right:var(--wp--preset--spacing--30);padding-bottom:var(--wp--preset--spacing--60);padding-left:var(--wp--preset--spacing--30)\">\n<div class=\"wp-block-group alignwide has-global-padding is-content-justification-left is-layout-constrained wp-container-core-group-is-layout-8b4c372c wp-block-group-is-layout-constrained\">\n<h2 class=\"wp-block-heading has-text-align-left\">Nos partenaires<\/h2>\n\n\n\n<p class=\"has-text-align-left\">Les grandes exp\u00e9riences se cr\u00e9ent rarement seules. C\u2019est pourquoi nous collaborons avec des acteurs s\u00e9rieux et exp\u00e9riment\u00e9s du secteur de la moto et du tourisme, qui partagent notre vision de la qualit\u00e9, de la s\u00e9curit\u00e9 et du vrai plaisir de conduite.<\/p>\n\n\n\n<p class=\"has-text-align-left\">Nos partenaires contribuent \u00e0 de meilleures solutions, \u00e0 des avantages locaux et \u00e0 une offre plus compl\u00e8te pour ceux qui louent une moto chez nous. La liste ci-dessous \u00e9volue au m\u00eame rythme que notre entreprise.<\/p>\n<\/div>\n<\/div>\n\n\n\n<div class=\"wp-block-media-text alignwide has-media-on-the-right is-stacked-on-mobile is-vertically-aligned-center is-style-ext-preset--media-text--natural-1--card-1 is-style-ext-preset--media-text--natural-1--card-1--2\" style=\"margin-top:0;margin-bottom:0;padding-top:var(--wp--preset--spacing--30);padding-right:var(--wp--preset--spacing--30);padding-bottom:var(--wp--preset--spacing--30);padding-left:var(--wp--preset--spacing--30);grid-template-columns:auto 33%\"><div class=\"wp-block-media-text__content\">\n<h2 class=\"wp-block-heading has-text-align-center\">First Camp Norsj\u00f8<\/h2>\n\n\n\n<p class=\"has-text-align-center\">Nous travaillons en \u00e9troite collaboration avec le fantastique camping First Camp Norsj\u00f8. Vous pouvez y r\u00e9server des cabines et des emplacements de tente ou y garer des camping-cars et des caravanes. Le First Camp Norsj\u00f8 dispose de l'une des plus grandes installations de wakeboard d'Europe et de nombreuses autres activit\u00e9s pour les jeunes et les moins jeunes.<\/p>\n\n\n\n<p class=\"has-text-align-center\">\u00c9tant donn\u00e9 que Telemark MC Utleie et First Camp Norsj\u00f8 sont situ\u00e9s dans la m\u00eame zone, il est tr\u00e8s facile de combiner le camping avec des excursions \u00e0 moto.<\/p>\n\n\n\n<div class=\"wp-block-buttons is-content-justification-center is-layout-flex wp-container-core-buttons-is-layout-a89b3969 wp-block-buttons-is-layout-flex\">\n<div class=\"wp-block-button\"><a class=\"wp-block-button__link wp-element-button\" href=\"https:\/\/en.firstcamp.se\/destinations\/norsjo-telemark?fcCountry=no&amp;fcLanguage=English\" target=\"_blank\" rel=\"noreferrer noopener\">Visitez le First Camp Norsj\u00f8 ici!<\/a><\/div>\n<\/div>\n<\/div><figure class=\"wp-block-media-text__media\"><img loading=\"lazy\" decoding=\"async\" width=\"900\" height=\"600\" src=\"https:\/\/telemarkmcutleie.no\/wp-content\/uploads\/2026\/01\/First_Camp_logo_red.png\" alt=\"First_Camp_Logo\" class=\"wp-image-2412 size-full\"\/><\/figure><\/div>\n\n\n\n<div class=\"wp-block-media-text alignwide has-media-on-the-right is-stacked-on-mobile is-style-ext-preset--media-text--natural-1--card-1 is-style-ext-preset--media-text--natural-1--card-1--3\" style=\"padding-top:var(--wp--preset--spacing--30);padding-right:var(--wp--preset--spacing--30);padding-bottom:var(--wp--preset--spacing--30);padding-left:var(--wp--preset--spacing--30);grid-template-columns:auto 33%\"><div class=\"wp-block-media-text__content\">\n<h2 class=\"wp-block-heading has-text-align-center\">Vito MC Tours<\/h2>\n\n\n\n<p class=\"has-text-align-center\">Nous collaborons avec VITO MC Tours, qui propose des voyages \u00e0 moto guid\u00e9s, professionnels et bien organis\u00e9s en Norv\u00e8ge et en Europe. Les circuits sont men\u00e9s par un guide exp\u00e9riment\u00e9 disposant d\u2019une excellente connaissance locale, avec un fort accent sur de beaux itin\u00e9raires, la s\u00e9curit\u00e9 et des exp\u00e9riences compl\u00e8tes.<\/p>\n\n\n\n<p class=\"has-text-align-center\">Il s\u2019agit d\u2019une excellente option pour ceux qui souhaitent des vacances \u00e0 moto guid\u00e9es, qu\u2019il s\u2019agisse de circuits en Norv\u00e8ge ou de voyages plus longs \u00e0 travers l\u2019Europe. Ce partenariat permet de combiner la location de moto \u00e0 Telemark avec des circuits moto organis\u00e9s pour une exp\u00e9rience compl\u00e8te et sans souci.<\/p>\n\n\n\n<div class=\"wp-block-buttons is-content-justification-center is-layout-flex wp-container-core-buttons-is-layout-a89b3969 wp-block-buttons-is-layout-flex\">\n<div class=\"wp-block-button\"><a class=\"wp-block-button__link wp-element-button\" href=\"https:\/\/vitomctours.com\/\" target=\"_blank\" rel=\"noreferrer noopener\">Visitez VITO MC Tours ici !<\/a><\/div>\n<\/div>\n<\/div><figure class=\"wp-block-media-text__media\"><img loading=\"lazy\" decoding=\"async\" width=\"1024\" height=\"650\" src=\"https:\/\/telemarkmcutleie.no\/wp-content\/uploads\/2026\/01\/Vito-MC-Tours.png\" alt=\"Vito-MC-Tours\" class=\"wp-image-2417 size-full\"\/><\/figure><\/div>\n\n\n\n<div class=\"wp-block-media-text alignwide has-media-on-the-right is-stacked-on-mobile is-style-ext-preset--media-text--natural-1--card-1 is-style-ext-preset--media-text--natural-1--card-1--4\" style=\"padding-top:var(--wp--preset--spacing--30);padding-right:var(--wp--preset--spacing--30);padding-bottom:var(--wp--preset--spacing--30);padding-left:var(--wp--preset--spacing--30);grid-template-columns:auto 33%\"><div class=\"wp-block-media-text__content\">\n<h2 class=\"wp-block-heading has-text-align-center\">Mad or Nomad<\/h2>\n\n\n\n<p class=\"has-text-align-center\">Nous collaborons avec Andy et Alissa de <strong>Mad or Nomad<\/strong>, deux motards exp\u00e9riment\u00e9s qui parcourent le monde \u00e0 moto depuis 2018. Forts de plusieurs d\u00e9cennies d\u2019exp\u00e9rience en voyages longue distance \u00e0 moto et d\u2019un pass\u00e9 dans les tests professionnels de motos d\u2019aventure et d\u2019\u00e9quipements, ils partagent des guides pratiques, des conseils et des exp\u00e9riences pour les voyageurs \u00e0 moto du monde entier.<\/p>\n\n\n\n<p class=\"has-text-align-center\">Leur approche ind\u00e9pendante et leur exp\u00e9rience de la vie sur la route en font une ressource pr\u00e9cieuse pour les motards qui planifient des aventures en Norv\u00e8ge et dans le reste de l\u2019Europe, et correspondent parfaitement \u00e0 notre focus sur de v\u00e9ritables exp\u00e9riences de conduite.<\/p>\n\n\n\n<div class=\"wp-block-buttons is-content-justification-center is-layout-flex wp-container-core-buttons-is-layout-a89b3969 wp-block-buttons-is-layout-flex\">\n<div class=\"wp-block-button\"><a class=\"wp-block-button__link wp-element-button\" href=\"https:\/\/www.madornomad.com\/\" target=\"_blank\" rel=\"noreferrer noopener\">Visitez Mad or Nomad ici !<\/a><\/div>\n<\/div>\n<\/div><figure class=\"wp-block-media-text__media\"><img loading=\"lazy\" decoding=\"async\" width=\"600\" height=\"400\" src=\"https:\/\/telemarkmcutleie.no\/wp-content\/uploads\/2026\/01\/Mad-or-Nomad-logo.png\" alt=\"Mad-or-Nomad-logo\" class=\"wp-image-2434 size-full\"\/><\/figure><\/div>\n\n\n\n<p><\/p>","protected":false},"excerpt":{"rendered":"<p>Hvem er Telemark MC Utleie? Telemark MC Utleie ble stiftet i 2025 av Frank og Hege &#8211; to lidenskapelige motorsyklister med mange timer og mil p\u00e5 to hjul. V\u00e5r visjon er \u00e5 gj\u00f8re det enklere for folk \u00e5 oppleve friheten og gleden ved motorsykkelkj\u00f8ring i vakre Telemark. Vi er dedikerte til \u00e5 tilby sikre og [&hellip;]<\/p>","protected":false},"author":1,"featured_media":0,"parent":0,"menu_order":0,"comment_status":"closed","ping_status":"closed","template":"no-title","meta":{"om_disable_all_campaigns":false,"_uag_custom_page_level_css":"","_monsterinsights_skip_tracking":false,"_monsterinsights_sitenote_active":false,"_monsterinsights_sitenote_note":"","_monsterinsights_sitenote_category":0,"_uf_show_specific_survey":0,"_uf_disable_surveys":false,"footnotes":""},"class_list":["post-22","page","type-page","status-publish","hentry"],"aioseo_notices":[],"uagb_featured_image_src":{"full":false,"thumbnail":false,"medium":false,"medium_large":false,"large":false,"1536x1536":false,"2048x2048":false,"trp-custom-language-flag":false,"woocommerce_thumbnail":false,"woocommerce_single":false,"woocommerce_gallery_thumbnail":false},"uagb_author_info":{"display_name":"admin","author_link":"https:\/\/telemarkmcutleie.no\/fr\/author\/admin\/"},"uagb_comment_info":0,"uagb_excerpt":"Hvem er Telemark MC Utleie? Telemark MC Utleie ble stiftet i 2025 av Frank og Hege &#8211; to lidenskapelige motorsyklister med mange timer og mil p\u00e5 to hjul. V\u00e5r visjon er \u00e5 gj\u00f8re det enklere for folk \u00e5 oppleve friheten og gleden ved motorsykkelkj\u00f8ring i vakre Telemark. Vi er dedikerte til \u00e5 tilby sikre og\u2026","jetpack_sharing_enabled":true,"_links":{"self":[{"href":"https:\/\/telemarkmcutleie.no\/fr\/wp-json\/wp\/v2\/pages\/22","targetHints":{"allow":["GET"]}}],"collection":[{"href":"https:\/\/telemarkmcutleie.no\/fr\/wp-json\/wp\/v2\/pages"}],"about":[{"href":"https:\/\/telemarkmcutleie.no\/fr\/wp-json\/wp\/v2\/types\/page"}],"author":[{"embeddable":true,"href":"https:\/\/telemarkmcutleie.no\/fr\/wp-json\/wp\/v2\/users\/1"}],"replies":[{"embeddable":true,"href":"https:\/\/telemarkmcutleie.no\/fr\/wp-json\/wp\/v2\/comments?post=22"}],"version-history":[{"count":51,"href":"https:\/\/telemarkmcutleie.no\/fr\/wp-json\/wp\/v2\/pages\/22\/revisions"}],"predecessor-version":[{"id":2448,"href":"https:\/\/telemarkmcutleie.no\/fr\/wp-json\/wp\/v2\/pages\/22\/revisions\/2448"}],"wp:attachment":[{"href":"https:\/\/telemarkmcutleie.no\/fr\/wp-json\/wp\/v2\/media?parent=22"}],"curies":[{"name":"wp","href":"https:\/\/api.w.org\/{rel}","templated":true}]}}