{"id":1674,"date":"2025-11-11T19:18:24","date_gmt":"2025-11-11T18:18:24","guid":{"rendered":"https:\/\/telemarkmcutleie.no\/?page_id=1674"},"modified":"2026-03-20T23:26:51","modified_gmt":"2026-03-20T22:26:51","slug":"telemark-ride-stay-booking","status":"publish","type":"page","link":"https:\/\/telemarkmcutleie.no\/fr\/telemark-ride-stay-booking\/","title":{"rendered":"Telemark Ride &amp; Stay &#8211; booking"},"content":{"rendered":"<div class=\"wp-block-group alignfull is-style-default has-background-background-color has-background has-global-padding is-layout-constrained wp-container-core-group-is-layout-fb85e995 wp-block-group-is-layout-constrained\" style=\"margin-top:0;margin-bottom:0;padding-top:var(--wp--preset--spacing--60);padding-right:var(--wp--preset--spacing--30);padding-bottom:var(--wp--preset--spacing--60);padding-left:var(--wp--preset--spacing--30)\">\n<h2 class=\"wp-block-heading has-text-align-center has-large-font-size\">Dites-nous ce que vous recherchez<\/h2>\n<\/div>\n\n\n\n<p class=\"has-text-align-center\">Remplissez le formulaire ci-dessous avec la p\u00e9riode de location souhait\u00e9e et vos pr\u00e9f\u00e9rences, et nous vous proposerons une offre en fonction des disponibilit\u00e9s et de vos besoins.<\/p>\n\n\n\n<p class=\"has-text-align-center\">Nous vous contacterons dans les plus brefs d\u00e9lais \u2013 g\u00e9n\u00e9ralement sous 24 heures.<\/p>\n\n\n\n<p class=\"has-text-align-center\">La demande est enti\u00e8rement sans engagement et aucune r\u00e9servation n\u2019est confirm\u00e9e tant que tout n\u2019a pas \u00e9t\u00e9 clarifi\u00e9 et valid\u00e9.<\/p>\n\n\n<div class=\"wpforms-container wpforms-block wpforms-block-fd888be2-8915-4ae8-992f-aa30cfcb1b62 wpforms-render-modern\" id=\"wpforms-2853\"><form id=\"wpforms-form-2853\" class=\"wpforms-validate wpforms-form wpforms-ajax-form\" data-formid=\"2853\" method=\"post\" enctype=\"multipart\/form-data\" action=\"\/fr\/wp-json\/wp\/v2\/pages\/1674\" data-token=\"fc24e1f9c0b3e17a0a5430c21e76628a\" data-token-time=\"1776577263\" data-trp-original-action=\"\/fr\/wp-json\/wp\/v2\/pages\/1674\"><noscript class=\"wpforms-error-noscript\">Veuillez activer JavaScript dans votre navigateur pour remplir ce formulaire.<\/noscript><div class=\"wpforms-hidden\" id=\"wpforms-error-noscript\">Veuillez activer JavaScript dans votre navigateur pour remplir ce formulaire.<\/div><div class=\"wpforms-field-container\"><div id=\"wpforms-2853-field_2-container\" class=\"wpforms-field wpforms-field-name\" data-field-id=\"2\"><fieldset><legend class=\"wpforms-field-label\">Nom complet <span class=\"wpforms-required-label\" aria-hidden=\"true\">*<\/span><\/legend><div class=\"wpforms-field-row wpforms-field-medium\"><div class=\"wpforms-field-row-block wpforms-first wpforms-one-half\"><input type=\"text\" id=\"wpforms-2853-field_2\" class=\"wpforms-field-name-first wpforms-field-required\" name=\"wpforms[fields][2][first]\" aria-errormessage=\"wpforms-2853-field_2-error\" required><label for=\"wpforms-2853-field_2\" class=\"wpforms-field-sublabel after\">Pr\u00e9nom<\/label><\/div><div class=\"wpforms-field-row-block wpforms-one-half\"><input type=\"text\" id=\"wpforms-2853-field_2-last\" class=\"wpforms-field-name-last wpforms-field-required\" name=\"wpforms[fields][2][last]\" aria-errormessage=\"wpforms-2853-field_2-last-error\" required><label for=\"wpforms-2853-field_2-last\" class=\"wpforms-field-sublabel after\">Nom<\/label><\/div><\/div><\/fieldset><\/div><div id=\"wpforms-2853-field_3-container\" class=\"wpforms-field wpforms-field-email\" data-field-id=\"3\"><label class=\"wpforms-field-label\" for=\"wpforms-2853-field_3\">E-mail <span class=\"wpforms-required-label\" aria-hidden=\"true\">*<\/span><\/label><input type=\"email\" id=\"wpforms-2853-field_3\" class=\"wpforms-field-medium wpforms-field-required\" name=\"wpforms[fields][3]\" spellcheck=\"false\" aria-errormessage=\"wpforms-2853-field_3-error\" required><\/div><div id=\"wpforms-2853-field_23-container\" class=\"wpforms-field wpforms-field-text\" data-field-id=\"23\"><label class=\"wpforms-field-label\" for=\"wpforms-2853-field_23\">Num\u00e9ro de t\u00e9l\u00e9phone <span class=\"wpforms-required-label\" aria-hidden=\"true\">*<\/span><\/label><input type=\"text\" id=\"wpforms-2853-field_23\" class=\"wpforms-field-medium wpforms-field-required\" name=\"wpforms[fields][23]\" aria-errormessage=\"wpforms-2853-field_23-error\" required><\/div><div id=\"wpforms-2853-field_11-container\" class=\"wpforms-field wpforms-field-text\" data-field-id=\"11\"><label class=\"wpforms-field-label\" for=\"wpforms-2853-field_11\">P\u00e9riode de location souhait\u00e9e <span class=\"wpforms-required-label\" aria-hidden=\"true\">*<\/span><\/label><input type=\"text\" id=\"wpforms-2853-field_11\" class=\"wpforms-field-medium wpforms-field-required\" name=\"wpforms[fields][11]\" aria-errormessage=\"wpforms-2853-field_11-error\" aria-describedby=\"wpforms-2853-field_11-description\" required><div id=\"wpforms-2853-field_11-description\" class=\"wpforms-field-description\">Veuillez indiquer la p\u00e9riode de location souhait\u00e9e<\/div><\/div><div id=\"wpforms-2853-field_16-container\" class=\"wpforms-field wpforms-field-radio\" data-field-id=\"16\"><fieldset><legend class=\"wpforms-field-label\">Livraison des motos <span class=\"wpforms-required-label\" aria-hidden=\"true\">*<\/span><\/legend><ul id=\"wpforms-2853-field_16\" class=\"wpforms-field-required\"><li class=\"choice-1 depth-1\"><input type=\"radio\" id=\"wpforms-2853-field_16_1\" name=\"wpforms[fields][16]\" value=\"Oslo Lufthavn (Gardermoen)\" aria-errormessage=\"wpforms-2853-field_16_1-error\" aria-describedby=\"wpforms-2853-field_16-description\" required><label class=\"wpforms-field-label-inline\" for=\"wpforms-2853-field_16_1\">A\u00e9roport d\u2019Oslo (Gardermoen)<\/label><\/li><li class=\"choice-2 depth-1\"><input type=\"radio\" id=\"wpforms-2853-field_16_2\" name=\"wpforms[fields][16]\" value=\"Nordagutu togstasjon (gratis)\" aria-errormessage=\"wpforms-2853-field_16_2-error\" aria-describedby=\"wpforms-2853-field_16-description\" required><label class=\"wpforms-field-label-inline\" for=\"wpforms-2853-field_16_2\">Gare de Nordagutu (gratuit)<\/label><\/li><li class=\"choice-3 depth-1\"><input type=\"radio\" id=\"wpforms-2853-field_16_3\" name=\"wpforms[fields][16]\" value=\"Annet (skriv \u00f8nsket leveringssted i feltet nedenfor)\" aria-errormessage=\"wpforms-2853-field_16_3-error\" aria-describedby=\"wpforms-2853-field_16-description\" required><label class=\"wpforms-field-label-inline\" for=\"wpforms-2853-field_16_3\">Autre (veuillez indiquer le lieu de livraison souhait\u00e9 dans le champ ci-dessous)<\/label><\/li><\/ul><div id=\"wpforms-2853-field_16-description\" class=\"wpforms-field-description\">Livraison gratuite \u00e0 Gardermoen pour les locations de 14 jours ou plus (par exemple une moto pendant 14 jours, ou plusieurs motos sur des p\u00e9riodes plus courtes)<\/div><\/fieldset><\/div><div id=\"wpforms-2853-field_21-container\" class=\"wpforms-field wpforms-field-textarea\" data-field-id=\"21\"><label class=\"wpforms-field-label\" for=\"wpforms-2853-field_21\"> <\/label><textarea id=\"wpforms-2853-field_21\" class=\"wpforms-field-medium\" name=\"wpforms[fields][21]\" aria-errormessage=\"wpforms-2853-field_21-error\" aria-describedby=\"wpforms-2853-field_21-description\" ><\/textarea><div id=\"wpforms-2853-field_21-description\" class=\"wpforms-field-description\">Donnez-nous une br\u00e8ve description de l\u2019endroit o\u00f9 vous souhaitez que la moto soit livr\u00e9e<\/div><\/div><div id=\"wpforms-2853-field_19-container\" class=\"wpforms-field wpforms-field-checkbox\" data-field-id=\"19\"><fieldset><legend class=\"wpforms-field-label\">Motos souhait\u00e9es <span class=\"wpforms-required-label\" aria-hidden=\"true\">*<\/span><\/legend><ul id=\"wpforms-2853-field_19\" class=\"wpforms-field-required\"><li class=\"choice-1 depth-1\"><input type=\"checkbox\" id=\"wpforms-2853-field_19_1\" name=\"wpforms[fields][19][]\" value=\"2026 KTM 390 Adventure R (A2)\" aria-errormessage=\"wpforms-2853-field_19_1-error\" aria-describedby=\"wpforms-2853-field_19-description\" required><label class=\"wpforms-field-label-inline\" for=\"wpforms-2853-field_19_1\">2026 KTM 390 Adventure R (A2)<\/label><\/li><li class=\"choice-2 depth-1\"><input type=\"checkbox\" id=\"wpforms-2853-field_19_2\" name=\"wpforms[fields][19][]\" value=\"2026 Honda NX500 (A2)\" aria-errormessage=\"wpforms-2853-field_19_2-error\" aria-describedby=\"wpforms-2853-field_19-description\" required><label class=\"wpforms-field-label-inline\" for=\"wpforms-2853-field_19_2\">2026 Honda NX500 (A2)<\/label><\/li><li class=\"choice-3 depth-1\"><input type=\"checkbox\" id=\"wpforms-2853-field_19_3\" name=\"wpforms[fields][19][]\" value=\"2023 Honda CB650 R\" aria-errormessage=\"wpforms-2853-field_19_3-error\" aria-describedby=\"wpforms-2853-field_19-description\" required><label class=\"wpforms-field-label-inline\" for=\"wpforms-2853-field_19_3\">2023 Honda CB650 R<\/label><\/li><li class=\"choice-4 depth-1\"><input type=\"checkbox\" id=\"wpforms-2853-field_19_4\" name=\"wpforms[fields][19][]\" value=\"2025 Honda CB750 Hornet\" aria-errormessage=\"wpforms-2853-field_19_4-error\" aria-describedby=\"wpforms-2853-field_19-description\" required><label class=\"wpforms-field-label-inline\" for=\"wpforms-2853-field_19_4\">2025 Honda CB750 Hornet<\/label><\/li><li class=\"choice-5 depth-1\"><input type=\"checkbox\" id=\"wpforms-2853-field_19_5\" name=\"wpforms[fields][19][]\" value=\"2026 Triumph Tiger Sport 800\" aria-errormessage=\"wpforms-2853-field_19_5-error\" aria-describedby=\"wpforms-2853-field_19-description\" required><label class=\"wpforms-field-label-inline\" for=\"wpforms-2853-field_19_5\">2026 Triumph Tiger Sport 800<\/label><\/li><li class=\"choice-6 depth-1\"><input type=\"checkbox\" id=\"wpforms-2853-field_19_6\" name=\"wpforms[fields][19][]\" value=\"Usikker\" aria-errormessage=\"wpforms-2853-field_19_6-error\" aria-describedby=\"wpforms-2853-field_19-description\" required><label class=\"wpforms-field-label-inline\" for=\"wpforms-2853-field_19_6\">Ind\u00e9cis<\/label><\/li><\/ul><div id=\"wpforms-2853-field_19-description\" class=\"wpforms-field-description\">Toutes les motos sont livr\u00e9es avec des solutions de bagages<\/div><\/fieldset><\/div><div id=\"wpforms-2853-field_14-container\" class=\"wpforms-field wpforms-field-radio\" data-field-id=\"14\"><fieldset><legend class=\"wpforms-field-label\">\u00c9quipement de conduite souhait\u00e9 <span class=\"wpforms-required-label\" aria-hidden=\"true\">*<\/span><\/legend><ul id=\"wpforms-2853-field_14\" class=\"wpforms-field-required\"><li class=\"choice-1 depth-1\"><input type=\"radio\" id=\"wpforms-2853-field_14_1\" name=\"wpforms[fields][14]\" value=\"Fult kj\u00f8reutstyr\" aria-errormessage=\"wpforms-2853-field_14_1-error\" required><label class=\"wpforms-field-label-inline\" for=\"wpforms-2853-field_14_1\">\u00c9quipement de conduite complet<\/label><\/li><li class=\"choice-2 depth-1\"><input type=\"radio\" id=\"wpforms-2853-field_14_2\" name=\"wpforms[fields][14]\" value=\"Kun hjem\" aria-errormessage=\"wpforms-2853-field_14_2-error\" required><label class=\"wpforms-field-label-inline\" for=\"wpforms-2853-field_14_2\">Casque uniquement<\/label><\/li><li class=\"choice-3 depth-1\"><input type=\"radio\" id=\"wpforms-2853-field_14_3\" name=\"wpforms[fields][14]\" value=\"Usikker\" aria-errormessage=\"wpforms-2853-field_14_3-error\" required><label class=\"wpforms-field-label-inline\" for=\"wpforms-2853-field_14_3\">Ind\u00e9cis<\/label><\/li><\/ul><\/fieldset><\/div><div id=\"wpforms-2853-field_20-container\" class=\"wpforms-field wpforms-field-textarea\" data-field-id=\"20\"><label class=\"wpforms-field-label\" for=\"wpforms-2853-field_20\"> <\/label><textarea id=\"wpforms-2853-field_20\" class=\"wpforms-field-medium\" name=\"wpforms[fields][20]\" aria-errormessage=\"wpforms-2853-field_20-error\" aria-describedby=\"wpforms-2853-field_20-description\" ><\/textarea><div id=\"wpforms-2853-field_20-description\" class=\"wpforms-field-description\">L\u2019\u00e9quipement de conduite complet est inclus dans le prix. Veuillez indiquer vos tailles souhait\u00e9es en tailles EU.<\/div><\/div><div id=\"wpforms-2853-field_15-container\" class=\"wpforms-field wpforms-field-radio\" data-field-id=\"15\"><fieldset><legend class=\"wpforms-field-label\">H\u00e9bergement souhait\u00e9 <span class=\"wpforms-required-label\" aria-hidden=\"true\">*<\/span><\/legend><ul id=\"wpforms-2853-field_15\" class=\"wpforms-field-required\"><li class=\"choice-1 depth-1\"><input type=\"radio\" id=\"wpforms-2853-field_15_1\" name=\"wpforms[fields][15]\" value=\"Premium hytte ved vannkanten, 3 rom, 4-6 pers\" aria-errormessage=\"wpforms-2853-field_15_1-error\" aria-describedby=\"wpforms-2853-field_15-description\" required><label class=\"wpforms-field-label-inline\" for=\"wpforms-2853-field_15_1\">Chalet premium en bord de l\u2019eau, 3 pi\u00e8ces, 4 \u00e0 6 personnes<\/label><\/li><li class=\"choice-2 depth-1\"><input type=\"radio\" id=\"wpforms-2853-field_15_2\" name=\"wpforms[fields][15]\" value=\"Enkel hytte, 2 rom, 2-4 pers\" aria-errormessage=\"wpforms-2853-field_15_2-error\" aria-describedby=\"wpforms-2853-field_15-description\" required><label class=\"wpforms-field-label-inline\" for=\"wpforms-2853-field_15_2\">Chalet simple, 2 pi\u00e8ces, 2 \u00e0 4 personnes<\/label><\/li><li class=\"choice-3 depth-1\"><input type=\"radio\" id=\"wpforms-2853-field_15_3\" name=\"wpforms[fields][15]\" value=\"Teltplass\" aria-errormessage=\"wpforms-2853-field_15_3-error\" aria-describedby=\"wpforms-2853-field_15-description\" required><label class=\"wpforms-field-label-inline\" for=\"wpforms-2853-field_15_3\">Emplacement pour tente<\/label><\/li><li class=\"choice-4 depth-1\"><input type=\"radio\" id=\"wpforms-2853-field_15_4\" name=\"wpforms[fields][15]\" value=\"Usikker\" aria-errormessage=\"wpforms-2853-field_15_4-error\" aria-describedby=\"wpforms-2853-field_15-description\" required><label class=\"wpforms-field-label-inline\" for=\"wpforms-2853-field_15_4\">Ind\u00e9cis<\/label><\/li><\/ul><div id=\"wpforms-2853-field_15-description\" class=\"wpforms-field-description\">Tous les chalets disposent de leur propre salle de bain et cuisine. Des installations sanitaires gratuites sont \u00e9galement disponibles sur place.<\/div><\/fieldset><\/div><div id=\"wpforms-2853-field_17-container\" class=\"wpforms-field wpforms-field-textarea\" data-field-id=\"17\"><label class=\"wpforms-field-label\" for=\"wpforms-2853-field_17\">Message <\/label><textarea id=\"wpforms-2853-field_17\" class=\"wpforms-field-medium\" name=\"wpforms[fields][17]\" aria-errormessage=\"wpforms-2853-field_17-error\" aria-describedby=\"wpforms-2853-field_17-description\" ><\/textarea><div id=\"wpforms-2853-field_17-description\" class=\"wpforms-field-description\">Y a-t-il d\u2019autres informations que vous souhaitez nous communiquer, ou avez-vous des questions ?<\/div><\/div><\/div><!-- .wpforms-field-container --><div class=\"wpforms-submit-container\" ><input type=\"hidden\" name=\"wpforms[id]\" value=\"2853\"><input type=\"hidden\" name=\"page_title\" value=\"\"><input type=\"hidden\" name=\"page_url\" value=\"https:\/\/telemarkmcutleie.no\/fr\/wp-json\/wp\/v2\/pages\/1674\"><button type=\"submit\" name=\"wpforms[submit]\" id=\"wpforms-submit-2853\" class=\"wpforms-submit\" data-alt-text=\"Sending...\" data-submit-text=\"Send\" aria-live=\"assertive\" value=\"wpforms-submit\">Envoyer<\/button><img loading=\"lazy\" decoding=\"async\" src=\"https:\/\/telemarkmcutleie.no\/wp-content\/plugins\/wpforms-lite\/assets\/images\/submit-spin.svg\" class=\"wpforms-submit-spinner\" style=\"display: none;\" width=\"26\" height=\"26\" alt=\"Chargement en cours\"><\/div><input type=\"hidden\" name=\"trp-form-language\" value=\"fr\"\/><\/form><\/div>  <!-- .wpforms-container -->\n\n\n<p><\/p>\n\n\n\n<div class=\"wp-block-uagb-image uagb-block-c80f8e2b wp-block-uagb-image--layout-default wp-block-uagb-image--effect-static wp-block-uagb-image--align-none\"><figure class=\"wp-block-uagb-image__figure\"><img decoding=\"async\" srcset=\"https:\/\/telemarkmcutleie.no\/wp-content\/uploads\/2025\/03\/IMG_0312.jpg ,https:\/\/telemarkmcutleie.no\/wp-content\/uploads\/2025\/03\/IMG_0312.jpg 780w, https:\/\/telemarkmcutleie.no\/wp-content\/uploads\/2025\/03\/IMG_0312.jpg 360w\" sizes=\"auto, (max-width: 480px) 150px\" src=\"https:\/\/telemarkmcutleie.no\/wp-content\/uploads\/2025\/03\/IMG_0312.jpg\" alt=\"Logo de Telemark MC Rental\" class=\"uag-image-479\" width=\"1493\" height=\"1563\" title=\"Logo de Telemark MC Rental\" loading=\"lazy\" role=\"img\"\/><\/figure><\/div>","protected":false},"excerpt":{"rendered":"<p>Fortell oss hva du er ute etter Fyll ut skjemaet under med \u00f8nsket leieperiode og dine preferanser, s\u00e5 setter vi sammen et forslag basert p\u00e5 tilgjengelighet og dine \u00f8nsker. Vi tar kontakt med deg fortl\u00f8pende \u2013 som regel innen 24 timer. Foresp\u00f8rselen er helt uforpliktende, og ingen booking er bindende f\u00f8r alt er avklart og [&hellip;]<\/p>","protected":false},"author":1,"featured_media":0,"parent":0,"menu_order":0,"comment_status":"closed","ping_status":"closed","template":"page-with-title","meta":{"om_disable_all_campaigns":false,"_uag_custom_page_level_css":"","_monsterinsights_skip_tracking":false,"_monsterinsights_sitenote_active":false,"_monsterinsights_sitenote_note":"","_monsterinsights_sitenote_category":0,"_uf_show_specific_survey":0,"_uf_disable_surveys":false,"footnotes":""},"class_list":["post-1674","page","type-page","status-publish","hentry"],"aioseo_notices":[],"uagb_featured_image_src":{"full":false,"thumbnail":false,"medium":false,"medium_large":false,"large":false,"1536x1536":false,"2048x2048":false,"trp-custom-language-flag":false,"woocommerce_thumbnail":false,"woocommerce_single":false,"woocommerce_gallery_thumbnail":false},"uagb_author_info":{"display_name":"admin","author_link":"https:\/\/telemarkmcutleie.no\/fr\/author\/admin\/"},"uagb_comment_info":0,"uagb_excerpt":"Fortell oss hva du er ute etter Fyll ut skjemaet under med \u00f8nsket leieperiode og dine preferanser, s\u00e5 setter vi sammen et forslag basert p\u00e5 tilgjengelighet og dine \u00f8nsker. Vi tar kontakt med deg fortl\u00f8pende \u2013 som regel innen 24 timer. Foresp\u00f8rselen er helt uforpliktende, og ingen booking er bindende f\u00f8r alt er avklart og\u2026","jetpack_sharing_enabled":true,"_links":{"self":[{"href":"https:\/\/telemarkmcutleie.no\/fr\/wp-json\/wp\/v2\/pages\/1674","targetHints":{"allow":["GET"]}}],"collection":[{"href":"https:\/\/telemarkmcutleie.no\/fr\/wp-json\/wp\/v2\/pages"}],"about":[{"href":"https:\/\/telemarkmcutleie.no\/fr\/wp-json\/wp\/v2\/types\/page"}],"author":[{"embeddable":true,"href":"https:\/\/telemarkmcutleie.no\/fr\/wp-json\/wp\/v2\/users\/1"}],"replies":[{"embeddable":true,"href":"https:\/\/telemarkmcutleie.no\/fr\/wp-json\/wp\/v2\/comments?post=1674"}],"version-history":[{"count":23,"href":"https:\/\/telemarkmcutleie.no\/fr\/wp-json\/wp\/v2\/pages\/1674\/revisions"}],"predecessor-version":[{"id":2874,"href":"https:\/\/telemarkmcutleie.no\/fr\/wp-json\/wp\/v2\/pages\/1674\/revisions\/2874"}],"wp:attachment":[{"href":"https:\/\/telemarkmcutleie.no\/fr\/wp-json\/wp\/v2\/media?parent=1674"}],"curies":[{"name":"wp","href":"https:\/\/api.w.org\/{rel}","templated":true}]}}