{"id":1653,"date":"2025-11-09T22:43:09","date_gmt":"2025-11-09T21:43:09","guid":{"rendered":"https:\/\/telemarkmcutleie.no\/?page_id=1653"},"modified":"2025-12-25T23:18:03","modified_gmt":"2025-12-25T22:18:03","slug":"telemark-ride-stay-info","status":"publish","type":"page","link":"https:\/\/telemarkmcutleie.no\/fr\/telemark-ride-stay-info\/","title":{"rendered":"Telemark Ride &#038; Stay- Info"},"content":{"rendered":"<h2 class=\"wp-block-heading\"><strong>Comment fonctionne Telemark Ride &amp; Stay<\/strong><\/h2>\n\n\n\n<p>Telemark Ride &amp; Stay a \u00e9t\u00e9 con\u00e7u pour les motards qui souhaitent d\u00e9couvrir la Norv\u00e8ge sans avoir \u00e0 organiser eux-m\u00eames le transport, l\u2019h\u00e9bergement et la logistique. Voici comment l\u2019exp\u00e9rience se d\u00e9roule du d\u00e9but \u00e0 la fin :<\/p>\n\n\n\n<h3 class=\"wp-block-heading\"><strong>1. Choisissez une date et r\u00e9servez votre place<\/strong><\/h3>\n\n\n\n<p>Nous proposons un nombre limit\u00e9 de semaines au cours de la saison. Choisissez la semaine qui vous convient le mieux et r\u00e9servez pour vous (et \u00e9ventuellement pour vos compagnons de voyage).<\/p>\n\n\n\n<h3 class=\"wp-block-heading\"><strong>2. R\u00e9servez votre vol vers l\u2019a\u00e9roport d\u2019Oslo (OSL)<\/strong><\/h3>\n\n\n\n<p>Vous vous occupez uniquement du vol. Nous nous chargeons du reste.<\/p>\n\n\n\n<h3 class=\"wp-block-heading\"><strong>3. Nous vous rencontrons \u00e0 l\u2019a\u00e9roport<\/strong><\/h3>\n\n\n\n<p>\u00c0 votre arriv\u00e9e, les motos sont pr\u00eates \u00e0 l\u2019a\u00e9roport d\u2019Oslo. Vous n\u2019avez pas besoin de r\u00e9cup\u00e9rer l\u2019\u00e9quipement ailleurs \u2013 tout est pr\u00eat d\u00e8s votre atterrissage.<\/p>\n\n\n\n<h3 class=\"wp-block-heading\"><strong>4. Nous transportons vos bagages pour vous<\/strong><\/h3>\n\n\n\n<p>Les bagages volumineux \u00e9ventuels sont transport\u00e9s par nos soins jusqu\u2019au camping de First Camp Norsj\u00f8.<br>Vous roulez uniquement avec ce que vous souhaitez emporter sur la moto.<\/p>\n\n\n\n<h3 class=\"wp-block-heading\"><strong>5. Parcourez les routes de Telemark \u00e0 un rythme d\u00e9tendu en direction du camping<\/strong><\/h3>\n\n\n\n<p>L\u2019itin\u00e9raire entre Gardermoen et Norsj\u00f8 est simple et agr\u00e9able. Vous recevrez une carte et une suggestion de parcours, avec la possibilit\u00e9 de plusieurs arr\u00eats en cours de route.<\/p>\n\n\n\n<h3 class=\"wp-block-heading\"><strong>6. S\u00e9journez dans un chalet au bord de l\u2019eau<\/strong><\/h3>\n\n\n\n<p>Vous s\u00e9journez au First Camp Norsj\u00f8, qui sert de base pour toute la semaine.<br>Ici, vous trouverez :<\/p>\n\n\n\n<ul class=\"wp-block-list\">\n<li>Cuisine priv\u00e9e<\/li>\n\n\n\n<li>Salle de bain<\/li>\n\n\n\n<li>Terrasse<\/li>\n\n\n\n<li>Zone de baignade et nature juste devant la porte<\/li>\n<\/ul>\n\n\n\n<p>Le chalet sert de \u00ab base camp \u00bb, ce qui vous \u00e9vite de faire et d\u00e9faire vos bagages chaque jour.<\/p>\n\n\n\n<h3 class=\"wp-block-heading\"><strong>7. Excursions d\u2019une journ\u00e9e \u00e0 travers le Telemark<\/strong><\/h3>\n\n\n\n<p>Chaque jour, vous pouvez choisir parmi des suggestions d\u2019itin\u00e9raires recommand\u00e9s :<\/p>\n\n\n\n<ul class=\"wp-block-list\">\n<li>Cols de montagne<\/li>\n\n\n\n<li>Routes foresti\u00e8res sinueuses<\/li>\n\n\n\n<li>Points de vue<\/li>\n\n\n\n<li>Pauses caf\u00e9 et exp\u00e9riences locales<\/li>\n<\/ul>\n\n\n\n<p>Vous d\u00e9cidez vous-m\u00eame du d\u00e9roulement de vos journ\u00e9es \u2013 aucun itin\u00e9raire fixe.<\/p>\n\n\n\n<h3 class=\"wp-block-heading\"><strong>8. Retour<\/strong><\/h3>\n\n\n\n<p>Lorsque la semaine est termin\u00e9e, vous retournez \u00e0 l\u2019a\u00e9roport d\u2019Oslo, rendez la moto et r\u00e9cup\u00e9rez vos bagages. De l\u00e0, vous rejoignez directement votre vol de retour \u2013 sans stress.<\/p>\n\n\n\n<div class=\"wp-block-buttons is-layout-flex wp-block-buttons-is-layout-flex\">\n<div class=\"wp-block-button\"><a class=\"wp-block-button__link wp-element-button\" href=\"https:\/\/telemarkmcutleie.no\/fr\/ride-and-stay\/\">Retour \u00e0 Ride &amp; Stay<\/a><\/div>\n<\/div>","protected":false},"excerpt":{"rendered":"<p>Hvordan Telemark Ride &amp; Stay fungerer Telemark Ride &amp; Stay er utviklet for motorsyklister som \u00f8nsker \u00e5 oppleve Norge uten \u00e5 m\u00e5tte organisere transport, overnatting og logistikk selv. Her er hvordan tilbudet gjennomf\u00f8res fra start til slutt: 1. Velg dato og reserver plass Vi tilbyr et begrenset antall uker i l\u00f8pet av sesongen. Velg den [&hellip;]<\/p>","protected":false},"author":1,"featured_media":0,"parent":0,"menu_order":0,"comment_status":"closed","ping_status":"closed","template":"page-with-title","meta":{"om_disable_all_campaigns":false,"_uag_custom_page_level_css":"","_monsterinsights_skip_tracking":false,"_monsterinsights_sitenote_active":false,"_monsterinsights_sitenote_note":"","_monsterinsights_sitenote_category":0,"_uf_show_specific_survey":0,"_uf_disable_surveys":false,"footnotes":""},"class_list":["post-1653","page","type-page","status-publish","hentry"],"aioseo_notices":[],"uagb_featured_image_src":{"full":false,"thumbnail":false,"medium":false,"medium_large":false,"large":false,"1536x1536":false,"2048x2048":false,"trp-custom-language-flag":false,"woocommerce_thumbnail":false,"woocommerce_single":false,"woocommerce_gallery_thumbnail":false},"uagb_author_info":{"display_name":"admin","author_link":"https:\/\/telemarkmcutleie.no\/fr\/author\/admin\/"},"uagb_comment_info":0,"uagb_excerpt":"Hvordan Telemark Ride &amp; Stay fungerer Telemark Ride &amp; Stay er utviklet for motorsyklister som \u00f8nsker \u00e5 oppleve Norge uten \u00e5 m\u00e5tte organisere transport, overnatting og logistikk selv. Her er hvordan tilbudet gjennomf\u00f8res fra start til slutt: 1. Velg dato og reserver plass Vi tilbyr et begrenset antall uker i l\u00f8pet av sesongen. Velg den\u2026","jetpack_sharing_enabled":true,"_links":{"self":[{"href":"https:\/\/telemarkmcutleie.no\/fr\/wp-json\/wp\/v2\/pages\/1653","targetHints":{"allow":["GET"]}}],"collection":[{"href":"https:\/\/telemarkmcutleie.no\/fr\/wp-json\/wp\/v2\/pages"}],"about":[{"href":"https:\/\/telemarkmcutleie.no\/fr\/wp-json\/wp\/v2\/types\/page"}],"author":[{"embeddable":true,"href":"https:\/\/telemarkmcutleie.no\/fr\/wp-json\/wp\/v2\/users\/1"}],"replies":[{"embeddable":true,"href":"https:\/\/telemarkmcutleie.no\/fr\/wp-json\/wp\/v2\/comments?post=1653"}],"version-history":[{"count":5,"href":"https:\/\/telemarkmcutleie.no\/fr\/wp-json\/wp\/v2\/pages\/1653\/revisions"}],"predecessor-version":[{"id":2315,"href":"https:\/\/telemarkmcutleie.no\/fr\/wp-json\/wp\/v2\/pages\/1653\/revisions\/2315"}],"wp:attachment":[{"href":"https:\/\/telemarkmcutleie.no\/fr\/wp-json\/wp\/v2\/media?parent=1653"}],"curies":[{"name":"wp","href":"https:\/\/api.w.org\/{rel}","templated":true}]}}