{"id":421,"date":"2025-03-27T21:45:54","date_gmt":"2025-03-27T20:45:54","guid":{"rendered":"https:\/\/telemarkmcutleie.no\/?page_id=421"},"modified":"2025-10-07T20:39:34","modified_gmt":"2025-10-07T18:39:34","slug":"rutas-recomendadas","status":"publish","type":"page","link":"https:\/\/telemarkmcutleie.no\/es\/rutas-recomendadas\/","title":{"rendered":"Rutas recomendadas"},"content":{"rendered":"<div class=\"wp-block-group alignfull has-background-background-color has-background has-global-padding is-layout-constrained wp-container-core-group-is-layout-7276a2bb wp-block-group-is-layout-constrained\" style=\"border-top-width:1px;margin-top:0;margin-bottom:0;padding-top:var(--wp--preset--spacing--60);padding-right:var(--wp--preset--spacing--30);padding-bottom:var(--wp--preset--spacing--60);padding-left:var(--wp--preset--spacing--30)\">\n<div class=\"wp-block-group alignwide is-content-justification-left is-nowrap is-layout-flex wp-container-core-group-is-layout-fc9f69e7 wp-block-group-is-layout-flex\">\n<div class=\"wp-block-group alignwide has-global-padding is-content-justification-left is-layout-constrained wp-container-core-group-is-layout-12dd3699 wp-block-group-is-layout-constrained\">\n<h3 class=\"wp-block-heading\">Nuestras recomendaciones<\/h3>\n\n\n\n<p style=\"margin-top:16px\">Telemark ofrece algunas de las carreteras para motocicletas m\u00e1s variadas y hermosas de Noruega, desde bosques profundos hasta espectaculares pasos de monta\u00f1a y brazos de fiordos id\u00edlicos. Aqu\u00ed encontrar\u00e1s algunas de nuestras favoritas.<\/p>\n<\/div>\n<\/div>\n\n\n\n<div class=\"wp-block-columns alignwide is-layout-flex wp-container-core-columns-is-layout-28f84493 wp-block-columns-is-layout-flex\">\n<div class=\"wp-block-column is-layout-flow wp-block-column-is-layout-flow\">\n<div class=\"wp-block-group has-global-padding is-layout-constrained wp-container-core-group-is-layout-47f75be7 wp-block-group-is-layout-constrained\" style=\"border-width:1px;margin-top:0;margin-bottom:0;padding-top:var(--wp--preset--spacing--30);padding-right:var(--wp--preset--spacing--30);padding-bottom:var(--wp--preset--spacing--30);padding-left:var(--wp--preset--spacing--30)\">\n<div class=\"wp-block-group is-content-justification-space-between is-nowrap is-layout-flex wp-container-core-group-is-layout-cb46ffcb wp-block-group-is-layout-flex\">\n<h3 class=\"wp-block-heading\" style=\"font-size:clamp(14px, 0.875rem + ((1vw - 3.2px) * 0.625), 20px);line-height:1.5\">Alrededor del Gaustatoppen<\/h3>\n\n\n\n<p class=\"has-small-font-size\" style=\"margin-top:8px;text-transform:uppercase\">Longitud aprox. 170 km<\/p>\n<\/div>\n\n\n\n<p class=\"has-small-font-size\" style=\"margin-top:16px\">Notodden-Tuddal-Rjukan-Gransherad-Notodden.<\/p>\n\n\n\n<p>Una ruta cl\u00e1sica en moto por Telemark. Comienza en Notodden y conduce v\u00eda Tuddal cruzando la monta\u00f1a hasta Rjukan. Disfruta de las vistas del Gaustatoppen, haz una parada en Rjukan y regresa por Gransherad. Una excursi\u00f3n de un d\u00eda con curvas, monta\u00f1as y una naturaleza espectacular. <\/p>\n\n\n\n<div class=\"wp-block-buttons is-content-justification-right is-layout-flex wp-container-core-buttons-is-layout-d445cf74 wp-block-buttons-is-layout-flex\">\n<div class=\"wp-block-button is-style-outline is-style-outline--1\"><a class=\"wp-block-button__link wp-element-button\" href=\"https:\/\/maps.app.goo.gl\/BRvffLRpAQECyxdh8\" target=\"_blank\" rel=\"noreferrer noopener\">Descargar en Google Maps<\/a><\/div>\n<\/div>\n\n\n\n<span><a onclick=\"read_toggle(303961033, 'Les mer', 'Les mindre'); return false;\" class=\"read-link\" id=\"readlink303961033\" style=\"readlink\" href=\"#\">Seguir leyendo<\/a><\/span>\n<div class=\"read_div\" id=\"read303961033\" style=\"display: none;\"> Aunque esta ruta puede completarse en unas 3,5 horas, recomendamos reservar al menos 5\u20136 horas. Hay mucho que ver a lo largo del recorrido y, por lo general, se necesita una pausa para comer. <\/p>\n\n\n\n<p>Comienza el recorrido con el dep\u00f3sito lleno en Notodden. De camino a Tuddal, se pasa junto a la iglesia de madera de Heddal, que puede merecer una parada. Antes de llegar a Rjukan, se pasa junto al Gaustatoppen por el lado izquierdo. La caminata hasta la cima dura aproximadamente una hora para quienes lo deseen.<\/p>\n\n\n\n<p> Al llegar a Rjukan, recomendamos hacer una pausa para comer. Aqu\u00ed tambi\u00e9n puedes considerar probar el puenting m\u00e1s alto de Noruega, pero si no te apetece, tambi\u00e9n se encuentra el Museo Industrial de Vemork. Vemork recibe m\u00e1s de 50.000 visitantes al a\u00f1o y ofrece mucha informaci\u00f3n sobre la historia industrial y la historia de la guerra.<\/p>\n\n\n\n<p>Al salir de Rjukan, se circula junto al lago Tinnsj\u00f8en, que ofrece unas vistas espectaculares. Al llegar a Gransherad, puedes elegir entre bajar directamente hacia la E134 o girar a la izquierda por la carretera Gransheradvegen para alargar un poco la ruta. Ambas opciones conducen de regreso a Notodden.<\/p>\n\n\n\n<figure class=\"wp-block-image size-full\"><img loading=\"lazy\" decoding=\"async\" width=\"4284\" height=\"4948\" src=\"https:\/\/telemarkmcutleie.no\/wp-content\/uploads\/2025\/03\/IMG_08081-4.jpg\" alt=\"\" class=\"wp-image-542\"\/><\/figure>\n\n\n\n<p> <\/div>\n<\/div>\n<\/div>\n\n\n\n<div class=\"wp-block-column is-layout-flow wp-block-column-is-layout-flow\">\n<div class=\"wp-block-group has-global-padding is-layout-constrained wp-container-core-group-is-layout-23b1a4dc wp-block-group-is-layout-constrained\" style=\"border-width:1px;padding-top:var(--wp--preset--spacing--30);padding-right:var(--wp--preset--spacing--30);padding-bottom:var(--wp--preset--spacing--30);padding-left:var(--wp--preset--spacing--30)\">\n<div class=\"wp-block-group is-content-justification-space-between is-nowrap is-layout-flex wp-container-core-group-is-layout-cb46ffcb wp-block-group-is-layout-flex\">\n<h3 class=\"wp-block-heading\" style=\"font-size:clamp(14px, 0.875rem + ((1vw - 3.2px) * 0.625), 20px);line-height:1.5\">Fl\u00e5vann &amp; Seljordsvannet<\/h3>\n\n\n\n<p class=\"has-small-font-size\" style=\"margin-top:8px;text-transform:uppercase\">Longitud aprox. 120 km<\/p>\n<\/div>\n\n\n\n<p class=\"has-small-font-size\" style=\"margin-top:16px\">B\u00f8-Lunde-Kilen-Kviteseid-Seljord-B\u00f8.<\/p>\n\n\n\n<p>La carretera a lo largo de Fl\u00e5vann es perfecta tanto si buscas una conducci\u00f3n activa y t\u00e9cnica como si solo deseas un tranquilo paseo de domingo. Es una carretera sinuosa que serpentea junto a Fl\u00e5vann con vistas fant\u00e1sticas. Haz una breve parada en Kviteseid y regresa por Seljord.<\/p>\n\n\n\n<div class=\"wp-block-buttons is-content-justification-right is-layout-flex wp-container-core-buttons-is-layout-d445cf74 wp-block-buttons-is-layout-flex\">\n<div class=\"wp-block-button is-style-outline is-style-outline--2\"><a class=\"wp-block-button__link wp-element-button\" href=\"https:\/\/maps.app.goo.gl\/B4ashKnMBrJ9Eji2A\" target=\"_blank\" rel=\"noreferrer noopener\">Descargar en Google Maps<\/a><\/div>\n<\/div>\n\n\n\n<span><a onclick=\"read_toggle(826511827, 'Les mer', 'Les mindre'); return false;\" class=\"read-link\" id=\"readlink826511827\" style=\"readlink\" href=\"#\">Seguir leyendo<\/a><\/span>\n<div class=\"read_div\" id=\"read826511827\" style=\"display: none;\"> Esta ruta suele tardar entre 3 y 5 horas en completarse. Recomendamos comenzar el recorrido con el dep\u00f3sito lleno en B\u00f8.<\/p>\n\n\n\n<p>Conduce desde B\u00f8 hasta Kilen v\u00eda Lunde y luego gira a la izquierda hacia la \u00d8sten\u00e5vegen. Ahora te encontrar\u00e1s en una de las mejores carreteras para motocicletas de Telemark. A partir de aqu\u00ed, solo queda disfrutar de las vistas sobre Fl\u00e5vann.<\/p>\n\n\n\n<p>Gira a la derecha despu\u00e9s del puente de Fj\u00e5gesund y contin\u00faa a lo largo del lago Kviteseid. Al llegar a la Kviteseidvegen, puedes considerar hacer un desv\u00edo hasta Vr\u00e5dal para visitar el Straand Hotel, un punto de encuentro popular para los motociclistas.<\/p>\n\n\n\n<p>Al llegar a Kviteseid, puede ser buena idea hacer una pausa para comer si no se cen\u00f3 en el Straand Hotel. Luego se contin\u00faa hacia Seljord. En Seljord, se puede regresar a B\u00f8 por la Rv36 o probar la carretera algo m\u00e1s exigente que discurre junto a Garvikstrondi.<\/p>\n\n\n\n<figure class=\"wp-block-image size-full is-resized\"><img loading=\"lazy\" decoding=\"async\" width=\"481\" height=\"555\" src=\"https:\/\/telemarkmcutleie.no\/wp-content\/uploads\/2025\/03\/8.jpg\" alt=\"\" class=\"wp-image-551\" style=\"width:558px;height:auto\"\/><\/figure>\n\n\n\n<p> <\/div>\n<\/div>\n<\/div>\n<\/div>\n\n\n\n<div class=\"wp-block-columns alignwide is-layout-flex wp-container-core-columns-is-layout-416bbe66 wp-block-columns-is-layout-flex\" style=\"margin-top:var(--wp--preset--spacing--30)\">\n<div class=\"wp-block-column is-layout-flow wp-block-column-is-layout-flow\">\n<div class=\"wp-block-group has-global-padding is-layout-constrained wp-container-core-group-is-layout-23b1a4dc wp-block-group-is-layout-constrained\" style=\"border-width:1px;padding-top:var(--wp--preset--spacing--30);padding-right:var(--wp--preset--spacing--30);padding-bottom:var(--wp--preset--spacing--30);padding-left:var(--wp--preset--spacing--30)\">\n<div class=\"wp-block-group is-content-justification-space-between is-nowrap is-layout-flex wp-container-core-group-is-layout-cb46ffcb wp-block-group-is-layout-flex\">\n<h3 class=\"wp-block-heading\" style=\"font-size:clamp(14px, 0.875rem + ((1vw - 3.2px) * 0.625), 20px);line-height:1.5\">Mirador de Flatdal<\/h3>\n\n\n\n<p class=\"has-small-font-size\" style=\"margin-top:8px;text-transform:uppercase\">Longitud aprox. 120 km<\/p>\n<\/div>\n\n\n\n<p class=\"has-small-font-size\" style=\"margin-top:16px\">B\u00f8-Seljord-Flatdal-Notodden-B\u00f8.<\/p>\n\n\n\n<p>En esta ruta, puede que tengas la suerte de ver al monstruo del lago de camino hacia Seljord. Tambi\u00e9n incluye un mirador espectacular en Flatdal que seguramente ya has visto en fotos si nos sigues en redes sociales desde hace tiempo. <\/p>\n\n\n\n<div class=\"wp-block-buttons is-content-justification-right is-layout-flex wp-container-core-buttons-is-layout-d445cf74 wp-block-buttons-is-layout-flex\">\n<div class=\"wp-block-button is-style-outline is-style-outline--3\"><a class=\"wp-block-button__link wp-element-button\" href=\"https:\/\/maps.app.goo.gl\/qnvqEjhzAXheF3Nz7\" target=\"_blank\" rel=\"noreferrer noopener\">Descargar en Google Maps<\/a><\/div>\n<\/div>\n\n\n\n<span><a onclick=\"read_toggle(707791320, 'Les mer', 'Les mindre'); return false;\" class=\"read-link\" id=\"readlink707791320\" style=\"readlink\" href=\"#\">Seguir leyendo<\/a><\/span>\n<div class=\"read_div\" id=\"read707791320\" style=\"display: none;\"> Comienza la ruta en B\u00f8 y conduce por la RV36 en direcci\u00f3n a Seljord. Al llegar a \u00d8vreb\u00f8, puedes considerar girar hacia la Garvikvegen, pero la mayor probabilidad de ver al monstruo del lago es si contin\u00faas recto.<\/p>\n\n\n\n<p>Gira a la derecha hacia la E134 y luego toma la Flatdalsvegen. En esta carretera pasar\u00e1s por un mirador espectacular en Flatdal, donde recomendamos hacer una breve parada\u2026 y quiz\u00e1 sacar algunas fotos.<\/p>\n\n\n\n<p>La carretera finalmente vuelve a incorporarse a la E134 en direcci\u00f3n a Notodden. A lo largo del recorrido se pasa junto a peque\u00f1as granjas id\u00edlicas, hermosos paisajes, la iglesia de madera de Heddal y algunos buenos lugares para ba\u00f1arse si te apetece.<\/p>\n\n\n\n<p>Al llegar a Notodden, puede ser buena idea hacer una peque\u00f1a pausa y quiz\u00e1 comer algo. Notodden cuenta con un rico patrimonio cultural y est\u00e1 inscrita en la lista del Patrimonio Mundial de la UNESCO, por lo que recomendamos dedicar algo de tiempo a explorar la ciudad. <\/p>\n\n\n\n<p>Luego regresa a B\u00f8 por la Reshjemvegen. Esta tambi\u00e9n es una carretera excelente para recorrer en motocicleta.<\/p>\n\n\n\n<figure class=\"wp-block-image size-full\"><img loading=\"lazy\" decoding=\"async\" width=\"4284\" height=\"5096\" src=\"https:\/\/telemarkmcutleie.no\/wp-content\/uploads\/2025\/03\/IMG_0803-2.jpg\" alt=\"\" class=\"wp-image-549\"\/><\/figure>\n\n\n\n<p> <\/div>\n<\/div>\n\n\n\n<div class=\"wp-block-group has-global-padding is-layout-constrained wp-container-core-group-is-layout-23b1a4dc wp-block-group-is-layout-constrained\" style=\"border-width:1px;padding-top:var(--wp--preset--spacing--30);padding-right:var(--wp--preset--spacing--30);padding-bottom:var(--wp--preset--spacing--30);padding-left:var(--wp--preset--spacing--30)\">\n<div class=\"wp-block-group is-content-justification-space-between is-nowrap is-layout-flex wp-container-core-group-is-layout-cb46ffcb wp-block-group-is-layout-flex\">\n<h3 class=\"wp-block-heading\" style=\"font-size:clamp(14px, 0.875rem + ((1vw - 3.2px) * 0.625), 20px);line-height:1.5\">Ve a Helgeroa<\/h3>\n\n\n\n<p class=\"has-small-font-size\" style=\"margin-top:8px;text-transform:uppercase\">Longitud aprox. 160 km<\/p>\n<\/div>\n\n\n\n<p class=\"has-small-font-size\" style=\"margin-top:16px\">Akkerhaugen-Skien-Langangen-Helgeroa-Retur.<\/p>\n\n\n\n<p>Conduce hasta Skien por la Valeb\u00f8veien y contin\u00faa hacia Helgeroa. En Helgeroa es muy probable que entables conversaci\u00f3n con otros motociclistas, y es un lugar excelente para comer algo. \u00a1No olvides recorrer el \u201csacacorchos\u201d de Langangen de camino de regreso!<\/p>\n\n\n\n<div class=\"wp-block-buttons is-content-justification-right is-layout-flex wp-container-core-buttons-is-layout-d445cf74 wp-block-buttons-is-layout-flex\">\n<div class=\"wp-block-button is-style-outline is-style-outline--4\"><a class=\"wp-block-button__link wp-element-button\" href=\"https:\/\/maps.app.goo.gl\/uTLExvuHpQ3Azidi6\" target=\"_blank\" rel=\"noreferrer noopener\">Descargar en Google Maps<\/a><\/div>\n<\/div>\n\n\n\n<span><a onclick=\"read_toggle(1650723394, 'Les mer', 'Les mindre'); return false;\" class=\"read-link\" id=\"readlink1650723394\" style=\"readlink\" href=\"#\">Seguir leyendo<\/a><\/span>\n<div class=\"read_div\" id=\"read1650723394\" style=\"display: none;\"> Esta ruta suele durar entre 3 y 4 horas. Llena el dep\u00f3sito en Akkerhaugen y dir\u00edgete a Skien por la Valeb\u00f8vegen. Puede que no haya mucho que ver a lo largo de la Valeb\u00f8vegen, pero la carretera en s\u00ed puede ser lo suficientemente emocionante. Tambi\u00e9n se pasa junto a varios buenos lugares para ba\u00f1arse. <\/p>\n\n\n\n<p>Luego se contin\u00faa por Skien y Porsgrunn. Al llegar a Eidanger, puedes elegir entre recorrer un peque\u00f1o tramo por la E18 o tomar la Langangsvegen. Recomendamos conducir por la Langangsvegen en el camino de regreso, ya que cuenta con algunas curvas divertidas en el \u201csacacorchos\u201d.<\/p>\n\n\n\n<p>Desde Langangen se conduce por la M\u00f8rjevegen hasta Helgeroa. Es una carretera muy agradable para recorrer en motocicleta. En Helgeroa hay varios buenos lugares para comer, y no es raro entablar conversaci\u00f3n con otros motociclistas. <\/p>\n\n\n\n<p>Regresa a Akkerhaugen por el mismo camino, pero considera tomar la Rv36 desde Skien si la Valeb\u00f8vegen no te apetece.<\/p>\n\n\n\n<figure class=\"wp-block-image size-full\"><img loading=\"lazy\" decoding=\"async\" width=\"4284\" height=\"5712\" src=\"https:\/\/telemarkmcutleie.no\/wp-content\/uploads\/2025\/10\/Helgeroa-Honda-Suzuki-KTM.jpg\" alt=\"Helgeroa Honda Suzuki KTM\" class=\"wp-image-761\"\/><\/figure>\n\n\n\n<p>  <\/div>\n<\/div>\n<\/div>\n\n\n\n<div class=\"wp-block-column is-layout-flow wp-block-column-is-layout-flow\">\n<div class=\"wp-block-group has-global-padding is-layout-constrained wp-container-core-group-is-layout-23b1a4dc wp-block-group-is-layout-constrained\" style=\"border-width:1px;padding-top:var(--wp--preset--spacing--30);padding-right:var(--wp--preset--spacing--30);padding-bottom:var(--wp--preset--spacing--30);padding-left:var(--wp--preset--spacing--30)\">\n<div class=\"wp-block-group is-content-justification-space-between is-nowrap is-layout-flex wp-container-core-group-is-layout-cb46ffcb wp-block-group-is-layout-flex\">\n<h3 class=\"wp-block-heading\" style=\"font-size:clamp(14px, 0.875rem + ((1vw - 3.2px) * 0.625), 20px);line-height:1.5\">La antigua ruta del sur<\/h3>\n\n\n\n<p class=\"has-small-font-size\" style=\"margin-top:8px;text-transform:uppercase\">Longitud aprox. 185 km<\/p>\n<\/div>\n\n\n\n<p class=\"has-small-font-size\" style=\"margin-top:16px\">Gvarv-Herre-Europaveien-Drangedal-Lunde-Gvarv.<\/p>\n\n\n\n<p>Esta es la ruta en la que puedes experimentarlo todo en un solo d\u00eda. La carretera europea y la antigua S\u00f8rlandske son simplemente espectaculares. Disfruta de un poco de la \u201cid\u00edlica costa sur\u201d antes de regresar por Drangedal. Para esta ruta, recomendamos reservar algo de tiempo extra y quiz\u00e1s disfrutar de una cena en Krager\u00f8.  <\/p>\n\n\n\n<div class=\"wp-block-buttons is-content-justification-right is-layout-flex wp-container-core-buttons-is-layout-d445cf74 wp-block-buttons-is-layout-flex\">\n<div class=\"wp-block-button is-style-outline is-style-outline--5\"><a class=\"wp-block-button__link wp-element-button\" href=\"https:\/\/maps.app.goo.gl\/yvMvvLV46L2vFkaU6\" target=\"_blank\" rel=\"noreferrer noopener\">Descargar en Google Maps<\/a><\/div>\n<\/div>\n\n\n\n<span><a onclick=\"read_toggle(859779538, 'Les mer', 'Les mindre'); return false;\" class=\"read-link\" id=\"readlink859779538\" style=\"readlink\" href=\"#\">Seguir leyendo<\/a><\/span>\n<div class=\"read_div\" id=\"read859779538\" style=\"display: none;\"> Esta ruta dura aproximadamente 3,5 horas, pero recomendamos reservar m\u00e1s tiempo, ya que hay mucho que ver y hacer a lo largo del camino. Llena el dep\u00f3sito en Gvarv y dir\u00edgete luego hacia Skien. Contin\u00faa despu\u00e9s hacia la carretera europea pasando por Herre. <\/p>\n\n\n\n<p>En cuanto llegas a la carretera europea, este recorrido empieza de verdad. A partir de aqu\u00ed solo queda disfrutar de carreteras sinuosas y de la hermosa naturaleza noruega. Tras conducir un corto tramo por la carretera europea, se entra en la antigua S\u00f8rlandske, que mejora cada vez m\u00e1s mientras se avanza entre peque\u00f1os lagos, granjas id\u00edlicas y paisajes espectaculares.<\/p>\n\n\n\n<p>Despu\u00e9s de pasar Helle, recomendamos hacer una parada en la encantadora ciudad costera de Krager\u00f8. Aqu\u00ed puedes pasear por acogedoras calles empedradas con peque\u00f1as tiendas, galer\u00edas de arte y cafeter\u00edas. Tambi\u00e9n es un lugar perfecto para cenar, ya que hay una gran variedad de restaurantes.<\/p>\n\n\n\n<p>Luego la ruta contin\u00faa de regreso por Drangedal. Tambi\u00e9n es una carretera excelente para motocicletas, con much\u00edsimas curvas y una naturaleza espectacular. <\/p>\n\n\n\n<figure class=\"wp-block-image size-full\"><img loading=\"lazy\" decoding=\"async\" width=\"3024\" height=\"4032\" src=\"https:\/\/telemarkmcutleie.no\/wp-content\/uploads\/2025\/04\/IMG_7054-1.jpg\" alt=\"\" class=\"wp-image-555\"\/><\/figure>\n\n\n\n<p> <\/div>\n<\/div>\n\n\n\n<div class=\"wp-block-group has-global-padding is-layout-constrained wp-container-core-group-is-layout-23b1a4dc wp-block-group-is-layout-constrained\" style=\"border-width:1px;padding-top:var(--wp--preset--spacing--30);padding-right:var(--wp--preset--spacing--30);padding-bottom:var(--wp--preset--spacing--30);padding-left:var(--wp--preset--spacing--30)\">\n<div class=\"wp-block-group is-content-justification-space-between is-nowrap is-layout-flex wp-container-core-group-is-layout-cb46ffcb wp-block-group-is-layout-flex\">\n<h3 class=\"wp-block-heading\" style=\"font-size:clamp(14px, 0.875rem + ((1vw - 3.2px) * 0.625), 20px);line-height:1.5\">Bandak<\/h3>\n\n\n\n<p class=\"has-small-font-size\" style=\"margin-top:8px;text-transform:uppercase\">Longitud aprox. 185 km<\/p>\n<\/div>\n\n\n\n<p class=\"has-small-font-size\" style=\"margin-top:16px\">B\u00f8-Dalen-Vr\u00e5liosen-Vr\u00e5dal-B\u00f8.<\/p>\n\n\n\n<p>Esta ruta ofrece principalmente paisajes impresionantes, con buenas curvas y bosques profundos. Tambi\u00e9n es una ruta popular entre los motociclistas, por lo que a menudo se encuentra a personas con la misma pasi\u00f3n. Recomendamos adem\u00e1s hacer una parada en el Hotel Dalen.<\/p>\n\n\n\n<div class=\"wp-block-buttons is-content-justification-right is-layout-flex wp-container-core-buttons-is-layout-d445cf74 wp-block-buttons-is-layout-flex\">\n<div class=\"wp-block-button is-style-outline is-style-outline--6\"><a class=\"wp-block-button__link wp-element-button\" href=\"https:\/\/maps.app.goo.gl\/Hrj2ZQ2S99gqnikK7\" target=\"_blank\" rel=\"noreferrer noopener\">Descargar en Google Maps<\/a><\/div>\n<\/div>\n\n\n\n<span><a onclick=\"read_toggle(519554814, 'Les mer', 'Les mindre'); return false;\" class=\"read-link\" id=\"readlink519554814\" style=\"readlink\" href=\"#\">Seguir leyendo<\/a><\/span>\n<div class=\"read_div\" id=\"read519554814\" style=\"display: none;\"> Esta es la ruta para quienes realmente quieren descubrir lo que Telemark tiene para ofrecer en cuanto a carreteras para motocicletas. Sal desde B\u00f8 y disfruta de las vistas sobre el lago Seljordsvannet. Al llegar a Seljord, gira a la izquierda y contin\u00faa por la E134 hacia H\u00f8ydalsmo.<\/p>\n\n\n\n<p>Desde H\u00f8ydalsmo, toma la carretera Eidsborgvegen, que desciende hasta Dalen a trav\u00e9s de una serie de impresionantes curvas en horquilla. Aqu\u00ed recomendamos hacer una parada para visitar el Hotel Dalen. El Hotel Dalen, a menudo llamado el \u00abhotel de cuento de hadas\u00bb, es un edificio espectacular de finales del siglo XIX y uno de los mayores edificios de madera de Noruega.<\/p>\n\n\n\n<p>Cuando est\u00e9s listo para m\u00e1s curvas en horquilla, contin\u00faa por la carretera Skafs\u00e5vegen hasta llegar a Vr\u00e5liosen. Desde all\u00ed, conduce junto al lago Vr\u00e5vatn hasta llegar a Vr\u00e5dal. <\/p>\n\n\n\n<p>En Vr\u00e5dal, recomendamos hacer una parada en el Straand Hotel. El hotel es un punto de encuentro popular para motociclistas, y se entiende r\u00e1pidamente por qu\u00e9 al entrar en la recepci\u00f3n. <\/p>\n\n\n\n<p>Tras disfrutar de a\u00fan m\u00e1s paisajes espectaculares y curvas en horquilla, se llega a Kviteseid. Desde all\u00ed, se asciende hacia Brunkeberg y luego se regresa a B\u00f8 por la E134 y la RV36. <\/p>\n\n\n\n<figure class=\"wp-block-image size-full\"><img loading=\"lazy\" decoding=\"async\" width=\"4284\" height=\"5712\" src=\"https:\/\/telemarkmcutleie.no\/wp-content\/uploads\/2025\/10\/IMG_1181.jpg\" alt=\"Dalen Gsx-s 1000 Ktm Duke 890r\" class=\"wp-image-763\"\/><\/figure>\n\n\n\n<p>  <\/div>\n<\/div>\n<\/div>\n<\/div>\n\n\n\n<div class=\"wp-block-group alignwide is-vertical is-layout-flex wp-container-core-group-is-layout-fe9cc265 wp-block-group-is-layout-flex\">\n<div class=\"wp-block-group alignwide has-global-padding is-content-justification-left is-layout-constrained wp-container-core-group-is-layout-12dd3699 wp-block-group-is-layout-constrained\">\n<h5 class=\"wp-block-heading\">\u00a1P\u00eddenos consejos!<\/h5>\n\n\n\n<p>Nuestras rutas recomendadas parten de Midt-Telemark, donde estamos ubicados. Esto significa que evitas tramos de transporte innecesarios: el recorrido comienza de inmediato. En Telemark MC Utleie recorremos estas rutas con frecuencia y conocemos bien las carreteras. Estaremos encantados de ayudarte a planificar tu ruta o darte recomendaciones.<\/p>\n\n\n\n<p>Por supuesto, eres libre de comenzar las rutas desde otros lugares \u2013 utiliza nuestras rutas como inspiraci\u00f3n para tu pr\u00f3xima aventura en moto.<\/p>\n<\/div>\n<\/div>\n<\/div>\n\n\n<div class=\"aligncenter wp-block-site-logo\"><a href=\"https:\/\/telemarkmcutleie.no\/es\/\" class=\"custom-logo-link\" rel=\"home\"><img loading=\"lazy\" decoding=\"async\" width=\"394\" height=\"412\" src=\"https:\/\/telemarkmcutleie.no\/wp-content\/uploads\/2025\/03\/IMG_0312.jpg\" class=\"custom-logo\" alt=\"Logotipo de Telemark MC Rental\" \/><\/a><\/div>","protected":false},"excerpt":{"rendered":"<p>V\u00e5re anbefalinger Telemark byr p\u00e5 noen av Norges mest varierte og vakre MC-veier &#8211; fra dype skoger til dramatiske fjelloverganger og idylliske fjordarmer. Her finner du noen av v\u00e5re favoritter. Gaustatoppen rundt Lengde ca. 170 km Notodden-Tuddal-Rjukan-Gransherad-Notodden. En klassikker for MC-tur i Telemark. Start p\u00e5 Notodden og kj\u00f8r via Tuddal over fjellet til Rjukan. Nyt [&hellip;]<\/p>","protected":false},"author":1,"featured_media":0,"parent":0,"menu_order":0,"comment_status":"closed","ping_status":"closed","template":"","meta":{"om_disable_all_campaigns":false,"_uag_custom_page_level_css":"","_monsterinsights_skip_tracking":false,"_monsterinsights_sitenote_active":false,"_monsterinsights_sitenote_note":"","_monsterinsights_sitenote_category":0,"_uf_show_specific_survey":0,"_uf_disable_surveys":false,"footnotes":""},"class_list":["post-421","page","type-page","status-publish","hentry"],"aioseo_notices":[],"uagb_featured_image_src":{"full":false,"thumbnail":false,"medium":false,"medium_large":false,"large":false,"1536x1536":false,"2048x2048":false,"trp-custom-language-flag":false,"woocommerce_thumbnail":false,"woocommerce_single":false,"woocommerce_gallery_thumbnail":false},"uagb_author_info":{"display_name":"admin","author_link":"https:\/\/telemarkmcutleie.no\/es\/author\/admin\/"},"uagb_comment_info":0,"uagb_excerpt":"V\u00e5re anbefalinger Telemark byr p\u00e5 noen av Norges mest varierte og vakre MC-veier &#8211; fra dype skoger til dramatiske fjelloverganger og idylliske fjordarmer. Her finner du noen av v\u00e5re favoritter. Gaustatoppen rundt Lengde ca. 170 km Notodden-Tuddal-Rjukan-Gransherad-Notodden. En klassikker for MC-tur i Telemark. Start p\u00e5 Notodden og kj\u00f8r via Tuddal over fjellet til Rjukan. Nyt&hellip;","jetpack_sharing_enabled":true,"_links":{"self":[{"href":"https:\/\/telemarkmcutleie.no\/es\/wp-json\/wp\/v2\/pages\/421","targetHints":{"allow":["GET"]}}],"collection":[{"href":"https:\/\/telemarkmcutleie.no\/es\/wp-json\/wp\/v2\/pages"}],"about":[{"href":"https:\/\/telemarkmcutleie.no\/es\/wp-json\/wp\/v2\/types\/page"}],"author":[{"embeddable":true,"href":"https:\/\/telemarkmcutleie.no\/es\/wp-json\/wp\/v2\/users\/1"}],"replies":[{"embeddable":true,"href":"https:\/\/telemarkmcutleie.no\/es\/wp-json\/wp\/v2\/comments?post=421"}],"version-history":[{"count":42,"href":"https:\/\/telemarkmcutleie.no\/es\/wp-json\/wp\/v2\/pages\/421\/revisions"}],"predecessor-version":[{"id":817,"href":"https:\/\/telemarkmcutleie.no\/es\/wp-json\/wp\/v2\/pages\/421\/revisions\/817"}],"wp:attachment":[{"href":"https:\/\/telemarkmcutleie.no\/es\/wp-json\/wp\/v2\/media?parent=421"}],"curies":[{"name":"wp","href":"https:\/\/api.w.org\/{rel}","templated":true}]}}