{"id":24,"date":"2025-01-14T19:49:36","date_gmt":"2025-01-14T18:49:36","guid":{"rendered":"http:\/\/telemarkmcutleie.no.datasenter.no\/ofte-stilte-sporsmal\/"},"modified":"2026-02-09T21:25:36","modified_gmt":"2026-02-09T20:25:36","slug":"ofte-stilte-sporsmal","status":"publish","type":"page","link":"https:\/\/telemarkmcutleie.no\/es\/ofte-stilte-sporsmal\/","title":{"rendered":"Preguntas m\u00e1s frecuentes"},"content":{"rendered":"<div class=\"wp-block-group alignfull has-background-background-color has-background has-global-padding is-layout-constrained wp-block-group-is-layout-constrained\" style=\"margin-top:0;margin-bottom:0;padding-top:0;padding-bottom:0\">\n<div class=\"wp-block-cover alignfull\" style=\"padding-top:0;padding-right:0;padding-bottom:0;padding-left:0;min-height:20vh;aspect-ratio:unset;\"><img loading=\"lazy\" decoding=\"async\" width=\"6005\" height=\"4003\" class=\"wp-block-cover__image-background wp-image-773 size-full\" alt=\"Noruega Motociclismo Telemark\" src=\"https:\/\/telemarkmcutleie.no\/wp-content\/uploads\/2025\/10\/DSC01291-mini2.jpg\" data-object-fit=\"cover\"\/><span aria-hidden=\"true\" class=\"wp-block-cover__background has-black-background-color has-background-dim\"><\/span><div class=\"wp-block-cover__inner-container is-layout-flow wp-block-cover-is-layout-flow\">\n<div class=\"wp-block-group has-global-padding is-layout-constrained wp-container-core-group-is-layout-dc79e9a9 wp-block-group-is-layout-constrained\" style=\"padding-top:var(--wp--preset--spacing--60);padding-right:var(--wp--preset--spacing--30);padding-bottom:var(--wp--preset--spacing--60);padding-left:var(--wp--preset--spacing--30)\">\n<h1 class=\"wp-block-heading has-text-align-center has-text-color has-x-large-font-size\" style=\"color:#fffffffc\">Experimente el Telemark sobre dos ruedas<\/h1>\n<\/div>\n<\/div><\/div>\n<\/div>\n\n\n\n<div class=\"wp-block-group alignfull has-tertiary-background-color has-background has-global-padding is-layout-constrained wp-container-core-group-is-layout-7276a2bb wp-block-group-is-layout-constrained\" id=\"ofte-stilte-sporsmal\" style=\"margin-top:0;margin-bottom:0;padding-top:var(--wp--preset--spacing--60);padding-right:var(--wp--preset--spacing--30);padding-bottom:var(--wp--preset--spacing--60);padding-left:var(--wp--preset--spacing--30)\">\n<div class=\"wp-block-group alignwide has-global-padding is-content-justification-center is-layout-constrained wp-block-group-is-layout-constrained\" style=\"margin-bottom:var(--wp--preset--spacing--30)\">\n<h2 class=\"wp-block-heading has-text-align-center has-large-font-size\">Explore Telemark sobre dos ruedas<\/h2>\n\n\n\n<p class=\"has-text-align-center\" style=\"margin-top:16px\">Encuentra aqu\u00ed respuestas r\u00e1pidas a tus preguntas sobre motocicletas.<\/p>\n<\/div>\n\n\n\n<div class=\"wp-block-group has-global-padding is-layout-constrained wp-block-group-is-layout-constrained\" style=\"border-bottom-color:var(--wp--preset--color--tertiary);border-bottom-width:1px;margin-top:0;padding-top:var(--wp--preset--spacing--30);padding-bottom:var(--wp--preset--spacing--30)\">\n<h4 class=\"wp-block-heading has-medium-font-size\">\u00bfCu\u00e1les son sus horarios de apertura?<\/h4>\n\n\n\n<p class=\"has-small-font-size\" style=\"margin-top:12px\">Estamos a su disposici\u00f3n todos los d\u00edas de 07.00 a 23.00 horas.<\/p>\n<\/div>\n\n\n\n<div class=\"wp-block-group has-global-padding is-layout-constrained wp-block-group-is-layout-constrained\" style=\"border-bottom-color:var(--wp--preset--color--tertiary);border-bottom-width:1px;margin-top:0;padding-top:var(--wp--preset--spacing--30);padding-bottom:var(--wp--preset--spacing--30)\">\n<h4 class=\"wp-block-heading has-medium-font-size\">\u00bfC\u00f3mo alquilo una motocicleta?<\/h4>\n\n\n\n<p class=\"has-small-font-size\" style=\"margin-top:12px\">Puedes reservar directamente en nuestro sitio web o contactarnos por correo electr\u00f3nico, mediante el formulario de contacto o por tel\u00e9fono en el +47 9812 7725.<\/p>\n<\/div>\n\n\n\n<div class=\"wp-block-group has-global-padding is-layout-constrained wp-block-group-is-layout-constrained\" style=\"border-bottom-color:var(--wp--preset--color--tertiary);border-bottom-width:1px;margin-top:0;padding-top:var(--wp--preset--spacing--30);padding-bottom:var(--wp--preset--spacing--30)\">\n<h4 class=\"wp-block-heading has-medium-font-size\">\u00bfCu\u00e1les son los requisitos para alquilar?<\/h4>\n\n\n\n<p class=\"has-small-font-size\" style=\"margin-top:12px\">Necesitas un permiso de conducir v\u00e1lido, una identificaci\u00f3n v\u00e1lida y se debe pagar un dep\u00f3sito de 5.000 NOK.<\/p>\n<\/div>\n\n\n\n<div class=\"wp-block-group has-global-padding is-layout-constrained wp-block-group-is-layout-constrained\" style=\"border-bottom-color:var(--wp--preset--color--tertiary);border-bottom-width:1px;margin-top:0;padding-top:var(--wp--preset--spacing--30);padding-bottom:var(--wp--preset--spacing--30)\">\n<h4 class=\"wp-block-heading has-medium-font-size\">\u00bfQu\u00e9 motocicletas est\u00e1n disponibles?<\/h4>\n\n\n\n<p class=\"has-small-font-size\" style=\"margin-top:12px\">Actualmente alquilamos una Honda CB 750 Hornet, una Honda CB 650R, una Honda NX 500, una KTM 390 Adventure R y una Triumph Tiger Sport 800.<\/p>\n<\/div>\n\n\n\n<div class=\"wp-block-group has-global-padding is-layout-constrained wp-block-group-is-layout-constrained\" style=\"border-bottom-color:var(--wp--preset--color--tertiary);border-bottom-width:1px;margin-top:0;padding-top:var(--wp--preset--spacing--30);padding-bottom:var(--wp--preset--spacing--30)\">\n<h4 class=\"wp-block-heading has-medium-font-size\">\u00bfEl equipamiento de conducci\u00f3n est\u00e1 incluido en el alquiler?<\/h4>\n\n\n\n<p class=\"has-small-font-size\" style=\"margin-top:12px\">S\u00ed. El casco con intercomunicador, el equipamiento de conducci\u00f3n y las soluciones de equipaje est\u00e1n incluidos en el alquiler. Tambi\u00e9n disponemos de chalecos reflectantes destinados a la conducci\u00f3n de pr\u00e1ctica, para quienes deseen utilizar las motocicletas con este fin.<\/p>\n<\/div>\n\n\n\n<div class=\"wp-block-group has-global-padding is-layout-constrained wp-block-group-is-layout-constrained\" style=\"border-bottom-color:var(--wp--preset--color--tertiary);border-bottom-width:1px;margin-top:0;padding-top:var(--wp--preset--spacing--30);padding-bottom:var(--wp--preset--spacing--30)\">\n<h4 class=\"wp-block-heading has-medium-font-size\">\u00bfHay descuentos para alquileres de larga duraci\u00f3n?<\/h4>\n\n\n\n<p class=\"has-small-font-size\" style=\"margin-top:12px\">S\u00ed, ofrecemos descuentos para alquileres de larga duraci\u00f3n.<\/p>\n\n\n\n<h4 class=\"wp-block-heading has-medium-font-size\"><\/h4>\n<\/div>\n\n\n\n<div class=\"wp-block-group has-global-padding is-layout-constrained wp-block-group-is-layout-constrained\" style=\"margin-top:0;padding-top:var(--wp--preset--spacing--30);padding-bottom:0\">\n<div class=\"wp-block-group has-global-padding is-layout-constrained wp-block-group-is-layout-constrained\">\n<div class=\"wp-block-buttons is-layout-flex wp-block-buttons-is-layout-flex\">\n<div class=\"wp-block-button is-style-outline is-style-outline--1\"><a class=\"wp-block-button__link wp-element-button\" href=\"https:\/\/telemarkmcutleie.no\/es\/salgs-og-leievilkar\/\">Lee las condiciones de venta y alquiler<\/a><\/div>\n\n\n\n<div class=\"wp-block-button is-style-outline is-style-outline--2\"><a class=\"wp-block-button__link wp-element-button\" href=\"https:\/\/telemarkmcutleie.no\/es\/personvernerklaering-for-telemark-mc-utleie\/\">Lee la pol\u00edtica de privacidad <\/a><\/div>\n<\/div>\n<\/div>\n<\/div>\n<\/div>\n\n\n\n<div class=\"wp-block-group alignfull has-background-background-color has-background has-global-padding is-layout-constrained wp-container-core-group-is-layout-68d5e5bb wp-block-group-is-layout-constrained\" id=\"funksjoner\" style=\"margin-top:0;margin-bottom:0;padding-top:var(--wp--preset--spacing--50);padding-right:var(--wp--preset--spacing--30);padding-bottom:var(--wp--preset--spacing--60);padding-left:var(--wp--preset--spacing--30)\">\n<div class=\"wp-block-group alignwide has-global-padding is-content-justification-left is-layout-constrained wp-container-core-group-is-layout-12dd3699 wp-block-group-is-layout-constrained\">\n<h2 class=\"wp-block-heading has-large-font-size\" style=\"margin-top:12px\">Explora los hermosos paisajes de Telemark<\/h2>\n\n\n\n<div class=\"wp-block-buttons is-layout-flex wp-block-buttons-is-layout-flex\">\n<div class=\"wp-block-button is-style-outline is-style-outline--3\"><a class=\"wp-block-button__link wp-element-button\" href=\"https:\/\/telemarkmcutleie.no\/es\/rutas-recomendadas\/\">Descubre nuestras rutas recomendadas<\/a><\/div>\n<\/div>\n<\/div>\n\n\n\n<div class=\"wp-block-columns alignwide is-layout-flex wp-container-core-columns-is-layout-08c01c1c wp-block-columns-is-layout-flex\">\n<div class=\"wp-block-column is-layout-flow wp-block-column-is-layout-flow\">\n<figure class=\"wp-block-image size-full\"><img loading=\"lazy\" decoding=\"async\" width=\"6733\" height=\"2888\" src=\"https:\/\/telemarkmcutleie.no\/wp-content\/uploads\/2025\/10\/Banner-min-2.jpg\" alt=\"Honda NX500 CB750 Hornet\" class=\"wp-image-767\" style=\"aspect-ratio:1;object-fit:cover\"\/><\/figure>\n<\/div>\n\n\n\n<div class=\"wp-block-column is-layout-flow wp-container-core-column-is-layout-ef883af5 wp-block-column-is-layout-flow\">\n<div class=\"wp-block-group has-tertiary-background-color has-background has-global-padding is-layout-constrained wp-container-core-group-is-layout-0e4ecca0 wp-block-group-is-layout-constrained\" style=\"padding-top:1.5rem;padding-right:1.5rem;padding-bottom:1.5rem;padding-left:1.5rem\">\n<h3 class=\"wp-block-heading\" style=\"font-size:clamp(14px, 0.875rem + ((1vw - 3.2px) * 0.625), 20px);line-height:1.5\">Seguridad<\/h3>\n\n\n\n<p class=\"has-small-font-size\" style=\"margin-top:8px\">Todas nuestras motocicletas est\u00e1n bien aseguradas para garantizarte un viaje seguro. <\/p>\n\n\n\n<p class=\"has-small-font-size\" style=\"margin-top:8px\">Tambi\u00e9n ofrecemos el alquiler gratuito de cascos con intercomunicador y equipamiento de conducci\u00f3n.<\/p>\n<\/div>\n\n\n\n<div class=\"wp-block-group has-tertiary-background-color has-background has-global-padding is-layout-constrained wp-container-core-group-is-layout-0e4ecca0 wp-block-group-is-layout-constrained\" style=\"padding-top:1.5rem;padding-right:1.5rem;padding-bottom:1.5rem;padding-left:1.5rem\">\n<h3 class=\"wp-block-heading\" style=\"font-size:clamp(14px, 0.875rem + ((1vw - 3.2px) * 0.625), 20px);line-height:1.5\">Flexibilidad<\/h3>\n\n\n\n<p class=\"has-small-font-size\" style=\"margin-top:8px\">Ofrecemos soluciones de alquiler personalizadas y podemos entregar y recoger las motocicletas en diferentes destinos seg\u00fan lo que mejor se adapte a ti.<\/p>\n<\/div>\n\n\n\n<div class=\"wp-block-group has-tertiary-background-color has-background has-global-padding is-layout-constrained wp-container-core-group-is-layout-0e4ecca0 wp-block-group-is-layout-constrained\" style=\"padding-top:1.5rem;padding-right:1.5rem;padding-bottom:1.5rem;padding-left:1.5rem\">\n<h3 class=\"wp-block-heading\" style=\"font-size:clamp(14px, 0.875rem + ((1vw - 3.2px) * 0.625), 20px);line-height:1.5\">Somos locales<\/h3>\n\n\n\n<p class=\"has-small-font-size\" style=\"margin-top:8px\">Conocemos bien la zona y podemos ayudarte a planificar tu viaje para que no te pierdas ninguna de las joyas de Telemark.<\/p>\n<\/div>\n\n\n\n<div class=\"wp-block-group has-tertiary-background-color has-background has-global-padding is-layout-constrained wp-container-core-group-is-layout-0e4ecca0 wp-block-group-is-layout-constrained\" style=\"padding-top:1.5rem;padding-right:1.5rem;padding-bottom:1.5rem;padding-left:1.5rem\">\n<h3 class=\"wp-block-heading\" style=\"font-size:clamp(14px, 0.875rem + ((1vw - 3.2px) * 0.625), 20px);line-height:1.5\">Alojamiento<\/h3>\n\n\n\n<p class=\"has-small-font-size\" style=\"margin-top:8px\">Tenemos una estrecha colaboraci\u00f3n con el camping First Camp Norsj\u00f8, lo que significa que entregamos y recogemos las motocicletas de forma gratuita en el camping.<\/p>\n<\/div>\n<\/div>\n<\/div>\n<\/div>\n\n\n\n<div class=\"wp-block-group alignfull has-tertiary-background-color has-background has-global-padding is-layout-constrained wp-container-core-group-is-layout-7276a2bb wp-block-group-is-layout-constrained\" id=\"kontakt\" style=\"margin-top:0;margin-bottom:0;padding-top:var(--wp--preset--spacing--60);padding-right:var(--wp--preset--spacing--30);padding-bottom:var(--wp--preset--spacing--60);padding-left:var(--wp--preset--spacing--30)\">\n<div class=\"wp-block-group has-global-padding is-layout-constrained wp-block-group-is-layout-constrained\" style=\"margin-bottom:var(--wp--preset--spacing--40)\">\n<h2 class=\"wp-block-heading has-text-align-center has-large-font-size\">Descubre Telemark en motocicleta<\/h2>\n\n\n\n<p class=\"has-text-align-center\" style=\"margin-top:1rem\">Cont\u00e1ctanos para una respuesta r\u00e1pida.<\/p>\n<\/div>\n\n\n<div class=\"wpforms-container wpforms-block wpforms-block-9afe8130-2d97-4b16-9810-df903f92a81c wpforms-render-modern\" id=\"wpforms-17\"><form id=\"wpforms-form-17\" class=\"wpforms-validate wpforms-form wpforms-ajax-form\" data-formid=\"17\" method=\"post\" enctype=\"multipart\/form-data\" action=\"\/es\/wp-json\/wp\/v2\/pages\/24\" data-token=\"32cde3968fd1c3ab32db90cd4247557e\" data-token-time=\"1776572005\" data-trp-original-action=\"\/es\/wp-json\/wp\/v2\/pages\/24\"><noscript class=\"wpforms-error-noscript\">Por favor, activa JavaScript en tu navegador para completar este formulario.<\/noscript><div class=\"wpforms-hidden\" id=\"wpforms-error-noscript\">Por favor, activa JavaScript en tu navegador para completar este formulario.<\/div><div class=\"wpforms-field-container\"><div id=\"wpforms-17-field_1-container\" class=\"wpforms-field wpforms-field-name\" data-field-id=\"1\"><label class=\"wpforms-field-label\" for=\"wpforms-17-field_1\">Nombre <span class=\"wpforms-required-label\" aria-hidden=\"true\">*<\/span><\/label><input type=\"text\" id=\"wpforms-17-field_1\" class=\"wpforms-field-large wpforms-field-required\" name=\"wpforms[fields][1]\" aria-errormessage=\"wpforms-17-field_1-error\" required><\/div><div id=\"wpforms-17-field_2-container\" class=\"wpforms-field wpforms-field-email\" data-field-id=\"2\"><label class=\"wpforms-field-label\" for=\"wpforms-17-field_2\">Correo electr\u00f3nico <span class=\"wpforms-required-label\" aria-hidden=\"true\">*<\/span><\/label><input type=\"email\" id=\"wpforms-17-field_2\" class=\"wpforms-field-large wpforms-field-required\" name=\"wpforms[fields][2]\" spellcheck=\"false\" aria-errormessage=\"wpforms-17-field_2-error\" required><\/div><div id=\"wpforms-17-field_3-container\" class=\"wpforms-field wpforms-field-text\" data-field-id=\"3\"><label class=\"wpforms-field-label\" for=\"wpforms-17-field_3\">Tema<\/label><input type=\"text\" id=\"wpforms-17-field_3\" class=\"wpforms-field-large\" name=\"wpforms[fields][3]\" aria-errormessage=\"wpforms-17-field_3-error\" ><\/div><div id=\"wpforms-17-field_4-container\" class=\"wpforms-field wpforms-field-textarea\" data-field-id=\"4\"><label class=\"wpforms-field-label\" for=\"wpforms-17-field_4\">Notificaci\u00f3n <span class=\"wpforms-required-label\" aria-hidden=\"true\">*<\/span><\/label><textarea id=\"wpforms-17-field_4\" class=\"wpforms-field-large wpforms-field-required\" name=\"wpforms[fields][4]\" aria-errormessage=\"wpforms-17-field_4-error\" required><\/textarea><\/div><\/div><!-- .wpforms-field-container --><div class=\"wpforms-submit-container\" ><input type=\"hidden\" name=\"wpforms[id]\" value=\"17\"><input type=\"hidden\" name=\"page_title\" value=\"\"><input type=\"hidden\" name=\"page_url\" value=\"https:\/\/telemarkmcutleie.no\/es\/wp-json\/wp\/v2\/pages\/24\"><button type=\"submit\" name=\"wpforms[submit]\" id=\"wpforms-submit-17\" class=\"wpforms-submit\" data-alt-text=\"Sending...\" data-submit-text=\"Send\" aria-live=\"assertive\" value=\"wpforms-submit\">Enviar<\/button><img loading=\"lazy\" decoding=\"async\" src=\"https:\/\/telemarkmcutleie.no\/wp-content\/plugins\/wpforms-lite\/assets\/images\/submit-spin.svg\" class=\"wpforms-submit-spinner\" style=\"display: none;\" width=\"26\" height=\"26\" alt=\"Cargando\"><\/div><input type=\"hidden\" name=\"trp-form-language\" value=\"es\"\/><\/form><\/div>  <!-- .wpforms-container --><\/div>","protected":false},"excerpt":{"rendered":"<p>Utforsk Telemark trygt p\u00e5 to hjul Finn raske svar p\u00e5 dine motorsykkelsp\u00f8rsm\u00e5l her. Hva er \u00e5pningstidene deres? Vi er tilgjengelige alle dager fra 07.00-23.00. Hvordan leier jeg en motorsykkel? Du kan booke direkte p\u00e5 nettsiden eller kontakte oss b\u00e5de p\u00e5 mail, kontaktskjema og p\u00e5 telefon- 9812 7725. Hva er kravene for \u00e5 leie? Du trenger [&hellip;]<\/p>","protected":false},"author":1,"featured_media":0,"parent":0,"menu_order":0,"comment_status":"closed","ping_status":"closed","template":"no-title","meta":{"om_disable_all_campaigns":false,"_uag_custom_page_level_css":"","_monsterinsights_skip_tracking":false,"_monsterinsights_sitenote_active":false,"_monsterinsights_sitenote_note":"","_monsterinsights_sitenote_category":0,"_uf_show_specific_survey":0,"_uf_disable_surveys":false,"footnotes":""},"class_list":["post-24","page","type-page","status-publish","hentry"],"aioseo_notices":[],"uagb_featured_image_src":{"full":false,"thumbnail":false,"medium":false,"medium_large":false,"large":false,"1536x1536":false,"2048x2048":false,"trp-custom-language-flag":false,"woocommerce_thumbnail":false,"woocommerce_single":false,"woocommerce_gallery_thumbnail":false},"uagb_author_info":{"display_name":"admin","author_link":"https:\/\/telemarkmcutleie.no\/es\/author\/admin\/"},"uagb_comment_info":0,"uagb_excerpt":"Utforsk Telemark trygt p\u00e5 to hjul Finn raske svar p\u00e5 dine motorsykkelsp\u00f8rsm\u00e5l her. Hva er \u00e5pningstidene deres? Vi er tilgjengelige alle dager fra 07.00-23.00. Hvordan leier jeg en motorsykkel? Du kan booke direkte p\u00e5 nettsiden eller kontakte oss b\u00e5de p\u00e5 mail, kontaktskjema og p\u00e5 telefon- 9812 7725. Hva er kravene for \u00e5 leie? Du trenger&hellip;","jetpack_sharing_enabled":true,"_links":{"self":[{"href":"https:\/\/telemarkmcutleie.no\/es\/wp-json\/wp\/v2\/pages\/24","targetHints":{"allow":["GET"]}}],"collection":[{"href":"https:\/\/telemarkmcutleie.no\/es\/wp-json\/wp\/v2\/pages"}],"about":[{"href":"https:\/\/telemarkmcutleie.no\/es\/wp-json\/wp\/v2\/types\/page"}],"author":[{"embeddable":true,"href":"https:\/\/telemarkmcutleie.no\/es\/wp-json\/wp\/v2\/users\/1"}],"replies":[{"embeddable":true,"href":"https:\/\/telemarkmcutleie.no\/es\/wp-json\/wp\/v2\/comments?post=24"}],"version-history":[{"count":29,"href":"https:\/\/telemarkmcutleie.no\/es\/wp-json\/wp\/v2\/pages\/24\/revisions"}],"predecessor-version":[{"id":2599,"href":"https:\/\/telemarkmcutleie.no\/es\/wp-json\/wp\/v2\/pages\/24\/revisions\/2599"}],"wp:attachment":[{"href":"https:\/\/telemarkmcutleie.no\/es\/wp-json\/wp\/v2\/media?parent=24"}],"curies":[{"name":"wp","href":"https:\/\/api.w.org\/{rel}","templated":true}]}}