{"id":23,"date":"2025-01-14T19:49:36","date_gmt":"2025-01-14T18:49:36","guid":{"rendered":"http:\/\/telemarkmcutleie.no.datasenter.no\/bestilling\/"},"modified":"2026-02-16T19:30:08","modified_gmt":"2026-02-16T18:30:08","slug":"reserva","status":"publish","type":"page","link":"https:\/\/telemarkmcutleie.no\/es\/reserva\/","title":{"rendered":"Formulario de pedido"},"content":{"rendered":"<div class=\"wp-block-group alignfull has-background-background-color has-background has-global-padding is-layout-constrained wp-block-group-is-layout-constrained\" style=\"margin-top:0;margin-bottom:0;padding-top:0;padding-bottom:0\">\n<div class=\"wp-block-cover alignfull\" style=\"padding-top:0;padding-right:0;padding-bottom:0;padding-left:0;min-height:20vh;aspect-ratio:unset;\"><img loading=\"lazy\" decoding=\"async\" width=\"6005\" height=\"4003\" class=\"wp-block-cover__image-background wp-image-773 size-full\" alt=\"Noruega Motociclismo Telemark\" src=\"https:\/\/telemarkmcutleie.no\/wp-content\/uploads\/2025\/10\/DSC01291-mini2.jpg\" data-object-fit=\"cover\"\/><span aria-hidden=\"true\" class=\"wp-block-cover__background has-black-background-color has-background-dim\"><\/span><div class=\"wp-block-cover__inner-container is-layout-flow wp-block-cover-is-layout-flow\">\n<div class=\"wp-block-group has-global-padding is-layout-constrained wp-container-core-group-is-layout-a5a6cc25 wp-block-group-is-layout-constrained\" style=\"padding-top:var(--wp--preset--spacing--60);padding-right:var(--wp--preset--spacing--30);padding-bottom:var(--wp--preset--spacing--60);padding-left:var(--wp--preset--spacing--30)\">\n<h1 class=\"wp-block-heading has-text-align-center has-text-color has-x-large-font-size\" style=\"color:#fffffffc\">Experimente el Telemark sobre dos ruedas<\/h1>\n<\/div>\n<\/div><\/div>\n<\/div>\n\n\n\n<h3 class=\"wp-block-heading\">Reserve una de nuestras bicicletas hoy mismo.<\/h3>\n\n\n\n<div class=\"wp-block-group alignfull has-background-background-color has-background has-global-padding is-layout-constrained wp-container-core-group-is-layout-7276a2bb wp-block-group-is-layout-constrained\" style=\"margin-top:0;margin-bottom:0;padding-top:var(--wp--preset--spacing--60);padding-right:var(--wp--preset--spacing--30);padding-bottom:var(--wp--preset--spacing--60);padding-left:var(--wp--preset--spacing--30)\">\n<div class=\"wp-block-group alignwide is-layout-flex wp-block-group-is-layout-flex\" style=\"border-top-color:var(--wp--preset--color--foreground);border-top-width:1px;padding-top:var(--wp--preset--spacing--40);padding-right:0;padding-bottom:0;padding-left:0\">\n<figure class=\"wp-block-image size-full is-resized\"><img loading=\"lazy\" decoding=\"async\" width=\"1200\" height=\"849\" src=\"https:\/\/telemarkmcutleie.no\/wp-content\/uploads\/2025\/02\/thumbnail_IMG_0152-2.jpg\" alt=\"\" class=\"wp-image-320\" style=\"width:309px;height:auto\"\/><\/figure>\n\n\n\n<div class=\"wp-block-group has-global-padding is-layout-constrained wp-block-group-is-layout-constrained\">\n<h3 class=\"wp-block-heading\" style=\"font-size:clamp(1.119rem, 1.119rem + ((1vw - 0.2rem) * 1.052), 1.75rem);line-height:1.5\">Honda NX500 2026 (A2)<\/h3>\n\n\n\n<p>La Honda NX500 es una moto de aventura ligera y vers\u00e1til que se encuentra igualmente a gusto en la ciudad o en carreteras de grava. Con su carenado inspirado en los rallyes, su gran parabrisas y su c\u00f3moda posici\u00f3n de asiento, podr\u00e1s recorrer largas etapas sin cansarte. El motor bicil\u00edndrico cumple la normativa A2 y ofrece un rendimiento flexible y entretenido.<\/p>\n\n\n\n<p>Equipamiento: Frenos ABS, control de tracci\u00f3n, m\u00faltiples modos de conducci\u00f3n, pantalla TFT, conexi\u00f3n para tel\u00e9fono, soporte para tel\u00e9fono, top box.<\/p>\n\n\n\n<p>Especificaciones: cc 471, cv 48, volumen del dep\u00f3sito 17,5, altura del asiento 830 mm, peso en mojado 198 kg.<\/p>\n<\/div>\n\n\n\n<div class=\"wp-block-buttons is-layout-flex wp-block-buttons-is-layout-flex\">\n<div class=\"wp-block-button is-style-outline is-style-outline--1\"><a class=\"wp-block-button__link wp-element-button\" href=\"https:\/\/telemarkmcutleie.no\/es\/product\/honda-nx500-a2\/\">Reservar ahora<\/a><\/div>\n<\/div>\n<\/div>\n\n\n\n<div class=\"wp-block-group alignwide is-layout-flex wp-block-group-is-layout-flex\" style=\"border-top-color:var(--wp--preset--color--foreground);border-top-width:1px;padding-top:var(--wp--preset--spacing--40);padding-right:0;padding-bottom:0;padding-left:0\">\n<figure class=\"wp-block-image size-full is-resized\"><img loading=\"lazy\" decoding=\"async\" width=\"1200\" height=\"849\" src=\"https:\/\/telemarkmcutleie.no\/wp-content\/uploads\/2025\/02\/IMG_0151-2.jpg\" alt=\"\" class=\"wp-image-321\" style=\"width:311px;height:auto\"\/><\/figure>\n\n\n\n<div class=\"wp-block-group has-global-padding is-layout-constrained wp-block-group-is-layout-constrained\">\n<h3 class=\"wp-block-heading\" style=\"font-size:clamp(1.119rem, 1.119rem + ((1vw - 0.2rem) * 1.052), 1.75rem);line-height:1.5\">Honda CB750 Hornet 2025<\/h3>\n\n\n\n<p>La Hornet ofrece placer de conducci\u00f3n en estado puro. El chasis ligero combinado con un bicil\u00edndrico en paralelo de 91,8 CV ofrece una relaci\u00f3n peso\/potencia l\u00edder en su clase y una aceleraci\u00f3n explosiva. Con Throttle By Wire dispones de tres modos de conducci\u00f3n, tres niveles de control de tracci\u00f3n con Wheelie Control, as\u00ed como freno motor y entrega de potencia ajustables.<\/p>\n\n\n\n<p>Equipamiento: Frenos ABS, control de tracci\u00f3n, m\u00faltiples modos de conducci\u00f3n, pantalla TFT, conexi\u00f3n para tel\u00e9fono, soporte para tel\u00e9fono, bolsas laterales, bolsa de dep\u00f3sito.<\/p>\n\n\n\n<p>Especificaciones: cc 755, CV 92, volumen del dep\u00f3sito 15,2, altura del asiento 795 mm, peso en mojado 192 kg.<\/p>\n<\/div>\n\n\n\n<div class=\"wp-block-buttons is-layout-flex wp-block-buttons-is-layout-flex\">\n<div class=\"wp-block-button is-style-outline is-style-outline--2\"><a class=\"wp-block-button__link wp-element-button\" href=\"https:\/\/telemarkmcutleie.no\/es\/product\/honda-cb750-hornet\/\">Reservar ahora<\/a><\/div>\n<\/div>\n<\/div>\n\n\n\n<div class=\"wp-block-group alignwide is-layout-flex wp-block-group-is-layout-flex\" style=\"border-top-color:var(--wp--preset--color--foreground);border-top-width:1px;padding-top:var(--wp--preset--spacing--40);padding-right:0;padding-bottom:0;padding-left:0\">\n<figure class=\"wp-block-image size-full is-resized\"><img loading=\"lazy\" decoding=\"async\" width=\"640\" height=\"508\" src=\"https:\/\/telemarkmcutleie.no\/wp-content\/uploads\/2025\/09\/Triumph-Tiger-800.png\" alt=\"Triumph Tiger Sport 800\" class=\"wp-image-728\" style=\"width:311px;height:auto\"\/><\/figure>\n\n\n\n<div class=\"wp-block-group has-global-padding is-layout-constrained wp-block-group-is-layout-constrained\">\n<h3 class=\"wp-block-heading\" style=\"font-size:clamp(1.119rem, 1.119rem + ((1vw - 0.2rem) * 1.052), 1.75rem);line-height:1.5\">Triumph Tiger Sport 800 2026<\/h3>\n\n\n\n<p>La Tiger Sport 800 combina una potencia deportiva con un confort touring de primera clase. El motor de tres cilindros ofrece la combinaci\u00f3n perfecta de par y revoluciones, mientras que caracter\u00edsticas como el cambio r\u00e1pido, el control de crucero y el parabrisas ajustable hacen que tanto los viajes cortos como los largos sean m\u00e1s relajantes.<\/p>\n\n\n\n<p>Equipamiento: Frenos ABS, control de tracci\u00f3n, control de crucero, cambio r\u00e1pido arriba\/abajo, m\u00faltiples modos de conducci\u00f3n, pantalla TFT, conexi\u00f3n para tel\u00e9fono, parabrisas ajustable, silenciador Akrapovic, calefacci\u00f3n, toma de 12v, soporte para tel\u00e9fono, kit de maletero original (57l), bolsa sobredep\u00f3sito.<\/p>\n\n\n\n<p>Especificaciones: cc 798, cv 113, volumen del dep\u00f3sito 18,6, altura del asiento 835 mm, peso en mojado 214 kg.<\/p>\n<\/div>\n\n\n\n<div class=\"wp-block-buttons is-layout-flex wp-block-buttons-is-layout-flex\">\n<div class=\"wp-block-button is-style-outline is-style-outline--3\"><a class=\"wp-block-button__link wp-element-button\" href=\"https:\/\/telemarkmcutleie.no\/es\/product\/triumph-tiger-sport-800\/\">Reservar ahora<\/a><\/div>\n<\/div>\n<\/div>\n\n\n\n<div class=\"wp-block-group alignwide is-layout-flex wp-block-group-is-layout-flex\" style=\"border-top-color:var(--wp--preset--color--foreground);border-top-width:1px;padding-top:var(--wp--preset--spacing--40);padding-right:0;padding-bottom:0;padding-left:0\">\n<figure class=\"wp-block-image size-full is-resized\"><img loading=\"lazy\" decoding=\"async\" width=\"800\" height=\"533\" src=\"https:\/\/telemarkmcutleie.no\/wp-content\/uploads\/2025\/10\/1738143798-2025-ktm-390-adventure-r-review-details-price-spec_29.jpg\" alt=\"KTM 390 Adventure R\" class=\"wp-image-849\" style=\"width:309px;height:auto\"\/><\/figure>\n\n\n\n<div class=\"wp-block-group has-global-padding is-layout-constrained wp-block-group-is-layout-constrained\">\n<h3 class=\"wp-block-heading\" style=\"font-size:clamp(1.119rem, 1.119rem + ((1vw - 0.2rem) * 1.052), 1.75rem);line-height:1.5\">KTM 390 Adventure R 2026 (A2)<\/h3>\n\n\n\n<p>La KTM 390 Adventure R es una moto de aventura ligera y \u00e1gil que se desenvuelve con soltura tanto en asfalto como en caminos de grava. Su posici\u00f3n de conducci\u00f3n erguida, suspensiones ajustables y motor de gran respuesta la hacen ideal tanto para principiantes como para pilotos experimentados que quieran explorar fuera de los caminos trillados. El motor monocil\u00edndrico cumple la normativa A2 y ofrece una aceleraci\u00f3n \u00e1gil y un control s\u00f3lido.<\/p>\n\n\n\n<p>Equipamiento: Frenos ABS, control de tracci\u00f3n, m\u00faltiples modos de conducci\u00f3n, pantalla TFT, conexi\u00f3n para tel\u00e9fono, soporte para tel\u00e9fono.<\/p>\n\n\n\n<p>Especificaciones: cc 399, cv 44, volumen del dep\u00f3sito 14 litros, altura del asiento 870 mm, peso en mojado 176 kg.<\/p>\n<\/div>\n\n\n\n<div class=\"wp-block-buttons is-layout-flex wp-block-buttons-is-layout-flex\">\n<div class=\"wp-block-button is-style-outline is-style-outline--4\"><a class=\"wp-block-button__link wp-element-button\" href=\"https:\/\/telemarkmcutleie.no\/es\/product\/ktm-390-adventure-r\/\">Reservar ahora<\/a><\/div>\n<\/div>\n<\/div>\n\n\n\n<div class=\"wp-block-group alignwide is-layout-flex wp-block-group-is-layout-flex\" style=\"border-top-color:var(--wp--preset--color--foreground);border-top-width:1px;padding-top:var(--wp--preset--spacing--40);padding-right:0;padding-bottom:0;padding-left:0\">\n<figure class=\"wp-block-image size-full is-resized\"><img loading=\"lazy\" decoding=\"async\" width=\"1440\" height=\"1080\" src=\"https:\/\/telemarkmcutleie.no\/wp-content\/uploads\/2026\/02\/Honda-CB-650R.jpg\" alt=\"2023 Honda CB 650R\" class=\"wp-image-2592\" style=\"width:309px;height:auto\"\/><\/figure>\n\n\n\n<div class=\"wp-block-group has-global-padding is-layout-constrained wp-block-group-is-layout-constrained\">\n<h3 class=\"wp-block-heading\" style=\"font-size:clamp(1.119rem, 1.119rem + ((1vw - 0.2rem) * 1.052), 1.75rem);line-height:1.5\">Honda CB650R 2023 <\/h3>\n\n\n\n<p>La CB650R ofrece puro placer de conducci\u00f3n con el car\u00e1cter suave de su motor de cuatro cilindros en l\u00ednea y una respuesta precisa en todo el rango de revoluciones. El chasis compacto combinado con el motor de 649 cc y unos 95 CV proporciona un buen equilibrio entre rendimiento deportivo y uso diario. Con embrague asistido\/antirrebote, quickshifter, caja de cambios precisa y horquilla Showa estable, se siente \u00e1gil y segura tanto en carreteras con curvas como en trayectos largos.<\/p>\n\n\n\n<p><strong>Equipamiento:<\/strong> frenos ABS, control de tracci\u00f3n (HSTC), pantalla TFT, luces LED, embrague asistido\/antirrebote, quickshifter, indicador de marcha, soporte para tel\u00e9fono, maletas laterales, bolsa de dep\u00f3sito.<\/p>\n\n\n\n<p><strong>Especificaciones:<\/strong> 649 cc, 95 CV, dep\u00f3sito 15,4 L, altura de asiento 810 mm, peso en orden de marcha 205 kg.<\/p>\n<\/div>\n\n\n\n<div class=\"wp-block-buttons is-layout-flex wp-block-buttons-is-layout-flex\">\n<div class=\"wp-block-button is-style-outline is-style-outline--5\"><a class=\"wp-block-button__link wp-element-button\" href=\"https:\/\/telemarkmcutleie.no\/es\/product\/honda-cb650r\/\">Reservar ahora<\/a><\/div>\n<\/div>\n<\/div>\n\n\n\n<div class=\"wp-block-group alignwide is-layout-flex wp-block-group-is-layout-flex\" style=\"border-top-color:var(--wp--preset--color--foreground);border-top-width:1px;padding-top:var(--wp--preset--spacing--40);padding-right:0;padding-bottom:0;padding-left:0\">\n<div class=\"wp-block-group has-global-padding is-layout-constrained wp-block-group-is-layout-constrained\">\n<h3 class=\"wp-block-heading\" style=\"font-size:clamp(1.119rem, 1.119rem + ((1vw - 0.2rem) * 1.052), 1.75rem);line-height:1.5\">\u00bfDesea alquilar con equipo de conducci\u00f3n?<\/h3>\n\n\n\n<p class=\"has-small-font-size\" style=\"margin-top:12px\">Los cascos con intercomunicador, el equipo de conducci\u00f3n y las soluciones de equipaje est\u00e1n incluidos en el alquiler.<\/p>\n<\/div>\n\n\n\n<p><\/p>\n\n\n\n<p><\/p>\n<\/div>\n<\/div>","protected":false},"excerpt":{"rendered":"<p>Book en av v\u00e5re sykler i dag! Honda NX500 2026 (A2) Honda NX500 er en lett og allsidig adventure-sykkel som trives like godt i byen som p\u00e5 grusveier. Med sin rally-inspirerte k\u00e5pe, stor vindskjerm og komfortabel sittestilling kan du cruise lange etapper uten \u00e5 bli sliten. Den tosylindrede motoren er A2-kompatibel, byr p\u00e5 fleksibel og [&hellip;]<\/p>","protected":false},"author":1,"featured_media":0,"parent":0,"menu_order":0,"comment_status":"closed","ping_status":"closed","template":"no-title","meta":{"om_disable_all_campaigns":false,"_uag_custom_page_level_css":"","_monsterinsights_skip_tracking":false,"_monsterinsights_sitenote_active":false,"_monsterinsights_sitenote_note":"","_monsterinsights_sitenote_category":0,"_uf_show_specific_survey":0,"_uf_disable_surveys":false,"footnotes":""},"class_list":["post-23","page","type-page","status-publish","hentry"],"aioseo_notices":[],"uagb_featured_image_src":{"full":false,"thumbnail":false,"medium":false,"medium_large":false,"large":false,"1536x1536":false,"2048x2048":false,"trp-custom-language-flag":false,"woocommerce_thumbnail":false,"woocommerce_single":false,"woocommerce_gallery_thumbnail":false},"uagb_author_info":{"display_name":"admin","author_link":"https:\/\/telemarkmcutleie.no\/es\/author\/admin\/"},"uagb_comment_info":0,"uagb_excerpt":"Book en av v\u00e5re sykler i dag! Honda NX500 2026 (A2) Honda NX500 er en lett og allsidig adventure-sykkel som trives like godt i byen som p\u00e5 grusveier. Med sin rally-inspirerte k\u00e5pe, stor vindskjerm og komfortabel sittestilling kan du cruise lange etapper uten \u00e5 bli sliten. Den tosylindrede motoren er A2-kompatibel, byr p\u00e5 fleksibel og&hellip;","jetpack_sharing_enabled":true,"_links":{"self":[{"href":"https:\/\/telemarkmcutleie.no\/es\/wp-json\/wp\/v2\/pages\/23","targetHints":{"allow":["GET"]}}],"collection":[{"href":"https:\/\/telemarkmcutleie.no\/es\/wp-json\/wp\/v2\/pages"}],"about":[{"href":"https:\/\/telemarkmcutleie.no\/es\/wp-json\/wp\/v2\/types\/page"}],"author":[{"embeddable":true,"href":"https:\/\/telemarkmcutleie.no\/es\/wp-json\/wp\/v2\/users\/1"}],"replies":[{"embeddable":true,"href":"https:\/\/telemarkmcutleie.no\/es\/wp-json\/wp\/v2\/comments?post=23"}],"version-history":[{"count":67,"href":"https:\/\/telemarkmcutleie.no\/es\/wp-json\/wp\/v2\/pages\/23\/revisions"}],"predecessor-version":[{"id":2698,"href":"https:\/\/telemarkmcutleie.no\/es\/wp-json\/wp\/v2\/pages\/23\/revisions\/2698"}],"wp:attachment":[{"href":"https:\/\/telemarkmcutleie.no\/es\/wp-json\/wp\/v2\/media?parent=23"}],"curies":[{"name":"wp","href":"https:\/\/api.w.org\/{rel}","templated":true}]}}