{"id":22,"date":"2025-01-14T19:49:35","date_gmt":"2025-01-14T18:49:35","guid":{"rendered":"http:\/\/telemarkmcutleie.no.datasenter.no\/om-oss\/"},"modified":"2026-01-27T12:27:57","modified_gmt":"2026-01-27T11:27:57","slug":"sobre-nosotros","status":"publish","type":"page","link":"https:\/\/telemarkmcutleie.no\/es\/sobre-nosotros\/","title":{"rendered":"Qui\u00e9nes somos"},"content":{"rendered":"<div class=\"wp-block-group alignfull has-background-background-color has-background has-global-padding is-layout-constrained wp-block-group-is-layout-constrained\" style=\"margin-top:0;margin-bottom:0;padding-top:0;padding-bottom:0\">\n<div class=\"wp-block-cover alignfull\" style=\"padding-top:0;padding-right:0;padding-bottom:0;padding-left:0;min-height:20vh;aspect-ratio:unset;\"><img loading=\"lazy\" decoding=\"async\" width=\"6005\" height=\"4003\" class=\"wp-block-cover__image-background wp-image-773 size-full\" alt=\"Noruega Motociclismo Telemark\" src=\"https:\/\/telemarkmcutleie.no\/wp-content\/uploads\/2025\/10\/DSC01291-mini2.jpg\" data-object-fit=\"cover\"\/><span aria-hidden=\"true\" class=\"wp-block-cover__background has-black-background-color has-background-dim\"><\/span><div class=\"wp-block-cover__inner-container is-layout-flow wp-block-cover-is-layout-flow\">\n<div class=\"wp-block-group has-global-padding is-layout-constrained wp-container-core-group-is-layout-dc79e9a9 wp-block-group-is-layout-constrained\" style=\"min-height:20vh;padding-top:var(--wp--preset--spacing--60);padding-right:var(--wp--preset--spacing--30);padding-bottom:var(--wp--preset--spacing--60);padding-left:var(--wp--preset--spacing--30)\">\n<h1 class=\"wp-block-heading has-text-align-center has-text-color has-x-large-font-size\" style=\"color:#fffffffc\">Experimente el Telemark sobre dos ruedas<\/h1>\n<\/div>\n<\/div><\/div>\n<\/div>\n\n\n\n<div class=\"wp-block-group alignfull has-tertiary-background-color has-background has-global-padding is-layout-constrained wp-container-core-group-is-layout-7276a2bb wp-block-group-is-layout-constrained\" id=\"om-oss\" style=\"margin-top:0;margin-bottom:0;padding-top:var(--wp--preset--spacing--60);padding-right:var(--wp--preset--spacing--30);padding-bottom:var(--wp--preset--spacing--60);padding-left:var(--wp--preset--spacing--30)\">\n<div class=\"wp-block-columns alignwide are-vertically-aligned-center is-layout-flex wp-container-core-columns-is-layout-47c06fe3 wp-block-columns-is-layout-flex\">\n<div class=\"wp-block-column is-vertically-aligned-center is-layout-flow wp-block-column-is-layout-flow\" style=\"flex-basis:33.3%\">\n<h2 class=\"wp-block-heading has-text-align-left has-large-font-size\">\u00bfQui\u00e9n es Telemark MC Utleie?<\/h2>\n\n\n\n<p style=\"margin-top:16px\">Telemark MC Utleie fue fundada en 2025 por Frank y Hege - dos motociclistas apasionados con muchas horas y kil\u00f3metros sobre dos ruedas. Nuestra visi\u00f3n es facilitar que la gente experimente la libertad y la alegr\u00eda de montar en moto en la hermosa Telemark.<\/p>\n\n\n\n<p>Nos dedicamos a ofrecer experiencias en moto seguras y divertidas en Telemark, centr\u00e1ndonos en precios competitivos y accesibilidad tanto para turistas como para locales.&nbsp;<\/p>\n\n\n\n<p>Todas nuestras motos est\u00e1n cubiertas por un seguro a todo riesgo y una p\u00f3liza de seguro espec\u00edficamente dise\u00f1ada para el alquiler. Esto le da tanto a usted como arrendatario como a nosotros como arrendador una tranquilidad extra en caso de accidente. Tambi\u00e9n garantizamos el seguimiento de las motos en talleres de la marca. Las revisiones peri\u00f3dicas y los controles exhaustivos garantizan que las motocicletas est\u00e9n siempre en las mejores condiciones t\u00e9cnicas.<\/p>\n<\/div>\n\n\n\n<div class=\"wp-block-column is-vertically-aligned-center is-layout-flow wp-container-core-column-is-layout-f5bb311e wp-block-column-is-layout-flow\" style=\"flex-basis:50%\">\n<figure class=\"wp-block-gallery has-nested-images columns-default is-cropped wp-block-gallery-1 is-layout-flex wp-block-gallery-is-layout-flex\">\n<figure class=\"wp-block-image size-full\"><img loading=\"lazy\" decoding=\"async\" width=\"2856\" height=\"2142\" data-id=\"386\" src=\"https:\/\/telemarkmcutleie.no\/wp-content\/uploads\/2025\/02\/IMG_0202-1.jpg\" alt=\"\" class=\"wp-image-386\" style=\"aspect-ratio:3\/4;object-fit:cover\"\/><\/figure>\n\n\n\n<figure class=\"wp-block-image size-full is-style-default\"><img loading=\"lazy\" decoding=\"async\" width=\"1920\" height=\"1440\" data-id=\"366\" src=\"https:\/\/telemarkmcutleie.no\/wp-content\/uploads\/2025\/02\/thumbnail_IMG_9413.jpg\" alt=\"\" class=\"wp-image-366\" style=\"aspect-ratio:3\/4;object-fit:cover\"\/><\/figure>\n<\/figure>\n<\/div>\n<\/div>\n<\/div>\n\n\n\n<div class=\"wp-block-group alignfull has-background-background-color has-background has-global-padding is-layout-constrained wp-container-core-group-is-layout-7276a2bb wp-block-group-is-layout-constrained\" id=\"lag\" style=\"margin-top:0;margin-bottom:0;padding-top:var(--wp--preset--spacing--60);padding-right:var(--wp--preset--spacing--30);padding-bottom:var(--wp--preset--spacing--60);padding-left:var(--wp--preset--spacing--30)\">\n<div class=\"wp-block-group alignwide has-global-padding is-content-justification-left is-layout-constrained wp-container-core-group-is-layout-8b4c372c wp-block-group-is-layout-constrained\">\n<h2 class=\"wp-block-heading has-text-align-left\">Nuestros socios<\/h2>\n\n\n\n<p class=\"has-text-align-left\">Las grandes experiencias rara vez se crean solas. Por eso colaboramos con actores serios y con experiencia en el sector de la motocicleta y del turismo, que comparten nuestra visi\u00f3n de la calidad, la seguridad y el aut\u00e9ntico placer de conducci\u00f3n.<\/p>\n\n\n\n<p class=\"has-text-align-left\">Nuestros socios contribuyen a mejores soluciones, ventajas locales y una oferta m\u00e1s completa para quienes alquilan una motocicleta con nosotros. La lista a continuaci\u00f3n crece al mismo ritmo que nuestra empresa.<\/p>\n<\/div>\n<\/div>\n\n\n\n<div class=\"wp-block-media-text alignwide has-media-on-the-right is-stacked-on-mobile is-vertically-aligned-center is-style-ext-preset--media-text--natural-1--card-1 is-style-ext-preset--media-text--natural-1--card-1--2\" style=\"margin-top:0;margin-bottom:0;padding-top:var(--wp--preset--spacing--30);padding-right:var(--wp--preset--spacing--30);padding-bottom:var(--wp--preset--spacing--30);padding-left:var(--wp--preset--spacing--30);grid-template-columns:auto 33%\"><div class=\"wp-block-media-text__content\">\n<h2 class=\"wp-block-heading has-text-align-center\">First Camp Norsj\u00f8<\/h2>\n\n\n\n<p class=\"has-text-align-center\">Colaboramos estrechamente con el fant\u00e1stico camping First Camp Norsj\u00f8. Aqu\u00ed puedes reservar caba\u00f1as y parcelas para tiendas o aparcar autocaravanas y caravanas. First Camp Norsj\u00f8 tiene una de las instalaciones de wakeboard m\u00e1s grandes de Europa y muchas otras actividades para grandes y peque\u00f1os.<\/p>\n\n\n\n<p class=\"has-text-align-center\">Dado que tanto Telemark MC Utleie como First Camp Norsj\u00f8 se encuentran en la misma zona, es muy f\u00e1cil combinar el camping con excursiones en motocicleta.<\/p>\n\n\n\n<div class=\"wp-block-buttons is-content-justification-center is-layout-flex wp-container-core-buttons-is-layout-a89b3969 wp-block-buttons-is-layout-flex\">\n<div class=\"wp-block-button\"><a class=\"wp-block-button__link wp-element-button\" href=\"https:\/\/en.firstcamp.se\/destinations\/norsjo-telemark?fcCountry=no&amp;fcLanguage=English\" target=\"_blank\" rel=\"noreferrer noopener\">\u00a1Visita First Camp Norsj\u00f8 aqu\u00ed!<\/a><\/div>\n<\/div>\n<\/div><figure class=\"wp-block-media-text__media\"><img loading=\"lazy\" decoding=\"async\" width=\"900\" height=\"600\" src=\"https:\/\/telemarkmcutleie.no\/wp-content\/uploads\/2026\/01\/First_Camp_logo_red.png\" alt=\"First_Camp_Logo\" class=\"wp-image-2412 size-full\"\/><\/figure><\/div>\n\n\n\n<div class=\"wp-block-media-text alignwide has-media-on-the-right is-stacked-on-mobile is-style-ext-preset--media-text--natural-1--card-1 is-style-ext-preset--media-text--natural-1--card-1--3\" style=\"padding-top:var(--wp--preset--spacing--30);padding-right:var(--wp--preset--spacing--30);padding-bottom:var(--wp--preset--spacing--30);padding-left:var(--wp--preset--spacing--30);grid-template-columns:auto 33%\"><div class=\"wp-block-media-text__content\">\n<h2 class=\"wp-block-heading has-text-align-center\">Vito MC Tours<\/h2>\n\n\n\n<p class=\"has-text-align-center\">Colaboramos con VITO MC Tours, que ofrece viajes guiados en motocicleta, profesionales y bien planificados en Noruega y Europa. Las rutas est\u00e1n dirigidas por un gu\u00eda experimentado con un profundo conocimiento local y un enfoque en buenas carreteras, la seguridad y experiencias completas.<\/p>\n\n\n\n<p class=\"has-text-align-center\">Esta es una excelente opci\u00f3n para quienes desean unas vacaciones en motocicleta con gu\u00eda, ya sea en Noruega o en viajes m\u00e1s largos por Europa. La colaboraci\u00f3n permite combinar el alquiler de motocicletas en Telemark con rutas organizadas en moto para una experiencia completa y sin preocupaciones.<\/p>\n\n\n\n<div class=\"wp-block-buttons is-content-justification-center is-layout-flex wp-container-core-buttons-is-layout-a89b3969 wp-block-buttons-is-layout-flex\">\n<div class=\"wp-block-button\"><a class=\"wp-block-button__link wp-element-button\" href=\"https:\/\/vitomctours.com\/\" target=\"_blank\" rel=\"noreferrer noopener\">\u00a1Visita VITO MC Tours aqu\u00ed!<\/a><\/div>\n<\/div>\n<\/div><figure class=\"wp-block-media-text__media\"><img loading=\"lazy\" decoding=\"async\" width=\"1024\" height=\"650\" src=\"https:\/\/telemarkmcutleie.no\/wp-content\/uploads\/2026\/01\/Vito-MC-Tours.png\" alt=\"Vito-MC-Tours\" class=\"wp-image-2417 size-full\"\/><\/figure><\/div>\n\n\n\n<div class=\"wp-block-media-text alignwide has-media-on-the-right is-stacked-on-mobile is-style-ext-preset--media-text--natural-1--card-1 is-style-ext-preset--media-text--natural-1--card-1--4\" style=\"padding-top:var(--wp--preset--spacing--30);padding-right:var(--wp--preset--spacing--30);padding-bottom:var(--wp--preset--spacing--30);padding-left:var(--wp--preset--spacing--30);grid-template-columns:auto 33%\"><div class=\"wp-block-media-text__content\">\n<h2 class=\"wp-block-heading has-text-align-center\">Mad or Nomad<\/h2>\n\n\n\n<p class=\"has-text-align-center\">Colaboramos con Andy y Alissa de <strong>Mad or Nomad<\/strong>, dos motociclistas experimentados que recorren el mundo en moto desde 2018. Con varias d\u00e9cadas de experiencia en viajes de larga distancia en motocicleta y con experiencia en pruebas profesionales de motocicletas de aventura y equipamiento, comparten gu\u00edas pr\u00e1cticas, consejos y experiencias para motociclistas de todo el mundo.<\/p>\n\n\n\n<p class=\"has-text-align-center\">Su enfoque independiente y su experiencia de la vida en la carretera los convierten en un recurso valioso para los motociclistas que planean aventuras en Noruega y el resto de Europa, y encajan bien con nuestro enfoque en experiencias de conducci\u00f3n aut\u00e9nticas.<\/p>\n\n\n\n<div class=\"wp-block-buttons is-content-justification-center is-layout-flex wp-container-core-buttons-is-layout-a89b3969 wp-block-buttons-is-layout-flex\">\n<div class=\"wp-block-button\"><a class=\"wp-block-button__link wp-element-button\" href=\"https:\/\/www.madornomad.com\/\" target=\"_blank\" rel=\"noreferrer noopener\">\u00a1Visita Mad or Nomad aqu\u00ed!<\/a><\/div>\n<\/div>\n<\/div><figure class=\"wp-block-media-text__media\"><img loading=\"lazy\" decoding=\"async\" width=\"600\" height=\"400\" src=\"https:\/\/telemarkmcutleie.no\/wp-content\/uploads\/2026\/01\/Mad-or-Nomad-logo.png\" alt=\"Mad-or-Nomad-logo\" class=\"wp-image-2434 size-full\"\/><\/figure><\/div>\n\n\n\n<p><\/p>","protected":false},"excerpt":{"rendered":"<p>Hvem er Telemark MC Utleie? Telemark MC Utleie ble stiftet i 2025 av Frank og Hege &#8211; to lidenskapelige motorsyklister med mange timer og mil p\u00e5 to hjul. V\u00e5r visjon er \u00e5 gj\u00f8re det enklere for folk \u00e5 oppleve friheten og gleden ved motorsykkelkj\u00f8ring i vakre Telemark. Vi er dedikerte til \u00e5 tilby sikre og [&hellip;]<\/p>","protected":false},"author":1,"featured_media":0,"parent":0,"menu_order":0,"comment_status":"closed","ping_status":"closed","template":"no-title","meta":{"om_disable_all_campaigns":false,"_uag_custom_page_level_css":"","_monsterinsights_skip_tracking":false,"_monsterinsights_sitenote_active":false,"_monsterinsights_sitenote_note":"","_monsterinsights_sitenote_category":0,"_uf_show_specific_survey":0,"_uf_disable_surveys":false,"footnotes":""},"class_list":["post-22","page","type-page","status-publish","hentry"],"aioseo_notices":[],"uagb_featured_image_src":{"full":false,"thumbnail":false,"medium":false,"medium_large":false,"large":false,"1536x1536":false,"2048x2048":false,"trp-custom-language-flag":false,"woocommerce_thumbnail":false,"woocommerce_single":false,"woocommerce_gallery_thumbnail":false},"uagb_author_info":{"display_name":"admin","author_link":"https:\/\/telemarkmcutleie.no\/es\/author\/admin\/"},"uagb_comment_info":0,"uagb_excerpt":"Hvem er Telemark MC Utleie? Telemark MC Utleie ble stiftet i 2025 av Frank og Hege &#8211; to lidenskapelige motorsyklister med mange timer og mil p\u00e5 to hjul. V\u00e5r visjon er \u00e5 gj\u00f8re det enklere for folk \u00e5 oppleve friheten og gleden ved motorsykkelkj\u00f8ring i vakre Telemark. Vi er dedikerte til \u00e5 tilby sikre og&hellip;","jetpack_sharing_enabled":true,"_links":{"self":[{"href":"https:\/\/telemarkmcutleie.no\/es\/wp-json\/wp\/v2\/pages\/22","targetHints":{"allow":["GET"]}}],"collection":[{"href":"https:\/\/telemarkmcutleie.no\/es\/wp-json\/wp\/v2\/pages"}],"about":[{"href":"https:\/\/telemarkmcutleie.no\/es\/wp-json\/wp\/v2\/types\/page"}],"author":[{"embeddable":true,"href":"https:\/\/telemarkmcutleie.no\/es\/wp-json\/wp\/v2\/users\/1"}],"replies":[{"embeddable":true,"href":"https:\/\/telemarkmcutleie.no\/es\/wp-json\/wp\/v2\/comments?post=22"}],"version-history":[{"count":51,"href":"https:\/\/telemarkmcutleie.no\/es\/wp-json\/wp\/v2\/pages\/22\/revisions"}],"predecessor-version":[{"id":2448,"href":"https:\/\/telemarkmcutleie.no\/es\/wp-json\/wp\/v2\/pages\/22\/revisions\/2448"}],"wp:attachment":[{"href":"https:\/\/telemarkmcutleie.no\/es\/wp-json\/wp\/v2\/media?parent=22"}],"curies":[{"name":"wp","href":"https:\/\/api.w.org\/{rel}","templated":true}]}}