{"id":20,"date":"2025-01-14T19:49:35","date_gmt":"2025-01-14T18:49:35","guid":{"rendered":"http:\/\/telemarkmcutleie.no.datasenter.no\/prisliste\/"},"modified":"2026-02-09T21:48:58","modified_gmt":"2026-02-09T20:48:58","slug":"precios","status":"publish","type":"page","link":"https:\/\/telemarkmcutleie.no\/es\/precios\/","title":{"rendered":"Lista de precios"},"content":{"rendered":"<div class=\"wp-block-group alignfull has-background-background-color has-background has-global-padding is-layout-constrained wp-block-group-is-layout-constrained\" style=\"margin-top:0;margin-bottom:0;padding-top:0;padding-bottom:0\">\n<div class=\"wp-block-cover alignfull\" style=\"padding-top:0;padding-right:0;padding-bottom:0;padding-left:0;min-height:20vh;aspect-ratio:unset;\"><img loading=\"lazy\" decoding=\"async\" width=\"6005\" height=\"4003\" class=\"wp-block-cover__image-background wp-image-773 size-full\" alt=\"Noruega Motociclismo Telemark\" src=\"https:\/\/telemarkmcutleie.no\/wp-content\/uploads\/2025\/10\/DSC01291-mini2.jpg\" data-object-fit=\"cover\"\/><span aria-hidden=\"true\" class=\"wp-block-cover__background has-black-background-color has-background-dim\"><\/span><div class=\"wp-block-cover__inner-container is-layout-flow wp-block-cover-is-layout-flow\">\n<div class=\"wp-block-group has-global-padding is-layout-constrained wp-container-core-group-is-layout-dc79e9a9 wp-block-group-is-layout-constrained\" style=\"padding-top:var(--wp--preset--spacing--60);padding-right:var(--wp--preset--spacing--30);padding-bottom:var(--wp--preset--spacing--60);padding-left:var(--wp--preset--spacing--30)\">\n<h1 class=\"wp-block-heading has-text-align-center has-text-color has-x-large-font-size\" style=\"color:#fffffffc\">Experimente el Telemark sobre dos ruedas<\/h1>\n<\/div>\n<\/div><\/div>\n<\/div>\n\n\n\n<div class=\"wp-block-group alignfull has-tertiary-background-color has-background has-global-padding is-layout-constrained wp-container-core-group-is-layout-254d6575 wp-block-group-is-layout-constrained\" id=\"priser\" style=\"margin-top:0;margin-bottom:0;padding-top:var(--wp--preset--spacing--60);padding-right:var(--wp--preset--spacing--30);padding-bottom:var(--wp--preset--spacing--60);padding-left:var(--wp--preset--spacing--30)\">\n<div class=\"wp-block-group alignwide has-global-padding is-content-justification-left is-layout-constrained wp-container-core-group-is-layout-8b4c372c wp-block-group-is-layout-constrained\">\n<h2 class=\"wp-block-heading has-text-align-left has-large-font-size\">Precios asequibles en el alquiler de motos<\/h2>\n\n\n\n<p class=\"has-text-align-left\" style=\"margin-top:16px\">Inf\u00f3rmese sobre nuestras tarifas de alquiler y descubra las ventajas de cada soluci\u00f3n.<\/p>\n<\/div>\n\n\n\n<div class=\"wp-block-columns alignwide is-layout-flex wp-container-core-columns-is-layout-e1fea541 wp-block-columns-is-layout-flex\" style=\"margin-top:var(--wp--preset--spacing--50)\">\n<div class=\"wp-block-column has-background-background-color has-background is-layout-flow wp-block-column-is-layout-flow\">\n<div class=\"wp-block-group has-global-padding is-layout-constrained wp-container-core-group-is-layout-eb524166 wp-block-group-is-layout-constrained\" style=\"padding-top:var(--wp--preset--spacing--40);padding-right:var(--wp--preset--spacing--30);padding-bottom:var(--wp--preset--spacing--40);padding-left:var(--wp--preset--spacing--30)\">\n<h2 class=\"wp-block-heading has-text-align-left\" style=\"margin-top:12px\">Desde 1.500 NOK<\/h2>\n\n\n\n<h3 class=\"wp-block-heading has-text-align-left\" style=\"margin-top:16px;font-size:clamp(14px, 0.875rem + ((1vw - 3.2px) * 0.625), 20px);\">1-2 d\u00edas:<\/h3>\n\n\n\n<p class=\"has-text-align-left\">La Honda NX500 se alquila por 1.500 NOK al d\u00eda (500 km diarios incluidos)<\/p>\n\n\n\n<p class=\"has-text-align-left\">La KTM 390 Adventure R se alquila por 1.500 NOK por d\u00eda (500 km incluidos por d\u00eda).<\/p>\n\n\n\n<p class=\"has-text-align-left\">La Honda CB650R se alquila por 1.700 NOK por d\u00eda (500 km incluidos por d\u00eda).<\/p>\n\n\n\n<p>Honda CB750 Hornet se alquila por 1 700 NOK al d\u00eda (500 km incluidos al d\u00eda)<\/p>\n\n\n\n<p>Triumph Tiger Sport 800 se alquila por 1.900 NOK al d\u00eda (500 km diarios incluidos)<\/p>\n<\/div>\n<\/div>\n\n\n\n<div class=\"wp-block-column has-background-background-color has-background is-layout-flow wp-block-column-is-layout-flow\">\n<div class=\"wp-block-group has-global-padding is-layout-constrained wp-container-core-group-is-layout-eb524166 wp-block-group-is-layout-constrained\" style=\"padding-top:var(--wp--preset--spacing--40);padding-right:var(--wp--preset--spacing--30);padding-bottom:var(--wp--preset--spacing--40);padding-left:var(--wp--preset--spacing--30)\">\n<h2 class=\"wp-block-heading has-text-align-left\" style=\"margin-top:12px\">Desde 1.300 NOK<\/h2>\n\n\n\n<h3 class=\"wp-block-heading has-text-align-left\" style=\"margin-top:16px;font-size:clamp(14px, 0.875rem + ((1vw - 3.2px) * 0.625), 20px);\">De 3 a 6 d\u00edas:<\/h3>\n\n\n\n<p>La Honda NX500 se alquila por 1.300 NOK al d\u00eda para un alquiler continuado de 3 a 6 d\u00edas (500 km diarios incluidos).<\/p>\n\n\n\n<p>La KTM 390 Adventure R se alquila por 1.300 NOK por d\u00eda para alquileres continuos de 3 a 6 d\u00edas (500 km incluidos por d\u00eda).<\/p>\n\n\n\n<p>La Honda CB650R se alquila por 1.500 NOK por d\u00eda para alquileres continuos de 3 a 6 d\u00edas (500 km incluidos por d\u00eda).<\/p>\n\n\n\n<p>La Honda CB750 Hornet se alquila por 1.500 NOK al d\u00eda para alquileres consecutivos de 3 a 6 d\u00edas (500 km incluidos al d\u00eda).<\/p>\n\n\n\n<p>La Triumph Tiger Sport 800 se alquila por 1.700 NOK al d\u00eda para alquileres consecutivos de 3 a 6 d\u00edas (500 km incluidos al d\u00eda).<\/p>\n<\/div>\n<\/div>\n\n\n\n<div class=\"wp-block-column has-background-background-color has-background is-layout-flow wp-block-column-is-layout-flow\">\n<div class=\"wp-block-group has-global-padding is-layout-constrained wp-container-core-group-is-layout-eb524166 wp-block-group-is-layout-constrained\" style=\"padding-top:var(--wp--preset--spacing--40);padding-right:var(--wp--preset--spacing--30);padding-bottom:var(--wp--preset--spacing--40);padding-left:var(--wp--preset--spacing--30)\">\n<h2 class=\"wp-block-heading has-text-align-left\" style=\"margin-top:12px\">Desde 1.100 NOK<\/h2>\n\n\n\n<h3 class=\"wp-block-heading has-text-align-left\" style=\"margin-top:16px;font-size:clamp(14px, 0.875rem + ((1vw - 3.2px) * 0.625), 20px);\">M\u00e1s de 7 d\u00edas:<\/h3>\n\n\n\n<p>La Honda NX500 se alquila por 1.100 NOK al d\u00eda por un alquiler continuado de m\u00e1s de 7 d\u00edas (500 km al d\u00eda incluidos).<\/p>\n\n\n\n<p>La KTM 390 Adventure R se alquila por 1.100 NOK por d\u00eda para alquileres continuos de 7 d\u00edas o m\u00e1s (500 km incluidos por d\u00eda).<\/p>\n\n\n\n<p>La Honda CB650R se alquila por 1.300 NOK por d\u00eda para alquileres continuos de 7 d\u00edas o m\u00e1s (500 km incluidos por d\u00eda).<\/p>\n\n\n\n<p>La Honda CB750 Hornet se alquila por 1.300 NOK al d\u00eda por un alquiler continuado de m\u00e1s de 7 d\u00edas (500 km al d\u00eda incluidos).<\/p>\n\n\n\n<p>La Triumph Tiger Sport 800 se puede alquilar por 1.500 NOK al d\u00eda por un alquiler continuado de m\u00e1s de 7 d\u00edas (500 km al d\u00eda incluidos).<\/p>\n<\/div>\n<\/div>\n<\/div>\n<\/div>\n\n\n\n<div class=\"wp-block-group alignfull has-background-background-color has-background has-global-padding is-layout-constrained wp-container-core-group-is-layout-68d5e5bb wp-block-group-is-layout-constrained\" id=\"funksjoner\" style=\"margin-top:0;margin-bottom:0;padding-top:var(--wp--preset--spacing--50);padding-right:var(--wp--preset--spacing--30);padding-bottom:var(--wp--preset--spacing--60);padding-left:var(--wp--preset--spacing--30)\">\n<div class=\"wp-block-group alignwide has-global-padding is-content-justification-left is-layout-constrained wp-container-core-group-is-layout-12dd3699 wp-block-group-is-layout-constrained\">\n<h2 class=\"wp-block-heading has-large-font-size\">Explore la hermosa naturaleza de Telemark<\/h2>\n\n\n\n<p style=\"margin-top:16px\">Breve descripci\u00f3n de nuestros principales servicios<\/p>\n<\/div>\n\n\n\n<div class=\"wp-block-columns alignwide is-layout-flex wp-container-core-columns-is-layout-47c06fe3 wp-block-columns-is-layout-flex\">\n<div class=\"wp-block-column is-layout-flow wp-block-column-is-layout-flow\">\n<figure class=\"wp-block-image size-full\"><img loading=\"lazy\" decoding=\"async\" width=\"481\" height=\"640\" src=\"https:\/\/telemarkmcutleie.no\/wp-content\/uploads\/2025\/01\/8.jpg\" alt=\"\" class=\"wp-image-242\" style=\"aspect-ratio:1;object-fit:cover\"\/><\/figure>\n<\/div>\n\n\n\n<div class=\"wp-block-column is-layout-flow wp-block-column-is-layout-flow\">\n<div class=\"wp-block-group has-global-padding is-layout-constrained wp-block-group-is-layout-constrained\">\n<h3 class=\"wp-block-heading\" style=\"font-size:clamp(14px, 0.875rem + ((1vw - 3.2px) * 0.625), 20px);line-height:1.5\">Accesibilidad <\/h3>\n\n\n\n<p class=\"has-small-font-size\" style=\"margin-top:8px\">Estamos a su disposici\u00f3n todos los d\u00edas de 07.00 a 23.00 horas. <\/p>\n<\/div>\n\n\n\n<div class=\"wp-block-group has-global-padding is-layout-constrained wp-block-group-is-layout-constrained\">\n<h3 class=\"wp-block-heading\" style=\"font-size:clamp(14px, 0.875rem + ((1vw - 3.2px) * 0.625), 20px);line-height:1.5\">Seguridad y protecci\u00f3n<\/h3>\n\n\n\n<p class=\"has-small-font-size\" style=\"margin-top:8px\">Los cascos y el equipo de conducci\u00f3n est\u00e1n incluidos en el alquiler.<\/p>\n<\/div>\n\n\n\n<div class=\"wp-block-group has-global-padding is-layout-constrained wp-block-group-is-layout-constrained\">\n<h3 class=\"wp-block-heading\" style=\"font-size:clamp(14px, 0.875rem + ((1vw - 3.2px) * 0.625), 20px);line-height:1.5\">Exploraci\u00f3n local<\/h3>\n\n\n\n<p class=\"has-small-font-size\" style=\"margin-top:8px\">Descubra los lugares de inter\u00e9s y las rutas locales<\/p>\n<\/div>\n<\/div>\n\n\n\n<div class=\"wp-block-column is-layout-flow wp-block-column-is-layout-flow\">\n<div class=\"wp-block-group has-global-padding is-layout-constrained wp-block-group-is-layout-constrained\">\n<h3 class=\"wp-block-heading\" style=\"font-size:clamp(14px, 0.875rem + ((1vw - 3.2px) * 0.625), 20px);line-height:1.5\">Servicio personalizado<\/h3>\n\n\n\n<p class=\"has-small-font-size\" style=\"margin-top:8px\">Experiencias personalizadas para todos<\/p>\n<\/div>\n\n\n\n<div class=\"wp-block-group has-global-padding is-layout-constrained wp-block-group-is-layout-constrained\">\n<h3 class=\"wp-block-heading\" style=\"font-size:clamp(14px, 0.875rem + ((1vw - 3.2px) * 0.625), 20px);line-height:1.5\">Precios competitivos<\/h3>\n\n\n\n<p class=\"has-small-font-size\" style=\"margin-top:8px\">Descuentos para alquileres de larga duraci\u00f3n<\/p>\n\n\n\n<h3 class=\"wp-block-heading\" style=\"font-size:clamp(14px, 0.875rem + ((1vw - 3.2px) * 0.625), 20px);line-height:1.5\">Carrera de pr\u00e1ctica<\/h3>\n\n\n\n<p class=\"has-small-font-size\" style=\"margin-top:8px\">Ofrecemos alquiler gratuito de intercomunicadores y chalecos reflectantes<\/p>\n<\/div>\n<\/div>\n<\/div>\n<\/div>\n\n\n\n<div class=\"wp-block-group alignfull has-tertiary-background-color has-background has-global-padding is-layout-constrained wp-container-core-group-is-layout-7276a2bb wp-block-group-is-layout-constrained\" style=\"margin-top:0;margin-bottom:0;padding-top:var(--wp--preset--spacing--60);padding-right:var(--wp--preset--spacing--30);padding-bottom:var(--wp--preset--spacing--60);padding-left:var(--wp--preset--spacing--30)\">\n<div class=\"wp-block-columns alignwide has-background-background-color has-background is-layout-flex wp-container-core-columns-is-layout-7c9548a8 wp-block-columns-is-layout-flex\" style=\"padding-top:0;padding-right:0;padding-bottom:0;padding-left:0\">\n<div class=\"wp-block-column is-vertically-aligned-stretch is-layout-flow wp-block-column-is-layout-flow\" style=\"flex-basis:40%\">\n<div class=\"wp-block-cover\" style=\"min-height:100%;aspect-ratio:unset;\"><img loading=\"lazy\" decoding=\"async\" width=\"481\" height=\"640\" class=\"wp-block-cover__image-background wp-image-244\" alt=\"\" src=\"https:\/\/telemarkmcutleie.no\/wp-content\/uploads\/2025\/01\/9-1.jpg\" data-object-fit=\"cover\"\/><span aria-hidden=\"true\" class=\"wp-block-cover__background has-background-dim-0 has-background-dim\" style=\"background-color:#627083\"><\/span><div class=\"wp-block-cover__inner-container is-layout-flow wp-block-cover-is-layout-flow\">\n<div style=\"height:240px\" aria-hidden=\"true\" class=\"wp-block-spacer\"><\/div>\n<\/div><\/div>\n<\/div>\n\n\n\n<div class=\"wp-block-column is-vertically-aligned-center is-layout-flow wp-block-column-is-layout-flow\">\n<div class=\"wp-block-group has-global-padding is-layout-constrained wp-container-core-group-is-layout-301020a0 wp-block-group-is-layout-constrained\" style=\"padding-top:var(--wp--preset--spacing--50);padding-right:var(--wp--preset--spacing--50);padding-bottom:var(--wp--preset--spacing--50);padding-left:var(--wp--preset--spacing--50)\">\n<h2 class=\"wp-block-heading has-large-font-size\">Alquiler seguro de motos para aventureros<\/h2>\n\n\n\n<p style=\"margin-top:16px\">Contacta con nosotros y experimenta las ventajas del alquiler de motos en Telemark.<\/p>\n<\/div>\n<\/div>\n<\/div>\n<\/div>","protected":false},"excerpt":{"rendered":"<p>Rimelige priser p\u00e5 motorsykkelleie Finn ut mer om v\u00e5re leiepriser og oppdag fordelene ved hver l\u00f8sning. Fra 1 500 kr 1-2 D\u00f8gn: Honda NX500 leies ut for 1 500 kr pr d\u00f8gn. (500 km inkl pr d\u00f8gn) KTM 390 Adventure R leies ut for 1 500 kr pr d\u00f8gn. (500 km inkl pr d\u00f8gn) Honda [&hellip;]<\/p>","protected":false},"author":1,"featured_media":0,"parent":0,"menu_order":0,"comment_status":"closed","ping_status":"closed","template":"no-title","meta":{"om_disable_all_campaigns":false,"_uag_custom_page_level_css":"","_monsterinsights_skip_tracking":false,"_monsterinsights_sitenote_active":false,"_monsterinsights_sitenote_note":"","_monsterinsights_sitenote_category":0,"_uf_show_specific_survey":0,"_uf_disable_surveys":false,"footnotes":""},"class_list":["post-20","page","type-page","status-publish","hentry"],"aioseo_notices":[],"uagb_featured_image_src":{"full":false,"thumbnail":false,"medium":false,"medium_large":false,"large":false,"1536x1536":false,"2048x2048":false,"trp-custom-language-flag":false,"woocommerce_thumbnail":false,"woocommerce_single":false,"woocommerce_gallery_thumbnail":false},"uagb_author_info":{"display_name":"admin","author_link":"https:\/\/telemarkmcutleie.no\/es\/author\/admin\/"},"uagb_comment_info":0,"uagb_excerpt":"Rimelige priser p\u00e5 motorsykkelleie Finn ut mer om v\u00e5re leiepriser og oppdag fordelene ved hver l\u00f8sning. Fra 1 500 kr 1-2 D\u00f8gn: Honda NX500 leies ut for 1 500 kr pr d\u00f8gn. (500 km inkl pr d\u00f8gn) KTM 390 Adventure R leies ut for 1 500 kr pr d\u00f8gn. (500 km inkl pr d\u00f8gn) Honda&hellip;","jetpack_sharing_enabled":true,"_links":{"self":[{"href":"https:\/\/telemarkmcutleie.no\/es\/wp-json\/wp\/v2\/pages\/20","targetHints":{"allow":["GET"]}}],"collection":[{"href":"https:\/\/telemarkmcutleie.no\/es\/wp-json\/wp\/v2\/pages"}],"about":[{"href":"https:\/\/telemarkmcutleie.no\/es\/wp-json\/wp\/v2\/types\/page"}],"author":[{"embeddable":true,"href":"https:\/\/telemarkmcutleie.no\/es\/wp-json\/wp\/v2\/users\/1"}],"replies":[{"embeddable":true,"href":"https:\/\/telemarkmcutleie.no\/es\/wp-json\/wp\/v2\/comments?post=20"}],"version-history":[{"count":30,"href":"https:\/\/telemarkmcutleie.no\/es\/wp-json\/wp\/v2\/pages\/20\/revisions"}],"predecessor-version":[{"id":2602,"href":"https:\/\/telemarkmcutleie.no\/es\/wp-json\/wp\/v2\/pages\/20\/revisions\/2602"}],"wp:attachment":[{"href":"https:\/\/telemarkmcutleie.no\/es\/wp-json\/wp\/v2\/media?parent=20"}],"curies":[{"name":"wp","href":"https:\/\/api.w.org\/{rel}","templated":true}]}}