{"id":644,"date":"2025-08-26T21:24:14","date_gmt":"2025-08-26T19:24:14","guid":{"rendered":"https:\/\/telemarkmcutleie.no\/?page_id=644"},"modified":"2025-10-07T20:50:52","modified_gmt":"2025-10-07T18:50:52","slug":"privacy-policy-for-telemark-mc-utleie","status":"publish","type":"page","link":"https:\/\/telemarkmcutleie.no\/en\/privacy-policy-for-telemark-mc-utleie\/","title":{"rendered":"Privacy Policy for Telemark MC Utleie"},"content":{"rendered":"<p><\/p>\n\n\n\n<p><\/p>\n\n\n\n<p>Last updated: 26.08.2025 <\/p>\n\n\n\n<p>elemark MC Utleie, org. no. 934 828 275, is the data controller for personal data we collect when you visit our website or rent a motorcycle from us. We take your privacy seriously and process personal data in accordance with applicable laws (GDPR and the Norwegian Personal Data Act).\n\n1. What information we collect\n\nWe may collect the following personal data:\n\nContact information: name, address, phone number, e-mail.\n\nPayment information: via Vipps or card payment (not stored by us, handled by our payment provider).\n\nRental data: driver\u2019s license details (to verify eligibility), pick-up and return time, deposit.\n\nCommunication: inquiries by e-mail, phone or contact form.\n\nTechnical data: anonymous information about website usage (cookies\/statistics via Google Analytics or equivalent).\n\n2. How we use the information\n\nTo process and confirm your booking.\n\nTo deliver and invoice services.\n\nTo handle deposits, damages or disputes.\n\nTo comply with legal obligations (e.g. bookkeeping).\n\nTo provide customer service and respond to inquiries.\n\nFor statistics and website improvements (anonymous data only).\n\n3. Sharing of information\n\nWe do not share personal data with others, except:\n\nPayment providers (Vipps, card acquirer) to process payments.\n\nInsurance company in case of accident\/damage requiring reporting.\n\nPublic authorities if legally required.\nWe never sell personal data to third parties.\n\n4. Storage period\n\nCustomer data: kept as long as necessary to fulfil the agreement and up to 5 years after last rental (bookkeeping rules).\n\nDriver\u2019s license copy: deleted immediately after the rental ends.\n\nInquiries by e-mail: stored for up to 12 months.\n\n5. Your rights\n\nYou have the right to:\n\nAccess the personal data we hold about you.\n\nRequest correction or deletion.\n\nRestrict or object to processing.\n\nWithdraw consent (if processing is based on consent).\n\nLodge a complaint with the Norwegian Data Protection Authority if you believe your data is being processed unlawfully.\n\n6. Cookies\n\nThe website uses cookies to improve your user experience and for statistics. You can disable cookies in your browser, but some functions may then stop working.\n\n7. Security\n\nWe protect your data with necessary technical and organizational measures to prevent loss, misuse or unauthorized access.\n\n8. Contact information\n\nIf you have questions about privacy or wish to exercise your rights, contact us at:\n\nTelemark MC Utleie\nAddress: Liagrendvegen 16, 3812 Akkerhaugen\nE-mail: post@telemarkmcutleie.no\n\nPhone: +47 98 12 77 25<\/p>\n\n\n\n<div class=\"wp-block-buttons is-layout-flex wp-block-buttons-is-layout-flex\">\n<div class=\"wp-block-button is-style-outline is-style-outline--1\"><a class=\"wp-block-button__link wp-element-button\" href=\"https:\/\/telemarkmcutleie.no\/en\/sales-and-rental-terms\/\">Read about terms of sale and rental<\/a><\/div>\n<\/div>\n\n\n\n<p><\/p>","protected":false},"excerpt":{"rendered":"<p>Sist oppdatert: 26.08.25 Telemark MC Utleie, org.nr. 934 828 275, er behandlingsansvarlig for personopplysninger vi samler inn n\u00e5r du bes\u00f8ker nettsiden v\u00e5r eller leier motorsykkel fra oss. Vi tar ditt personvern p\u00e5 alvor og behandler opplysninger i samsvar med gjeldende lover (GDPR og personopplysningsloven). \u2e3b 1. Hvilke opplysninger vi samler inn Vi kan samle inn [&hellip;]<\/p>","protected":false},"author":1,"featured_media":0,"parent":0,"menu_order":0,"comment_status":"closed","ping_status":"closed","template":"page-with-title","meta":{"om_disable_all_campaigns":false,"_uag_custom_page_level_css":"","_monsterinsights_skip_tracking":false,"_monsterinsights_sitenote_active":false,"_monsterinsights_sitenote_note":"","_monsterinsights_sitenote_category":0,"_uf_show_specific_survey":0,"_uf_disable_surveys":false,"footnotes":""},"class_list":["post-644","page","type-page","status-publish","hentry"],"aioseo_notices":[],"uagb_featured_image_src":{"full":false,"thumbnail":false,"medium":false,"medium_large":false,"large":false,"1536x1536":false,"2048x2048":false,"trp-custom-language-flag":false,"woocommerce_thumbnail":false,"woocommerce_single":false,"woocommerce_gallery_thumbnail":false},"uagb_author_info":{"display_name":"admin","author_link":"https:\/\/telemarkmcutleie.no\/en\/author\/admin\/"},"uagb_comment_info":0,"uagb_excerpt":"Sist oppdatert: 26.08.25 Telemark MC Utleie, org.nr. 934 828 275, er behandlingsansvarlig for personopplysninger vi samler inn n\u00e5r du bes\u00f8ker nettsiden v\u00e5r eller leier motorsykkel fra oss. Vi tar ditt personvern p\u00e5 alvor og behandler opplysninger i samsvar med gjeldende lover (GDPR og personopplysningsloven). \u2e3b 1. Hvilke opplysninger vi samler inn Vi kan samle inn&hellip;","jetpack_sharing_enabled":true,"_links":{"self":[{"href":"https:\/\/telemarkmcutleie.no\/en\/wp-json\/wp\/v2\/pages\/644","targetHints":{"allow":["GET"]}}],"collection":[{"href":"https:\/\/telemarkmcutleie.no\/en\/wp-json\/wp\/v2\/pages"}],"about":[{"href":"https:\/\/telemarkmcutleie.no\/en\/wp-json\/wp\/v2\/types\/page"}],"author":[{"embeddable":true,"href":"https:\/\/telemarkmcutleie.no\/en\/wp-json\/wp\/v2\/users\/1"}],"replies":[{"embeddable":true,"href":"https:\/\/telemarkmcutleie.no\/en\/wp-json\/wp\/v2\/comments?post=644"}],"version-history":[{"count":4,"href":"https:\/\/telemarkmcutleie.no\/en\/wp-json\/wp\/v2\/pages\/644\/revisions"}],"predecessor-version":[{"id":654,"href":"https:\/\/telemarkmcutleie.no\/en\/wp-json\/wp\/v2\/pages\/644\/revisions\/654"}],"wp:attachment":[{"href":"https:\/\/telemarkmcutleie.no\/en\/wp-json\/wp\/v2\/media?parent=644"}],"curies":[{"name":"wp","href":"https:\/\/api.w.org\/{rel}","templated":true}]}}