{"id":421,"date":"2025-03-27T21:45:54","date_gmt":"2025-03-27T20:45:54","guid":{"rendered":"https:\/\/telemarkmcutleie.no\/?page_id=421"},"modified":"2025-10-07T20:39:34","modified_gmt":"2025-10-07T18:39:34","slug":"recommended-routes","status":"publish","type":"page","link":"https:\/\/telemarkmcutleie.no\/en\/recommended-routes\/","title":{"rendered":"Recommended routes"},"content":{"rendered":"<div class=\"wp-block-group alignfull has-background-background-color has-background has-global-padding is-layout-constrained wp-container-core-group-is-layout-7276a2bb wp-block-group-is-layout-constrained\" style=\"border-top-width:1px;margin-top:0;margin-bottom:0;padding-top:var(--wp--preset--spacing--60);padding-right:var(--wp--preset--spacing--30);padding-bottom:var(--wp--preset--spacing--60);padding-left:var(--wp--preset--spacing--30)\">\n<div class=\"wp-block-group alignwide is-content-justification-left is-nowrap is-layout-flex wp-container-core-group-is-layout-fc9f69e7 wp-block-group-is-layout-flex\">\n<div class=\"wp-block-group alignwide has-global-padding is-content-justification-left is-layout-constrained wp-container-core-group-is-layout-12dd3699 wp-block-group-is-layout-constrained\">\n<h3 class=\"wp-block-heading\">Our recommendations<\/h3>\n\n\n\n<p style=\"margin-top:16px\">Telemark offers some of Norway's most varied and beautiful motorcycle routes - from deep forests to dramatic mountain passes and idyllic fjord arms. Here you will find some of our favorites.<\/p>\n<\/div>\n<\/div>\n\n\n\n<div class=\"wp-block-columns alignwide is-layout-flex wp-container-core-columns-is-layout-28f84493 wp-block-columns-is-layout-flex\">\n<div class=\"wp-block-column is-layout-flow wp-block-column-is-layout-flow\">\n<div class=\"wp-block-group has-global-padding is-layout-constrained wp-container-core-group-is-layout-47f75be7 wp-block-group-is-layout-constrained\" style=\"border-width:1px;margin-top:0;margin-bottom:0;padding-top:var(--wp--preset--spacing--30);padding-right:var(--wp--preset--spacing--30);padding-bottom:var(--wp--preset--spacing--30);padding-left:var(--wp--preset--spacing--30)\">\n<div class=\"wp-block-group is-content-justification-space-between is-nowrap is-layout-flex wp-container-core-group-is-layout-cb46ffcb wp-block-group-is-layout-flex\">\n<h3 class=\"wp-block-heading\" style=\"font-size:clamp(14px, 0.875rem + ((1vw - 3.2px) * 0.625), 20px);line-height:1.5\">Around Gaustatoppen.<\/h3>\n\n\n\n<p class=\"has-small-font-size\" style=\"margin-top:8px;text-transform:uppercase\">Length Approx. 170 km<\/p>\n<\/div>\n\n\n\n<p class=\"has-small-font-size\" style=\"margin-top:16px\">Notodden-Tuddal-Rjukan-Gransherad-Notodden.<\/p>\n\n\n\n<p>A classic motorcycle ride in Telemark. Start in Notodden and ride via Tuddal over the mountain to Rjukan. Enjoy the views of Gaustatoppen, take a break in Rjukan, and return via Gransherad. A day trip featuring curves, mountains and beautiful nature. <\/p>\n\n\n\n<div class=\"wp-block-buttons is-content-justification-right is-layout-flex wp-container-core-buttons-is-layout-d445cf74 wp-block-buttons-is-layout-flex\">\n<div class=\"wp-block-button is-style-outline is-style-outline--1\"><a class=\"wp-block-button__link wp-element-button\" href=\"https:\/\/maps.app.goo.gl\/BRvffLRpAQECyxdh8\" target=\"_blank\" rel=\"noreferrer noopener\">Download on Google Maps<\/a><\/div>\n<\/div>\n\n\n\n<span><a onclick=\"read_toggle(259191646, 'Les mer', 'Les mindre'); return false;\" class=\"read-link\" id=\"readlink259191646\" style=\"readlink\" href=\"#\">Read more<\/a><\/span>\n<div class=\"read_div\" id=\"read259191646\" style=\"display: none;\"> Although this trip can be completed in about 3.5 hours, we recommend setting aside at least 5-6 hours. There is a lot to see along the way, and you will usually need a break for lunch. <\/p>\n\n\n\n<p>Start the trip with a full tank of fuel at Notodden. On the way to Tuddal you will drive past Heddal Stave Church, which may be worth a stop. Before you reach Rjukan you will pass Gaustatoppen on the left. It takes about an hour to walk to the top for those who wish to do so.<\/p>\n\n\n\n<p> When you arrive in Rjukan, we recommend taking a food break. Here you can also consider trying Norway\u2019s highest bungee jump, but if that doesn\u2019t appeal to you, the Vemork Industrial Workers Museum is also located here. Vemork has more than 50,000 visitors each year and offers insight into both industrial history and wartime history.<\/p>\n\n\n\n<p>On the way out of Rjukan, you ride along Lake Tinn, which offers spectacular views. When you reach Gransherad, you can choose whether to ride straight down to the E134 or turn left onto Gransheradvegen to extend the trip a bit. Both routes will eventually take you back to Notodden.<\/p>\n\n\n\n<figure class=\"wp-block-image size-full\"><img loading=\"lazy\" decoding=\"async\" width=\"4284\" height=\"4948\" src=\"https:\/\/telemarkmcutleie.no\/wp-content\/uploads\/2025\/03\/IMG_08081-4.jpg\" alt=\"\" class=\"wp-image-542\"\/><\/figure>\n\n\n\n<p> <\/div>\n<\/div>\n<\/div>\n\n\n\n<div class=\"wp-block-column is-layout-flow wp-block-column-is-layout-flow\">\n<div class=\"wp-block-group has-global-padding is-layout-constrained wp-container-core-group-is-layout-23b1a4dc wp-block-group-is-layout-constrained\" style=\"border-width:1px;padding-top:var(--wp--preset--spacing--30);padding-right:var(--wp--preset--spacing--30);padding-bottom:var(--wp--preset--spacing--30);padding-left:var(--wp--preset--spacing--30)\">\n<div class=\"wp-block-group is-content-justification-space-between is-nowrap is-layout-flex wp-container-core-group-is-layout-cb46ffcb wp-block-group-is-layout-flex\">\n<h3 class=\"wp-block-heading\" style=\"font-size:clamp(14px, 0.875rem + ((1vw - 3.2px) * 0.625), 20px);line-height:1.5\">Fl\u00e5vann &amp; Seljordsvannet<\/h3>\n\n\n\n<p class=\"has-small-font-size\" style=\"margin-top:8px;text-transform:uppercase\">Length Approx. 120 km<\/p>\n<\/div>\n\n\n\n<p class=\"has-small-font-size\" style=\"margin-top:16px\">B\u00f8-Lunde-Kilen-Kviteseid-Seljord-B\u00f8.<\/p>\n\n\n\n<p>The road along Fl\u00e5vann is perfect whether you\u2019re looking for active, technical riding or just a relaxed Sunday trip. It\u2019s a winding road that snakes along Fl\u00e5vann with fantastic views. Take a short break in Kviteseid and ride back via Seljord.<\/p>\n\n\n\n<div class=\"wp-block-buttons is-content-justification-right is-layout-flex wp-container-core-buttons-is-layout-d445cf74 wp-block-buttons-is-layout-flex\">\n<div class=\"wp-block-button is-style-outline is-style-outline--2\"><a class=\"wp-block-button__link wp-element-button\" href=\"https:\/\/maps.app.goo.gl\/B4ashKnMBrJ9Eji2A\" target=\"_blank\" rel=\"noreferrer noopener\">Download on Google Maps<\/a><\/div>\n<\/div>\n\n\n\n<span><a onclick=\"read_toggle(1086600125, 'Les mer', 'Les mindre'); return false;\" class=\"read-link\" id=\"readlink1086600125\" style=\"readlink\" href=\"#\">Read more<\/a><\/span>\n<div class=\"read_div\" id=\"read1086600125\" style=\"display: none;\"> This trip normally takes 3\u20135 hours to complete. We recommend starting the ride with a full tank in B\u00f8.<\/p>\n\n\n\n<p>Ride from B\u00f8 to Kilen via Lunde, then turn left onto \u00d8sten\u00e5vegen. You will now find yourself on one of the best motorcycle roads in Telemark. From here, it\u2019s just a matter of enjoying the views across Fl\u00e5vann.<\/p>\n\n\n\n<p>Turn right after Fj\u00e5gesund Bridge and continue along Lake Kviteseid. When you reach Kviteseidvegen, you may consider taking a detour up to Vr\u00e5dal to visit Straand Hotel, which is a popular meeting place for motorcyclists.<\/p>\n\n\n\n<p>When you arrive in Kviteseid, it may be a good idea to take a food break if you didn\u2019t have a meal at Straand Hotel. You then ride on to Seljord. In Seljord, you can either return to B\u00f8 via Rv36 or try the slightly more demanding road that runs along Garvikstrondi.<\/p>\n\n\n\n<figure class=\"wp-block-image size-full is-resized\"><img loading=\"lazy\" decoding=\"async\" width=\"481\" height=\"555\" src=\"https:\/\/telemarkmcutleie.no\/wp-content\/uploads\/2025\/03\/8.jpg\" alt=\"\" class=\"wp-image-551\" style=\"width:558px;height:auto\"\/><\/figure>\n\n\n\n<p> <\/div>\n<\/div>\n<\/div>\n<\/div>\n\n\n\n<div class=\"wp-block-columns alignwide is-layout-flex wp-container-core-columns-is-layout-416bbe66 wp-block-columns-is-layout-flex\" style=\"margin-top:var(--wp--preset--spacing--30)\">\n<div class=\"wp-block-column is-layout-flow wp-block-column-is-layout-flow\">\n<div class=\"wp-block-group has-global-padding is-layout-constrained wp-container-core-group-is-layout-23b1a4dc wp-block-group-is-layout-constrained\" style=\"border-width:1px;padding-top:var(--wp--preset--spacing--30);padding-right:var(--wp--preset--spacing--30);padding-bottom:var(--wp--preset--spacing--30);padding-left:var(--wp--preset--spacing--30)\">\n<div class=\"wp-block-group is-content-justification-space-between is-nowrap is-layout-flex wp-container-core-group-is-layout-cb46ffcb wp-block-group-is-layout-flex\">\n<h3 class=\"wp-block-heading\" style=\"font-size:clamp(14px, 0.875rem + ((1vw - 3.2px) * 0.625), 20px);line-height:1.5\">Flatdal viewpoint<\/h3>\n\n\n\n<p class=\"has-small-font-size\" style=\"margin-top:8px;text-transform:uppercase\">Length Approx. 120 km<\/p>\n<\/div>\n\n\n\n<p class=\"has-small-font-size\" style=\"margin-top:16px\">B\u00f8-Seljord-Flatdal-Notodden-B\u00f8.<\/p>\n\n\n\n<p>On this trip, you might be lucky enough to spot the Sea Serpent on your way up toward Seljord. It also features a spectacular viewpoint in Flatdal that you\u2019ve most likely already seen photos of if you\u2019ve followed us on social media for a while. <\/p>\n\n\n\n<div class=\"wp-block-buttons is-content-justification-right is-layout-flex wp-container-core-buttons-is-layout-d445cf74 wp-block-buttons-is-layout-flex\">\n<div class=\"wp-block-button is-style-outline is-style-outline--3\"><a class=\"wp-block-button__link wp-element-button\" href=\"https:\/\/maps.app.goo.gl\/qnvqEjhzAXheF3Nz7\" target=\"_blank\" rel=\"noreferrer noopener\">Download on Google Maps<\/a><\/div>\n<\/div>\n\n\n\n<span><a onclick=\"read_toggle(2090643013, 'Les mer', 'Les mindre'); return false;\" class=\"read-link\" id=\"readlink2090643013\" style=\"readlink\" href=\"#\">Read more<\/a><\/span>\n<div class=\"read_div\" id=\"read2090643013\" style=\"display: none;\"> Start the trip in B\u00f8 and ride along RV36 toward Seljord. When you reach \u00d8vreb\u00f8, you may consider turning onto Garvikvegen, but the best chance of spotting the sea serpent is if you continue straight ahead.<\/p>\n\n\n\n<p>Turn right onto E134 and then onto Flatdalsvegen. On this road you will pass a fantastic viewpoint in Flatdal, where we would recommend taking a short stop - and maybe some photos?<\/p>\n\n\n\n<p>The road will eventually rejoin the E134 in the direction of Notodden. Along the way, you pass idyllic small farms, beautiful scenery, Heddal Stave Church, and a few nice swimming spots if you feel tempted.<\/p>\n\n\n\n<p>When you arrive in Notodden, it may be a good idea to take a short break and perhaps grab a bite to eat. Notodden has a rich cultural heritage and is listed as a UNESCO World Heritage Site, so we recommend setting aside some time to explore the town. <\/p>\n\n\n\n<p>Then ride back to B\u00f8 via Reshjemvegen. This is also a great road for motorcycle riding.<\/p>\n\n\n\n<figure class=\"wp-block-image size-full\"><img loading=\"lazy\" decoding=\"async\" width=\"4284\" height=\"5096\" src=\"https:\/\/telemarkmcutleie.no\/wp-content\/uploads\/2025\/03\/IMG_0803-2.jpg\" alt=\"\" class=\"wp-image-549\"\/><\/figure>\n\n\n\n<p> <\/div>\n<\/div>\n\n\n\n<div class=\"wp-block-group has-global-padding is-layout-constrained wp-container-core-group-is-layout-23b1a4dc wp-block-group-is-layout-constrained\" style=\"border-width:1px;padding-top:var(--wp--preset--spacing--30);padding-right:var(--wp--preset--spacing--30);padding-bottom:var(--wp--preset--spacing--30);padding-left:var(--wp--preset--spacing--30)\">\n<div class=\"wp-block-group is-content-justification-space-between is-nowrap is-layout-flex wp-container-core-group-is-layout-cb46ffcb wp-block-group-is-layout-flex\">\n<h3 class=\"wp-block-heading\" style=\"font-size:clamp(14px, 0.875rem + ((1vw - 3.2px) * 0.625), 20px);line-height:1.5\">Go to Helgeroa.<\/h3>\n\n\n\n<p class=\"has-small-font-size\" style=\"margin-top:8px;text-transform:uppercase\">Length Approx. 160 km<\/p>\n<\/div>\n\n\n\n<p class=\"has-small-font-size\" style=\"margin-top:16px\">Akkerhaugen-Skien-Langangen-Helgeroa-Retur.<\/p>\n\n\n\n<p>Ride to Skien via Valeb\u00f8veien and continue on toward Helgeroa. In Helgeroa, there\u2019s a good chance you\u2019ll strike up a conversation with other motorcyclists, and it\u2019s a great place to grab a bite to eat. Don\u2019t forget to ride \u201cthe corkscrew\u201d in Langangen on your way back!<\/p>\n\n\n\n<div class=\"wp-block-buttons is-content-justification-right is-layout-flex wp-container-core-buttons-is-layout-d445cf74 wp-block-buttons-is-layout-flex\">\n<div class=\"wp-block-button is-style-outline is-style-outline--4\"><a class=\"wp-block-button__link wp-element-button\" href=\"https:\/\/maps.app.goo.gl\/uTLExvuHpQ3Azidi6\" target=\"_blank\" rel=\"noreferrer noopener\">Download on Google Maps<\/a><\/div>\n<\/div>\n\n\n\n<span><a onclick=\"read_toggle(1422146722, 'Les mer', 'Les mindre'); return false;\" class=\"read-link\" id=\"readlink1422146722\" style=\"readlink\" href=\"#\">Read more<\/a><\/span>\n<div class=\"read_div\" id=\"read1422146722\" style=\"display: none;\"> This trip usually takes 3\u20134 hours. Fill up the tank in Akkerhaugen and head toward Skien via Valeb\u00f8vegen. There may not be much to see along Valeb\u00f8vegen, but the road itself can be exciting enough. You also pass several nice swimming spots along the way. <\/p>\n\n\n\n<p>You then ride through Skien and Porsgrunn. When you reach Eidanger, you can choose whether to ride a short stretch on the E18 or take Langangsvegen. We recommend riding Langangsvegen on the way back, as it features some fun curves in \u201cthe corkscrew.\u201d<\/p>\n\n\n\n<p>From Langangen, you ride via M\u00f8rjevegen down to Helgeroa. This is a very nice road for motorcycling. In Helgeroa, there are several good places to eat, and it\u2019s not uncommon to strike up a conversation with other motorcyclists. <\/p>\n\n\n\n<p>Ride the same way back to Akkerhaugen, but consider taking Rv36 from Skien if Valeb\u00f8vegen doesn\u2019t appeal to you.<\/p>\n\n\n\n<figure class=\"wp-block-image size-full\"><img loading=\"lazy\" decoding=\"async\" width=\"4284\" height=\"5712\" src=\"https:\/\/telemarkmcutleie.no\/wp-content\/uploads\/2025\/10\/Helgeroa-Honda-Suzuki-KTM.jpg\" alt=\"Helgeroa Honda Suzuki KTM\" class=\"wp-image-761\"\/><\/figure>\n\n\n\n<p>  <\/div>\n<\/div>\n<\/div>\n\n\n\n<div class=\"wp-block-column is-layout-flow wp-block-column-is-layout-flow\">\n<div class=\"wp-block-group has-global-padding is-layout-constrained wp-container-core-group-is-layout-23b1a4dc wp-block-group-is-layout-constrained\" style=\"border-width:1px;padding-top:var(--wp--preset--spacing--30);padding-right:var(--wp--preset--spacing--30);padding-bottom:var(--wp--preset--spacing--30);padding-left:var(--wp--preset--spacing--30)\">\n<div class=\"wp-block-group is-content-justification-space-between is-nowrap is-layout-flex wp-container-core-group-is-layout-cb46ffcb wp-block-group-is-layout-flex\">\n<h3 class=\"wp-block-heading\" style=\"font-size:clamp(14px, 0.875rem + ((1vw - 3.2px) * 0.625), 20px);line-height:1.5\">The Old Southern Road<\/h3>\n\n\n\n<p class=\"has-small-font-size\" style=\"margin-top:8px;text-transform:uppercase\">Length Approx. 185 km<\/p>\n<\/div>\n\n\n\n<p class=\"has-small-font-size\" style=\"margin-top:16px\">Gvarv-Herre-Europaveien-Drangedal-Lunde-Gvarv.<\/p>\n\n\n\n<p>This is the road where you experience everything in one day! The European highway and the Old Southern Road are nothing short of fantastic. Enjoy a touch of \u201cSouthern Norway idyll\u201d before heading back via Drangedal. For this trip, we recommend setting aside some extra time and perhaps enjoying dinner in Krager\u00f8.  <\/p>\n\n\n\n<div class=\"wp-block-buttons is-content-justification-right is-layout-flex wp-container-core-buttons-is-layout-d445cf74 wp-block-buttons-is-layout-flex\">\n<div class=\"wp-block-button is-style-outline is-style-outline--5\"><a class=\"wp-block-button__link wp-element-button\" href=\"https:\/\/maps.app.goo.gl\/yvMvvLV46L2vFkaU6\" target=\"_blank\" rel=\"noreferrer noopener\">Download on Google Maps<\/a><\/div>\n<\/div>\n\n\n\n<span><a onclick=\"read_toggle(603394844, 'Les mer', 'Les mindre'); return false;\" class=\"read-link\" id=\"readlink603394844\" style=\"readlink\" href=\"#\">Read more<\/a><\/span>\n<div class=\"read_div\" id=\"read603394844\" style=\"display: none;\"> This trip takes about 3.5 hours, but we recommend setting aside more time as there is a lot to see and do along the way. Fill up the tank in Gvarv and then head south toward Skien. Continue on to the European highway via Herre. <\/p>\n\n\n\n<p>As soon as you reach the European highway, this trip really begins. From here, it\u2019s all about enjoying winding roads and beautiful Norwegian nature. After riding the European highway for a short while, you enter the Old Southern Road, which only gets better and better as you cruise past small lakes, idyllic farms and even more stunning scenery.<\/p>\n\n\n\n<p>After passing Helle, we recommend taking a detour to the charming coastal town of Krager\u00f8. Here you can stroll along cozy cobblestone streets with small shops, art galleries and caf\u00e9s. It\u2019s also a perfect place to enjoy dinner, as there are countless restaurants to choose from.<\/p>\n\n\n\n<p>The route then continues back via Drangedal. This is also a very enjoyable motorcycle road, with plenty of curves and beautiful scenery. <\/p>\n\n\n\n<figure class=\"wp-block-image size-full\"><img loading=\"lazy\" decoding=\"async\" width=\"3024\" height=\"4032\" src=\"https:\/\/telemarkmcutleie.no\/wp-content\/uploads\/2025\/04\/IMG_7054-1.jpg\" alt=\"\" class=\"wp-image-555\"\/><\/figure>\n\n\n\n<p> <\/div>\n<\/div>\n\n\n\n<div class=\"wp-block-group has-global-padding is-layout-constrained wp-container-core-group-is-layout-23b1a4dc wp-block-group-is-layout-constrained\" style=\"border-width:1px;padding-top:var(--wp--preset--spacing--30);padding-right:var(--wp--preset--spacing--30);padding-bottom:var(--wp--preset--spacing--30);padding-left:var(--wp--preset--spacing--30)\">\n<div class=\"wp-block-group is-content-justification-space-between is-nowrap is-layout-flex wp-container-core-group-is-layout-cb46ffcb wp-block-group-is-layout-flex\">\n<h3 class=\"wp-block-heading\" style=\"font-size:clamp(14px, 0.875rem + ((1vw - 3.2px) * 0.625), 20px);line-height:1.5\">Bandak<\/h3>\n\n\n\n<p class=\"has-small-font-size\" style=\"margin-top:8px;text-transform:uppercase\">Length Approx. 185 km<\/p>\n<\/div>\n\n\n\n<p class=\"has-small-font-size\" style=\"margin-top:16px\">B\u00f8-Dalen-Vr\u00e5liosen-Vr\u00e5dal-B\u00f8.<\/p>\n\n\n\n<p>This route primarily offers stunning scenery with great curves and deep forests. It is also a popular route among motorcyclists, so you will often meet like-minded riders. We also recommend stopping by Dalen Hotel.<\/p>\n\n\n\n<div class=\"wp-block-buttons is-content-justification-right is-layout-flex wp-container-core-buttons-is-layout-d445cf74 wp-block-buttons-is-layout-flex\">\n<div class=\"wp-block-button is-style-outline is-style-outline--6\"><a class=\"wp-block-button__link wp-element-button\" href=\"https:\/\/maps.app.goo.gl\/Hrj2ZQ2S99gqnikK7\" target=\"_blank\" rel=\"noreferrer noopener\">Download on Google Maps<\/a><\/div>\n<\/div>\n\n\n\n<span><a onclick=\"read_toggle(1487184182, 'Les mer', 'Les mindre'); return false;\" class=\"read-link\" id=\"readlink1487184182\" style=\"readlink\" href=\"#\">Read more<\/a><\/span>\n<div class=\"read_div\" id=\"read1487184182\" style=\"display: none;\"> This is the tour for those who truly want to see what Telemark has to offer in terms of motorcycle roads. Ride from B\u00f8 and enjoy the view over Lake Seljord. Turn left upon reaching Seljord and continue along the E134 towards H\u00f8ydalsmo.<\/p>\n\n\n\n<p>From H\u00f8ydalsmo, turn onto Eidsborgvegen, which leads down to Dalen via a series of beautiful hairpin bends. Here, we recommend stopping to visit Dalen Hotel. Often referred to as the \u201cfairytale hotel,\u201d Dalen Hotel is a spectacular building from the late 19th century and one of Norway\u2019s largest wooden buildings.<\/p>\n\n\n\n<p>When you are ready for more hairpin bends, continue along Skafs\u00e5vegen until you reach Vr\u00e5liosen. From there, ride along Lake Vr\u00e5vatn until you arrive in Vr\u00e5dal. <\/p>\n\n\n\n<p>In Vr\u00e5dal, we recommend stopping by Straand Hotel. The hotel is a popular meeting place for motorcyclists, and it quickly becomes clear why if you step inside the reception area. <\/p>\n\n\n\n<p>After even more beautiful scenery and hairpin bends, you arrive in Kviteseid. From here, ride up to Brunkeberg before returning to B\u00f8 via the E134 and RV36. <\/p>\n\n\n\n<figure class=\"wp-block-image size-full\"><img loading=\"lazy\" decoding=\"async\" width=\"4284\" height=\"5712\" src=\"https:\/\/telemarkmcutleie.no\/wp-content\/uploads\/2025\/10\/IMG_1181.jpg\" alt=\"Dalen Gsx-s 1000 Ktm Duke 890r\" class=\"wp-image-763\"\/><\/figure>\n\n\n\n<p>  <\/div>\n<\/div>\n<\/div>\n<\/div>\n\n\n\n<div class=\"wp-block-group alignwide is-vertical is-layout-flex wp-container-core-group-is-layout-fe9cc265 wp-block-group-is-layout-flex\">\n<div class=\"wp-block-group alignwide has-global-padding is-content-justification-left is-layout-constrained wp-container-core-group-is-layout-12dd3699 wp-block-group-is-layout-constrained\">\n<h5 class=\"wp-block-heading\">Ask us for tips!<\/h5>\n\n\n\n<p>Our recommended routes are based in Midt-Telemark, where we are located. This means you avoid unnecessary transport sections \u2013 the ride starts immediately. At Telemark MC Utleie, we regularly ride these routes ourselves and know the roads well. We are happy to help you plan your trip or offer recommendations.<\/p>\n\n\n\n<p>Of course, you are free to start the routes from other locations \u2013 feel free to use our routes as inspiration for your next motorcycle adventure.<\/p>\n<\/div>\n<\/div>\n<\/div>\n\n\n<div class=\"aligncenter wp-block-site-logo\"><a href=\"https:\/\/telemarkmcutleie.no\/en\/\" class=\"custom-logo-link\" rel=\"home\"><img loading=\"lazy\" decoding=\"async\" width=\"394\" height=\"412\" src=\"https:\/\/telemarkmcutleie.no\/wp-content\/uploads\/2025\/03\/IMG_0312.jpg\" class=\"custom-logo\" alt=\"Telemark MC Rental logo\" \/><\/a><\/div>","protected":false},"excerpt":{"rendered":"<p>V\u00e5re anbefalinger Telemark byr p\u00e5 noen av Norges mest varierte og vakre MC-veier &#8211; fra dype skoger til dramatiske fjelloverganger og idylliske fjordarmer. Her finner du noen av v\u00e5re favoritter. Gaustatoppen rundt Lengde ca. 170 km Notodden-Tuddal-Rjukan-Gransherad-Notodden. En klassikker for MC-tur i Telemark. Start p\u00e5 Notodden og kj\u00f8r via Tuddal over fjellet til Rjukan. Nyt [&hellip;]<\/p>","protected":false},"author":1,"featured_media":0,"parent":0,"menu_order":0,"comment_status":"closed","ping_status":"closed","template":"","meta":{"om_disable_all_campaigns":false,"_uag_custom_page_level_css":"","_monsterinsights_skip_tracking":false,"_monsterinsights_sitenote_active":false,"_monsterinsights_sitenote_note":"","_monsterinsights_sitenote_category":0,"_uf_show_specific_survey":0,"_uf_disable_surveys":false,"footnotes":""},"class_list":["post-421","page","type-page","status-publish","hentry"],"aioseo_notices":[],"uagb_featured_image_src":{"full":false,"thumbnail":false,"medium":false,"medium_large":false,"large":false,"1536x1536":false,"2048x2048":false,"trp-custom-language-flag":false,"woocommerce_thumbnail":false,"woocommerce_single":false,"woocommerce_gallery_thumbnail":false},"uagb_author_info":{"display_name":"admin","author_link":"https:\/\/telemarkmcutleie.no\/en\/author\/admin\/"},"uagb_comment_info":0,"uagb_excerpt":"V\u00e5re anbefalinger Telemark byr p\u00e5 noen av Norges mest varierte og vakre MC-veier &#8211; fra dype skoger til dramatiske fjelloverganger og idylliske fjordarmer. Her finner du noen av v\u00e5re favoritter. Gaustatoppen rundt Lengde ca. 170 km Notodden-Tuddal-Rjukan-Gransherad-Notodden. En klassikker for MC-tur i Telemark. Start p\u00e5 Notodden og kj\u00f8r via Tuddal over fjellet til Rjukan. Nyt&hellip;","jetpack_sharing_enabled":true,"_links":{"self":[{"href":"https:\/\/telemarkmcutleie.no\/en\/wp-json\/wp\/v2\/pages\/421","targetHints":{"allow":["GET"]}}],"collection":[{"href":"https:\/\/telemarkmcutleie.no\/en\/wp-json\/wp\/v2\/pages"}],"about":[{"href":"https:\/\/telemarkmcutleie.no\/en\/wp-json\/wp\/v2\/types\/page"}],"author":[{"embeddable":true,"href":"https:\/\/telemarkmcutleie.no\/en\/wp-json\/wp\/v2\/users\/1"}],"replies":[{"embeddable":true,"href":"https:\/\/telemarkmcutleie.no\/en\/wp-json\/wp\/v2\/comments?post=421"}],"version-history":[{"count":42,"href":"https:\/\/telemarkmcutleie.no\/en\/wp-json\/wp\/v2\/pages\/421\/revisions"}],"predecessor-version":[{"id":817,"href":"https:\/\/telemarkmcutleie.no\/en\/wp-json\/wp\/v2\/pages\/421\/revisions\/817"}],"wp:attachment":[{"href":"https:\/\/telemarkmcutleie.no\/en\/wp-json\/wp\/v2\/media?parent=421"}],"curies":[{"name":"wp","href":"https:\/\/api.w.org\/{rel}","templated":true}]}}