{"id":22,"date":"2025-01-14T19:49:35","date_gmt":"2025-01-14T18:49:35","guid":{"rendered":"http:\/\/telemarkmcutleie.no.datasenter.no\/om-oss\/"},"modified":"2026-01-27T12:27:57","modified_gmt":"2026-01-27T11:27:57","slug":"about-us","status":"publish","type":"page","link":"https:\/\/telemarkmcutleie.no\/en\/about-us\/","title":{"rendered":"About"},"content":{"rendered":"<div class=\"wp-block-group alignfull has-background-background-color has-background has-global-padding is-layout-constrained wp-block-group-is-layout-constrained\" style=\"margin-top:0;margin-bottom:0;padding-top:0;padding-bottom:0\">\n<div class=\"wp-block-cover alignfull\" style=\"padding-top:0;padding-right:0;padding-bottom:0;padding-left:0;min-height:20vh;aspect-ratio:unset;\"><img loading=\"lazy\" decoding=\"async\" width=\"6005\" height=\"4003\" class=\"wp-block-cover__image-background wp-image-773 size-full\" alt=\"Norwegian Motorcycle Riding Telemark\" src=\"https:\/\/telemarkmcutleie.no\/wp-content\/uploads\/2025\/10\/DSC01291-mini2.jpg\" data-object-fit=\"cover\"\/><span aria-hidden=\"true\" class=\"wp-block-cover__background has-black-background-color has-background-dim\"><\/span><div class=\"wp-block-cover__inner-container is-layout-flow wp-block-cover-is-layout-flow\">\n<div class=\"wp-block-group has-global-padding is-layout-constrained wp-container-core-group-is-layout-dc79e9a9 wp-block-group-is-layout-constrained\" style=\"min-height:20vh;padding-top:var(--wp--preset--spacing--60);padding-right:var(--wp--preset--spacing--30);padding-bottom:var(--wp--preset--spacing--60);padding-left:var(--wp--preset--spacing--30)\">\n<h1 class=\"wp-block-heading has-text-align-center has-text-color has-x-large-font-size\" style=\"color:#fffffffc\">Experience Telemark on two wheels<\/h1>\n<\/div>\n<\/div><\/div>\n<\/div>\n\n\n\n<div class=\"wp-block-group alignfull has-tertiary-background-color has-background has-global-padding is-layout-constrained wp-container-core-group-is-layout-7276a2bb wp-block-group-is-layout-constrained\" id=\"om-oss\" style=\"margin-top:0;margin-bottom:0;padding-top:var(--wp--preset--spacing--60);padding-right:var(--wp--preset--spacing--30);padding-bottom:var(--wp--preset--spacing--60);padding-left:var(--wp--preset--spacing--30)\">\n<div class=\"wp-block-columns alignwide are-vertically-aligned-center is-layout-flex wp-container-core-columns-is-layout-47c06fe3 wp-block-columns-is-layout-flex\">\n<div class=\"wp-block-column is-vertically-aligned-center is-layout-flow wp-block-column-is-layout-flow\" style=\"flex-basis:33.3%\">\n<h2 class=\"wp-block-heading has-text-align-left has-large-font-size\">Who is Telemark MC Rental?<\/h2>\n\n\n\n<p style=\"margin-top:16px\">Telemark MC Utleie was founded in 2025 by Frank and Hege - two passionate motorcyclists with many hours and miles on two wheels. Our vision is to make it easier for people to experience the freedom and joy of motorcycling in beautiful Telemark.<\/p>\n\n\n\n<p>We are dedicated to offering safe and fun motorcycle experiences in Telemark, with a focus on competitive prices and accessibility for both tourists and locals.&nbsp;<\/p>\n\n\n\n<p>All our motorcycles are covered by comprehensive insurance specifically designed for rentals. This provides extra peace of mind for both you as the renter and us as the rental company, should anything unexpected happen.\nWe also ensure that all bikes are serviced at authorized dealerships. Regular maintenance and thorough inspections guarantee that the motorcycles are always in top technical condition.<\/p>\n<\/div>\n\n\n\n<div class=\"wp-block-column is-vertically-aligned-center is-layout-flow wp-container-core-column-is-layout-f5bb311e wp-block-column-is-layout-flow\" style=\"flex-basis:50%\">\n<figure class=\"wp-block-gallery has-nested-images columns-default is-cropped wp-block-gallery-1 is-layout-flex wp-block-gallery-is-layout-flex\">\n<figure class=\"wp-block-image size-full\"><img loading=\"lazy\" decoding=\"async\" width=\"2856\" height=\"2142\" data-id=\"386\" src=\"https:\/\/telemarkmcutleie.no\/wp-content\/uploads\/2025\/02\/IMG_0202-1.jpg\" alt=\"\" class=\"wp-image-386\" style=\"aspect-ratio:3\/4;object-fit:cover\"\/><\/figure>\n\n\n\n<figure class=\"wp-block-image size-full is-style-default\"><img loading=\"lazy\" decoding=\"async\" width=\"1920\" height=\"1440\" data-id=\"366\" src=\"https:\/\/telemarkmcutleie.no\/wp-content\/uploads\/2025\/02\/thumbnail_IMG_9413.jpg\" alt=\"\" class=\"wp-image-366\" style=\"aspect-ratio:3\/4;object-fit:cover\"\/><\/figure>\n<\/figure>\n<\/div>\n<\/div>\n<\/div>\n\n\n\n<div class=\"wp-block-group alignfull has-background-background-color has-background has-global-padding is-layout-constrained wp-container-core-group-is-layout-7276a2bb wp-block-group-is-layout-constrained\" id=\"lag\" style=\"margin-top:0;margin-bottom:0;padding-top:var(--wp--preset--spacing--60);padding-right:var(--wp--preset--spacing--30);padding-bottom:var(--wp--preset--spacing--60);padding-left:var(--wp--preset--spacing--30)\">\n<div class=\"wp-block-group alignwide has-global-padding is-content-justification-left is-layout-constrained wp-container-core-group-is-layout-8b4c372c wp-block-group-is-layout-constrained\">\n<h2 class=\"wp-block-heading has-text-align-left\">Our partners<\/h2>\n\n\n\n<p class=\"has-text-align-left\">Great experiences are rarely created alone. That\u2019s why we work with serious and experienced partners in the motorcycle and travel industry who share our view on quality, safety and genuine riding enjoyment.<\/p>\n\n\n\n<p class=\"has-text-align-left\">Our partners contribute to better solutions, local benefits and a more complete offering for those who rent a motorcycle from us. The list below grows in step with our business.<\/p>\n<\/div>\n<\/div>\n\n\n\n<div class=\"wp-block-media-text alignwide has-media-on-the-right is-stacked-on-mobile is-vertically-aligned-center is-style-ext-preset--media-text--natural-1--card-1 is-style-ext-preset--media-text--natural-1--card-1--2\" style=\"margin-top:0;margin-bottom:0;padding-top:var(--wp--preset--spacing--30);padding-right:var(--wp--preset--spacing--30);padding-bottom:var(--wp--preset--spacing--30);padding-left:var(--wp--preset--spacing--30);grid-template-columns:auto 33%\"><div class=\"wp-block-media-text__content\">\n<h2 class=\"wp-block-heading has-text-align-center\">First Camp Norsj\u00f8<\/h2>\n\n\n\n<p class=\"has-text-align-center\">We have a close collaboration with the fantastic campsite First Camp Norsj\u00f8. Here you can book cabins and tent pitches or park motorhomes and caravans. First Camp Norsj\u00f8 has one of Europe's largest wakeboard facilities and lots of other great activities.<\/p>\n\n\n\n<p class=\"has-text-align-center\">Since both Telemark MC Utleie and First Camp Norsj\u00f8 are located in the same area, it\u2019s extremely easy to combine camping with motorcycle trips.<\/p>\n\n\n\n<div class=\"wp-block-buttons is-content-justification-center is-layout-flex wp-container-core-buttons-is-layout-a89b3969 wp-block-buttons-is-layout-flex\">\n<div class=\"wp-block-button\"><a class=\"wp-block-button__link wp-element-button\" href=\"https:\/\/en.firstcamp.se\/destinations\/norsjo-telemark?fcCountry=no&amp;fcLanguage=English\" target=\"_blank\" rel=\"noreferrer noopener\">Visit First Camp Norsj\u00f8 here!<\/a><\/div>\n<\/div>\n<\/div><figure class=\"wp-block-media-text__media\"><img loading=\"lazy\" decoding=\"async\" width=\"900\" height=\"600\" src=\"https:\/\/telemarkmcutleie.no\/wp-content\/uploads\/2026\/01\/First_Camp_logo_red.png\" alt=\"First_Camp_Logo\" class=\"wp-image-2412 size-full\"\/><\/figure><\/div>\n\n\n\n<div class=\"wp-block-media-text alignwide has-media-on-the-right is-stacked-on-mobile is-style-ext-preset--media-text--natural-1--card-1 is-style-ext-preset--media-text--natural-1--card-1--3\" style=\"padding-top:var(--wp--preset--spacing--30);padding-right:var(--wp--preset--spacing--30);padding-bottom:var(--wp--preset--spacing--30);padding-left:var(--wp--preset--spacing--30);grid-template-columns:auto 33%\"><div class=\"wp-block-media-text__content\">\n<h2 class=\"wp-block-heading has-text-align-center\">Vito MC Tours<\/h2>\n\n\n\n<p class=\"has-text-align-center\">We collaborate with VITO MC Tours, who offer professional and well-planned guided motorcycle tours in Norway and Europe. The tours are led by an experienced guide with in-depth local knowledge and a strong focus on great riding routes, safety and complete experiences.<\/p>\n\n\n\n<p class=\"has-text-align-center\">This is a great option for those who want a guided motorcycle holiday, whether it\u2019s tours in Norway or longer journeys through Europe. The partnership makes it possible to combine motorcycle rental in Telemark with organised MC tours for a complete and worry-free experience.<\/p>\n\n\n\n<div class=\"wp-block-buttons is-content-justification-center is-layout-flex wp-container-core-buttons-is-layout-a89b3969 wp-block-buttons-is-layout-flex\">\n<div class=\"wp-block-button\"><a class=\"wp-block-button__link wp-element-button\" href=\"https:\/\/vitomctours.com\/\" target=\"_blank\" rel=\"noreferrer noopener\">Visit VITO MC Tours here!<\/a><\/div>\n<\/div>\n<\/div><figure class=\"wp-block-media-text__media\"><img loading=\"lazy\" decoding=\"async\" width=\"1024\" height=\"650\" src=\"https:\/\/telemarkmcutleie.no\/wp-content\/uploads\/2026\/01\/Vito-MC-Tours.png\" alt=\"Vito-MC-Tours\" class=\"wp-image-2417 size-full\"\/><\/figure><\/div>\n\n\n\n<div class=\"wp-block-media-text alignwide has-media-on-the-right is-stacked-on-mobile is-style-ext-preset--media-text--natural-1--card-1 is-style-ext-preset--media-text--natural-1--card-1--4\" style=\"padding-top:var(--wp--preset--spacing--30);padding-right:var(--wp--preset--spacing--30);padding-bottom:var(--wp--preset--spacing--30);padding-left:var(--wp--preset--spacing--30);grid-template-columns:auto 33%\"><div class=\"wp-block-media-text__content\">\n<h2 class=\"wp-block-heading has-text-align-center\">Mad or Nomad<\/h2>\n\n\n\n<p class=\"has-text-align-center\">We collaborate with Andy and Alissa from <strong>Mad or Nomad<\/strong>, two experienced motorcyclists who have been riding around the world since 2018. With several decades of experience in long-distance motorcycle travel and a background in professional testing of adventure motorcycles and gear, they share practical guides, tips and experiences for motorcycle travellers worldwide.<\/p>\n\n\n\n<p class=\"has-text-align-center\">Their independent approach and experience from life on the road make them a valuable resource for motorcyclists planning adventures in Norway and the rest of Europe, and align well with our focus on genuine riding experiences.<\/p>\n\n\n\n<div class=\"wp-block-buttons is-content-justification-center is-layout-flex wp-container-core-buttons-is-layout-a89b3969 wp-block-buttons-is-layout-flex\">\n<div class=\"wp-block-button\"><a class=\"wp-block-button__link wp-element-button\" href=\"https:\/\/www.madornomad.com\/\" target=\"_blank\" rel=\"noreferrer noopener\">Visit Mad or Nomad here!<\/a><\/div>\n<\/div>\n<\/div><figure class=\"wp-block-media-text__media\"><img loading=\"lazy\" decoding=\"async\" width=\"600\" height=\"400\" src=\"https:\/\/telemarkmcutleie.no\/wp-content\/uploads\/2026\/01\/Mad-or-Nomad-logo.png\" alt=\"Mad-or-Nomad-logo\" class=\"wp-image-2434 size-full\"\/><\/figure><\/div>\n\n\n\n<p><\/p>","protected":false},"excerpt":{"rendered":"<p>Hvem er Telemark MC Utleie? Telemark MC Utleie ble stiftet i 2025 av Frank og Hege &#8211; to lidenskapelige motorsyklister med mange timer og mil p\u00e5 to hjul. V\u00e5r visjon er \u00e5 gj\u00f8re det enklere for folk \u00e5 oppleve friheten og gleden ved motorsykkelkj\u00f8ring i vakre Telemark. Vi er dedikerte til \u00e5 tilby sikre og [&hellip;]<\/p>","protected":false},"author":1,"featured_media":0,"parent":0,"menu_order":0,"comment_status":"closed","ping_status":"closed","template":"no-title","meta":{"om_disable_all_campaigns":false,"_uag_custom_page_level_css":"","_monsterinsights_skip_tracking":false,"_monsterinsights_sitenote_active":false,"_monsterinsights_sitenote_note":"","_monsterinsights_sitenote_category":0,"_uf_show_specific_survey":0,"_uf_disable_surveys":false,"footnotes":""},"class_list":["post-22","page","type-page","status-publish","hentry"],"aioseo_notices":[],"uagb_featured_image_src":{"full":false,"thumbnail":false,"medium":false,"medium_large":false,"large":false,"1536x1536":false,"2048x2048":false,"trp-custom-language-flag":false,"woocommerce_thumbnail":false,"woocommerce_single":false,"woocommerce_gallery_thumbnail":false},"uagb_author_info":{"display_name":"admin","author_link":"https:\/\/telemarkmcutleie.no\/en\/author\/admin\/"},"uagb_comment_info":0,"uagb_excerpt":"Hvem er Telemark MC Utleie? Telemark MC Utleie ble stiftet i 2025 av Frank og Hege &#8211; to lidenskapelige motorsyklister med mange timer og mil p\u00e5 to hjul. V\u00e5r visjon er \u00e5 gj\u00f8re det enklere for folk \u00e5 oppleve friheten og gleden ved motorsykkelkj\u00f8ring i vakre Telemark. Vi er dedikerte til \u00e5 tilby sikre og&hellip;","jetpack_sharing_enabled":true,"_links":{"self":[{"href":"https:\/\/telemarkmcutleie.no\/en\/wp-json\/wp\/v2\/pages\/22","targetHints":{"allow":["GET"]}}],"collection":[{"href":"https:\/\/telemarkmcutleie.no\/en\/wp-json\/wp\/v2\/pages"}],"about":[{"href":"https:\/\/telemarkmcutleie.no\/en\/wp-json\/wp\/v2\/types\/page"}],"author":[{"embeddable":true,"href":"https:\/\/telemarkmcutleie.no\/en\/wp-json\/wp\/v2\/users\/1"}],"replies":[{"embeddable":true,"href":"https:\/\/telemarkmcutleie.no\/en\/wp-json\/wp\/v2\/comments?post=22"}],"version-history":[{"count":51,"href":"https:\/\/telemarkmcutleie.no\/en\/wp-json\/wp\/v2\/pages\/22\/revisions"}],"predecessor-version":[{"id":2448,"href":"https:\/\/telemarkmcutleie.no\/en\/wp-json\/wp\/v2\/pages\/22\/revisions\/2448"}],"wp:attachment":[{"href":"https:\/\/telemarkmcutleie.no\/en\/wp-json\/wp\/v2\/media?parent=22"}],"curies":[{"name":"wp","href":"https:\/\/api.w.org\/{rel}","templated":true}]}}