{"id":727,"date":"2025-09-22T18:46:41","date_gmt":"2025-09-22T16:46:41","guid":{"rendered":"https:\/\/telemarkmcutleie.no\/?post_type=product&#038;p=727"},"modified":"2026-03-20T22:37:18","modified_gmt":"2026-03-20T21:37:18","slug":"triumph-tiger-sport-800","status":"publish","type":"product","link":"https:\/\/telemarkmcutleie.no\/de\/produkt\/triumph-tiger-sport-800\/","title":{"rendered":"Triumph Tiger Sport 800"},"content":{"rendered":"<p data-extendify-agent-block-id=\"29\">Die Tiger Sport 800 kombiniert sportliche Leistung mit Touring-Komfort der Spitzenklasse. Der Dreizylindermotor liefert die perfekte Mischung aus Drehmoment und Drehzahl, w\u00e4hrend Ausstattungsmerkmale wie eine Schnellschaltung, ein Tempomat und eine verstellbare Windschutzscheibe sowohl kurze als auch lange Fahrten entspannter machen.<\/p>\n<p data-extendify-agent-block-id=\"30\">Ausstattung: ABS-Bremsen, Traktionskontrolle, Tempomat, Quickshifter oben\/unten, mehrere Fahrmodi, TFT-Display, Telefonanschluss, verstellbare Windschutzscheibe, Akrapovic-Schalld\u00e4mpfer, Heizung, 12-V-Steckdose, Telefonhalter, Original-Kofferraumkit (57l), Tankrucksack.<\/p>\n<p data-extendify-agent-block-id=\"31\">Technische Daten: 798 ccm, 113 PS, Tankinhalt 18,6, Sitzh\u00f6he 835 mm, Gewicht (nass) 214 kg.<\/p>","protected":false},"excerpt":{"rendered":"<p>Eine Kaution in H\u00f6he von 5.000 NOK wird bei \u00dcbergabe des Motorrads f\u00e4llig. Die Zahlung kann per Vipps, Bank\u00fcberweisung oder bar erfolgen.<\/p>","protected":false},"featured_media":728,"template":"","meta":{"om_disable_all_campaigns":false,"_uag_custom_page_level_css":"","_monsterinsights_skip_tracking":false,"_monsterinsights_sitenote_active":false,"_monsterinsights_sitenote_note":"","_monsterinsights_sitenote_category":0,"_uf_show_specific_survey":0,"_uf_disable_surveys":false},"product_brand":[],"product_cat":[30],"product_tag":[],"class_list":{"0":"post-727","1":"product","2":"type-product","3":"status-publish","4":"has-post-thumbnail","6":"product_cat-motorcycle","7":"product_shipping_class-ingen-frakt","9":"first","10":"instock","11":"featured","12":"shipping-taxable","13":"purchasable","14":"product-type-redq_rental"},"aioseo_notices":[],"uagb_featured_image_src":{"full":["https:\/\/telemarkmcutleie.no\/wp-content\/uploads\/2025\/09\/Triumph-Tiger-800.png",640,508,false],"thumbnail":["https:\/\/telemarkmcutleie.no\/wp-content\/uploads\/2025\/09\/Triumph-Tiger-800.png",150,119,false],"medium":["https:\/\/telemarkmcutleie.no\/wp-content\/uploads\/2025\/09\/Triumph-Tiger-800.png",300,238,false],"medium_large":["https:\/\/telemarkmcutleie.no\/wp-content\/uploads\/2025\/09\/Triumph-Tiger-800.png",640,508,false],"large":["https:\/\/telemarkmcutleie.no\/wp-content\/uploads\/2025\/09\/Triumph-Tiger-800.png",640,508,false],"1536x1536":["https:\/\/telemarkmcutleie.no\/wp-content\/uploads\/2025\/09\/Triumph-Tiger-800.png",640,508,false],"2048x2048":["https:\/\/telemarkmcutleie.no\/wp-content\/uploads\/2025\/09\/Triumph-Tiger-800.png",640,508,false],"trp-custom-language-flag":["https:\/\/telemarkmcutleie.no\/wp-content\/uploads\/2025\/09\/Triumph-Tiger-800.png",15,12,false],"woocommerce_thumbnail":["https:\/\/telemarkmcutleie.no\/wp-content\/uploads\/2025\/09\/Triumph-Tiger-800.png",300,238,false],"woocommerce_single":["https:\/\/telemarkmcutleie.no\/wp-content\/uploads\/2025\/09\/Triumph-Tiger-800.png",600,476,false],"woocommerce_gallery_thumbnail":["https:\/\/telemarkmcutleie.no\/wp-content\/uploads\/2025\/09\/Triumph-Tiger-800.png",100,79,false]},"uagb_author_info":{"display_name":"admin","author_link":"https:\/\/telemarkmcutleie.no\/de\/author\/"},"uagb_comment_info":0,"uagb_excerpt":"Depositum p\u00e5 5 000 kr betales ved utlevering av motorsykkel. Dette kan betales med Vipps, bankoverf\u00f8ring eller kontant.","jetpack_sharing_enabled":true,"_links":{"self":[{"href":"https:\/\/telemarkmcutleie.no\/de\/wp-json\/wp\/v2\/product\/727","targetHints":{"allow":["GET"]}}],"collection":[{"href":"https:\/\/telemarkmcutleie.no\/de\/wp-json\/wp\/v2\/product"}],"about":[{"href":"https:\/\/telemarkmcutleie.no\/de\/wp-json\/wp\/v2\/types\/product"}],"wp:featuredmedia":[{"embeddable":true,"href":"https:\/\/telemarkmcutleie.no\/de\/wp-json\/wp\/v2\/media\/728"}],"wp:attachment":[{"href":"https:\/\/telemarkmcutleie.no\/de\/wp-json\/wp\/v2\/media?parent=727"}],"wp:term":[{"taxonomy":"product_brand","embeddable":true,"href":"https:\/\/telemarkmcutleie.no\/de\/wp-json\/wp\/v2\/product_brand?post=727"},{"taxonomy":"product_cat","embeddable":true,"href":"https:\/\/telemarkmcutleie.no\/de\/wp-json\/wp\/v2\/product_cat?post=727"},{"taxonomy":"product_tag","embeddable":true,"href":"https:\/\/telemarkmcutleie.no\/de\/wp-json\/wp\/v2\/product_tag?post=727"}],"curies":[{"name":"wp","href":"https:\/\/api.w.org\/{rel}","templated":true}]}}