{"id":644,"date":"2025-08-26T21:24:14","date_gmt":"2025-08-26T19:24:14","guid":{"rendered":"https:\/\/telemarkmcutleie.no\/?page_id=644"},"modified":"2025-10-07T20:50:52","modified_gmt":"2025-10-07T18:50:52","slug":"personvernerklaering-for-telemark-mc-utleie","status":"publish","type":"page","link":"https:\/\/telemarkmcutleie.no\/de\/personvernerklaering-for-telemark-mc-utleie\/","title":{"rendered":"Datenschutzerkl\u00e4rung f\u00fcr Telemark MC Utleie"},"content":{"rendered":"<p><\/p>\n\n\n\n<p><\/p>\n\n\n\n<p>Zuletzt aktualisiert: 26.08.25 <\/p>\n\n\n\n<p>Telemark MC Utleie, Org.-Nr. 934 828 275, ist Verantwortlicher f\u00fcr die Verarbeitung personenbezogener Daten, die erhoben werden, wenn Sie unsere Website besuchen oder ein Motorrad bei uns mieten. Wir nehmen den Datenschutz ernst und verarbeiten Daten gem\u00e4\u00df geltendem Recht (DSGVO und norwegisches Datenschutzgesetz).\n\n1. Welche Daten wir erheben\n\n\u2022 Kontaktinformationen: Name, Adresse, Telefonnummer, E-Mail\n\u2022 Zahlungsinformationen: \u00fcber Vipps oder Kartenzahlung (nicht bei uns gespeichert)\n\u2022 Mietdaten: F\u00fchrerscheindaten, Mietzeitraum, Kaution\n\u2022 Kommunikation: E-Mail, Telefon, Kontaktformular\n\u2022 Technische Daten: anonyme Nutzungsdaten (Cookies\/Statistiken)\n\n2. Zweck der Verarbeitung\n\n\u2022 Abwicklung und Best\u00e4tigung von Buchungen\n\u2022 Leistungserbringung und Abrechnung\n\u2022 Abwicklung von Kautionen, Sch\u00e4den oder Streitf\u00e4llen\n\u2022 Einhaltung gesetzlicher Pflichten\n\u2022 Kundenservice\n\u2022 Statistische Auswertung (anonym)\n\n3. Weitergabe von Daten\n\nNur an Zahlungsanbieter, Versicherungen oder Beh\u00f6rden bei gesetzlicher Pflicht. Kein Verkauf an Dritte.\n\n4. Speicherdauer\n\n\u2022 Kundendaten: bis zu 5 Jahre nach letzter Miete\n\u2022 F\u00fchrerscheinkopie: sofortige L\u00f6schung nach Mietende\n\u2022 E-Mails: bis zu 12 Monate\n\n5. Ihre Rechte\n\nAuskunft, Berichtigung, L\u00f6schung, Einschr\u00e4nkung, Widerspruch, Widerruf und Beschwerde bei der Datenschutzbeh\u00f6rde.\n\n6. Cookies\n\nCookies werden zur Nutzerfreundlichkeit und Statistik verwendet.\n\n7. Sicherheit\n\nTechnische und organisatorische Schutzma\u00dfnahmen sind implementiert.\n\n8. Kontakt\n\nAdresse, E-Mail und Telefonnummer som oben.<\/p>\n\n\n\n<div class=\"wp-block-buttons is-layout-flex wp-block-buttons-is-layout-flex\">\n<div class=\"wp-block-button is-style-outline is-style-outline--1\"><a class=\"wp-block-button__link wp-element-button\" href=\"https:\/\/telemarkmcutleie.no\/de\/salgs-og-leievilkar\/\">Lesen Sie mehr \u00fcber die Verkaufs- und Mietbedingungen<\/a><\/div>\n<\/div>\n\n\n\n<p><\/p>","protected":false},"excerpt":{"rendered":"<p>Sist oppdatert: 26.08.25 Telemark MC Utleie, org.nr. 934 828 275, er behandlingsansvarlig for personopplysninger vi samler inn n\u00e5r du bes\u00f8ker nettsiden v\u00e5r eller leier motorsykkel fra oss. Vi tar ditt personvern p\u00e5 alvor og behandler opplysninger i samsvar med gjeldende lover (GDPR og personopplysningsloven). \u2e3b 1. Hvilke opplysninger vi samler inn Vi kan samle inn [&hellip;]<\/p>","protected":false},"author":1,"featured_media":0,"parent":0,"menu_order":0,"comment_status":"closed","ping_status":"closed","template":"page-with-title","meta":{"om_disable_all_campaigns":false,"_uag_custom_page_level_css":"","_monsterinsights_skip_tracking":false,"_monsterinsights_sitenote_active":false,"_monsterinsights_sitenote_note":"","_monsterinsights_sitenote_category":0,"_uf_show_specific_survey":0,"_uf_disable_surveys":false,"footnotes":""},"class_list":["post-644","page","type-page","status-publish","hentry"],"aioseo_notices":[],"uagb_featured_image_src":{"full":false,"thumbnail":false,"medium":false,"medium_large":false,"large":false,"1536x1536":false,"2048x2048":false,"trp-custom-language-flag":false,"woocommerce_thumbnail":false,"woocommerce_single":false,"woocommerce_gallery_thumbnail":false},"uagb_author_info":{"display_name":"admin","author_link":"https:\/\/telemarkmcutleie.no\/de\/author\/admin\/"},"uagb_comment_info":0,"uagb_excerpt":"Sist oppdatert: 26.08.25 Telemark MC Utleie, org.nr. 934 828 275, er behandlingsansvarlig for personopplysninger vi samler inn n\u00e5r du bes\u00f8ker nettsiden v\u00e5r eller leier motorsykkel fra oss. Vi tar ditt personvern p\u00e5 alvor og behandler opplysninger i samsvar med gjeldende lover (GDPR og personopplysningsloven). \u2e3b 1. Hvilke opplysninger vi samler inn Vi kan samle inn&hellip;","jetpack_sharing_enabled":true,"_links":{"self":[{"href":"https:\/\/telemarkmcutleie.no\/de\/wp-json\/wp\/v2\/pages\/644","targetHints":{"allow":["GET"]}}],"collection":[{"href":"https:\/\/telemarkmcutleie.no\/de\/wp-json\/wp\/v2\/pages"}],"about":[{"href":"https:\/\/telemarkmcutleie.no\/de\/wp-json\/wp\/v2\/types\/page"}],"author":[{"embeddable":true,"href":"https:\/\/telemarkmcutleie.no\/de\/wp-json\/wp\/v2\/users\/1"}],"replies":[{"embeddable":true,"href":"https:\/\/telemarkmcutleie.no\/de\/wp-json\/wp\/v2\/comments?post=644"}],"version-history":[{"count":4,"href":"https:\/\/telemarkmcutleie.no\/de\/wp-json\/wp\/v2\/pages\/644\/revisions"}],"predecessor-version":[{"id":654,"href":"https:\/\/telemarkmcutleie.no\/de\/wp-json\/wp\/v2\/pages\/644\/revisions\/654"}],"wp:attachment":[{"href":"https:\/\/telemarkmcutleie.no\/de\/wp-json\/wp\/v2\/media?parent=644"}],"curies":[{"name":"wp","href":"https:\/\/api.w.org\/{rel}","templated":true}]}}