{"id":421,"date":"2025-03-27T21:45:54","date_gmt":"2025-03-27T20:45:54","guid":{"rendered":"https:\/\/telemarkmcutleie.no\/?page_id=421"},"modified":"2025-10-07T20:39:34","modified_gmt":"2025-10-07T18:39:34","slug":"empfohlene-routen","status":"publish","type":"page","link":"https:\/\/telemarkmcutleie.no\/de\/empfohlene-routen\/","title":{"rendered":"Empfohlene Routen"},"content":{"rendered":"<div class=\"wp-block-group alignfull has-background-background-color has-background has-global-padding is-layout-constrained wp-container-core-group-is-layout-7276a2bb wp-block-group-is-layout-constrained\" style=\"border-top-width:1px;margin-top:0;margin-bottom:0;padding-top:var(--wp--preset--spacing--60);padding-right:var(--wp--preset--spacing--30);padding-bottom:var(--wp--preset--spacing--60);padding-left:var(--wp--preset--spacing--30)\">\n<div class=\"wp-block-group alignwide is-content-justification-left is-nowrap is-layout-flex wp-container-core-group-is-layout-fc9f69e7 wp-block-group-is-layout-flex\">\n<div class=\"wp-block-group alignwide has-global-padding is-content-justification-left is-layout-constrained wp-container-core-group-is-layout-12dd3699 wp-block-group-is-layout-constrained\">\n<h3 class=\"wp-block-heading\">Unsere Empfehlungen<\/h3>\n\n\n\n<p style=\"margin-top:16px\">Telemark bietet einige der abwechslungsreichsten und sch\u00f6nsten Motorradstra\u00dfen Norwegens \u2013 von tiefen W\u00e4ldern \u00fcber dramatische Bergp\u00e4sse bis hin til idyllischen Fjordarmen. Hier finden Sie einige unserer Favoriten.<\/p>\n<\/div>\n<\/div>\n\n\n\n<div class=\"wp-block-columns alignwide is-layout-flex wp-container-core-columns-is-layout-28f84493 wp-block-columns-is-layout-flex\">\n<div class=\"wp-block-column is-layout-flow wp-block-column-is-layout-flow\">\n<div class=\"wp-block-group has-global-padding is-layout-constrained wp-container-core-group-is-layout-47f75be7 wp-block-group-is-layout-constrained\" style=\"border-width:1px;margin-top:0;margin-bottom:0;padding-top:var(--wp--preset--spacing--30);padding-right:var(--wp--preset--spacing--30);padding-bottom:var(--wp--preset--spacing--30);padding-left:var(--wp--preset--spacing--30)\">\n<div class=\"wp-block-group is-content-justification-space-between is-nowrap is-layout-flex wp-container-core-group-is-layout-cb46ffcb wp-block-group-is-layout-flex\">\n<h3 class=\"wp-block-heading\" style=\"font-size:clamp(14px, 0.875rem + ((1vw - 3.2px) * 0.625), 20px);line-height:1.5\">Rund um den Gaustatoppen<\/h3>\n\n\n\n<p class=\"has-small-font-size\" style=\"margin-top:8px;text-transform:uppercase\">L\u00e4nge ca. 170 km<\/p>\n<\/div>\n\n\n\n<p class=\"has-small-font-size\" style=\"margin-top:16px\">Notodden-Tuddal-Rjukan-Gransherad-Notodden.<\/p>\n\n\n\n<p>Eine klassische Motorradtour in Telemark. Start in Notodden und fahren Sie \u00fcber Tuddal \u00fcber den Berg nach Rjukan. Genie\u00dfen Sie den Blick auf den Gaustatoppen, machen Sie einen Stopp in Rjukan und kehren Sie \u00fcber Gransherad zur\u00fcck. Eine Tagestour mit Kurven, Bergen und wundersch\u00f6ner Natur. <\/p>\n\n\n\n<div class=\"wp-block-buttons is-content-justification-right is-layout-flex wp-container-core-buttons-is-layout-d445cf74 wp-block-buttons-is-layout-flex\">\n<div class=\"wp-block-button is-style-outline is-style-outline--1\"><a class=\"wp-block-button__link wp-element-button\" href=\"https:\/\/maps.app.goo.gl\/BRvffLRpAQECyxdh8\" target=\"_blank\" rel=\"noreferrer noopener\">In Google Maps herunterladen<\/a><\/div>\n<\/div>\n\n\n\n<span><a onclick=\"read_toggle(1135134049, 'Les mer', 'Les mindre'); return false;\" class=\"read-link\" id=\"readlink1135134049\" style=\"readlink\" href=\"#\">Mehr lesen<\/a><\/span>\n<div class=\"read_div\" id=\"read1135134049\" style=\"display: none;\"> Obwohl diese Tour in etwa 3,5 Stunden gefahren werden kann, empfehlen wir, mindestens 5\u20136 Stunden einzuplanen. Es gibt entlang der Strecke viel zu sehen, und in der Regel ist eine Essenspause erforderlich. <\/p>\n\n\n\n<p>Beginnen Sie die Tour mit vollem Tank in Notodden. Auf dem Weg nach Tuddal fahren Sie an der Stabkirche von Heddal vorbei, die einen Stopp wert sein kann. Bevor Sie Rjukan erreichen, passieren Sie den Gaustatoppen auf der linken Seite. Der Aufstieg zum Gipfel dauert etwa eine Stunde f\u00fcr diejenigen, die dies m\u00f6chten.<\/p>\n\n\n\n<p> Wenn Sie in Rjukan ankommen, empfehlen wir eine Essenspause. Hier kann man auch \u00fcberlegen, Norwegens h\u00f6chsten Bungee-Sprung auszuprobieren. Falls das nicht reizt, befindet sich hier ebenfalls das Vemork Industriarbeidermuseum. Vemork hat j\u00e4hrlich \u00fcber 50.000 Besucher und vermittelt viel Wissen \u00fcber fr\u00fchere Industrie- und Kriegsgeschichte.<\/p>\n\n\n\n<p>Auf dem Weg aus Rjukan fahren Sie entlang des Tinnsj\u00f8en, der eine spektakul\u00e4re Aussicht bietet. In Gransherad k\u00f6nnen Sie w\u00e4hlen, ob Sie direkt zur E134 fahren oder links auf die Gransheradvegen abbiegen, um die Tour etwas zu verl\u00e4ngern. Beide Strecken f\u00fchren letztlich zur\u00fcck nach Notodden.<\/p>\n\n\n\n<figure class=\"wp-block-image size-full\"><img loading=\"lazy\" decoding=\"async\" width=\"4284\" height=\"4948\" src=\"https:\/\/telemarkmcutleie.no\/wp-content\/uploads\/2025\/03\/IMG_08081-4.jpg\" alt=\"\" class=\"wp-image-542\"\/><\/figure>\n\n\n\n<p> <\/div>\n<\/div>\n<\/div>\n\n\n\n<div class=\"wp-block-column is-layout-flow wp-block-column-is-layout-flow\">\n<div class=\"wp-block-group has-global-padding is-layout-constrained wp-container-core-group-is-layout-23b1a4dc wp-block-group-is-layout-constrained\" style=\"border-width:1px;padding-top:var(--wp--preset--spacing--30);padding-right:var(--wp--preset--spacing--30);padding-bottom:var(--wp--preset--spacing--30);padding-left:var(--wp--preset--spacing--30)\">\n<div class=\"wp-block-group is-content-justification-space-between is-nowrap is-layout-flex wp-container-core-group-is-layout-cb46ffcb wp-block-group-is-layout-flex\">\n<h3 class=\"wp-block-heading\" style=\"font-size:clamp(14px, 0.875rem + ((1vw - 3.2px) * 0.625), 20px);line-height:1.5\">Fl\u00e5vann &amp; Seljordsvannet<\/h3>\n\n\n\n<p class=\"has-small-font-size\" style=\"margin-top:8px;text-transform:uppercase\">L\u00e4nge ca. 120 km<\/p>\n<\/div>\n\n\n\n<p class=\"has-small-font-size\" style=\"margin-top:16px\">B\u00f8-Lunde-Kilen-Kviteseid-Seljord-B\u00f8.<\/p>\n\n\n\n<p>Die Stra\u00dfe entlang des Fl\u00e5vann ist perfekt, egal ob Sie eine aktive und technische Fahrt suchen oder einfach eine ruhige Sonntagsrunde fahren m\u00f6chten. Es ist eine kurvenreiche Stra\u00dfe, die sich mit fantastischer Aussicht entlang des Fl\u00e5vann schl\u00e4ngelt. Legen Sie eine kurze Pause in Kviteseid ein und fahren Sie \u00fcber Seljord zur\u00fcck.<\/p>\n\n\n\n<div class=\"wp-block-buttons is-content-justification-right is-layout-flex wp-container-core-buttons-is-layout-d445cf74 wp-block-buttons-is-layout-flex\">\n<div class=\"wp-block-button is-style-outline is-style-outline--2\"><a class=\"wp-block-button__link wp-element-button\" href=\"https:\/\/maps.app.goo.gl\/B4ashKnMBrJ9Eji2A\" target=\"_blank\" rel=\"noreferrer noopener\">In Google Maps herunterladen<\/a><\/div>\n<\/div>\n\n\n\n<span><a onclick=\"read_toggle(1757588266, 'Les mer', 'Les mindre'); return false;\" class=\"read-link\" id=\"readlink1757588266\" style=\"readlink\" href=\"#\">Mehr lesen<\/a><\/span>\n<div class=\"read_div\" id=\"read1757588266\" style=\"display: none;\"> Diese Tour dauert in der Regel 3\u20135 Stunden. Wir empfehlen, die Fahrt mit vollem Tank in B\u00f8 zu starten.<\/p>\n\n\n\n<p>Fahren Sie von B\u00f8 \u00fcber Lunde nach Kilen und biegen Sie dann links in die \u00d8sten\u00e5vegen ein. Nun befinden Sie sich auf einer der besten Motorradstra\u00dfen in Telemark. Ab hier hei\u00dft es einfach, die Aussicht \u00fcber den Fl\u00e5vann zu genie\u00dfen.<\/p>\n\n\n\n<p>Biegen Sie nach der Fj\u00e5gesund-Br\u00fccke rechts ab und fahren Sie entlang des Kviteseidvannet weiter. Wenn Sie auf die Kviteseidvegen kommen, k\u00f6nnen Sie einen Abstecher nach Vr\u00e5dal in Erw\u00e4gung ziehen, um das Straand Hotel zu besuchen, das ein beliebter Treffpunkt f\u00fcr Motorradfahrer ist.<\/p>\n\n\n\n<p>Wenn Sie in Kviteseid ankommen, kann es sinnvoll sein, eine Essenspause einzulegen, falls Sie nicht im Straand Hotel gegessen haben. Anschlie\u00dfend fahren Sie weiter nach Seljord. In Seljord k\u00f6nnen Sie entweder \u00fcber die Rv36 nach B\u00f8 zur\u00fcckfahren oder die etwas anspruchsvollere Stra\u00dfe entlang der Garvikstrondi w\u00e4hlen.<\/p>\n\n\n\n<figure class=\"wp-block-image size-full is-resized\"><img loading=\"lazy\" decoding=\"async\" width=\"481\" height=\"555\" src=\"https:\/\/telemarkmcutleie.no\/wp-content\/uploads\/2025\/03\/8.jpg\" alt=\"\" class=\"wp-image-551\" style=\"width:558px;height:auto\"\/><\/figure>\n\n\n\n<p> <\/div>\n<\/div>\n<\/div>\n<\/div>\n\n\n\n<div class=\"wp-block-columns alignwide is-layout-flex wp-container-core-columns-is-layout-416bbe66 wp-block-columns-is-layout-flex\" style=\"margin-top:var(--wp--preset--spacing--30)\">\n<div class=\"wp-block-column is-layout-flow wp-block-column-is-layout-flow\">\n<div class=\"wp-block-group has-global-padding is-layout-constrained wp-container-core-group-is-layout-23b1a4dc wp-block-group-is-layout-constrained\" style=\"border-width:1px;padding-top:var(--wp--preset--spacing--30);padding-right:var(--wp--preset--spacing--30);padding-bottom:var(--wp--preset--spacing--30);padding-left:var(--wp--preset--spacing--30)\">\n<div class=\"wp-block-group is-content-justification-space-between is-nowrap is-layout-flex wp-container-core-group-is-layout-cb46ffcb wp-block-group-is-layout-flex\">\n<h3 class=\"wp-block-heading\" style=\"font-size:clamp(14px, 0.875rem + ((1vw - 3.2px) * 0.625), 20px);line-height:1.5\">Aussichtspunkt Flatdal<\/h3>\n\n\n\n<p class=\"has-small-font-size\" style=\"margin-top:8px;text-transform:uppercase\">L\u00e4nge ca. 120 km<\/p>\n<\/div>\n\n\n\n<p class=\"has-small-font-size\" style=\"margin-top:16px\">B\u00f8-Seljord-Flatdal-Notodden-B\u00f8.<\/p>\n\n\n\n<p>Auf dieser Tour haben Sie vielleicht das Gl\u00fcck, auf dem Weg hinauf nach Seljord die See\u00adschlange zu entdecken. Au\u00dferdem bietet sie einen spektakul\u00e4ren Aussichtspunkt in Flatdal, den Sie wahrscheinlich bereits von Fotos kennen, wenn Sie uns schon l\u00e4nger in den sozialen Medien folgen. <\/p>\n\n\n\n<div class=\"wp-block-buttons is-content-justification-right is-layout-flex wp-container-core-buttons-is-layout-d445cf74 wp-block-buttons-is-layout-flex\">\n<div class=\"wp-block-button is-style-outline is-style-outline--3\"><a class=\"wp-block-button__link wp-element-button\" href=\"https:\/\/maps.app.goo.gl\/qnvqEjhzAXheF3Nz7\" target=\"_blank\" rel=\"noreferrer noopener\">In Google Maps herunterladen<\/a><\/div>\n<\/div>\n\n\n\n<span><a onclick=\"read_toggle(1274219134, 'Les mer', 'Les mindre'); return false;\" class=\"read-link\" id=\"readlink1274219134\" style=\"readlink\" href=\"#\">Mehr lesen<\/a><\/span>\n<div class=\"read_div\" id=\"read1274219134\" style=\"display: none;\"> Beginnen Sie die Tour in B\u00f8 und fahren Sie auf der RV36 in Richtung Seljord. Wenn Sie \u00d8vreb\u00f8 erreichen, k\u00f6nnen Sie erw\u00e4gen, auf die Garvikvegen abzubiegen, aber die gr\u00f6\u00dfte Chance, die Seeschlange zu sehen, haben Sie, wenn Sie geradeaus weiterfahren.<\/p>\n\n\n\n<p>Biegen Sie rechts auf die E134 ab und fahren Sie anschlie\u00dfend auf die Flatdalsvegen. Auf dieser Strecke passieren Sie einen fantastischen Aussichtspunkt in Flatdal, wo wir einen kurzen Stopp \u2013 und vielleicht ein paar Fotos \u2013 empfehlen.<\/p>\n\n\n\n<p>Die Stra\u00dfe f\u00fchrt schlie\u00dflich wieder auf die E134 in Richtung Notodden. Entlang der Strecke fahren Sie an idyllischen kleinen H\u00f6fen, sch\u00f6ner Natur, der Stabkirche von Heddal und einigen sch\u00f6nen Badestellen vorbei, falls es Sie danach gel\u00fcstet.<\/p>\n\n\n\n<p>Wenn Sie in Notodden ankommen, kann es sinnvoll sein, eine kurze Pause einzulegen und vielleicht eine Kleinigkeit zu essen. Notodden verf\u00fcgt \u00fcber ein reiches kulturelles Erbe und steht auf der UNESCO-Welterbeliste, daher empfehlen wir, etwas Zeit f\u00fcr die Erkundung der Stadt einzuplanen. <\/p>\n\n\n\n<p>Fahren Sie anschlie\u00dfend \u00fcber die Reshjemvegen zur\u00fcck nach B\u00f8. Auch diese Stra\u00dfe eignet sich hervorragend zum Motorradfahren.<\/p>\n\n\n\n<figure class=\"wp-block-image size-full\"><img loading=\"lazy\" decoding=\"async\" width=\"4284\" height=\"5096\" src=\"https:\/\/telemarkmcutleie.no\/wp-content\/uploads\/2025\/03\/IMG_0803-2.jpg\" alt=\"\" class=\"wp-image-549\"\/><\/figure>\n\n\n\n<p> <\/div>\n<\/div>\n\n\n\n<div class=\"wp-block-group has-global-padding is-layout-constrained wp-container-core-group-is-layout-23b1a4dc wp-block-group-is-layout-constrained\" style=\"border-width:1px;padding-top:var(--wp--preset--spacing--30);padding-right:var(--wp--preset--spacing--30);padding-bottom:var(--wp--preset--spacing--30);padding-left:var(--wp--preset--spacing--30)\">\n<div class=\"wp-block-group is-content-justification-space-between is-nowrap is-layout-flex wp-container-core-group-is-layout-cb46ffcb wp-block-group-is-layout-flex\">\n<h3 class=\"wp-block-heading\" style=\"font-size:clamp(14px, 0.875rem + ((1vw - 3.2px) * 0.625), 20px);line-height:1.5\">Fahr nach Helgeroa<\/h3>\n\n\n\n<p class=\"has-small-font-size\" style=\"margin-top:8px;text-transform:uppercase\">L\u00e4nge ca. 160 km<\/p>\n<\/div>\n\n\n\n<p class=\"has-small-font-size\" style=\"margin-top:16px\">Akkerhaugen-Skien-Langangen-Helgeroa-Retur.<\/p>\n\n\n\n<p>Fahren Sie \u00fcber die Valeb\u00f8veien nach Skien und setzen Sie die Fahrt weiter in Richtung Helgeroa fort. In Helgeroa ist die Chance gro\u00df, mit anderen Motorradfahrern ins Gespr\u00e4ch zu kommen, und es ist ein hervorragender Ort f\u00fcr eine Mahlzeit. Vergessen Sie nicht, auf dem R\u00fcckweg den \u201eKorkenzieher\u201c in Langangen zu fahren!<\/p>\n\n\n\n<div class=\"wp-block-buttons is-content-justification-right is-layout-flex wp-container-core-buttons-is-layout-d445cf74 wp-block-buttons-is-layout-flex\">\n<div class=\"wp-block-button is-style-outline is-style-outline--4\"><a class=\"wp-block-button__link wp-element-button\" href=\"https:\/\/maps.app.goo.gl\/uTLExvuHpQ3Azidi6\" target=\"_blank\" rel=\"noreferrer noopener\">In Google Maps herunterladen<\/a><\/div>\n<\/div>\n\n\n\n<span><a onclick=\"read_toggle(1497135327, 'Les mer', 'Les mindre'); return false;\" class=\"read-link\" id=\"readlink1497135327\" style=\"readlink\" href=\"#\">Mehr lesen<\/a><\/span>\n<div class=\"read_div\" id=\"read1497135327\" style=\"display: none;\"> Diese Tour dauert in der Regel 3\u20134 Stunden. Tanken Sie in Akkerhaugen voll und fahren Sie \u00fcber die Valeb\u00f8vegen in Richtung Skien. Entlang der Valeb\u00f8vegen gibt es vielleicht nicht allzu viel zu sehen, aber die Stra\u00dfe selbst kann spannend genug sein. Au\u00dferdem kommen Sie an mehreren sch\u00f6nen Badestellen vorbei. <\/p>\n\n\n\n<p>Anschlie\u00dfend fahren Sie durch Skien und Porsgrunn. In Eidanger k\u00f6nnen Sie w\u00e4hlen, ob Sie ein kurzes St\u00fcck auf der E18 fahren oder die Langangsvegen nehmen m\u00f6chten. Wir empfehlen, die Langangsvegen auf dem R\u00fcckweg zu fahren, da sie einige spa\u00dfige Kurven im \u201eKorkenzieher\u201c bietet.<\/p>\n\n\n\n<p>Von Langangen fahren Sie \u00fcber die M\u00f8rjevegen hinunter nach Helgeroa. Dies ist eine sehr sch\u00f6ne Stra\u00dfe zum Motorradfahren. In Helgeroa gibt es mehrere gute M\u00f6glichkeiten zum Essen, und es ist nicht ungew\u00f6hnlich, mit anderen Motorradfahrern ins Gespr\u00e4ch zu kommen. <\/p>\n\n\n\n<p>Fahren Sie auf demselben Weg zur\u00fcck nach Akkerhaugen, erw\u00e4gen Sie jedoch, ab Skien die Rv36 zu nehmen, wenn die Valeb\u00f8vegen Sie nicht anspricht.<\/p>\n\n\n\n<figure class=\"wp-block-image size-full\"><img loading=\"lazy\" decoding=\"async\" width=\"4284\" height=\"5712\" src=\"https:\/\/telemarkmcutleie.no\/wp-content\/uploads\/2025\/10\/Helgeroa-Honda-Suzuki-KTM.jpg\" alt=\"Helgeroa Honda Suzuki KTM\" class=\"wp-image-761\"\/><\/figure>\n\n\n\n<p>  <\/div>\n<\/div>\n<\/div>\n\n\n\n<div class=\"wp-block-column is-layout-flow wp-block-column-is-layout-flow\">\n<div class=\"wp-block-group has-global-padding is-layout-constrained wp-container-core-group-is-layout-23b1a4dc wp-block-group-is-layout-constrained\" style=\"border-width:1px;padding-top:var(--wp--preset--spacing--30);padding-right:var(--wp--preset--spacing--30);padding-bottom:var(--wp--preset--spacing--30);padding-left:var(--wp--preset--spacing--30)\">\n<div class=\"wp-block-group is-content-justification-space-between is-nowrap is-layout-flex wp-container-core-group-is-layout-cb46ffcb wp-block-group-is-layout-flex\">\n<h3 class=\"wp-block-heading\" style=\"font-size:clamp(14px, 0.875rem + ((1vw - 3.2px) * 0.625), 20px);line-height:1.5\">Die Alte S\u00fcdl\u00e4ndische Stra\u00dfe<\/h3>\n\n\n\n<p class=\"has-small-font-size\" style=\"margin-top:8px;text-transform:uppercase\">L\u00e4nge ca. 185 km<\/p>\n<\/div>\n\n\n\n<p class=\"has-small-font-size\" style=\"margin-top:16px\">Gvarv-Herre-Europaveien-Drangedal-Lunde-Gvarv.<\/p>\n\n\n\n<p>Dies ist die Route, auf der Sie an einem Tag alles erleben! Die Europastra\u00dfe und die Alte S\u00f8rlandske sind einfach fantastisch. Erleben Sie ein St\u00fcck \u201eS\u00f8rlandsidyll\u201c, bevor Sie \u00fcber Drangedal zur\u00fcckfahren. F\u00fcr diese Tour empfehlen wir, etwas mehr Zeit einzuplanen und vielleicht ein Abendessen in Krager\u00f8 zu genie\u00dfen.  <\/p>\n\n\n\n<div class=\"wp-block-buttons is-content-justification-right is-layout-flex wp-container-core-buttons-is-layout-d445cf74 wp-block-buttons-is-layout-flex\">\n<div class=\"wp-block-button is-style-outline is-style-outline--5\"><a class=\"wp-block-button__link wp-element-button\" href=\"https:\/\/maps.app.goo.gl\/yvMvvLV46L2vFkaU6\" target=\"_blank\" rel=\"noreferrer noopener\">In Google Maps herunterladen<\/a><\/div>\n<\/div>\n\n\n\n<span><a onclick=\"read_toggle(1462914176, 'Les mer', 'Les mindre'); return false;\" class=\"read-link\" id=\"readlink1462914176\" style=\"readlink\" href=\"#\">Mehr lesen<\/a><\/span>\n<div class=\"read_div\" id=\"read1462914176\" style=\"display: none;\"> Diese Tour dauert etwa 3,5 Stunden, wir empfehlen jedoch, mehr Zeit einzuplanen, da es entlang der Strecke viel zu sehen und zu erleben gibt. Tanken Sie in Gvarv voll und fahren Sie anschlie\u00dfend in Richtung Skien. Fahren Sie danach \u00fcber Herre zur Europastra\u00dfe. <\/p>\n\n\n\n<p>Sobald Sie die Europastra\u00dfe erreichen, beginnt diese Tour so richtig. Hier geht es darum, kurvige Stra\u00dfen und wundersch\u00f6ne norwegische Natur zu genie\u00dfen. Nach einer kurzen Strecke auf der Europastra\u00dfe gelangen Sie auf die Alte S\u00f8rlandske, die immer besser wird, je weiter Sie zwischen kleinen Seen, idyllischen H\u00f6fen und herrlicher Landschaft dahincruisen.<\/p>\n\n\n\n<p>Nach der Durchfahrt von Helle empfehlen wir einen Abstecher in die charmante K\u00fcstenstadt Krager\u00f8. Hier k\u00f6nnen Sie durch gem\u00fctliche Kopfsteinpflasterstra\u00dfen mit kleinen Gesch\u00e4ften, Kunstgalerien und Caf\u00e9s schlendern. Au\u00dferdem ist Krager\u00f8 ein perfekter Ort f\u00fcr ein Abendessen, da es hier unz\u00e4hlige Restaurants gibt.<\/p>\n\n\n\n<p>Anschlie\u00dfend f\u00fchrt die Route zur\u00fcck \u00fcber Drangedal. Auch dies ist eine sehr sch\u00f6ne Motorradstra\u00dfe mit zahlreichen Kurven und herrlicher Natur. <\/p>\n\n\n\n<figure class=\"wp-block-image size-full\"><img loading=\"lazy\" decoding=\"async\" width=\"3024\" height=\"4032\" src=\"https:\/\/telemarkmcutleie.no\/wp-content\/uploads\/2025\/04\/IMG_7054-1.jpg\" alt=\"\" class=\"wp-image-555\"\/><\/figure>\n\n\n\n<p> <\/div>\n<\/div>\n\n\n\n<div class=\"wp-block-group has-global-padding is-layout-constrained wp-container-core-group-is-layout-23b1a4dc wp-block-group-is-layout-constrained\" style=\"border-width:1px;padding-top:var(--wp--preset--spacing--30);padding-right:var(--wp--preset--spacing--30);padding-bottom:var(--wp--preset--spacing--30);padding-left:var(--wp--preset--spacing--30)\">\n<div class=\"wp-block-group is-content-justification-space-between is-nowrap is-layout-flex wp-container-core-group-is-layout-cb46ffcb wp-block-group-is-layout-flex\">\n<h3 class=\"wp-block-heading\" style=\"font-size:clamp(14px, 0.875rem + ((1vw - 3.2px) * 0.625), 20px);line-height:1.5\">Bandak<\/h3>\n\n\n\n<p class=\"has-small-font-size\" style=\"margin-top:8px;text-transform:uppercase\">L\u00e4nge ca. 185 km<\/p>\n<\/div>\n\n\n\n<p class=\"has-small-font-size\" style=\"margin-top:16px\">B\u00f8-Dalen-Vr\u00e5liosen-Vr\u00e5dal-B\u00f8.<\/p>\n\n\n\n<p>Diese Tour bietet vor allem fantastische Natur mit sch\u00f6nen Kurven und tiefen W\u00e4ldern. Sie ist zudem eine beliebte Strecke unter Motorradfahrern, sodass man h\u00e4ufig Gleichgesinnte trifft. Wir empfehlen au\u00dferdem einen Stopp am Dalen Hotel.<\/p>\n\n\n\n<div class=\"wp-block-buttons is-content-justification-right is-layout-flex wp-container-core-buttons-is-layout-d445cf74 wp-block-buttons-is-layout-flex\">\n<div class=\"wp-block-button is-style-outline is-style-outline--6\"><a class=\"wp-block-button__link wp-element-button\" href=\"https:\/\/maps.app.goo.gl\/Hrj2ZQ2S99gqnikK7\" target=\"_blank\" rel=\"noreferrer noopener\">In Google Maps herunterladen<\/a><\/div>\n<\/div>\n\n\n\n<span><a onclick=\"read_toggle(510203037, 'Les mer', 'Les mindre'); return false;\" class=\"read-link\" id=\"readlink510203037\" style=\"readlink\" href=\"#\">Mehr lesen<\/a><\/span>\n<div class=\"read_div\" id=\"read510203037\" style=\"display: none;\"> Diese Tour ist perfekt f\u00fcr alle, die wirklich erleben m\u00f6chten, was Telemark in Sachen Motorradstrecken zu bieten hat. Fahre von B\u00f8 los und genie\u00dfe den Blick \u00fcber den Seljordsvannet. In Seljord links abbiegen und der E134 in Richtung H\u00f8ydalsmo folgen.<\/p>\n\n\n\n<p>Von H\u00f8ydalsmo aus f\u00e4hrt man auf die Eidsborgvegen, die \u00fcber einige beeindruckende Haarnadelkurven hinunter nach Dalen f\u00fchrt. Hier empfehlen wir einen Stopp am Dalen Hotel. Das Dalen Hotel wird oft als \u201eM\u00e4rchenhotel\u201c bezeichnet, ist ein spektakul\u00e4res Geb\u00e4ude aus dem sp\u00e4ten 19. Jahrhundert und eines der gr\u00f6\u00dften Holzgeb\u00e4ude Norwegens.<\/p>\n\n\n\n<p>Wenn man bereit f\u00fcr weitere Haarnadelkurven ist, setzt man die Tour entlang der Skafs\u00e5vegen fort, bis man Vr\u00e5liosen erreicht. Von dort aus f\u00e4hrt man entlang des Vr\u00e5vatn bis nach Vr\u00e5dal. <\/p>\n\n\n\n<p>In Vr\u00e5dal empfehlen wir einen Stopp am Straand Hotel. Das Hotel ist ein beliebter Treffpunkt f\u00fcr Motorradfahrer, und der Grund daf\u00fcr wird schnell klar, sobald man die Rezeption betritt. <\/p>\n\n\n\n<p>Nach noch mehr beeindruckender Natur und Haarnadelkurven erreicht man Kviteseid. Von dort f\u00e4hrt man hinauf nach Brunkeberg und kehrt anschlie\u00dfend \u00fcber die E134 und die RV36 nach B\u00f8 zur\u00fcck. <\/p>\n\n\n\n<figure class=\"wp-block-image size-full\"><img loading=\"lazy\" decoding=\"async\" width=\"4284\" height=\"5712\" src=\"https:\/\/telemarkmcutleie.no\/wp-content\/uploads\/2025\/10\/IMG_1181.jpg\" alt=\"Dalen Gsx-s 1000 Ktm Duke 890r\" class=\"wp-image-763\"\/><\/figure>\n\n\n\n<p>  <\/div>\n<\/div>\n<\/div>\n<\/div>\n\n\n\n<div class=\"wp-block-group alignwide is-vertical is-layout-flex wp-container-core-group-is-layout-fe9cc265 wp-block-group-is-layout-flex\">\n<div class=\"wp-block-group alignwide has-global-padding is-content-justification-left is-layout-constrained wp-container-core-group-is-layout-12dd3699 wp-block-group-is-layout-constrained\">\n<h5 class=\"wp-block-heading\">Frag uns nach Tipps!<\/h5>\n\n\n\n<p>Unsere empfohlenen Routen starten in Midt-Telemark, wo wir ans\u00e4ssig sind. Das bedeutet, dass unn\u00f6tige Transportetappen entfallen \u2013 die Tour beginnt sofort. Wir von Telemark MC Utleie fahren diese Strecken regelm\u00e4\u00dfig selbst und kennen die Stra\u00dfen sehr gut. Gerne helfen wir dir bei der Tourenplanung oder geben Empfehlungen.<\/p>\n\n\n\n<p>Selbstverst\u00e4ndlich steht es dir frei, die Touren auch von anderen Orten aus zu starten \u2013 nutze unsere Routen gerne als Inspiration f\u00fcr dein n\u00e4chstes Motorradabenteuer.<\/p>\n<\/div>\n<\/div>\n<\/div>\n\n\n<div class=\"aligncenter wp-block-site-logo\"><a href=\"https:\/\/telemarkmcutleie.no\/de\/\" class=\"custom-logo-link\" rel=\"home\"><img loading=\"lazy\" decoding=\"async\" width=\"394\" height=\"412\" src=\"https:\/\/telemarkmcutleie.no\/wp-content\/uploads\/2025\/03\/IMG_0312.jpg\" class=\"custom-logo\" alt=\"Telemark MC Rental Logo\" \/><\/a><\/div>","protected":false},"excerpt":{"rendered":"<p>V\u00e5re anbefalinger Telemark byr p\u00e5 noen av Norges mest varierte og vakre MC-veier &#8211; fra dype skoger til dramatiske fjelloverganger og idylliske fjordarmer. Her finner du noen av v\u00e5re favoritter. Gaustatoppen rundt Lengde ca. 170 km Notodden-Tuddal-Rjukan-Gransherad-Notodden. En klassikker for MC-tur i Telemark. Start p\u00e5 Notodden og kj\u00f8r via Tuddal over fjellet til Rjukan. Nyt [&hellip;]<\/p>","protected":false},"author":1,"featured_media":0,"parent":0,"menu_order":0,"comment_status":"closed","ping_status":"closed","template":"","meta":{"om_disable_all_campaigns":false,"_uag_custom_page_level_css":"","_monsterinsights_skip_tracking":false,"_monsterinsights_sitenote_active":false,"_monsterinsights_sitenote_note":"","_monsterinsights_sitenote_category":0,"_uf_show_specific_survey":0,"_uf_disable_surveys":false,"footnotes":""},"class_list":["post-421","page","type-page","status-publish","hentry"],"aioseo_notices":[],"uagb_featured_image_src":{"full":false,"thumbnail":false,"medium":false,"medium_large":false,"large":false,"1536x1536":false,"2048x2048":false,"trp-custom-language-flag":false,"woocommerce_thumbnail":false,"woocommerce_single":false,"woocommerce_gallery_thumbnail":false},"uagb_author_info":{"display_name":"admin","author_link":"https:\/\/telemarkmcutleie.no\/de\/author\/admin\/"},"uagb_comment_info":0,"uagb_excerpt":"V\u00e5re anbefalinger Telemark byr p\u00e5 noen av Norges mest varierte og vakre MC-veier &#8211; fra dype skoger til dramatiske fjelloverganger og idylliske fjordarmer. Her finner du noen av v\u00e5re favoritter. Gaustatoppen rundt Lengde ca. 170 km Notodden-Tuddal-Rjukan-Gransherad-Notodden. En klassikker for MC-tur i Telemark. Start p\u00e5 Notodden og kj\u00f8r via Tuddal over fjellet til Rjukan. Nyt&hellip;","jetpack_sharing_enabled":true,"_links":{"self":[{"href":"https:\/\/telemarkmcutleie.no\/de\/wp-json\/wp\/v2\/pages\/421","targetHints":{"allow":["GET"]}}],"collection":[{"href":"https:\/\/telemarkmcutleie.no\/de\/wp-json\/wp\/v2\/pages"}],"about":[{"href":"https:\/\/telemarkmcutleie.no\/de\/wp-json\/wp\/v2\/types\/page"}],"author":[{"embeddable":true,"href":"https:\/\/telemarkmcutleie.no\/de\/wp-json\/wp\/v2\/users\/1"}],"replies":[{"embeddable":true,"href":"https:\/\/telemarkmcutleie.no\/de\/wp-json\/wp\/v2\/comments?post=421"}],"version-history":[{"count":42,"href":"https:\/\/telemarkmcutleie.no\/de\/wp-json\/wp\/v2\/pages\/421\/revisions"}],"predecessor-version":[{"id":817,"href":"https:\/\/telemarkmcutleie.no\/de\/wp-json\/wp\/v2\/pages\/421\/revisions\/817"}],"wp:attachment":[{"href":"https:\/\/telemarkmcutleie.no\/de\/wp-json\/wp\/v2\/media?parent=421"}],"curies":[{"name":"wp","href":"https:\/\/api.w.org\/{rel}","templated":true}]}}