{"id":24,"date":"2025-01-14T19:49:36","date_gmt":"2025-01-14T18:49:36","guid":{"rendered":"http:\/\/telemarkmcutleie.no.datasenter.no\/ofte-stilte-sporsmal\/"},"modified":"2026-02-09T21:25:36","modified_gmt":"2026-02-09T20:25:36","slug":"haufig-gestellte-fragen","status":"publish","type":"page","link":"https:\/\/telemarkmcutleie.no\/de\/haufig-gestellte-fragen\/","title":{"rendered":"H\u00e4ufig gestellte Fragen"},"content":{"rendered":"<div class=\"wp-block-group alignfull has-background-background-color has-background has-global-padding is-layout-constrained wp-block-group-is-layout-constrained\" style=\"margin-top:0;margin-bottom:0;padding-top:0;padding-bottom:0\">\n<div class=\"wp-block-cover alignfull\" style=\"padding-top:0;padding-right:0;padding-bottom:0;padding-left:0;min-height:20vh;aspect-ratio:unset;\"><img loading=\"lazy\" decoding=\"async\" width=\"6005\" height=\"4003\" class=\"wp-block-cover__image-background wp-image-773 size-full\" alt=\"Norwegisch Motorradfahren Telemark\" src=\"https:\/\/telemarkmcutleie.no\/wp-content\/uploads\/2025\/10\/DSC01291-mini2.jpg\" data-object-fit=\"cover\"\/><span aria-hidden=\"true\" class=\"wp-block-cover__background has-black-background-color has-background-dim\"><\/span><div class=\"wp-block-cover__inner-container is-layout-flow wp-block-cover-is-layout-flow\">\n<div class=\"wp-block-group has-global-padding is-layout-constrained wp-container-core-group-is-layout-dc79e9a9 wp-block-group-is-layout-constrained\" style=\"padding-top:var(--wp--preset--spacing--60);padding-right:var(--wp--preset--spacing--30);padding-bottom:var(--wp--preset--spacing--60);padding-left:var(--wp--preset--spacing--30)\">\n<h1 class=\"wp-block-heading has-text-align-center has-text-color has-x-large-font-size\" style=\"color:#fffffffc\">Erleben Sie Telemark auf zwei R\u00e4dern<\/h1>\n<\/div>\n<\/div><\/div>\n<\/div>\n\n\n\n<div class=\"wp-block-group alignfull has-tertiary-background-color has-background has-global-padding is-layout-constrained wp-container-core-group-is-layout-7276a2bb wp-block-group-is-layout-constrained\" id=\"ofte-stilte-sporsmal\" style=\"margin-top:0;margin-bottom:0;padding-top:var(--wp--preset--spacing--60);padding-right:var(--wp--preset--spacing--30);padding-bottom:var(--wp--preset--spacing--60);padding-left:var(--wp--preset--spacing--30)\">\n<div class=\"wp-block-group alignwide has-global-padding is-content-justification-center is-layout-constrained wp-block-group-is-layout-constrained\" style=\"margin-bottom:var(--wp--preset--spacing--30)\">\n<h2 class=\"wp-block-heading has-text-align-center has-large-font-size\">Entdecken Sie Telemark auf zwei R\u00e4dern<\/h2>\n\n\n\n<p class=\"has-text-align-center\" style=\"margin-top:16px\">Finden Sie hier schnelle Antworten auf Ihre Motorradfragen.<\/p>\n<\/div>\n\n\n\n<div class=\"wp-block-group has-global-padding is-layout-constrained wp-block-group-is-layout-constrained\" style=\"border-bottom-color:var(--wp--preset--color--tertiary);border-bottom-width:1px;margin-top:0;padding-top:var(--wp--preset--spacing--30);padding-bottom:var(--wp--preset--spacing--30)\">\n<h4 class=\"wp-block-heading has-medium-font-size\">Was sind Ihre \u00d6ffnungszeiten?<\/h4>\n\n\n\n<p class=\"has-small-font-size\" style=\"margin-top:12px\">Wir sind jeden Tag von 07.00-23.00 Uhr erreichbar.<\/p>\n<\/div>\n\n\n\n<div class=\"wp-block-group has-global-padding is-layout-constrained wp-block-group-is-layout-constrained\" style=\"border-bottom-color:var(--wp--preset--color--tertiary);border-bottom-width:1px;margin-top:0;padding-top:var(--wp--preset--spacing--30);padding-bottom:var(--wp--preset--spacing--30)\">\n<h4 class=\"wp-block-heading has-medium-font-size\">Wie miete ich ein Motorrad?<\/h4>\n\n\n\n<p class=\"has-small-font-size\" style=\"margin-top:12px\">Sie k\u00f6nnen direkt \u00fcber unsere Website buchen oder uns per E-Mail, Kontaktformular oder telefonisch unter +47 9812 7725 kontaktieren.<\/p>\n<\/div>\n\n\n\n<div class=\"wp-block-group has-global-padding is-layout-constrained wp-block-group-is-layout-constrained\" style=\"border-bottom-color:var(--wp--preset--color--tertiary);border-bottom-width:1px;margin-top:0;padding-top:var(--wp--preset--spacing--30);padding-bottom:var(--wp--preset--spacing--30)\">\n<h4 class=\"wp-block-heading has-medium-font-size\">Welche Voraussetzungen gelten f\u00fcr die Anmietung?<\/h4>\n\n\n\n<p class=\"has-small-font-size\" style=\"margin-top:12px\">Sie ben\u00f6tigen einen g\u00fcltigen F\u00fchrerschein, einen g\u00fcltigen Ausweis, und es muss eine Kaution in H\u00f6he von 5.000 NOK hinterlegt werden.<\/p>\n<\/div>\n\n\n\n<div class=\"wp-block-group has-global-padding is-layout-constrained wp-block-group-is-layout-constrained\" style=\"border-bottom-color:var(--wp--preset--color--tertiary);border-bottom-width:1px;margin-top:0;padding-top:var(--wp--preset--spacing--30);padding-bottom:var(--wp--preset--spacing--30)\">\n<h4 class=\"wp-block-heading has-medium-font-size\">Welche Motorr\u00e4der sind verf\u00fcgbar?<\/h4>\n\n\n\n<p class=\"has-small-font-size\" style=\"margin-top:12px\">Derzeit vermieten wir eine Honda CB 750 Hornet, eine Honda CB 650R, eine Honda NX 500, eine KTM 390 Adventure R und eine Triumph Tiger Sport 800.<\/p>\n<\/div>\n\n\n\n<div class=\"wp-block-group has-global-padding is-layout-constrained wp-block-group-is-layout-constrained\" style=\"border-bottom-color:var(--wp--preset--color--tertiary);border-bottom-width:1px;margin-top:0;padding-top:var(--wp--preset--spacing--30);padding-bottom:var(--wp--preset--spacing--30)\">\n<h4 class=\"wp-block-heading has-medium-font-size\">Ist Fahrerausr\u00fcstung im Mietpreis enthalten?<\/h4>\n\n\n\n<p class=\"has-small-font-size\" style=\"margin-top:12px\">Ja. Helm mit Intercom, Fahrerausr\u00fcstung und Gep\u00e4ckl\u00f6sungen sind im Mietpreis enthalten. Zus\u00e4tzlich stellen wir Warnwesten f\u00fcr \u00dcbungsfahrten zur Verf\u00fcgung, f\u00fcr diejenigen, die die Motorr\u00e4der daf\u00fcr nutzen m\u00f6chten.<\/p>\n<\/div>\n\n\n\n<div class=\"wp-block-group has-global-padding is-layout-constrained wp-block-group-is-layout-constrained\" style=\"border-bottom-color:var(--wp--preset--color--tertiary);border-bottom-width:1px;margin-top:0;padding-top:var(--wp--preset--spacing--30);padding-bottom:var(--wp--preset--spacing--30)\">\n<h4 class=\"wp-block-heading has-medium-font-size\">Gibt es Rabatte f\u00fcr Langzeitmiete?<\/h4>\n\n\n\n<p class=\"has-small-font-size\" style=\"margin-top:12px\">Ja, wir bieten Rabatte bei Langzeitmiete an.<\/p>\n\n\n\n<h4 class=\"wp-block-heading has-medium-font-size\"><\/h4>\n<\/div>\n\n\n\n<div class=\"wp-block-group has-global-padding is-layout-constrained wp-block-group-is-layout-constrained\" style=\"margin-top:0;padding-top:var(--wp--preset--spacing--30);padding-bottom:0\">\n<div class=\"wp-block-group has-global-padding is-layout-constrained wp-block-group-is-layout-constrained\">\n<div class=\"wp-block-buttons is-layout-flex wp-block-buttons-is-layout-flex\">\n<div class=\"wp-block-button is-style-outline is-style-outline--1\"><a class=\"wp-block-button__link wp-element-button\" href=\"https:\/\/telemarkmcutleie.no\/de\/salgs-og-leievilkar\/\">Lesen Sie mehr \u00fcber unsere Verkaufs- und Mietbedingungen<\/a><\/div>\n\n\n\n<div class=\"wp-block-button is-style-outline is-style-outline--2\"><a class=\"wp-block-button__link wp-element-button\" href=\"https:\/\/telemarkmcutleie.no\/de\/personvernerklaering-for-telemark-mc-utleie\/\">Lesen Sie mehr \u00fcber unsere Datenschutzerkl\u00e4rung <\/a><\/div>\n<\/div>\n<\/div>\n<\/div>\n<\/div>\n\n\n\n<div class=\"wp-block-group alignfull has-background-background-color has-background has-global-padding is-layout-constrained wp-container-core-group-is-layout-68d5e5bb wp-block-group-is-layout-constrained\" id=\"funksjoner\" style=\"margin-top:0;margin-bottom:0;padding-top:var(--wp--preset--spacing--50);padding-right:var(--wp--preset--spacing--30);padding-bottom:var(--wp--preset--spacing--60);padding-left:var(--wp--preset--spacing--30)\">\n<div class=\"wp-block-group alignwide has-global-padding is-content-justification-left is-layout-constrained wp-container-core-group-is-layout-12dd3699 wp-block-group-is-layout-constrained\">\n<h2 class=\"wp-block-heading has-large-font-size\" style=\"margin-top:12px\">Entdecken Sie Telemarks wundersch\u00f6ne Landschaften<\/h2>\n\n\n\n<div class=\"wp-block-buttons is-layout-flex wp-block-buttons-is-layout-flex\">\n<div class=\"wp-block-button is-style-outline is-style-outline--3\"><a class=\"wp-block-button__link wp-element-button\" href=\"https:\/\/telemarkmcutleie.no\/de\/empfohlene-routen\/\">Sehen Sie sich unsere empfohlenen Routen an<\/a><\/div>\n<\/div>\n<\/div>\n\n\n\n<div class=\"wp-block-columns alignwide is-layout-flex wp-container-core-columns-is-layout-08c01c1c wp-block-columns-is-layout-flex\">\n<div class=\"wp-block-column is-layout-flow wp-block-column-is-layout-flow\">\n<figure class=\"wp-block-image size-full\"><img loading=\"lazy\" decoding=\"async\" width=\"6733\" height=\"2888\" src=\"https:\/\/telemarkmcutleie.no\/wp-content\/uploads\/2025\/10\/Banner-min-2.jpg\" alt=\"Honda NX500 CB750 Hornet\" class=\"wp-image-767\" style=\"aspect-ratio:1;object-fit:cover\"\/><\/figure>\n<\/div>\n\n\n\n<div class=\"wp-block-column is-layout-flow wp-container-core-column-is-layout-ef883af5 wp-block-column-is-layout-flow\">\n<div class=\"wp-block-group has-tertiary-background-color has-background has-global-padding is-layout-constrained wp-container-core-group-is-layout-0e4ecca0 wp-block-group-is-layout-constrained\" style=\"padding-top:1.5rem;padding-right:1.5rem;padding-bottom:1.5rem;padding-left:1.5rem\">\n<h3 class=\"wp-block-heading\" style=\"font-size:clamp(14px, 0.875rem + ((1vw - 3.2px) * 0.625), 20px);line-height:1.5\">Sicherheit<\/h3>\n\n\n\n<p class=\"has-small-font-size\" style=\"margin-top:8px\">Alle unsere Motorr\u00e4der sind gut versichert, um Ihnen eine sichere Fahrt zu gew\u00e4hrleisten. <\/p>\n\n\n\n<p class=\"has-small-font-size\" style=\"margin-top:8px\">Wir bieten au\u00dferdem eine kostenlose Ausleihe von Helmen mit Intercom sowie Fahrerausr\u00fcstung an.<\/p>\n<\/div>\n\n\n\n<div class=\"wp-block-group has-tertiary-background-color has-background has-global-padding is-layout-constrained wp-container-core-group-is-layout-0e4ecca0 wp-block-group-is-layout-constrained\" style=\"padding-top:1.5rem;padding-right:1.5rem;padding-bottom:1.5rem;padding-left:1.5rem\">\n<h3 class=\"wp-block-heading\" style=\"font-size:clamp(14px, 0.875rem + ((1vw - 3.2px) * 0.625), 20px);line-height:1.5\">Flexibilit\u00e4t<\/h3>\n\n\n\n<p class=\"has-small-font-size\" style=\"margin-top:8px\">Wir bieten ma\u00dfgeschneiderte Mietl\u00f6sungen an und k\u00f6nnen die Motorr\u00e4der an verschiedenen Zielorten liefern und abholen \u2013 je nachdem, was Ihnen am besten passt.<\/p>\n<\/div>\n\n\n\n<div class=\"wp-block-group has-tertiary-background-color has-background has-global-padding is-layout-constrained wp-container-core-group-is-layout-0e4ecca0 wp-block-group-is-layout-constrained\" style=\"padding-top:1.5rem;padding-right:1.5rem;padding-bottom:1.5rem;padding-left:1.5rem\">\n<h3 class=\"wp-block-heading\" style=\"font-size:clamp(14px, 0.875rem + ((1vw - 3.2px) * 0.625), 20px);line-height:1.5\">Wir sind lokal<\/h3>\n\n\n\n<p class=\"has-small-font-size\" style=\"margin-top:8px\">Wir kennen omr\u00e5det godt und helfen Ihnen bei der Planung Ihrer Tour, damit Sie keine der Perlen Telemarks verpassen.<\/p>\n<\/div>\n\n\n\n<div class=\"wp-block-group has-tertiary-background-color has-background has-global-padding is-layout-constrained wp-container-core-group-is-layout-0e4ecca0 wp-block-group-is-layout-constrained\" style=\"padding-top:1.5rem;padding-right:1.5rem;padding-bottom:1.5rem;padding-left:1.5rem\">\n<h3 class=\"wp-block-heading\" style=\"font-size:clamp(14px, 0.875rem + ((1vw - 3.2px) * 0.625), 20px);line-height:1.5\">\u00dcbernachtung<\/h3>\n\n\n\n<p class=\"has-small-font-size\" style=\"margin-top:8px\">Wir haben eine enge Zusammenarbeit mit dem Campingplatz First Camp Norsj\u00f8, was bedeutet, dass wir die Motorr\u00e4der kostenlos zum Campingplatz liefern und dort abholen.<\/p>\n<\/div>\n<\/div>\n<\/div>\n<\/div>\n\n\n\n<div class=\"wp-block-group alignfull has-tertiary-background-color has-background has-global-padding is-layout-constrained wp-container-core-group-is-layout-7276a2bb wp-block-group-is-layout-constrained\" id=\"kontakt\" style=\"margin-top:0;margin-bottom:0;padding-top:var(--wp--preset--spacing--60);padding-right:var(--wp--preset--spacing--30);padding-bottom:var(--wp--preset--spacing--60);padding-left:var(--wp--preset--spacing--30)\">\n<div class=\"wp-block-group has-global-padding is-layout-constrained wp-block-group-is-layout-constrained\" style=\"margin-bottom:var(--wp--preset--spacing--40)\">\n<h2 class=\"wp-block-heading has-text-align-center has-large-font-size\">Erleben Sie Telemark mit dem Motorrad<\/h2>\n\n\n\n<p class=\"has-text-align-center\" style=\"margin-top:1rem\">Kontaktieren Sie uns f\u00fcr eine schnelle Antwort.<\/p>\n<\/div>\n\n\n<div class=\"wpforms-container wpforms-block wpforms-block-9afe8130-2d97-4b16-9810-df903f92a81c wpforms-render-modern\" id=\"wpforms-17\"><form id=\"wpforms-form-17\" class=\"wpforms-validate wpforms-form wpforms-ajax-form\" data-formid=\"17\" method=\"post\" enctype=\"multipart\/form-data\" action=\"\/de\/wp-json\/wp\/v2\/pages\/24\" data-token=\"32cde3968fd1c3ab32db90cd4247557e\" data-token-time=\"1776577224\" data-trp-original-action=\"\/de\/wp-json\/wp\/v2\/pages\/24\"><noscript class=\"wpforms-error-noscript\">Bitte aktiviere JavaScript in deinem Browser, um dieses Formular fertigzustellen.<\/noscript><div class=\"wpforms-hidden\" id=\"wpforms-error-noscript\">Bitte aktiviere JavaScript in deinem Browser, um dieses Formular fertigzustellen.<\/div><div class=\"wpforms-field-container\"><div id=\"wpforms-17-field_1-container\" class=\"wpforms-field wpforms-field-name\" data-field-id=\"1\"><label class=\"wpforms-field-label\" for=\"wpforms-17-field_1\">Name <span class=\"wpforms-required-label\" aria-hidden=\"true\">*<\/span><\/label><input type=\"text\" id=\"wpforms-17-field_1\" class=\"wpforms-field-large wpforms-field-required\" name=\"wpforms[fields][1]\" aria-errormessage=\"wpforms-17-field_1-error\" required><\/div><div id=\"wpforms-17-field_2-container\" class=\"wpforms-field wpforms-field-email\" data-field-id=\"2\"><label class=\"wpforms-field-label\" for=\"wpforms-17-field_2\">E-Mail <span class=\"wpforms-required-label\" aria-hidden=\"true\">*<\/span><\/label><input type=\"email\" id=\"wpforms-17-field_2\" class=\"wpforms-field-large wpforms-field-required\" name=\"wpforms[fields][2]\" spellcheck=\"false\" aria-errormessage=\"wpforms-17-field_2-error\" required><\/div><div id=\"wpforms-17-field_3-container\" class=\"wpforms-field wpforms-field-text\" data-field-id=\"3\"><label class=\"wpforms-field-label\" for=\"wpforms-17-field_3\">Betreff<\/label><input type=\"text\" id=\"wpforms-17-field_3\" class=\"wpforms-field-large\" name=\"wpforms[fields][3]\" aria-errormessage=\"wpforms-17-field_3-error\" ><\/div><div id=\"wpforms-17-field_4-container\" class=\"wpforms-field wpforms-field-textarea\" data-field-id=\"4\"><label class=\"wpforms-field-label\" for=\"wpforms-17-field_4\">Nachricht <span class=\"wpforms-required-label\" aria-hidden=\"true\">*<\/span><\/label><textarea id=\"wpforms-17-field_4\" class=\"wpforms-field-large wpforms-field-required\" name=\"wpforms[fields][4]\" aria-errormessage=\"wpforms-17-field_4-error\" required><\/textarea><\/div><\/div><!-- .wpforms-field-container --><div class=\"wpforms-submit-container\" ><input type=\"hidden\" name=\"wpforms[id]\" value=\"17\"><input type=\"hidden\" name=\"page_title\" value=\"\"><input type=\"hidden\" name=\"page_url\" value=\"https:\/\/telemarkmcutleie.no\/de\/wp-json\/wp\/v2\/pages\/24\"><button type=\"submit\" name=\"wpforms[submit]\" id=\"wpforms-submit-17\" class=\"wpforms-submit\" data-alt-text=\"Sending...\" data-submit-text=\"Send\" aria-live=\"assertive\" value=\"wpforms-submit\">Senden<\/button><img loading=\"lazy\" decoding=\"async\" src=\"https:\/\/telemarkmcutleie.no\/wp-content\/plugins\/wpforms-lite\/assets\/images\/submit-spin.svg\" class=\"wpforms-submit-spinner\" style=\"display: none;\" width=\"26\" height=\"26\" alt=\"Wird geladen\"><\/div><input type=\"hidden\" name=\"trp-form-language\" value=\"de\"\/><\/form><\/div>  <!-- .wpforms-container --><\/div>","protected":false},"excerpt":{"rendered":"<p>Utforsk Telemark trygt p\u00e5 to hjul Finn raske svar p\u00e5 dine motorsykkelsp\u00f8rsm\u00e5l her. Hva er \u00e5pningstidene deres? Vi er tilgjengelige alle dager fra 07.00-23.00. Hvordan leier jeg en motorsykkel? Du kan booke direkte p\u00e5 nettsiden eller kontakte oss b\u00e5de p\u00e5 mail, kontaktskjema og p\u00e5 telefon- 9812 7725. Hva er kravene for \u00e5 leie? Du trenger [&hellip;]<\/p>","protected":false},"author":1,"featured_media":0,"parent":0,"menu_order":0,"comment_status":"closed","ping_status":"closed","template":"no-title","meta":{"om_disable_all_campaigns":false,"_uag_custom_page_level_css":"","_monsterinsights_skip_tracking":false,"_monsterinsights_sitenote_active":false,"_monsterinsights_sitenote_note":"","_monsterinsights_sitenote_category":0,"_uf_show_specific_survey":0,"_uf_disable_surveys":false,"footnotes":""},"class_list":["post-24","page","type-page","status-publish","hentry"],"aioseo_notices":[],"uagb_featured_image_src":{"full":false,"thumbnail":false,"medium":false,"medium_large":false,"large":false,"1536x1536":false,"2048x2048":false,"trp-custom-language-flag":false,"woocommerce_thumbnail":false,"woocommerce_single":false,"woocommerce_gallery_thumbnail":false},"uagb_author_info":{"display_name":"admin","author_link":"https:\/\/telemarkmcutleie.no\/de\/author\/admin\/"},"uagb_comment_info":0,"uagb_excerpt":"Utforsk Telemark trygt p\u00e5 to hjul Finn raske svar p\u00e5 dine motorsykkelsp\u00f8rsm\u00e5l her. Hva er \u00e5pningstidene deres? Vi er tilgjengelige alle dager fra 07.00-23.00. Hvordan leier jeg en motorsykkel? Du kan booke direkte p\u00e5 nettsiden eller kontakte oss b\u00e5de p\u00e5 mail, kontaktskjema og p\u00e5 telefon- 9812 7725. Hva er kravene for \u00e5 leie? Du trenger&hellip;","jetpack_sharing_enabled":true,"_links":{"self":[{"href":"https:\/\/telemarkmcutleie.no\/de\/wp-json\/wp\/v2\/pages\/24","targetHints":{"allow":["GET"]}}],"collection":[{"href":"https:\/\/telemarkmcutleie.no\/de\/wp-json\/wp\/v2\/pages"}],"about":[{"href":"https:\/\/telemarkmcutleie.no\/de\/wp-json\/wp\/v2\/types\/page"}],"author":[{"embeddable":true,"href":"https:\/\/telemarkmcutleie.no\/de\/wp-json\/wp\/v2\/users\/1"}],"replies":[{"embeddable":true,"href":"https:\/\/telemarkmcutleie.no\/de\/wp-json\/wp\/v2\/comments?post=24"}],"version-history":[{"count":29,"href":"https:\/\/telemarkmcutleie.no\/de\/wp-json\/wp\/v2\/pages\/24\/revisions"}],"predecessor-version":[{"id":2599,"href":"https:\/\/telemarkmcutleie.no\/de\/wp-json\/wp\/v2\/pages\/24\/revisions\/2599"}],"wp:attachment":[{"href":"https:\/\/telemarkmcutleie.no\/de\/wp-json\/wp\/v2\/media?parent=24"}],"curies":[{"name":"wp","href":"https:\/\/api.w.org\/{rel}","templated":true}]}}