{"id":23,"date":"2025-01-14T19:49:36","date_gmt":"2025-01-14T18:49:36","guid":{"rendered":"http:\/\/telemarkmcutleie.no.datasenter.no\/bestilling\/"},"modified":"2026-02-16T19:30:08","modified_gmt":"2026-02-16T18:30:08","slug":"buchung","status":"publish","type":"page","link":"https:\/\/telemarkmcutleie.no\/de\/buchung\/","title":{"rendered":"Bestellformular"},"content":{"rendered":"<div class=\"wp-block-group alignfull has-background-background-color has-background has-global-padding is-layout-constrained wp-block-group-is-layout-constrained\" style=\"margin-top:0;margin-bottom:0;padding-top:0;padding-bottom:0\">\n<div class=\"wp-block-cover alignfull\" style=\"padding-top:0;padding-right:0;padding-bottom:0;padding-left:0;min-height:20vh;aspect-ratio:unset;\"><img loading=\"lazy\" decoding=\"async\" width=\"6005\" height=\"4003\" class=\"wp-block-cover__image-background wp-image-773 size-full\" alt=\"Norwegisch Motorradfahren Telemark\" src=\"https:\/\/telemarkmcutleie.no\/wp-content\/uploads\/2025\/10\/DSC01291-mini2.jpg\" data-object-fit=\"cover\"\/><span aria-hidden=\"true\" class=\"wp-block-cover__background has-black-background-color has-background-dim\"><\/span><div class=\"wp-block-cover__inner-container is-layout-flow wp-block-cover-is-layout-flow\">\n<div class=\"wp-block-group has-global-padding is-layout-constrained wp-container-core-group-is-layout-a5a6cc25 wp-block-group-is-layout-constrained\" style=\"padding-top:var(--wp--preset--spacing--60);padding-right:var(--wp--preset--spacing--30);padding-bottom:var(--wp--preset--spacing--60);padding-left:var(--wp--preset--spacing--30)\">\n<h1 class=\"wp-block-heading has-text-align-center has-text-color has-x-large-font-size\" style=\"color:#fffffffc\">Erleben Sie Telemark auf zwei R\u00e4dern<\/h1>\n<\/div>\n<\/div><\/div>\n<\/div>\n\n\n\n<h3 class=\"wp-block-heading\">Buchen Sie noch heute eines unserer Fahrr\u00e4der!<\/h3>\n\n\n\n<div class=\"wp-block-group alignfull has-background-background-color has-background has-global-padding is-layout-constrained wp-container-core-group-is-layout-7276a2bb wp-block-group-is-layout-constrained\" style=\"margin-top:0;margin-bottom:0;padding-top:var(--wp--preset--spacing--60);padding-right:var(--wp--preset--spacing--30);padding-bottom:var(--wp--preset--spacing--60);padding-left:var(--wp--preset--spacing--30)\">\n<div class=\"wp-block-group alignwide is-layout-flex wp-block-group-is-layout-flex\" style=\"border-top-color:var(--wp--preset--color--foreground);border-top-width:1px;padding-top:var(--wp--preset--spacing--40);padding-right:0;padding-bottom:0;padding-left:0\">\n<figure class=\"wp-block-image size-full is-resized\"><img loading=\"lazy\" decoding=\"async\" width=\"1200\" height=\"849\" src=\"https:\/\/telemarkmcutleie.no\/wp-content\/uploads\/2025\/02\/thumbnail_IMG_0152-2.jpg\" alt=\"\" class=\"wp-image-320\" style=\"width:309px;height:auto\"\/><\/figure>\n\n\n\n<div class=\"wp-block-group has-global-padding is-layout-constrained wp-block-group-is-layout-constrained\">\n<h3 class=\"wp-block-heading\" style=\"font-size:clamp(1.119rem, 1.119rem + ((1vw - 0.2rem) * 1.052), 1.75rem);line-height:1.5\">Honda NX500 2026 (A2)<\/h3>\n\n\n\n<p>Die Honda NX500 ist ein leichtes und vielseitiges Adventure-Bike, das sowohl in der Stadt als auch auf Schotterpisten zu Hause ist. Mit der vom Rallye-Stil inspirierten Verkleidung, der gro\u00dfen Windschutzscheibe und der bequemen Sitzposition k\u00f6nnen Sie lange Etappen fahren, ohne zu erm\u00fcden. Der Zweizylindermotor ist A2-konform und bietet flexible und unterhaltsame Leistung.<\/p>\n\n\n\n<p>Ausstattung: ABS-Bremsen, Traktionskontrolle, mehrere Fahrmodi, TFT-Display, Telefonanschluss, Telefonhalter, Top-Box.<\/p>\n\n\n\n<p>Technische Daten: 471 ccm, 48 PS, Tankinhalt 17,5, Sitzh\u00f6he 830 mm, Gewicht nass 198 kg.<\/p>\n<\/div>\n\n\n\n<div class=\"wp-block-buttons is-layout-flex wp-block-buttons-is-layout-flex\">\n<div class=\"wp-block-button is-style-outline is-style-outline--1\"><a class=\"wp-block-button__link wp-element-button\" href=\"https:\/\/telemarkmcutleie.no\/de\/produkt\/honda-nx500-a2\/\">Jetzt buchen<\/a><\/div>\n<\/div>\n<\/div>\n\n\n\n<div class=\"wp-block-group alignwide is-layout-flex wp-block-group-is-layout-flex\" style=\"border-top-color:var(--wp--preset--color--foreground);border-top-width:1px;padding-top:var(--wp--preset--spacing--40);padding-right:0;padding-bottom:0;padding-left:0\">\n<figure class=\"wp-block-image size-full is-resized\"><img loading=\"lazy\" decoding=\"async\" width=\"1200\" height=\"849\" src=\"https:\/\/telemarkmcutleie.no\/wp-content\/uploads\/2025\/02\/IMG_0151-2.jpg\" alt=\"\" class=\"wp-image-321\" style=\"width:311px;height:auto\"\/><\/figure>\n\n\n\n<div class=\"wp-block-group has-global-padding is-layout-constrained wp-block-group-is-layout-constrained\">\n<h3 class=\"wp-block-heading\" style=\"font-size:clamp(1.119rem, 1.119rem + ((1vw - 0.2rem) * 1.052), 1.75rem);line-height:1.5\">Honda CB750 Hornet 2025<\/h3>\n\n\n\n<p>Die Hornet bietet Fahrspa\u00df in purer, destillierter Form. Der leichte Rahmen in Kombination mit einem 91,8 PS starken Parallel-Twin sorgt f\u00fcr ein klassenf\u00fchrendes Leistungsgewicht und explosive Beschleunigung. Mit Throttle By Wire erhalten Sie drei Fahrmodi, drei Stufen der Traktionskontrolle mit Wheelie Control sowie eine einstellbare Motorbremse und Leistungsentfaltung.<\/p>\n\n\n\n<p>Ausstattung: ABS-Bremsen, Traktionskontrolle, mehrere Fahrmodi, TFT-Display, Telefonanschluss, Telefonhalter, Seitenkoffer, Tankrucksack.<\/p>\n\n\n\n<p>Technische Daten: 755 cm\u00b3, 92 PS, Tankinhalt 15,2, Sitzh\u00f6he 795 mm, Gewicht (nass) 192 kg.<\/p>\n<\/div>\n\n\n\n<div class=\"wp-block-buttons is-layout-flex wp-block-buttons-is-layout-flex\">\n<div class=\"wp-block-button is-style-outline is-style-outline--2\"><a class=\"wp-block-button__link wp-element-button\" href=\"https:\/\/telemarkmcutleie.no\/de\/produkt\/honda-cb750-hornet\/\">Jetzt buchen<\/a><\/div>\n<\/div>\n<\/div>\n\n\n\n<div class=\"wp-block-group alignwide is-layout-flex wp-block-group-is-layout-flex\" style=\"border-top-color:var(--wp--preset--color--foreground);border-top-width:1px;padding-top:var(--wp--preset--spacing--40);padding-right:0;padding-bottom:0;padding-left:0\">\n<figure class=\"wp-block-image size-full is-resized\"><img loading=\"lazy\" decoding=\"async\" width=\"640\" height=\"508\" src=\"https:\/\/telemarkmcutleie.no\/wp-content\/uploads\/2025\/09\/Triumph-Tiger-800.png\" alt=\"Triumph Tiger Sport 800\" class=\"wp-image-728\" style=\"width:311px;height:auto\"\/><\/figure>\n\n\n\n<div class=\"wp-block-group has-global-padding is-layout-constrained wp-block-group-is-layout-constrained\">\n<h3 class=\"wp-block-heading\" style=\"font-size:clamp(1.119rem, 1.119rem + ((1vw - 0.2rem) * 1.052), 1.75rem);line-height:1.5\">Triumph Tiger Sport 800 2026<\/h3>\n\n\n\n<p>Die Tiger Sport 800 kombiniert sportliche Leistung mit Touring-Komfort der Spitzenklasse. Der Dreizylindermotor liefert die perfekte Mischung aus Drehmoment und Drehzahl, w\u00e4hrend Ausstattungsmerkmale wie eine Schnellschaltung, ein Tempomat und eine verstellbare Windschutzscheibe sowohl kurze als auch lange Fahrten entspannter machen.<\/p>\n\n\n\n<p>Ausstattung: ABS-Bremsen, Traktionskontrolle, Tempomat, Quickshifter oben\/unten, mehrere Fahrmodi, TFT-Display, Telefonanschluss, verstellbare Windschutzscheibe, Akrapovic-Schalld\u00e4mpfer, Heizung, 12-V-Steckdose, Telefonhalter, Original-Kofferraumkit (57l), Tankrucksack.<\/p>\n\n\n\n<p>Technische Daten: 798 ccm, 113 PS, Tankinhalt 18,6, Sitzh\u00f6he 835 mm, Gewicht (nass) 214 kg.<\/p>\n<\/div>\n\n\n\n<div class=\"wp-block-buttons is-layout-flex wp-block-buttons-is-layout-flex\">\n<div class=\"wp-block-button is-style-outline is-style-outline--3\"><a class=\"wp-block-button__link wp-element-button\" href=\"https:\/\/telemarkmcutleie.no\/de\/produkt\/triumph-tiger-sport-800\/\">Jetzt buchen<\/a><\/div>\n<\/div>\n<\/div>\n\n\n\n<div class=\"wp-block-group alignwide is-layout-flex wp-block-group-is-layout-flex\" style=\"border-top-color:var(--wp--preset--color--foreground);border-top-width:1px;padding-top:var(--wp--preset--spacing--40);padding-right:0;padding-bottom:0;padding-left:0\">\n<figure class=\"wp-block-image size-full is-resized\"><img loading=\"lazy\" decoding=\"async\" width=\"800\" height=\"533\" src=\"https:\/\/telemarkmcutleie.no\/wp-content\/uploads\/2025\/10\/1738143798-2025-ktm-390-adventure-r-review-details-price-spec_29.jpg\" alt=\"KTM 390 Adventure R\" class=\"wp-image-849\" style=\"width:309px;height:auto\"\/><\/figure>\n\n\n\n<div class=\"wp-block-group has-global-padding is-layout-constrained wp-block-group-is-layout-constrained\">\n<h3 class=\"wp-block-heading\" style=\"font-size:clamp(1.119rem, 1.119rem + ((1vw - 0.2rem) * 1.052), 1.75rem);line-height:1.5\">KTM 390 Adventure R 2026 (A2)<\/h3>\n\n\n\n<p>Die KTM 390 Adventure R ist ein leichtes und wendiges Adventure-Bike, das sowohl auf Asphalt als auch auf Schotterstra\u00dfen gut zurechtkommt. Die aufrechte Sitzposition, die einstellbare Federung und der reaktionsschnelle Motor machen sie ideal f\u00fcr Anf\u00e4nger und erfahrene Fahrer, die abseits der ausgetretenen Pfade unterwegs sein wollen. Der Einzylindermotor ist A2-konform und bietet flinke Beschleunigung und solide Kontrolle.<\/p>\n\n\n\n<p>Ausstattung: ABS-Bremsen, Traktionskontrolle, mehrere Fahrmodi, TFT-Display, Telefonanschluss, Telefonhalter.<\/p>\n\n\n\n<p>Technische Daten: Kubikzentimeter 399, PS 44, Tankvolumen 14 Liter, Sitzh\u00f6he 870 mm, Nassgewicht 176 kg.<\/p>\n<\/div>\n\n\n\n<div class=\"wp-block-buttons is-layout-flex wp-block-buttons-is-layout-flex\">\n<div class=\"wp-block-button is-style-outline is-style-outline--4\"><a class=\"wp-block-button__link wp-element-button\" href=\"https:\/\/telemarkmcutleie.no\/de\/produkt\/ktm-390-adventure-r\/\">Jetzt buchen<\/a><\/div>\n<\/div>\n<\/div>\n\n\n\n<div class=\"wp-block-group alignwide is-layout-flex wp-block-group-is-layout-flex\" style=\"border-top-color:var(--wp--preset--color--foreground);border-top-width:1px;padding-top:var(--wp--preset--spacing--40);padding-right:0;padding-bottom:0;padding-left:0\">\n<figure class=\"wp-block-image size-full is-resized\"><img loading=\"lazy\" decoding=\"async\" width=\"1440\" height=\"1080\" src=\"https:\/\/telemarkmcutleie.no\/wp-content\/uploads\/2026\/02\/Honda-CB-650R.jpg\" alt=\"2023 Honda CB 650R\" class=\"wp-image-2592\" style=\"width:309px;height:auto\"\/><\/figure>\n\n\n\n<div class=\"wp-block-group has-global-padding is-layout-constrained wp-block-group-is-layout-constrained\">\n<h3 class=\"wp-block-heading\" style=\"font-size:clamp(1.119rem, 1.119rem + ((1vw - 0.2rem) * 1.052), 1.75rem);line-height:1.5\">Honda CB650R 2023 <\/h3>\n\n\n\n<p>Die CB650R bietet pures Fahrvergn\u00fcgen mit seidenweichem Vierzylinder-Charakter und pr\u00e4zisem Ansprechverhalten \u00fcber den gesamten Drehzahlbereich. Das kompakte Fahrwerk in Kombination mit dem 649-ccm-Reihenvierzylinder mit rund 95 PS sorgt f\u00fcr eine ausgewogene Mischung aus sportlicher Leistung und Alltagstauglichkeit. Mit Assist-\/Slipper-Kupplung, Quickshifter, pr\u00e4zisem Getriebe und stabiler Showa-Gabel f\u00e4hrt sie sich verspielt und zugleich sicher \u2013 egal ob auf kurvigen Stra\u00dfen oder l\u00e4ngeren Etappen.<\/p>\n\n\n\n<p><strong>Ausstattung:<\/strong> ABS-Bremsen, Traktionskontrolle (HSTC), TFT-Display, LED-Licht, Assist-\/Slipper-Kupplung, Quickshifter, Ganganzeige, Handyhalterung, Seitenkoffer, Tanktasche.<\/p>\n\n\n\n<p><strong>Spezifikationen:<\/strong> Hubraum 649 ccm, Leistung 95 PS, Tankvolumen 15,4 L, Sitzh\u00f6he 810 mm, fahrfertiges Gewicht 205 kg.<\/p>\n<\/div>\n\n\n\n<div class=\"wp-block-buttons is-layout-flex wp-block-buttons-is-layout-flex\">\n<div class=\"wp-block-button is-style-outline is-style-outline--5\"><a class=\"wp-block-button__link wp-element-button\" href=\"https:\/\/telemarkmcutleie.no\/de\/produkt\/honda-cb650r\/\">Jetzt buchen<\/a><\/div>\n<\/div>\n<\/div>\n\n\n\n<div class=\"wp-block-group alignwide is-layout-flex wp-block-group-is-layout-flex\" style=\"border-top-color:var(--wp--preset--color--foreground);border-top-width:1px;padding-top:var(--wp--preset--spacing--40);padding-right:0;padding-bottom:0;padding-left:0\">\n<div class=\"wp-block-group has-global-padding is-layout-constrained wp-block-group-is-layout-constrained\">\n<h3 class=\"wp-block-heading\" style=\"font-size:clamp(1.119rem, 1.119rem + ((1vw - 0.2rem) * 1.052), 1.75rem);line-height:1.5\">M\u00f6chten Sie mit Fahrausr\u00fcstung mieten?<\/h3>\n\n\n\n<p class=\"has-small-font-size\" style=\"margin-top:12px\">Helme mit Gegensprechanlage, Fahrausr\u00fcstung und Gep\u00e4ckl\u00f6sungen sind in der Miete enthalten!<\/p>\n<\/div>\n\n\n\n<p><\/p>\n\n\n\n<p><\/p>\n<\/div>\n<\/div>","protected":false},"excerpt":{"rendered":"<p>Book en av v\u00e5re sykler i dag! Honda NX500 2026 (A2) Honda NX500 er en lett og allsidig adventure-sykkel som trives like godt i byen som p\u00e5 grusveier. Med sin rally-inspirerte k\u00e5pe, stor vindskjerm og komfortabel sittestilling kan du cruise lange etapper uten \u00e5 bli sliten. Den tosylindrede motoren er A2-kompatibel, byr p\u00e5 fleksibel og [&hellip;]<\/p>","protected":false},"author":1,"featured_media":0,"parent":0,"menu_order":0,"comment_status":"closed","ping_status":"closed","template":"no-title","meta":{"om_disable_all_campaigns":false,"_uag_custom_page_level_css":"","_monsterinsights_skip_tracking":false,"_monsterinsights_sitenote_active":false,"_monsterinsights_sitenote_note":"","_monsterinsights_sitenote_category":0,"_uf_show_specific_survey":0,"_uf_disable_surveys":false,"footnotes":""},"class_list":["post-23","page","type-page","status-publish","hentry"],"aioseo_notices":[],"uagb_featured_image_src":{"full":false,"thumbnail":false,"medium":false,"medium_large":false,"large":false,"1536x1536":false,"2048x2048":false,"trp-custom-language-flag":false,"woocommerce_thumbnail":false,"woocommerce_single":false,"woocommerce_gallery_thumbnail":false},"uagb_author_info":{"display_name":"admin","author_link":"https:\/\/telemarkmcutleie.no\/de\/author\/admin\/"},"uagb_comment_info":0,"uagb_excerpt":"Book en av v\u00e5re sykler i dag! Honda NX500 2026 (A2) Honda NX500 er en lett og allsidig adventure-sykkel som trives like godt i byen som p\u00e5 grusveier. Med sin rally-inspirerte k\u00e5pe, stor vindskjerm og komfortabel sittestilling kan du cruise lange etapper uten \u00e5 bli sliten. Den tosylindrede motoren er A2-kompatibel, byr p\u00e5 fleksibel og&hellip;","jetpack_sharing_enabled":true,"_links":{"self":[{"href":"https:\/\/telemarkmcutleie.no\/de\/wp-json\/wp\/v2\/pages\/23","targetHints":{"allow":["GET"]}}],"collection":[{"href":"https:\/\/telemarkmcutleie.no\/de\/wp-json\/wp\/v2\/pages"}],"about":[{"href":"https:\/\/telemarkmcutleie.no\/de\/wp-json\/wp\/v2\/types\/page"}],"author":[{"embeddable":true,"href":"https:\/\/telemarkmcutleie.no\/de\/wp-json\/wp\/v2\/users\/1"}],"replies":[{"embeddable":true,"href":"https:\/\/telemarkmcutleie.no\/de\/wp-json\/wp\/v2\/comments?post=23"}],"version-history":[{"count":67,"href":"https:\/\/telemarkmcutleie.no\/de\/wp-json\/wp\/v2\/pages\/23\/revisions"}],"predecessor-version":[{"id":2698,"href":"https:\/\/telemarkmcutleie.no\/de\/wp-json\/wp\/v2\/pages\/23\/revisions\/2698"}],"wp:attachment":[{"href":"https:\/\/telemarkmcutleie.no\/de\/wp-json\/wp\/v2\/media?parent=23"}],"curies":[{"name":"wp","href":"https:\/\/api.w.org\/{rel}","templated":true}]}}