{"id":1653,"date":"2025-11-09T22:43:09","date_gmt":"2025-11-09T21:43:09","guid":{"rendered":"https:\/\/telemarkmcutleie.no\/?page_id=1653"},"modified":"2025-12-25T23:18:03","modified_gmt":"2025-12-25T22:18:03","slug":"telemark-ride-stay-info","status":"publish","type":"page","link":"https:\/\/telemarkmcutleie.no\/de\/telemark-ride-stay-info\/","title":{"rendered":"Telemark Ride &#038; Stay- Info"},"content":{"rendered":"<h2 class=\"wp-block-heading\"><strong>So funktioniert Telemark Ride &amp; Stay<\/strong><\/h2>\n\n\n\n<p>Telemark Ride &amp; Stay wurde f\u00fcr Motorradfahrer entwickelt, die Norwegen erleben m\u00f6chten, ohne Transport, Unterkunft und Logistik selbst organisieren zu m\u00fcssen. So l\u00e4uft das Angebot von Anfang bis Ende ab:<\/p>\n\n\n\n<h3 class=\"wp-block-heading\"><strong>1. Datum w\u00e4hlen und Platz reservieren<\/strong><\/h3>\n\n\n\n<p>Wir bieten w\u00e4hrend der Saison eine begrenzte Anzahl an Wochen an. W\u00e4hle die Woche, die dir am besten passt, und reserviere f\u00fcr dich (und gegebenenfalls deine Mitreisenden).<\/p>\n\n\n\n<h3 class=\"wp-block-heading\"><strong>2. Buche deinen Flug zum Flughafen Oslo (OSL)<\/strong><\/h3>\n\n\n\n<p>Du k\u00fcmmerst dich nur um den Flug. Den Rest \u00fcbernehmen wir.<\/p>\n\n\n\n<h3 class=\"wp-block-heading\"><strong>3. Wir treffen dich am Flughafen<\/strong><\/h3>\n\n\n\n<p>Bei deiner Ankunft stehen die Motorr\u00e4der am Flughafen Oslo bereit. Du musst keine Ausr\u00fcstung an anderen Orten abholen \u2013 alles ist vorbereitet, sobald du landest.<\/p>\n\n\n\n<h3 class=\"wp-block-heading\"><strong>4. Wir transportieren dein Gep\u00e4ck f\u00fcr dich<\/strong><\/h3>\n\n\n\n<p>Eventuelles gr\u00f6\u00dferes Gep\u00e4ck wird von uns zum Campingplatz First Camp Norsj\u00f8 transportiert.<br>Du f\u00e4hrst nur mit dem, was du auf dem Motorrad haben m\u00f6chtest.<\/p>\n\n\n\n<h3 class=\"wp-block-heading\"><strong>5. Fahre in entspanntem Tempo \u00fcber Telemarks Stra\u00dfen in Richtung Campingplass<\/strong><\/h3>\n\n\n\n<p>Die Route von Gardermoen nach Norsj\u00f8 ist einfach und landschaftlich reizvoll. Du erh\u00e4ltst eine Karte und Routenvorschl\u00e4ge mit der M\u00f6glichkeit f\u00fcr mehrere Stopps unterwegs.<\/p>\n\n\n\n<h3 class=\"wp-block-heading\"><strong>6. \u00dcbernachte in einer H\u00fctte am Wasser<\/strong><\/h3>\n\n\n\n<p>Du wohnst im First Camp Norsj\u00f8, das w\u00e4hrend der gesamten Woche als Basis dient.<br>Hier gibt es:<\/p>\n\n\n\n<ul class=\"wp-block-list\">\n<li>Eigene K\u00fcche<\/li>\n\n\n\n<li>Badezimmer<\/li>\n\n\n\n<li>Terrasse<\/li>\n\n\n\n<li>Badestelle und Natur direkt vor der T\u00fcr<\/li>\n<\/ul>\n\n\n\n<p>Die H\u00fctte dient als \u201eBasecamp\u201c, sodass du nicht jeden Tag packen und umziehen musst.<\/p>\n\n\n\n<h3 class=\"wp-block-heading\"><strong>7. Tagestouren durch Telemark<\/strong><\/h3>\n\n\n\n<p>Jeden Tag kannst du zwischen empfohlenen Tourenvorschl\u00e4gen w\u00e4hlen:<\/p>\n\n\n\n<ul class=\"wp-block-list\">\n<li>Bergp\u00e4sse<\/li>\n\n\n\n<li>Kurvige Waldstra\u00dfen<\/li>\n\n\n\n<li>Aussichtspunkte<\/li>\n\n\n\n<li>Kaffeestopps und lokale Erlebnisse<\/li>\n<\/ul>\n\n\n\n<p>Du entscheidest selbst, wie deine Tage aussehen \u2013 keine festen Fahrpl\u00e4ne.<\/p>\n\n\n\n<h3 class=\"wp-block-heading\"><strong>8. Heimreise<\/strong><\/h3>\n\n\n\n<p>Wenn die Woche vorbei ist, f\u00e4hrst du zur\u00fcck zum Flughafen Oslo, gibst das Motorrad ab und holst dein Gep\u00e4ck. Von dort geht es direkt weiter zum R\u00fcckflug \u2013 ganz ohne Stress.<\/p>\n\n\n\n<div class=\"wp-block-buttons is-layout-flex wp-block-buttons-is-layout-flex\">\n<div class=\"wp-block-button\"><a class=\"wp-block-button__link wp-element-button\" href=\"https:\/\/telemarkmcutleie.no\/de\/ride-and-stay\/\">Zur\u00fcck zu Ride &amp; Stay<\/a><\/div>\n<\/div>","protected":false},"excerpt":{"rendered":"<p>Hvordan Telemark Ride &amp; Stay fungerer Telemark Ride &amp; Stay er utviklet for motorsyklister som \u00f8nsker \u00e5 oppleve Norge uten \u00e5 m\u00e5tte organisere transport, overnatting og logistikk selv. Her er hvordan tilbudet gjennomf\u00f8res fra start til slutt: 1. Velg dato og reserver plass Vi tilbyr et begrenset antall uker i l\u00f8pet av sesongen. Velg den [&hellip;]<\/p>","protected":false},"author":1,"featured_media":0,"parent":0,"menu_order":0,"comment_status":"closed","ping_status":"closed","template":"page-with-title","meta":{"om_disable_all_campaigns":false,"_uag_custom_page_level_css":"","_monsterinsights_skip_tracking":false,"_monsterinsights_sitenote_active":false,"_monsterinsights_sitenote_note":"","_monsterinsights_sitenote_category":0,"_uf_show_specific_survey":0,"_uf_disable_surveys":false,"footnotes":""},"class_list":["post-1653","page","type-page","status-publish","hentry"],"aioseo_notices":[],"uagb_featured_image_src":{"full":false,"thumbnail":false,"medium":false,"medium_large":false,"large":false,"1536x1536":false,"2048x2048":false,"trp-custom-language-flag":false,"woocommerce_thumbnail":false,"woocommerce_single":false,"woocommerce_gallery_thumbnail":false},"uagb_author_info":{"display_name":"admin","author_link":"https:\/\/telemarkmcutleie.no\/de\/author\/admin\/"},"uagb_comment_info":0,"uagb_excerpt":"Hvordan Telemark Ride &amp; Stay fungerer Telemark Ride &amp; Stay er utviklet for motorsyklister som \u00f8nsker \u00e5 oppleve Norge uten \u00e5 m\u00e5tte organisere transport, overnatting og logistikk selv. Her er hvordan tilbudet gjennomf\u00f8res fra start til slutt: 1. Velg dato og reserver plass Vi tilbyr et begrenset antall uker i l\u00f8pet av sesongen. Velg den&hellip;","jetpack_sharing_enabled":true,"_links":{"self":[{"href":"https:\/\/telemarkmcutleie.no\/de\/wp-json\/wp\/v2\/pages\/1653","targetHints":{"allow":["GET"]}}],"collection":[{"href":"https:\/\/telemarkmcutleie.no\/de\/wp-json\/wp\/v2\/pages"}],"about":[{"href":"https:\/\/telemarkmcutleie.no\/de\/wp-json\/wp\/v2\/types\/page"}],"author":[{"embeddable":true,"href":"https:\/\/telemarkmcutleie.no\/de\/wp-json\/wp\/v2\/users\/1"}],"replies":[{"embeddable":true,"href":"https:\/\/telemarkmcutleie.no\/de\/wp-json\/wp\/v2\/comments?post=1653"}],"version-history":[{"count":5,"href":"https:\/\/telemarkmcutleie.no\/de\/wp-json\/wp\/v2\/pages\/1653\/revisions"}],"predecessor-version":[{"id":2315,"href":"https:\/\/telemarkmcutleie.no\/de\/wp-json\/wp\/v2\/pages\/1653\/revisions\/2315"}],"wp:attachment":[{"href":"https:\/\/telemarkmcutleie.no\/de\/wp-json\/wp\/v2\/media?parent=1653"}],"curies":[{"name":"wp","href":"https:\/\/api.w.org\/{rel}","templated":true}]}}