{"id":1623,"date":"2025-11-09T22:00:25","date_gmt":"2025-11-09T21:00:25","guid":{"rendered":"https:\/\/telemarkmcutleie.no\/?page_id=1623"},"modified":"2026-03-21T23:28:16","modified_gmt":"2026-03-21T22:28:16","slug":"ride-and-stay","status":"publish","type":"page","link":"https:\/\/telemarkmcutleie.no\/de\/ride-and-stay\/","title":{"rendered":"Telemark Ride &amp; Stay"},"content":{"rendered":"<div class=\"wp-block-group alignfull hero-overlay has-global-padding is-layout-constrained wp-container-core-group-is-layout-07da709a wp-block-group-is-layout-constrained has-background\" style=\"border-style:none;border-width:0px;margin-top:0;margin-bottom:0;padding-top:var(--wp--preset--spacing--20);padding-right:var(--wp--preset--spacing--40);padding-bottom:var(--wp--preset--spacing--20);padding-left:var(--wp--preset--spacing--40);background-image:url(&apos;https:\/\/telemarkmcutleie.no\/wp-content\/uploads\/2025\/10\/DSC01327-mini.jpg&apos;);background-position:50% 54%;background-size:cover;\">\n<div class=\"wp-block-columns alignwide are-vertically-aligned-center is-layout-flex wp-container-core-columns-is-layout-4b5cfc71 wp-block-columns-is-layout-flex\" style=\"margin-top:0;margin-bottom:0\">\n<div class=\"wp-block-column is-vertically-aligned-center is-layout-flow wp-container-core-column-is-layout-994aa1f6 wp-block-column-is-layout-flow\" style=\"padding-top:var(--wp--preset--spacing--70);padding-right:0;padding-bottom:var(--wp--preset--spacing--70);padding-left:0;flex-basis:60%\">\n<h2 class=\"wp-block-heading\">Ride &amp; Stay<\/h2>\n\n\n\n<p class=\"has-medium-font-size\" style=\"margin-top:16px\"><strong>Flieg nach Oslo \u2013 wir k\u00fcmmern uns um den Rest.<\/strong><br>Ride &amp; Stay bietet Ihnen Motorrad, Unterkunft und durchdachte Routen in Norwegen, geb\u00fcndelt in einer einfachen L\u00f6sung \u2013 entwickelt f\u00fcr echte Fahrerlebnisse.<\/p>\n\n\n\n<div class=\"wp-block-buttons is-content-justification-left is-layout-flex wp-container-core-buttons-is-layout-fc4fd283 wp-block-buttons-is-layout-flex\">\n<div class=\"wp-block-button is-style-fill\"><a class=\"wp-block-button__link wp-element-button\" href=\"https:\/\/telemarkmcutleie.no\/de\/telemark-ride-stay-booking\/\">Jetzt buchen<\/a><\/div>\n\n\n\n<div class=\"wp-block-button is-style-outline is-style-outline--1\"><a class=\"wp-block-button__link wp-element-button\" href=\"https:\/\/telemarkmcutleie.no\/de\/buchung\/\">Motorr\u00e4der ansehen<\/a><\/div>\n<\/div>\n<\/div>\n\n\n\n<div class=\"wp-block-column is-vertically-aligned-center is-layout-flow wp-container-core-column-is-layout-22223934 wp-block-column-is-layout-flow\" style=\"flex-basis:50%\">\n<div class=\"wp-block-columns is-layout-flex wp-container-core-columns-is-layout-28f84493 wp-block-columns-is-layout-flex\">\n<div class=\"wp-block-column is-layout-flow wp-block-column-is-layout-flow\" style=\"flex-basis:100%\"><\/div>\n<\/div>\n<\/div>\n<\/div>\n<\/div>\n\n\n\n<div class=\"wp-block-group alignfull has-tertiary-background-color has-background has-global-padding is-layout-constrained wp-container-core-group-is-layout-fb85e995 wp-block-group-is-layout-constrained\" style=\"margin-top:0;margin-bottom:0;padding-top:var(--wp--preset--spacing--60);padding-right:var(--wp--preset--spacing--30);padding-bottom:var(--wp--preset--spacing--60);padding-left:var(--wp--preset--spacing--30)\">\n<div class=\"wp-block-columns alignwide is-layout-flex wp-container-core-columns-is-layout-cbe57604 wp-block-columns-is-layout-flex\">\n<div class=\"wp-block-column is-layout-flow wp-block-column-is-layout-flow\">\n<div class=\"wp-block-group alignwide has-global-padding is-content-justification-left is-layout-constrained wp-container-core-group-is-layout-3c97d49d wp-block-group-is-layout-constrained\" style=\"margin-bottom:var(--wp--preset--spacing--50)\">\n<h2 class=\"wp-block-heading has-large-font-size\">Erleben Sie wahre Freiheit mit unseren exklusiven Angeboten.<\/h2>\n\n\n\n<p style=\"margin-top:16px\">Erleben Sie Norwegen auf eine v\u00f6llig neue Art mit unserem Komplettangebot. Wir bieten Motorradvermietung mit Lieferung zum Flughafen Oslo, einen reibungslosen Gep\u00e4cktransport zu unserem Partner First Camp Norsj\u00f8 sowie vollst\u00e4ndig vorbereitete H\u00fctten mit allen notwendigen Annehmlichkeiten. Genie\u00dfen Sie landschaftlich reizvolle Touren, praktische Transportl\u00f6sungen und angenehme Unterk\u00fcnfte in einem einfachen Paket.<\/p>\n<\/div>\n\n\n\n<div class=\"wp-block-group is-nowrap is-layout-flex wp-container-core-group-is-layout-501511a6 wp-block-group-is-layout-flex\">\n<figure class=\"wp-block-image size-large ext-aspect-landscape wp-duotone-primary-foreground\" style=\"margin-top:0;margin-right:0;margin-bottom:0;margin-left:0\"><img decoding=\"async\" src=\"Daten:image\/svg+xml;base64,PHN2ZyB4bWxucz0iaHR0cDovL3d3dy53My5vcmcvMjAwMC9zdmciIHdpZHRoPSI0OCIgaGVpZ2h0PSI0OCIgZmlsbD0ibm9uZSIgdmlld0JveD0iMCAwIDQ4IDQ4Ij48bWFzayBpZD0iYSIgd2lkdGg9IjQ4IiBoZWlnaHQ9IjQ4IiB4PSIwIiB5PSIwIiBtYXNrVW5pdHM9InVzZXJTcGFjZU9uVXNlIiBzdHlsZT0ibWFzay10eXBlOmFscGhhIj48cGF0aCBmaWxsPSIjRDlEOUQ5IiBkPSJNMCAwaDQ4djQ4SDB6Ii8+PC9tYXNrPjxnIG1hc2s9InVybCgjYSkiPjxwYXRoIGZpbGw9IiMxQzFCMUYiIGQ9Ik0yNCA0NGMtMi44MzMgMC01LjQ2Ny0uNTA4LTcuOS0xLjUyNS0yLjQzMy0xLjAxNy00LjU1LTIuNDI1LTYuMzUtNC4yMjUtMS44LTEuOC0zLjIwOC0zLjkxNy00LjIyNS02LjM1QzQuNTA4IDI5LjQ2NyA0IDI2LjgzMyA0IDI0YzAtMi44LjUwOC01LjQxNyAxLjUyNS03Ljg1UzcuOTUgMTEuNiA5Ljc1IDkuOGMxLjgtMS44IDMuOTE3LTMuMjE3IDYuMzUtNC4yNVMyMS4xNjcgNCAyNCA0YzIuNSAwIDQuODMzLjQgNyAxLjIgMi4xNjcuOCA0LjExNyAxLjkgNS44NSAzLjNsLTIuMTUgMi4xNWExNi43MzIgMTYuNzMyIDAgMCAwLTQuOS0yLjdDMjggNy4zMTcgMjYuMDY3IDcgMjQgN2MtNC44MzMgMC04Ljg3NSAxLjYyNS0xMi4xMjUgNC44NzVTNyAxOS4xNjcgNyAyNHMxLjYyNSA4Ljg3NSA0Ljg3NSAxMi4xMjVTMTkuMTY3IDQxIDI0IDQxczguODc1LTEuNjI1IDEyLjEyNS00Ljg3NVM0MSAyOC44MzMgNDEgMjRjMC0xLS4wNzUtMS45NzUtLjIyNS0yLjkyNS0u\" alt=\"\" style=\"object-fit:cover\"\/><\/figure>\n\n\n\n<div class=\"wp-block-group wp-container-content-958eb9dc has-global-padding is-layout-constrained wp-block-group-is-layout-constrained\">\n<h3 class=\"wp-block-heading\" style=\"font-size:clamp(14px, 0.875rem + ((1vw - 3.2px) * 0.625), 20px);line-height:1.5\">Motorradvermietung mit Lieferung zum Flughafen Oslo.<\/h3>\n\n\n\n<p class=\"has-small-font-size\" style=\"margin-top:4px\">Wir liefern das Motorrad direkt zum Flughafen Oslo (Gardermoen), abfahrbereit bei Ankunft. Kein Warten, kein zus\u00e4tzlicher Transport \u2013 Sie steigen auf und starten Ihre Tour sofort.<\/p>\n<\/div>\n<\/div>\n\n\n\n<div class=\"wp-block-group is-nowrap is-layout-flex wp-container-core-group-is-layout-501511a6 wp-block-group-is-layout-flex\">\n<figure class=\"wp-block-image size-large ext-aspect-landscape wp-duotone-primary-foreground\" style=\"margin-top:0;margin-bottom:0\"><img decoding=\"async\" src=\"Daten:image\/svg+xml;base64,PHN2ZyB4bWxucz0iaHR0cDovL3d3dy53My5vcmcvMjAwMC9zdmciIHdpZHRoPSI0OCIgaGVpZ2h0PSI0OCIgZmlsbD0ibm9uZSIgdmlld0JveD0iMCAwIDQ4IDQ4Ij48bWFzayBpZD0iYSIgd2lkdGg9IjQ4IiBoZWlnaHQ9IjQ4IiB4PSIwIiB5PSIwIiBtYXNrVW5pdHM9InVzZXJTcGFjZU9uVXNlIiBzdHlsZT0ibWFzay10eXBlOmFscGhhIj48cGF0aCBmaWxsPSIjRDlEOUQ5IiBkPSJNMCAwaDQ4djQ4SDB6Ii8+PC9tYXNrPjxnIG1hc2s9InVybCgjYSkiPjxwYXRoIGZpbGw9IiMxQzFCMUYiIGQ9Ik0yNCA0NGMtMi44MzMgMC01LjQ2Ny0uNTA4LTcuOS0xLjUyNS0yLjQzMy0xLjAxNy00LjU1LTIuNDI1LTYuMzUtNC4yMjUtMS44LTEuOC0zLjIwOC0zLjkxNy00LjIyNS02LjM1QzQuNTA4IDI5LjQ2NyA0IDI2LjgzMyA0IDI0YzAtMi44LjUwOC01LjQxNyAxLjUyNS03Ljg1UzcuOTUgMTEuNiA5Ljc1IDkuOGMxLjgtMS44IDMuOTE3LTMuMjE3IDYuMzUtNC4yNVMyMS4xNjcgNCAyNCA0YzIuNSAwIDQuODMzLjQgNyAxLjIgMi4xNjcuOCA0LjExNyAxLjkgNS44NSAzLjNsLTIuMTUgMi4xNWExNi43MzIgMTYuNzMyIDAgMCAwLTQuOS0yLjdDMjggNy4zMTcgMjYuMDY3IDcgMjQgN2MtNC44MzMgMC04Ljg3NSAxLjYyNS0xMi4xMjUgNC44NzVTNyAxOS4xNjcgNyAyNHMxLjYyNSA4Ljg3NSA0Ljg3NSAxMi4xMjVTMTkuMTY3IDQxIDI0IDQxczguODc1LTEuNjI1IDEyLjEyNS00Ljg3NVM0MSAyOC44MzMgNDEgMjRjMC0xLS4wNzUtMS45NzUtLjIyNS0yLjkyNS0u\" alt=\"\" style=\"object-fit:cover\"\/><\/figure>\n\n\n\n<div class=\"wp-block-group wp-container-content-958eb9dc has-global-padding is-layout-constrained wp-block-group-is-layout-constrained\">\n<h3 class=\"wp-block-heading\" style=\"font-size:clamp(14px, 0.875rem + ((1vw - 3.2px) * 0.625), 20px);line-height:1.5\">Gep\u00e4cktransport zum First Camp Norsj\u00f8.<\/h3>\n\n\n\n<p class=\"has-small-font-size\" style=\"margin-top:4px\">F\u00fcr eine komfortablere Fahrt k\u00f6nnen wir gr\u00f6\u00dferes oder schwereres Gep\u00e4ck zur H\u00fctte im First Camp Norsj\u00f8 transportieren, sodass Sie mehr Freiheit auf der Stra\u00dfe genie\u00dfen k\u00f6nnen.<\/p>\n<\/div>\n<\/div>\n\n\n\n<div class=\"wp-block-group is-nowrap is-layout-flex wp-container-core-group-is-layout-501511a6 wp-block-group-is-layout-flex\">\n<figure class=\"wp-block-image size-large ext-aspect-landscape is-style-default wp-duotone-primary-foreground\" style=\"margin-top:0;margin-bottom:0\"><img decoding=\"async\" src=\"Daten:image\/svg+xml;base64,PHN2ZyB4bWxucz0iaHR0cDovL3d3dy53My5vcmcvMjAwMC9zdmciIHdpZHRoPSI0OCIgaGVpZ2h0PSI0OCIgZmlsbD0ibm9uZSIgdmlld0JveD0iMCAwIDQ4IDQ4Ij48bWFzayBpZD0iYSIgd2lkdGg9IjQ4IiBoZWlnaHQ9IjQ4IiB4PSIwIiB5PSIwIiBtYXNrVW5pdHM9InVzZXJTcGFjZU9uVXNlIiBzdHlsZT0ibWFzay10eXBlOmFscGhhIj48cGF0aCBmaWxsPSIjRDlEOUQ5IiBkPSJNMCAwaDQ4djQ4SDB6Ii8+PC9tYXNrPjxnIG1hc2s9InVybCgjYSkiPjxwYXRoIGZpbGw9IiMxQzFCMUYiIGQ9Ik0yNCA0NGMtMi44MzMgMC01LjQ2Ny0uNTA4LTcuOS0xLjUyNS0yLjQzMy0xLjAxNy00LjU1LTIuNDI1LTYuMzUtNC4yMjUtMS44LTEuOC0zLjIwOC0zLjkxNy00LjIyNS02LjM1QzQuNTA4IDI5LjQ2NyA0IDI2LjgzMyA0IDI0YzAtMi44LjUwOC01LjQxNyAxLjUyNS03Ljg1UzcuOTUgMTEuNiA5Ljc1IDkuOGMxLjgtMS44IDMuOTE3LTMuMjE3IDYuMzUtNC4yNVMyMS4xNjcgNCAyNCA0YzIuNSAwIDQuODMzLjQgNyAxLjIgMi4xNjcuOCA0LjExNyAxLjkgNS44NSAzLjNsLTIuMTUgMi4xNWExNi43MzIgMTYuNzMyIDAgMCAwLTQuOS0yLjdDMjggNy4zMTcgMjYuMDY3IDcgMjQgN2MtNC44MzMgMC04Ljg3NSAxLjYyNS0xMi4xMjUgNC44NzVTNyAxOS4xNjcgNyAyNHMxLjYyNSA4Ljg3NSA0Ljg3NSAxMi4xMjVTMTkuMTY3IDQxIDI0IDQxczguODc1LTEuNjI1IDEyLjEyNS00Ljg3NVM0MSAyOC44MzMgNDEgMjRjMC0xLS4wNzUtMS45NzUtLjIyNS0yLjkyNS0u\" alt=\"\" style=\"object-fit:cover\"\/><\/figure>\n\n\n\n<div class=\"wp-block-group wp-container-content-958eb9dc has-global-padding is-layout-constrained wp-block-group-is-layout-constrained\">\n<h3 class=\"wp-block-heading\" style=\"font-size:clamp(14px, 0.875rem + ((1vw - 3.2px) * 0.625), 20px);line-height:1.5\">Vollst\u00e4ndig vorbereitete Kabine mit allen notwendigen Einrichtungen.<\/h3>\n\n\n\n<p class=\"has-small-font-size\" style=\"margin-top:4px\">Entspannen Sie sich in gem\u00fctlichen, schl\u00fcsselfertigen H\u00fctten mit atemberaubender Aussicht \u00fcber Norsj\u00f8, die bei Ihrer Ankunft sofort bezugsfertig sind.<\/p>\n<\/div>\n<\/div>\n\n\n\n<div class=\"wp-block-buttons is-content-justification-left is-layout-flex wp-container-core-buttons-is-layout-e71dbd94 wp-block-buttons-is-layout-flex\" style=\"margin-top:var(--wp--preset--spacing--50)\">\n<div class=\"wp-block-button has-custom-width wp-block-button__width-100\"><a class=\"wp-block-button__link wp-element-button\" href=\"https:\/\/en.firstcamp.se\/destinations\/norsjo-telemark?fcCountry=no&amp;fcLanguage=English\" target=\"_blank\" rel=\"noreferrer noopener\">Lesen Sie hier mehr \u00fcber das First Camp Norsj\u00f8!<\/a><\/div>\n<\/div>\n<\/div>\n\n\n\n<div class=\"wp-block-column is-layout-flow wp-block-column-is-layout-flow\">\n<div class=\"wp-block-cover is-light\" style=\"min-height:100%;aspect-ratio:unset;\"><img loading=\"lazy\" decoding=\"async\" width=\"1220\" height=\"713\" class=\"wp-block-cover__image-background wp-image-1640 size-full\" alt=\"Ride &amp; Stay First Camp Norsjo\" src=\"https:\/\/telemarkmcutleie.no\/wp-content\/uploads\/2025\/11\/Ride-Stay.jpg\" data-object-fit=\"cover\"\/><span aria-hidden=\"true\" class=\"wp-block-cover__background has-background-dim-0 has-background-dim\" style=\"background-color:#8192a5\"><\/span><div class=\"wp-block-cover__inner-container is-layout-flow wp-block-cover-is-layout-flow\">\n<div style=\"height:380px\" aria-hidden=\"true\" class=\"wp-block-spacer\"><\/div>\n<\/div><\/div>\n<\/div>\n<\/div>\n<\/div>\n\n\n\n<div class=\"wp-block-group alignfull has-background-background-color has-background has-global-padding is-layout-constrained wp-container-core-group-is-layout-7276a2bb wp-block-group-is-layout-constrained\" style=\"margin-top:0;margin-bottom:0;padding-top:var(--wp--preset--spacing--60);padding-right:var(--wp--preset--spacing--30);padding-bottom:var(--wp--preset--spacing--60);padding-left:var(--wp--preset--spacing--30)\">\n<div class=\"wp-block-group alignwide has-global-padding is-content-justification-center is-layout-constrained wp-block-group-is-layout-constrained\">\n<h2 class=\"wp-block-heading has-text-align-center has-large-font-size\">So funktioniert Telemark Ride &amp; Stay<\/h2>\n\n\n\n<p><\/p>\n\n\n\n<p class=\"has-text-align-center\" style=\"margin-top:16px\"><\/p>\n\n\n\n<p>Telemark Ride &amp; Stay wurde f\u00fcr Motorradfahrer entwickelt, die Norwegen erleben m\u00f6chten, ohne Zeit f\u00fcr die Planung von Transport, Unterkunft und Logistik aufwenden zu m\u00fcssen.<\/p>\n\n\n\n<p>Sie w\u00e4hlen eine unserer verf\u00fcgbaren Wochen und reservieren einen Platz f\u00fcr sich selbst, gegebenenfalls zusammen mit Ihrer Reisebegleitung. Den Flug buchen Sie selbst nach <strong>Flughafen Oslo (OSL)<\/strong> \u2013 den Rest \u00fcbernehmen wir.<\/p>\n\n\n\n<p>Bei Ihrer Ankunft stehen die Motorr\u00e4der am Flughafen bereit. Gr\u00f6\u00dferes oder schwereres Gep\u00e4ck wird direkt zur H\u00fctte im <strong>First Camp Norsj\u00f8<\/strong>, sodass Sie nur das mitnehmen, was Sie auf dem Motorrad haben m\u00f6chten.<\/p>\n\n\n\n<p>Die Fahrt von <strong>Vom Flughafen Oslo zum First Camp Norsj\u00f8<\/strong> verl\u00e4uft gr\u00f6\u00dftenteils \u00fcber leicht zu fahrende Stra\u00dfen. Gerne helfen wir bereits auf dieser Etappe mit Routenvorschl\u00e4gen und Stopps, damit die Reise einen guten Start in das Erlebnis wird.<\/p>\n\n\n\n<p>Sie wohnen die gesamte Woche in einer fertig vorbereiteten H\u00fctte direkt am Wasser im <strong>First Camp Norsj\u00f8<\/strong>, mit eigener K\u00fcche, Bad und Terrasse. Die H\u00fctte dient als Basecamp, sodass Sie nicht jeden Tag packen und umziehen m\u00fcssen.<\/p>\n\n\n\n<p>Jeden Tag k\u00f6nnen Sie aus empfohlenen Tagestouren durch Telemark w\u00e4hlen \u2013 Gebirgsp\u00e4sse, kurvenreiche Waldstra\u00dfen, Aussichtspunkte und lokale Stopps. Keine festen Fahrpl\u00e4ne, Sie bestimmen Ihr eigenes Tempo.<\/p>\n\n\n\n<p>Wenn der Aufenthalt vorbei ist, fahren Sie zur\u00fcck zum <strong>Flughafen Oslo<\/strong>, geben das Motorrad zur\u00fcck und holen Ihr Gep\u00e4ck ab \u2013 bereit f\u00fcr die Heimreise, ganz ohne Stress.<\/p>\n<\/div>\n\n\n\n<div class=\"wp-block-buttons is-content-justification-center is-layout-flex wp-container-core-buttons-is-layout-a89b3969 wp-block-buttons-is-layout-flex\">\n<div class=\"wp-block-button is-style-fill\"><a class=\"wp-block-button__link wp-element-button\" href=\"https:\/\/telemarkmcutleie.no\/de\/telemark-ride-stay-info\/\">Mehr lesen<\/a><\/div>\n<\/div>\n<\/div>\n\n\n\n<div class=\"wp-block-group alignfull has-tertiary-background-color has-background has-global-padding is-layout-constrained wp-container-core-group-is-layout-7276a2bb wp-block-group-is-layout-constrained\" style=\"margin-top:0;margin-bottom:0;padding-top:var(--wp--preset--spacing--60);padding-right:var(--wp--preset--spacing--30);padding-bottom:var(--wp--preset--spacing--60);padding-left:var(--wp--preset--spacing--30)\">\n<div class=\"wp-block-group alignwide is-vertical is-layout-flex wp-container-core-group-is-layout-fe9cc265 wp-block-group-is-layout-flex\">\n<div class=\"wp-block-group alignwide has-global-padding is-content-justification-left is-layout-constrained wp-container-core-group-is-layout-8b4c372c wp-block-group-is-layout-constrained\">\n<h2 class=\"wp-block-heading has-large-font-size\">Sehen Sie unsere einzigartige Telemark Ride &amp; Stay Galerie.<\/h2>\n\n\n\n<p style=\"margin-top:16px\">Erleben Sie wundersch\u00f6ne Bilder, die den Charme und die Freiheit der Erkundung der Telemark mit dem Motorrad einfangen.<\/p>\n<\/div>\n<\/div>\n\n\n\n<div class=\"wp-block-columns alignwide is-layout-flex wp-container-core-columns-is-layout-28f84493 wp-block-columns-is-layout-flex\">\n<div class=\"wp-block-column is-layout-flow wp-block-column-is-layout-flow\">\n<div class=\"wp-block-cover is-light\" style=\"min-height:100%;aspect-ratio:unset;\"><img loading=\"lazy\" decoding=\"async\" width=\"6733\" height=\"2888\" class=\"wp-block-cover__image-background wp-image-767 size-full\" alt=\"Honda NX500 CB750 Hornet\" src=\"https:\/\/telemarkmcutleie.no\/wp-content\/uploads\/2025\/10\/Banner-min-2.jpg\" data-object-fit=\"cover\"\/><span aria-hidden=\"true\" class=\"wp-block-cover__background has-background-dim-0 has-background-dim\" style=\"background-color:#868674\"><\/span><div class=\"wp-block-cover__inner-container is-layout-flow wp-block-cover-is-layout-flow\">\n<div style=\"height:380px\" aria-hidden=\"true\" class=\"wp-block-spacer\"><\/div>\n<\/div><\/div>\n<\/div>\n\n\n\n<div class=\"wp-block-column is-layout-flow wp-container-core-column-is-layout-f5bb311e wp-block-column-is-layout-flow\">\n<figure class=\"wp-block-image size-full ext-aspect-landscape\"><img loading=\"lazy\" decoding=\"async\" width=\"1024\" height=\"683\" src=\"https:\/\/telemarkmcutleie.no\/wp-content\/uploads\/2025\/11\/Bistro-Norsjo-Telemark-1024x683-1.png\" alt=\"Bistro-Norsjo-Telemark-1024x683\" class=\"wp-image-1639\" style=\"aspect-ratio:16\/9;object-fit:cover\"\/><\/figure>\n\n\n\n<figure class=\"wp-block-image size-full ext-aspect-landscape\"><img loading=\"lazy\" decoding=\"async\" width=\"750\" height=\"500\" src=\"https:\/\/telemarkmcutleie.no\/wp-content\/uploads\/2025\/11\/Norsjo_Norsjohytt.png\" alt=\"Norsjo_Norsjo-Kabine\" class=\"wp-image-1630\" style=\"aspect-ratio:16\/9;object-fit:cover\"\/><\/figure>\n<\/div>\n<\/div>\n<\/div>\n\n\n\n<div class=\"wp-block-group alignfull has-background-background-color has-background has-global-padding is-layout-constrained wp-container-core-group-is-layout-9b19db8b wp-block-group-is-layout-constrained\" style=\"margin-top:0;margin-bottom:0;padding-top:var(--wp--preset--spacing--60);padding-right:var(--wp--preset--spacing--30);padding-bottom:var(--wp--preset--spacing--60);padding-left:var(--wp--preset--spacing--30)\">\n<div class=\"wp-block-media-text alignwide has-media-on-the-right is-stacked-on-mobile is-vertically-aligned-center is-image-fill-element\" style=\"padding-right:0;padding-left:0;grid-template-columns:auto 40%\"><div class=\"wp-block-media-text__content\">\n<div class=\"wp-block-group has-global-padding is-content-justification-left is-layout-constrained wp-container-core-group-is-layout-cdff7eec wp-block-group-is-layout-constrained\" style=\"padding-top:var(--wp--preset--spacing--30);padding-right:0;padding-bottom:var(--wp--preset--spacing--30);padding-left:0\">\n<h2 class=\"wp-block-heading has-large-font-size\">Starten Sie Ihr Telemark-Abenteuer noch heute<\/h2>\n\n\n\n<p style=\"margin-top:16px\">Entdecken Sie die Vorteile unseres All-in-One-Angebots Ride &amp; Stay und machen Sie Ihre Reise komplett.<\/p>\n\n\n\n<ul style=\"line-height:2\" class=\"wp-block-list has-small-font-size\">\n<li>Motorradverleih mit Lieferung<\/li>\n\n\n\n<li>Gep\u00e4cktransport beim Camping<\/li>\n\n\n\n<li>Vollst\u00e4ndig vorbereitete Kabinen<\/li>\n\n\n\n<li>Perfekt f\u00fcr internationale Reisende<\/li>\n\n\n\n<li>Erleben Sie die sch\u00f6ne Telemark<\/li>\n<\/ul>\n\n\n\n<div class=\"wp-block-buttons is-layout-flex wp-container-core-buttons-is-layout-12dcd427 wp-block-buttons-is-layout-flex\" style=\"margin-top:var(--wp--preset--spacing--40)\">\n<div class=\"wp-block-button\"><a class=\"wp-block-button__link wp-element-button\" href=\"https:\/\/telemarkmcutleie.no\/de\/telemark-ride-stay-booking\/\">Jetzt buchen<\/a><\/div>\n\n\n\n<div class=\"wp-block-button is-style-outline is-style-outline--3\"><a class=\"wp-block-button__link wp-element-button\" href=\"https:\/\/firstcamp.no\/destinasjoner\/norsjo-telemark\/hytter\/strandhytta-plus-59957\" target=\"_blank\" rel=\"noreferrer noopener\">Mehr \u00fcber die H\u00fctten erfahren<\/a><\/div>\n<\/div>\n<\/div>\n<\/div><figure class=\"wp-block-media-text__media\"><img loading=\"lazy\" decoding=\"async\" width=\"750\" height=\"500\" src=\"https:\/\/telemarkmcutleie.no\/wp-content\/uploads\/2025\/11\/Strandhytta-Plus-80-93-Norsjo-2025-7-1024x683-1.jpg\" alt=\"Strandhytta-Plus-80 93-Norsjo-2025-7-1024x683\" class=\"wp-image-1626 size-full\" style=\"object-position:50% 50%\"\/><\/figure><\/div>\n<\/div>\n\n\n<div class=\"wp-block-jetpack-contact-form\"><a href=\"https:\/\/telemarkmcutleie.no\/de\/ride-and-stay\/\" target=\"_blank\" rel=\"noopener noreferrer\">Formular einreichen.<\/a><\/div>","protected":false},"excerpt":{"rendered":"<p>Ride &amp; Stay Fly til Oslo &#8211; vi tar oss av resten.Ride &amp; Stay gir deg motorsykkel, overnatting og gjennomtenkte ruter i Norge, samlet i \u00e9n enkel l\u00f8sning \u2013 laget for ekte kj\u00f8reopplevelser. Opplev ekte frihet med v\u00e5re eksklusive tilbud. Opplev Norge p\u00e5 en helt ny m\u00e5te med v\u00e5rt komplette tilbud. Vi tilbyr motorsykkelutleie med [&hellip;]<\/p>","protected":false},"author":1,"featured_media":0,"parent":0,"menu_order":0,"comment_status":"closed","ping_status":"closed","template":"page-with-title","meta":{"om_disable_all_campaigns":false,"_uag_custom_page_level_css":"","_monsterinsights_skip_tracking":false,"_monsterinsights_sitenote_active":false,"_monsterinsights_sitenote_note":"","_monsterinsights_sitenote_category":0,"_uf_show_specific_survey":0,"_uf_disable_surveys":false,"footnotes":""},"class_list":["post-1623","page","type-page","status-publish","hentry"],"aioseo_notices":[],"uagb_featured_image_src":{"full":false,"thumbnail":false,"medium":false,"medium_large":false,"large":false,"1536x1536":false,"2048x2048":false,"trp-custom-language-flag":false,"woocommerce_thumbnail":false,"woocommerce_single":false,"woocommerce_gallery_thumbnail":false},"uagb_author_info":{"display_name":"admin","author_link":"https:\/\/telemarkmcutleie.no\/de\/author\/admin\/"},"uagb_comment_info":0,"uagb_excerpt":"Ride &amp; Stay Fly til Oslo &#8211; vi tar oss av resten.Ride &amp; Stay gir deg motorsykkel, overnatting og gjennomtenkte ruter i Norge, samlet i \u00e9n enkel l\u00f8sning \u2013 laget for ekte kj\u00f8reopplevelser. Opplev ekte frihet med v\u00e5re eksklusive tilbud. Opplev Norge p\u00e5 en helt ny m\u00e5te med v\u00e5rt komplette tilbud. Vi tilbyr motorsykkelutleie med&hellip;","jetpack_sharing_enabled":true,"_links":{"self":[{"href":"https:\/\/telemarkmcutleie.no\/de\/wp-json\/wp\/v2\/pages\/1623","targetHints":{"allow":["GET"]}}],"collection":[{"href":"https:\/\/telemarkmcutleie.no\/de\/wp-json\/wp\/v2\/pages"}],"about":[{"href":"https:\/\/telemarkmcutleie.no\/de\/wp-json\/wp\/v2\/types\/page"}],"author":[{"embeddable":true,"href":"https:\/\/telemarkmcutleie.no\/de\/wp-json\/wp\/v2\/users\/1"}],"replies":[{"embeddable":true,"href":"https:\/\/telemarkmcutleie.no\/de\/wp-json\/wp\/v2\/comments?post=1623"}],"version-history":[{"count":55,"href":"https:\/\/telemarkmcutleie.no\/de\/wp-json\/wp\/v2\/pages\/1623\/revisions"}],"predecessor-version":[{"id":2903,"href":"https:\/\/telemarkmcutleie.no\/de\/wp-json\/wp\/v2\/pages\/1623\/revisions\/2903"}],"wp:attachment":[{"href":"https:\/\/telemarkmcutleie.no\/de\/wp-json\/wp\/v2\/media?parent=1623"}],"curies":[{"name":"wp","href":"https:\/\/api.w.org\/{rel}","templated":true}]}}